{"id":22,"date":"2025-10-16T14:50:26","date_gmt":"2025-10-16T14:50:26","guid":{"rendered":"https:\/\/dummy.xtemos.com\/woodmart2\/christmas-shop-elementor\/?page_id=22"},"modified":"2026-03-19T11:04:43","modified_gmt":"2026-03-19T10:04:43","slug":"lista-zyczen","status":"publish","type":"page","link":"https:\/\/top-narzedzia.pl\/en\/lista-zyczen\/","title":{"rendered":"Lista \u017cycze\u0144"},"content":{"rendered":"<div data-elementor-type=\"wp-page\" data-elementor-id=\"22\" class=\"elementor elementor-22\">\n\t\t\t\t<div class=\"wd-negative-gap elementor-element elementor-element-5dd70f8 e-flex e-con-boxed e-con e-parent\" data-id=\"5dd70f8\" data-element_type=\"container\" data-e-type=\"container\">\n\t\t\t\t\t<div class=\"e-con-inner\">\n\t\t\t\t<div class=\"elementor-element elementor-element-e8fd71e elementor-widget elementor-widget-wd_wishlist\" data-id=\"e8fd71e\" data-element_type=\"widget\" data-e-type=\"widget\" data-widget_type=\"wd_wishlist.default\">\n\t\t\t\t<div class=\"elementor-widget-container\">\n\t\t\t\t\t\t\t\n\t\t\n\n\t\t\t\t<div class=\"\" >\n\t\t\t\t\t\t<div class=\"wd-wishlist-content\">\n\t\t\t\t\t\t\t\t\t\n\t\t<div class=\"wd-empty-block wd-empty-wishlist\">\n\n\t\t<h2 class=\"wd-empty-block-title\">\n\t\t\tThis wishlist is empty.\t\t<\/h2>\n\n\t\t\t\t\t<p class=\"wd-empty-block-text\">\n\t\t\t\tNie masz jeszcze \u017cadnych produkt\u00f3w na li\u015bcie \u017cycze\u0144. Wiele interesuj\u0105cych produkt\u00f3w znajdziesz na naszej stronie \u201eSklep\u201d.\t\t\t<\/p>\n\t\t\n\t\t\n\t\t\t\t\t<a class=\"button btn btn-accent wd-empty-block-btn\" href=\"https:\/\/top-narzedzia.pl\/en\/sklep\/\">\n\t\t\t\tReturn to shop\t\t\t<\/a>\n\t\t\n\t\t\t\t\t<\/div>\n\t\t\t\t\t\t\t\t\t\t\t<\/div>\n\t\t\t\t<\/div>\n\t\t\t\t\t\t<\/div>\n\t\t\t\t<\/div>\n\t\t\t\t\t<\/div>\n\t\t\t\t<\/div>\n\t\t\t\t<\/div>","protected":false},"excerpt":{"rendered":"<p>My account Dashboard Orders Downloads Addresses Account details Wishlist Logout This wishlist is empty. You don&#8217;t have any products in<\/p>","protected":false},"author":1,"featured_media":0,"parent":0,"menu_order":0,"comment_status":"closed","ping_status":"closed","template":"","meta":{"footnotes":""},"class_list":["post-22","page","type-page","status-publish","hentry"],"_links":{"self":[{"href":"https:\/\/top-narzedzia.pl\/en\/wp-json\/wp\/v2\/pages\/22","targetHints":{"allow":["GET"]}}],"collection":[{"href":"https:\/\/top-narzedzia.pl\/en\/wp-json\/wp\/v2\/pages"}],"about":[{"href":"https:\/\/top-narzedzia.pl\/en\/wp-json\/wp\/v2\/types\/page"}],"author":[{"embeddable":true,"href":"https:\/\/top-narzedzia.pl\/en\/wp-json\/wp\/v2\/users\/1"}],"replies":[{"embeddable":true,"href":"https:\/\/top-narzedzia.pl\/en\/wp-json\/wp\/v2\/comments?post=22"}],"version-history":[{"count":1,"href":"https:\/\/top-narzedzia.pl\/en\/wp-json\/wp\/v2\/pages\/22\/revisions"}],"predecessor-version":[{"id":10293,"href":"https:\/\/top-narzedzia.pl\/en\/wp-json\/wp\/v2\/pages\/22\/revisions\/10293"}],"wp:attachment":[{"href":"https:\/\/top-narzedzia.pl\/en\/wp-json\/wp\/v2\/media?parent=22"}],"curies":[{"name":"wp","href":"https:\/\/api.w.org\/{rel}","templated":true}]}}