{"id":29,"date":"2025-10-16T14:51:25","date_gmt":"2025-10-16T14:51:25","guid":{"rendered":"https:\/\/dummy.xtemos.com\/woodmart2\/christmas-shop-elementor\/?page_id=29"},"modified":"2026-04-14T10:13:19","modified_gmt":"2026-04-14T08:13:19","slug":"o-nas","status":"publish","type":"page","link":"https:\/\/top-narzedzia.pl\/en\/o-nas\/","title":{"rendered":"O nas"},"content":{"rendered":"<div data-elementor-type=\"wp-page\" data-elementor-id=\"29\" class=\"elementor elementor-29\">\n\t\t\t\t<div class=\"wd-negative-gap elementor-element elementor-element-d413941 wd-section-stretch e-flex e-con-boxed e-con e-parent\" data-id=\"d413941\" data-element_type=\"container\" data-e-type=\"container\" data-settings=\"{&quot;background_background&quot;:&quot;classic&quot;}\">\n\t\t\t\t\t<div class=\"e-con-inner\">\n\t\t\t\t<div class=\"elementor-element elementor-element-6acaf2f wd-page-title-el elementor-widget elementor-widget-wd_page_title\" data-id=\"6acaf2f\" data-element_type=\"widget\" data-e-type=\"widget\" data-widget_type=\"wd_page_title.default\">\n\t\t\t\t<div class=\"elementor-widget-container\">\n\t\t\t\t\t\t\t\t\t<div class=\"wd-page-title page-title  page-title-default title-size-small title-design-centered wd-section-stretch color-scheme-light\" style=\"\">\n\t\t\t\t\t<div class=\"wd-page-title-bg wd-fill\">\n\t\t\t\t\t\t<img loading=\"lazy\" decoding=\"async\" width=\"1600\" height=\"1067\" src=\"https:\/\/top-narzedzia.pl\/wp-content\/uploads\/2026\/03\/8kfcr12oeum.jpg\" class=\"attachment-full size-full\" alt=\"\" srcset=\"https:\/\/top-narzedzia.pl\/wp-content\/uploads\/2026\/03\/8kfcr12oeum.jpg 1600w, https:\/\/top-narzedzia.pl\/wp-content\/uploads\/2026\/03\/8kfcr12oeum-400x267.jpg 400w, https:\/\/top-narzedzia.pl\/wp-content\/uploads\/2026\/03\/8kfcr12oeum-1200x800.jpg 1200w, https:\/\/top-narzedzia.pl\/wp-content\/uploads\/2026\/03\/8kfcr12oeum-768x512.jpg 768w, https:\/\/top-narzedzia.pl\/wp-content\/uploads\/2026\/03\/8kfcr12oeum-1536x1024.jpg 1536w, https:\/\/top-narzedzia.pl\/wp-content\/uploads\/2026\/03\/8kfcr12oeum-18x12.jpg 18w, https:\/\/top-narzedzia.pl\/wp-content\/uploads\/2026\/03\/8kfcr12oeum-430x287.jpg 430w, https:\/\/top-narzedzia.pl\/wp-content\/uploads\/2026\/03\/8kfcr12oeum-700x467.jpg 700w, https:\/\/top-narzedzia.pl\/wp-content\/uploads\/2026\/03\/8kfcr12oeum-148x99.jpg 148w\" sizes=\"auto, (max-width: 1600px) 100vw, 1600px\" \/>\t\t\t\t\t<\/div>\n\t\t\t\t\t<div class=\"container\">\n\t\t\t\t\t\t\t\t\t\t\t\t\t\t\t\t\t\t\t\t\t<h1 class=\"entry-title title\">\n\t\t\t\t\t\t\t\t\tO nas\t\t\t\t\t\t\t\t<\/h1>\n\n\t\t\t\t\t\t\t\t\t\t\t\t\t\t\t\n\t\t\t\t\t\t\t\t\t\t\t\t\t\t\t<nav class=\"wd-breadcrumbs\"><a href=\"https:\/\/top-narzedzia.pl\/en\/\">Home<\/a><span class=\"wd-delimiter\"><\/span><span class=\"wd-last\">Page<\/span><\/nav>\t\t\t\t\t\t\t\t\t\t\t\t\t\t\t\t\t\t<\/div>\n\t\t\t\t<\/div>\n\t\t\t\t\t\t\t<\/div>\n\t\t\t\t<\/div>\n\t\t\t\t\t<\/div>\n\t\t\t\t<\/div>\n\t\t<div class=\"wd-negative-gap elementor-element elementor-element-1190d602 wd-section-stretch e-flex e-con-boxed e-con e-parent\" data-id=\"1190d602\" data-element_type=\"container\" data-e-type=\"container\" data-settings=\"{&quot;background_background&quot;:&quot;classic&quot;}\">\n\t\t\t\t\t<div class=\"e-con-inner\">\n\t\t<div class=\"elementor-element elementor-element-79d6ae5 e-con-full e-flex e-con e-child\" data-id=\"79d6ae5\" data-element_type=\"container\" data-e-type=\"container\" data-settings=\"{&quot;background_background&quot;:&quot;classic&quot;}\">\n\t\t\t\t<div class=\"elementor-element elementor-element-6e053b15 wd-width-100 elementor-widget elementor-widget-wd_title\" data-id=\"6e053b15\" data-element_type=\"widget\" data-e-type=\"widget\" data-widget_type=\"wd_title.default\">\n\t\t\t\t<div class=\"elementor-widget-container\">\n\t\t\t\t\t\t\t<div class=\"title-wrapper wd-set-mb reset-last-child wd-title-color-black wd-title-style-default wd-title-size-default text-left\">\n\n\t\t\t\n\t\t\t<div class=\"liner-continer\">\n\t\t\t\t<h4 class=\"woodmart-title-container title wd-fontsize-l\">Topnarzedzia \u2013 Precyzja w ka\u017cdym detalu Twojej pracy<\/h4> \n\t\t\t\t\t\t\t<\/div>\n\n\t\t\t\t\t<\/div>\n\t\t\t\t\t\t<\/div>\n\t\t\t\t<\/div>\n\t\t\t\t<div class=\"elementor-element elementor-element-5c1c3e5d elementor-widget elementor-widget-wd_text_block\" data-id=\"5c1c3e5d\" data-element_type=\"widget\" data-e-type=\"widget\" data-widget_type=\"wd_text_block.default\">\n\t\t\t\t<div class=\"elementor-widget-container\">\n\t\t\t\t\t\t\t<div class=\"wd-text-block reset-last-child text-left\">\n\t\t\t\n\t\t\t<p data-path-to-node=\"6\">Jako dystrybutor profesjonalnych marek, oferujemy urz\u0105dzenia, kt\u00f3re pracuj\u0105 wydajnie, oszcz\u0119dzaj\u0105c Tw\u00f3j czas i materia\u0142y.<\/p><p data-path-to-node=\"7\">Specjalizujemy si\u0119 w kompleksowym wyposa\u017ceniu lakierni \u2013 od pistolet\u00f3w natryskowych po zaawansowane systemy filtracji powietrza. Nasza wiedza to dow\u00f3d na to, \u017ce w Topnarzedzia innowacja zawsze idzie w parze z trwa\u0142o\u015bci\u0105, na kt\u00f3rej mo\u017cesz polega\u0107 ka\u017cdego dnia.<\/p>\n\t\t\t\t\t<\/div>\n\t\t\t\t\t\t<\/div>\n\t\t\t\t<\/div>\n\t\t<div class=\"elementor-element elementor-element-429122c e-con-full e-flex e-con e-child\" data-id=\"429122c\" data-element_type=\"container\" data-e-type=\"container\">\n\t\t\t\t<div class=\"elementor-element elementor-element-8ca9738 elementor-widget elementor-widget-wd_button\" data-id=\"8ca9738\" data-element_type=\"widget\" data-e-type=\"widget\" data-widget_type=\"wd_button.default\">\n\t\t\t\t<div class=\"elementor-widget-container\">\n\t\t\t\t\t\t\t<div class=\"wd-button-wrapper text-left\" >\n\t\t\t<a class=\"btn btn-style-default btn-shape-round btn-size-default btn-color-primary btn-icon-pos-right\"  href=\"https:\/\/top-narzedzia.pl\/en\/o-nas\/\">\n\t\t\t\t<span class=\"wd-btn-text\" data-elementor-setting-key=\"text\">\n\t\t\t\t\tO nas\t\t\t\t<\/span>\n\n\t\t\t\t\t\t\t<\/a>\n\t\t<\/div>\n\t\t\t\t\t\t<\/div>\n\t\t\t\t<\/div>\n\t\t\t\t<div class=\"elementor-element elementor-element-20542827 elementor-widget elementor-widget-wd_button\" data-id=\"20542827\" data-element_type=\"widget\" data-e-type=\"widget\" data-widget_type=\"wd_button.default\">\n\t\t\t\t<div class=\"elementor-widget-container\">\n\t\t\t\t\t\t\t<div class=\"wd-button-wrapper text-left\" >\n\t\t\t<a class=\"btn btn-style-bordered btn-shape-round btn-size-default btn-color-primary btn-icon-pos-right\"  href=\"https:\/\/top-narzedzia.pl\/en\/kontakt\/\">\n\t\t\t\t<span class=\"wd-btn-text\" data-elementor-setting-key=\"text\">\n\t\t\t\t\tKontakt\t\t\t\t<\/span>\n\n\t\t\t\t\t\t\t<\/a>\n\t\t<\/div>\n\t\t\t\t\t\t<\/div>\n\t\t\t\t<\/div>\n\t\t\t\t<\/div>\n\t\t\t\t<\/div>\n\t\t<div class=\"elementor-element elementor-element-7f8eb490 e-con-full e-flex e-con e-child\" data-id=\"7f8eb490\" data-element_type=\"container\" data-e-type=\"container\">\n\t\t\t\t<div class=\"elementor-element elementor-element-4a6d85d4 elementor-widget elementor-widget-image\" data-id=\"4a6d85d4\" data-element_type=\"widget\" data-e-type=\"widget\" data-widget_type=\"image.default\">\n\t\t\t\t\t\t\t\t\t\t\t\t\t\t\t<img loading=\"lazy\" decoding=\"async\" width=\"679\" height=\"585\" src=\"https:\/\/top-narzedzia.pl\/wp-content\/uploads\/2026\/03\/8b3c6c5fc60eb8bfbc0c582e6a32cde2.jpg\" class=\"attachment-large size-large wp-image-10565\" alt=\"\" srcset=\"https:\/\/top-narzedzia.pl\/wp-content\/uploads\/2026\/03\/8b3c6c5fc60eb8bfbc0c582e6a32cde2.jpg 679w, https:\/\/top-narzedzia.pl\/wp-content\/uploads\/2026\/03\/8b3c6c5fc60eb8bfbc0c582e6a32cde2-348x300.jpg 348w, https:\/\/top-narzedzia.pl\/wp-content\/uploads\/2026\/03\/8b3c6c5fc60eb8bfbc0c582e6a32cde2-14x12.jpg 14w, https:\/\/top-narzedzia.pl\/wp-content\/uploads\/2026\/03\/8b3c6c5fc60eb8bfbc0c582e6a32cde2-430x370.jpg 430w, https:\/\/top-narzedzia.pl\/wp-content\/uploads\/2026\/03\/8b3c6c5fc60eb8bfbc0c582e6a32cde2-148x128.jpg 148w\" sizes=\"auto, (max-width: 679px) 100vw, 679px\" \/>\t\t\t\t\t\t\t\t\t\t\t\t\t\t\t<\/div>\n\t\t\t\t<\/div>\n\t\t\t\t\t<\/div>\n\t\t\t\t<\/div>\n\t\t<div class=\"wd-negative-gap elementor-element elementor-element-836906c wd-section-stretch e-flex e-con-boxed e-con e-parent\" data-id=\"836906c\" data-element_type=\"container\" data-e-type=\"container\" data-settings=\"{&quot;background_background&quot;:&quot;classic&quot;,&quot;shape_divider_top&quot;:&quot;opacity-fan&quot;}\">\n\t\t\t\t\t<div class=\"e-con-inner\">\n\t\t\t\t<div class=\"elementor-shape elementor-shape-top\" aria-hidden=\"true\" data-negative=\"false\">\n\t\t\t<svg xmlns=\"http:\/\/www.w3.org\/2000\/svg\" viewbox=\"0 0 283.5 19.6\" preserveaspectratio=\"none\">\n\t<path class=\"elementor-shape-fill\" style=\"opacity:0.33\" d=\"M0 0L0 18.8 141.8 4.1 283.5 18.8 283.5 0z\"\/>\n\t<path class=\"elementor-shape-fill\" style=\"opacity:0.33\" d=\"M0 0L0 12.6 141.8 4 283.5 12.6 283.5 0z\"\/>\n\t<path class=\"elementor-shape-fill\" style=\"opacity:0.33\" d=\"M0 0L0 6.4 141.8 4 283.5 6.4 283.5 0z\"\/>\n\t<path class=\"elementor-shape-fill\" d=\"M0 0L0 1.2 141.8 4 283.5 1.2 283.5 0z\"\/>\n<\/svg>\t\t<\/div>\n\t\t<div class=\"elementor-element elementor-element-2c63535 e-con-full e-flex e-con e-child\" data-id=\"2c63535\" data-element_type=\"container\" data-e-type=\"container\" data-settings=\"{&quot;background_background&quot;:&quot;classic&quot;}\">\n\t\t\t\t<div class=\"elementor-element elementor-element-eeb9eb5 wd-width-100 elementor-widget elementor-widget-wd_title\" data-id=\"eeb9eb5\" data-element_type=\"widget\" data-e-type=\"widget\" data-widget_type=\"wd_title.default\">\n\t\t\t\t<div class=\"elementor-widget-container\">\n\t\t\t\t\t\t\t<div class=\"title-wrapper wd-set-mb reset-last-child wd-title-color-black wd-title-style-default wd-title-size-default text-left\">\n\n\t\t\t\n\t\t\t<div class=\"liner-continer\">\n\t\t\t\t<h4 class=\"woodmart-title-container title wd-fontsize-l\">Poznaj ekspert\u00f3w, kt\u00f3rym zaufa\u0142y setki profesjonalnych warsztat\u00f3w<\/h4> \n\t\t\t\t\t\t\t<\/div>\n\n\t\t\t\t\t<\/div>\n\t\t\t\t\t\t<\/div>\n\t\t\t\t<\/div>\n\t\t\t\t<div class=\"elementor-element elementor-element-be5de7c elementor-widget elementor-widget-wd_text_block\" data-id=\"be5de7c\" data-element_type=\"widget\" data-e-type=\"widget\" data-widget_type=\"wd_text_block.default\">\n\t\t\t\t<div class=\"elementor-widget-container\">\n\t\t\t\t\t\t\t<div class=\"wd-text-block reset-last-child text-left\">\n\t\t\t\n\t\t\t<p data-path-to-node=\"11\">Topnarzedzia to miejsce, gdzie techniczne know-how spotyka si\u0119 z wieloletnim do\u015bwiadczeniem w bran\u017cy narz\u0119dziowej. Nasz\u0105 misj\u0105 jest zdejmowanie ci\u0119\u017caru z Twoich bark\u00f3w poprzez dostarczanie sprz\u0119tu, kt\u00f3ry po prostu nie zawodzi. Oferujemy pe\u0142en cykl wsparcia: od doradztwa przy wyborze spawarek i akcesori\u00f3w, przez sprzeda\u017c hurtow\u0105, a\u017c po rzeteln\u0105 opiek\u0119 posprzeda\u017cow\u0105.<\/p><p data-path-to-node=\"12\"><b data-path-to-node=\"12\" data-index-in-node=\"0\">Dlaczego my?<\/b><\/p><ul data-path-to-node=\"13\"><li><p data-path-to-node=\"13,0,0\"><b data-path-to-node=\"13,0,0\" data-index-in-node=\"0\">Najwy\u017csza jako\u015b\u0107:<\/b> Pracujemy wy\u0142\u0105cznie na podzespo\u0142ach \u015bwiatowych lider\u00f3w w dziedzinie spawalnictwa i pneumatyki.<\/p><\/li><li><p data-path-to-node=\"13,1,0\"><b data-path-to-node=\"13,1,0\" data-index-in-node=\"0\">Spok\u00f3j ducha:<\/b> Zapewniamy pe\u0142ne wsparcie techniczne, aby Twoje przestoje trwa\u0142y jak najkr\u00f3cej.<\/p><\/li><li><p data-path-to-node=\"13,2,0\"><b data-path-to-node=\"13,2,0\" data-index-in-node=\"0\">Gwarancja satysfakcji:<\/b> Ka\u017cde zam\u00f3wienie traktujemy indywidualnie, co potwierdzaj\u0105 setki pozytywnych opinii naszych Klient\u00f3w z bran\u017cy przemys\u0142owej.<\/p><\/li><\/ul>\n\t\t\t\t\t<\/div>\n\t\t\t\t\t\t<\/div>\n\t\t\t\t<\/div>\n\t\t<div class=\"elementor-element elementor-element-69980ec e-con-full e-flex e-con e-child\" data-id=\"69980ec\" data-element_type=\"container\" data-e-type=\"container\">\n\t\t\t\t<div class=\"elementor-element elementor-element-f6605d6 elementor-widget elementor-widget-wd_button\" data-id=\"f6605d6\" data-element_type=\"widget\" data-e-type=\"widget\" data-widget_type=\"wd_button.default\">\n\t\t\t\t<div class=\"elementor-widget-container\">\n\t\t\t\t\t\t\t<div class=\"wd-button-wrapper text-left\" >\n\t\t\t<a class=\"btn btn-style-default btn-shape-round btn-size-default btn-color-primary btn-icon-pos-right\"  href=\"https:\/\/top-narzedzia.pl\/en\/sklep\/\">\n\t\t\t\t<span class=\"wd-btn-text\" data-elementor-setting-key=\"text\">\n\t\t\t\t\tSklep\t\t\t\t<\/span>\n\n\t\t\t\t\t\t\t<\/a>\n\t\t<\/div>\n\t\t\t\t\t\t<\/div>\n\t\t\t\t<\/div>\n\t\t\t\t<\/div>\n\t\t\t\t<\/div>\n\t\t<div class=\"elementor-element elementor-element-087f45f e-con-full e-flex e-con e-child\" data-id=\"087f45f\" data-element_type=\"container\" data-e-type=\"container\">\n\t\t\t\t<div class=\"elementor-element elementor-element-357bc3f elementor-widget elementor-widget-image\" data-id=\"357bc3f\" data-element_type=\"widget\" data-e-type=\"widget\" data-widget_type=\"image.default\">\n\t\t\t\t\t\t\t\t\t\t\t\t\t\t\t<img loading=\"lazy\" decoding=\"async\" width=\"1200\" height=\"800\" src=\"https:\/\/top-narzedzia.pl\/wp-content\/uploads\/2026\/03\/9q_pllp_jma-1200x800.jpg\" class=\"attachment-large size-large wp-image-10500\" alt=\"\" srcset=\"https:\/\/top-narzedzia.pl\/wp-content\/uploads\/2026\/03\/9q_pllp_jma-1200x800.jpg 1200w, https:\/\/top-narzedzia.pl\/wp-content\/uploads\/2026\/03\/9q_pllp_jma-400x267.jpg 400w, https:\/\/top-narzedzia.pl\/wp-content\/uploads\/2026\/03\/9q_pllp_jma-768x512.jpg 768w, https:\/\/top-narzedzia.pl\/wp-content\/uploads\/2026\/03\/9q_pllp_jma-1536x1024.jpg 1536w, https:\/\/top-narzedzia.pl\/wp-content\/uploads\/2026\/03\/9q_pllp_jma-18x12.jpg 18w, https:\/\/top-narzedzia.pl\/wp-content\/uploads\/2026\/03\/9q_pllp_jma-430x287.jpg 430w, https:\/\/top-narzedzia.pl\/wp-content\/uploads\/2026\/03\/9q_pllp_jma-700x467.jpg 700w, https:\/\/top-narzedzia.pl\/wp-content\/uploads\/2026\/03\/9q_pllp_jma-148x99.jpg 148w, https:\/\/top-narzedzia.pl\/wp-content\/uploads\/2026\/03\/9q_pllp_jma.jpg 1600w\" sizes=\"auto, (max-width: 1200px) 100vw, 1200px\" \/>\t\t\t\t\t\t\t\t\t\t\t\t\t\t\t<\/div>\n\t\t\t\t<\/div>\n\t\t\t\t\t<\/div>\n\t\t\t\t<\/div>\n\t\t<div class=\"wd-negative-gap elementor-element elementor-element-d072cdf wd-section-stretch e-flex e-con-boxed e-con e-parent\" data-id=\"d072cdf\" data-element_type=\"container\" data-e-type=\"container\" data-settings=\"{&quot;background_background&quot;:&quot;classic&quot;}\">\n\t\t\t\t\t<div class=\"e-con-inner\">\n\t\t\t\t\t<\/div>\n\t\t\t\t<\/div>\n\t\t\t\t<\/div>","protected":false},"excerpt":{"rendered":"<p>O nas HomeStrona Topnarzedzia \u2013 Precyzja w ka\u017cdym detalu Twojej pracy Jako dystrybutor profesjonalnych marek, oferujemy urz\u0105dzenia, kt\u00f3re pracuj\u0105 wydajnie,<\/p>","protected":false},"author":1,"featured_media":0,"parent":0,"menu_order":0,"comment_status":"closed","ping_status":"closed","template":"","meta":{"footnotes":""},"class_list":["post-29","page","type-page","status-publish","hentry"],"_links":{"self":[{"href":"https:\/\/top-narzedzia.pl\/en\/wp-json\/wp\/v2\/pages\/29","targetHints":{"allow":["GET"]}}],"collection":[{"href":"https:\/\/top-narzedzia.pl\/en\/wp-json\/wp\/v2\/pages"}],"about":[{"href":"https:\/\/top-narzedzia.pl\/en\/wp-json\/wp\/v2\/types\/page"}],"author":[{"embeddable":true,"href":"https:\/\/top-narzedzia.pl\/en\/wp-json\/wp\/v2\/users\/1"}],"replies":[{"embeddable":true,"href":"https:\/\/top-narzedzia.pl\/en\/wp-json\/wp\/v2\/comments?post=29"}],"version-history":[{"count":31,"href":"https:\/\/top-narzedzia.pl\/en\/wp-json\/wp\/v2\/pages\/29\/revisions"}],"predecessor-version":[{"id":10659,"href":"https:\/\/top-narzedzia.pl\/en\/wp-json\/wp\/v2\/pages\/29\/revisions\/10659"}],"wp:attachment":[{"href":"https:\/\/top-narzedzia.pl\/en\/wp-json\/wp\/v2\/media?parent=29"}],"curies":[{"name":"wp","href":"https:\/\/api.w.org\/{rel}","templated":true}]}}