{"id":10715,"date":"2026-04-21T14:11:38","date_gmt":"2026-04-21T12:11:38","guid":{"rendered":"https:\/\/top-narzedzia.pl\/sklep\/bez-kategorii\/palnik-gazowy-60kw-do-papy-grilla-wypalania-chwastow-85cm-dysza-60mm-waz-5m\/"},"modified":"2026-04-30T19:09:37","modified_gmt":"2026-04-30T17:09:37","slug":"palnik-gazowy-60kw-do-papy-grilla-wypalania-chwastow-85cm-dysza-60mm-waz-5m","status":"publish","type":"product","link":"https:\/\/top-narzedzia.pl\/en\/sklep\/pozostale\/palnik-gazowy-60kw-do-papy-grilla-wypalania-chwastow-85cm-dysza-60mm-waz-5m\/","title":{"rendered":"PALNIK GAZOWY 60kW DO PAPY GRILLA WYPALANIA CHWAST\u00d3W 85cm DYSZA 60MM W\u0104\u017b 5M"},"content":{"rendered":"<div>\n<div style=\"width: 100%;vertical-align: top;text-align: center\"><img decoding=\"async\" data-order=\"12\" style=\"width:100%;height:auto\" src=\"https:\/\/top-narzedzia.pl\/wp-content\/uploads\/2026\/04\/b65666997bff5a4089225b825887aefd.jpg\" alt=\"\" title=\"\"><\/div>\n<\/div>\n<div>\n<div style=\"width: 99%;vertical-align: top\">\n<h2>PALNIK GAZOWY DEKARSKI 60kW<\/h2>\n<h2>D\u0141UGI 85CM \/ DYSZA \u00d860mm<\/h2>\n<h2>+ W\u0104\u017b GAZOWY ZBROONY 5M ze z\u0142\u0105czami<\/h2>\n<p><b>PARAMETRY TECHNICZNE<\/b><\/p>\n<ul>\n<li>D\u0142ugo\u015b\u0107 palnika\u00a085 cm<\/li>\n<li>D\u0142ugo\u015b\u0107 przewodu do butli\u00a05 m<\/li>\n<li>Turbo dysza\u00a060 mm<\/li>\n<li>R\u0119koje\u015b\u0107 z pokr\u0119t\u0142em regulacji przep\u0142ywu gazu<\/li>\n<li>Wydajno\u015b\u0107 cieplna do 60kW<\/li>\n<li>Zu\u017cycie gazu\u00a04000 g\/h<\/li>\n<li>Temperatura p\u0142omienia\u00a01850 stopni<\/li>\n<li>Palnik posiada wyj\u015bcie na du\u017c\u0105 butl\u0119 11kg<\/li>\n<li>Zakute ko\u0144c\u00f3wki<\/li>\n<\/ul>\n<p><b>IDEALNIE SPISUJE SI\u0118 W:<\/b><\/p>\n<ul>\n<li>Lutowaniu<\/li>\n<li>Rozmra\u017caniu<\/li>\n<li>Opalaniu<\/li>\n<li>Zgrzewaniu<\/li>\n<li>Klejeniu na ciep\u0142o<\/li>\n<\/ul>\n<\/div>\n<div style=\"width: 99%;vertical-align: top;text-align: center\"><img decoding=\"async\" data-order=\"0\" style=\"width:100%;height:auto\" src=\"https:\/\/top-narzedzia.pl\/wp-content\/uploads\/2026\/04\/f6f6723f413c56464b698e7b72baa4b9.jpg\" alt=\"\" title=\"\"><\/div>\n<\/div>\n<div>\n<div style=\"width: 99%;vertical-align: top;text-align: center\"><img decoding=\"async\" data-order=\"6\" style=\"width:100%;height:auto\" src=\"https:\/\/top-narzedzia.pl\/wp-content\/uploads\/2026\/04\/0a4734f5426b831c89a18cfd73c7fbca.jpg\" alt=\"\" title=\"\"><\/div>\n<div style=\"width: 99%;vertical-align: top\">\n<p><b>Bardzo \u0142atwy w obs\u0142udze uniwersalny palnik <\/b>gazowy z w\u0119\u017cem na gaz propan-butan. Palniki dekarski jedno-dyszowy z\u00a0<b>dyfuzorem o \u015brednicy\u00a060 mm\u00a0oraz wysokiej jako\u015bci\u00a0w\u0119\u017cem o d\u0142ugo\u015bci\u00a05 m<\/b>, kt\u00f3ry <b>przy\u0142\u0105czany jest bezpo\u015brednio na butl\u0119 gazow\u0105<\/b>.\u00a0R\u0119koje\u015b\u0107 z <b>pokr\u0119t\u0142em reguluj\u0105cym przep\u0142yw gazu<\/b>.\u00a0Wytrzyma\u0142e tworzywo sztuczne, z kt\u00f3rego jest wykonana charakteryzuje si\u0119 du\u017c\u0105 odporno\u015bci\u0105 na uszkodzenia mechaniczne oraz wysokie temperatury.\u00a0Palnik doskonale sprawdzi si\u0119 w warsztatach \u015blusarskich, mechanicznych, spawalniczych, dekarskich itp.<\/p>\n<\/div>\n<\/div>\n<div>\n<div style=\"width: 99%;vertical-align: top;text-align: center\"><img decoding=\"async\" data-order=\"3\" style=\"width:100%;height:auto\" src=\"https:\/\/top-narzedzia.pl\/wp-content\/uploads\/2026\/04\/7c72f054c1514ef4375f469db17d7483.jpg\" alt=\"\" title=\"\"><\/div>\n<div style=\"width: 99%;vertical-align: top;text-align: center\"><img decoding=\"async\" data-order=\"4\" style=\"width:100%;height:auto\" src=\"https:\/\/top-narzedzia.pl\/wp-content\/uploads\/2026\/04\/0da4d6e96db8838a6f99af3ca40864b0.jpg\" alt=\"\" title=\"\"><\/div>\n<\/div>\n<div>\n<div style=\"width: 99%;vertical-align: top\">\n<h1>W\u0142a\u015bciwo\u015bci:<\/h1>\n<ul>\n<li>Profesjonalny palnik gazowy o mocy 60 kW do ogrzewania, suszenia powierzchni, smo\u0142owania, wypalania, rozmra\u017cania, podgrzewania i wypalania.<\/li>\n<li>Nadaje si\u0119 r\u00f3wnie\u017c do topienia lodu, \u015bniegu, wypalania chwast\u00f3w i rozmra\u017cania rur.<\/li>\n<li>Uniwersalny zestaw palnik\u00f3w, idealny do lutowania twardego, mi\u0119kkiego, usuwania farby i podgrzewania.<\/li>\n<li>Temperatura p\u0142omienia do 1850\u00b0C.<\/li>\n<li>Antypo\u015blizgowa r\u0119koje\u015b\u0107 z pokr\u0119t\u0142em regulacji przep\u0142ywu gazu.<\/li>\n<\/ul>\n<\/div>\n<div style=\"width: 99%;vertical-align: top;text-align: center\"><img decoding=\"async\" data-order=\"1\" style=\"width:100%;height:auto\" src=\"https:\/\/top-narzedzia.pl\/wp-content\/uploads\/2026\/04\/4308fa13f83301844367b09c00b27d0c.jpg\" alt=\"\" title=\"\"><\/div>\n<\/div>\n<div>\n<div style=\"width: 99%;vertical-align: top;text-align: center\"><img decoding=\"async\" data-order=\"8\" style=\"width:100%;height:auto\" src=\"https:\/\/top-narzedzia.pl\/wp-content\/uploads\/2026\/04\/c7ed11c5d4d6dbbfab13140f34120b77.jpg\" alt=\"\" title=\"\"><\/div>\n<div style=\"width: 99%;vertical-align: top;text-align: center\"><img decoding=\"async\" data-order=\"7\" style=\"width:100%;height:auto\" src=\"https:\/\/top-narzedzia.pl\/wp-content\/uploads\/2026\/04\/27807551da45b96b943fdcd19dec966f.jpg\" alt=\"\" title=\"\"><\/div>\n<\/div>\n<div>\n<div style=\"width: 99%;vertical-align: top;text-align: center\"><img decoding=\"async\" data-order=\"10\" style=\"width:100%;height:auto\" src=\"https:\/\/top-narzedzia.pl\/wp-content\/uploads\/2026\/04\/4ed66765b258bb65314d2399a837669a.jpg\" alt=\"\" title=\"\"><\/div>\n<div style=\"width: 99%;vertical-align: top;text-align: center\"><img decoding=\"async\" data-order=\"14\" style=\"width:100%;height:auto\" src=\"https:\/\/top-narzedzia.pl\/wp-content\/uploads\/2026\/04\/74d791c8446b33845f021e94c6fa0a7a.jpg\" alt=\"\" title=\"\"><\/div>\n<\/div>","protected":false},"excerpt":{"rendered":"<p>PALNIK GAZOWY DEKARSKI 60kW D\u0141UGI 85CM \/ DYSZA \u00d860mm + W\u0104\u017b GAZOWY ZBROONY 5M ze z\u0142\u0105czami PARAMETRY TECHNICZNE D\u0142ugo\u015b\u0107 palnika\u00a085<\/p>","protected":false},"featured_media":10700,"template":"","meta":[],"product_brand":[],"product_cat":[100],"product_tag":[],"class_list":{"0":"post-10715","1":"product","2":"type-product","3":"status-publish","4":"has-post-thumbnail","6":"product_cat-pozostale","8":"first","9":"instock","10":"taxable","11":"shipping-taxable","12":"purchasable","13":"product-type-simple"},"_links":{"self":[{"href":"https:\/\/top-narzedzia.pl\/en\/wp-json\/wp\/v2\/product\/10715","targetHints":{"allow":["GET"]}}],"collection":[{"href":"https:\/\/top-narzedzia.pl\/en\/wp-json\/wp\/v2\/product"}],"about":[{"href":"https:\/\/top-narzedzia.pl\/en\/wp-json\/wp\/v2\/types\/product"}],"version-history":[{"count":1,"href":"https:\/\/top-narzedzia.pl\/en\/wp-json\/wp\/v2\/product\/10715\/revisions"}],"predecessor-version":[{"id":10716,"href":"https:\/\/top-narzedzia.pl\/en\/wp-json\/wp\/v2\/product\/10715\/revisions\/10716"}],"wp:featuredmedia":[{"embeddable":true,"href":"https:\/\/top-narzedzia.pl\/en\/wp-json\/wp\/v2\/media\/10700"}],"wp:attachment":[{"href":"https:\/\/top-narzedzia.pl\/en\/wp-json\/wp\/v2\/media?parent=10715"}],"wp:term":[{"taxonomy":"product_brand","embeddable":true,"href":"https:\/\/top-narzedzia.pl\/en\/wp-json\/wp\/v2\/product_brand?post=10715"},{"taxonomy":"product_cat","embeddable":true,"href":"https:\/\/top-narzedzia.pl\/en\/wp-json\/wp\/v2\/product_cat?post=10715"},{"taxonomy":"product_tag","embeddable":true,"href":"https:\/\/top-narzedzia.pl\/en\/wp-json\/wp\/v2\/product_tag?post=10715"}],"curies":[{"name":"wp","href":"https:\/\/api.w.org\/{rel}","templated":true}]}}