{"id":10735,"date":"2026-04-21T14:21:20","date_gmt":"2026-04-21T12:21:20","guid":{"rendered":"https:\/\/top-narzedzia.pl\/sklep\/bez-kategorii\/waz-kompresora-sprezarki-gumowy-pneumatyczny-10m-wzmocniony-10x17mm-zlacza\/"},"modified":"2026-04-23T12:23:38","modified_gmt":"2026-04-23T10:23:38","slug":"waz-kompresora-sprezarki-gumowy-pneumatyczny-10m-wzmocniony-10x17mm-zlacza","status":"publish","type":"product","link":"https:\/\/top-narzedzia.pl\/en\/sklep\/pozostale\/waz-kompresora-sprezarki-gumowy-pneumatyczny-10m-wzmocniony-10x17mm-zlacza\/","title":{"rendered":"W\u0104\u017b KOMPRESORA SPR\u0118\u017bARKI GUMOWY PNEUMATYCZNY 10M WZMOCNIONY 10x17mm Z\u0141\u0104CZA"},"content":{"rendered":"<div>\n<div style=\"width: 100%;vertical-align: top\">\n<h1>W\u0104\u017b PRZEW\u00d3D GUMOWY PNEUMATYCZNY 10 m DO KOMPRESORA<\/h1>\n<\/div>\n<\/div>\n<div>\n<div style=\"width: 99%;vertical-align: top;text-align: center\"><img decoding=\"async\" data-order=\"1\" style=\"width:100%;height:auto\" src=\"https:\/\/top-narzedzia.pl\/wp-content\/uploads\/2026\/04\/5874bd22fa50d5986fe7f018136b5120.jpg\" alt=\"\" title=\"\"><\/div>\n<div style=\"width: 99%;vertical-align: top\">\n<h2>Wysoka Wydajno\u015b\u0107 i Uniwersalno\u015b\u0107<\/h2>\n<p>W\u0105\u017c pneumatyczny o \u015brednicy 10x17mm i d\u0142ugo\u015bci 10m z szybkoz\u0142\u0105czkami to niezawodne rozwi\u0105zanie do zasilania wszelkich urz\u0105dze\u0144 pneumatycznych. Jego wytrzyma\u0142o\u015b\u0107 na ci\u015bnienie robocze wynosi 20 bar, a ci\u015bnienie rozrywaj\u0105ce a\u017c 55 bar, co gwarantuje niezawodno\u015b\u0107 i bezpiecze\u0144stwo podczas pracy z r\u00f3\u017cnymi narz\u0119dziami.<\/p>\n<h2>Odporno\u015b\u0107 na Warunki Atmosferyczne<\/h2>\n<p>W\u0105\u017c pneumatyczny wykonany jest z gumy olejoodpornej, elastycznej i odporniej na ci\u015bnienie, co pozwala na u\u017cytkowanie w szerokim zakresie temperatur od -40\u00b0C do +70\u00b0C. Dzi\u0119ki temu, w\u0105\u017c jest idealny do zastosowa\u0144 w r\u00f3\u017cnych warunkach pracy.<\/p>\n<h2>Szybkie Pod\u0142\u0105czenie i Wszechstronno\u015b\u0107<\/h2>\n<p>W\u0105\u017c pneumatyczny\u00a0 wyposa\u017cony jest w standardowe szybkoz\u0142\u0105czki, co pozwala na \u0142atwe i szybkie pod\u0142\u0105czenie spr\u0119\u017carek, pistolet\u00f3w do malowania, wyrzynarek do blachy, nitownic pneumatycznych, kluczy pneumatycznych, wiertarek, polerek i wielu innych urz\u0105dze\u0144.<\/p>\n<\/div>\n<\/div>\n<div>\n<div style=\"width: 100%;vertical-align: top;text-align: center\"><img decoding=\"async\" data-order=\"2\" style=\"width:100%;height:auto\" src=\"https:\/\/top-narzedzia.pl\/wp-content\/uploads\/2026\/04\/7c2977c64a51bcec0625fc15142aabe1.jpg\" alt=\"\" title=\"\"><\/div>\n<\/div>\n<div>\n<div style=\"width: 100%;vertical-align: top\">\n<h1>Mosi\u0119\u017cne szybkoz\u0142\u0105czki<\/h1>\n<h2>W\u0105\u017c do spr\u0119\u017conego powietrza. Umo\u017cliwia szybkie pod\u0142\u0105czenie urz\u0105dze\u0144 pneumatycznych:<\/h2>\n<ul>\n<li>spr\u0119\u017carek<\/li>\n<li>pistolet\u00f3w do malowania<\/li>\n<li>wyrzynarek do blachy<\/li>\n<li>nitownic pneumatycznych<\/li>\n<li>kluczy pneumatycznych<\/li>\n<li>wiertarek<\/li>\n<li>polerek<\/li>\n<li>oraz wielu innych urz\u0105dze\u0144<\/li>\n<\/ul>\n<\/div>\n<\/div>\n<div>\n<div style=\"width: 100%;vertical-align: top\">\n<p>Parametry techniczne<\/p>\n<p>\u2705Marka: ONEX<\/p>\n<p>\u2705Gwinty przy\u0142\u0105cza:\u00a0\u00a0standardowe szybkoz\u0142\u0105czki<\/p>\n<p>\u2705Robocze ci\u015bnienie:\u00a020 bar<\/p>\n<p>\u2705Rozrywaj\u0105ce ci\u015bnienie:\u00a055 bar<\/p>\n<p>\u2705Materia\u0142 wykonania:\u00a0guma<\/p>\n<p>\u2705Temperatura pracy:\u00a0od -40\u00b0C do +70\u00b0C<\/p>\n<p>\u2705D\u0142ugo\u015b\u0107: 10 m<\/p>\n<p>\u2705\u015arednica wewn\u0119trzna: 10 mm<\/p>\n<p>\u2705\u015arednica zewn\u0119trzna: 17mm<\/p>\n<\/div>\n<\/div>\n<div>\n<div style=\"width: 100%;vertical-align: top;text-align: center\"><img decoding=\"async\" data-order=\"0\" style=\"width:100%;height:auto\" src=\"https:\/\/top-narzedzia.pl\/wp-content\/uploads\/2026\/04\/e77d6ff3f26c5164c3ffe1b84c3a08f8.jpg\" alt=\"\" title=\"\"><\/div>\n<\/div>","protected":false},"excerpt":{"rendered":"<p>W\u0104\u017b PRZEW\u00d3D GUMOWY PNEUMATYCZNY 10 m DO KOMPRESORA Wysoka Wydajno\u015b\u0107 i Uniwersalno\u015b\u0107 W\u0105\u017c pneumatyczny o \u015brednicy 10x17mm i d\u0142ugo\u015bci 10m<\/p>","protected":false},"featured_media":10732,"template":"","meta":[],"product_brand":[],"product_cat":[100],"product_tag":[],"class_list":{"0":"post-10735","1":"product","2":"type-product","3":"status-publish","4":"has-post-thumbnail","6":"product_cat-pozostale","8":"first","9":"instock","10":"taxable","11":"shipping-taxable","12":"purchasable","13":"product-type-simple"},"_links":{"self":[{"href":"https:\/\/top-narzedzia.pl\/en\/wp-json\/wp\/v2\/product\/10735","targetHints":{"allow":["GET"]}}],"collection":[{"href":"https:\/\/top-narzedzia.pl\/en\/wp-json\/wp\/v2\/product"}],"about":[{"href":"https:\/\/top-narzedzia.pl\/en\/wp-json\/wp\/v2\/types\/product"}],"version-history":[{"count":1,"href":"https:\/\/top-narzedzia.pl\/en\/wp-json\/wp\/v2\/product\/10735\/revisions"}],"predecessor-version":[{"id":10736,"href":"https:\/\/top-narzedzia.pl\/en\/wp-json\/wp\/v2\/product\/10735\/revisions\/10736"}],"wp:featuredmedia":[{"embeddable":true,"href":"https:\/\/top-narzedzia.pl\/en\/wp-json\/wp\/v2\/media\/10732"}],"wp:attachment":[{"href":"https:\/\/top-narzedzia.pl\/en\/wp-json\/wp\/v2\/media?parent=10735"}],"wp:term":[{"taxonomy":"product_brand","embeddable":true,"href":"https:\/\/top-narzedzia.pl\/en\/wp-json\/wp\/v2\/product_brand?post=10735"},{"taxonomy":"product_cat","embeddable":true,"href":"https:\/\/top-narzedzia.pl\/en\/wp-json\/wp\/v2\/product_cat?post=10735"},{"taxonomy":"product_tag","embeddable":true,"href":"https:\/\/top-narzedzia.pl\/en\/wp-json\/wp\/v2\/product_tag?post=10735"}],"curies":[{"name":"wp","href":"https:\/\/api.w.org\/{rel}","templated":true}]}}