{"id":10747,"date":"2026-04-21T14:21:33","date_gmt":"2026-04-21T12:21:33","guid":{"rendered":"https:\/\/top-narzedzia.pl\/sklep\/bez-kategorii\/filtr-maski-lakierniczej-przeciwgazowej-pochlaniacz-kanister-40mm-weglowy\/"},"modified":"2026-04-28T10:29:38","modified_gmt":"2026-04-28T08:29:38","slug":"filtr-maski-lakierniczej-przeciwgazowej-pochlaniacz-kanister-40mm-weglowy","status":"publish","type":"product","link":"https:\/\/top-narzedzia.pl\/en\/sklep\/pozostale\/filtr-maski-lakierniczej-przeciwgazowej-pochlaniacz-kanister-40mm-weglowy\/","title":{"rendered":"FILTR MASKI LAKIERNICZEJ PRZECIWGAZOWEJ POCH\u0141ANIACZ KANISTER 40MM W\u0118GLOWY"},"content":{"rendered":"<div>\n<div style=\"width: 99%;vertical-align: top;text-align: center\"><img decoding=\"async\" data-order=\"0\" style=\"width:100%;height:auto\" src=\"https:\/\/top-narzedzia.pl\/wp-content\/uploads\/2026\/04\/65baa0ef085c653194ff2cbe992d1af4.jpg\" alt=\"\" title=\"\"><\/div>\n<div style=\"width: 99%;vertical-align: top;text-align: center\"><img decoding=\"async\" data-order=\"1\" style=\"width:100%;height:auto\" src=\"https:\/\/top-narzedzia.pl\/wp-content\/uploads\/2026\/04\/d0798a0e04a862124cce8b30230cac70.jpg\" alt=\"\" title=\"\"><\/div>\n<\/div>\n<div>\n<div style=\"width: 100%;vertical-align: top\">\n<h2>Cechy:<\/h2>\n<p>1. Wysokiej jako\u015bci materia\u0142 ABS sprawia, \u017ce jest twardy i trwa\u0142y, oraz ma d\u0142ug\u0105 \u017cywotno\u015b\u0107.<\/p>\n<p>2. Du\u017cy kanister o profesjonalnej wydajno\u015bci i wysokiej niezawodno\u015bci.<\/p>\n<p>3. Wysokiej czysto\u015bci w\u0119giel aktywny, kt\u00f3ry ma du\u017cy efekt filtrowania.<\/p>\n<p>4. Uniwersalny interfejs 40mm, pasuje do wiekszo\u015bci typowych masek przeciwgazowych.<\/p>\n<p>5. Filtruj\u0105ce obiekty: benzyna, chlor, alkohol, anilina, karbon, metan, chlor, gorzki chlorek, chloretan, metaloten, fenol<\/p>\n<p>W ZESTAWIE 2 FILTRY WST\u0118PNE 2097 (P100)<\/p>\n<\/div>\n<\/div>\n<div>\n<div style=\"width: 99%;vertical-align: top;text-align: center\"><img decoding=\"async\" data-order=\"6\" style=\"width:100%;height:auto\" src=\"https:\/\/top-narzedzia.pl\/wp-content\/uploads\/2026\/04\/c617579055759034adf793bc0a351cd8.jpg\" alt=\"\" title=\"\"><\/div>\n<div style=\"width: 99%;vertical-align: top;text-align: center\"><img decoding=\"async\" data-order=\"9\" style=\"width:100%;height:auto\" src=\"https:\/\/top-narzedzia.pl\/wp-content\/uploads\/2026\/04\/31a92bf75ef005de2bf17b34141cf05f.jpg\" alt=\"\" title=\"\"><\/div>\n<\/div>\n<div>\n<div style=\"width: 100%;vertical-align: top\">\n<h2>1.\u00a0 Tkanina niweluj\u0105ca \u0142adunki elektrostatyczne &#8211; chroni przed r\u00f3\u017cnymi nie oleistymi oparami<\/h2>\n<h2>2. Cz\u0105stki w\u0119gla aktywnego &#8211; chroni przed toksycznymi gazami<\/h2>\n<\/div>\n<\/div>\n<div>\n<div style=\"width: 100%;vertical-align: top;text-align: center\"><img decoding=\"async\" data-order=\"7\" style=\"width:100%;height:auto\" src=\"https:\/\/top-narzedzia.pl\/wp-content\/uploads\/2026\/04\/b1b8981f203d73b1346bf9b90dc1c122.jpg\" alt=\"\" title=\"\"><\/div>\n<\/div>\n<div>\n<div style=\"width: 100%;vertical-align: top\">\n<h2>Centralny poch\u0142aniacz 40mm pasuje do wiekszo\u015bci masek pe\u0142nych z zaworem przednim<\/h2>\n<\/div>\n<\/div>\n<div>\n<div style=\"width: 99%;vertical-align: top;text-align: center\"><img decoding=\"async\" data-order=\"4\" style=\"width:100%;height:auto\" src=\"https:\/\/top-narzedzia.pl\/wp-content\/uploads\/2026\/04\/ad5a5db77c88a79e823fbe3e425c2940.jpg\" alt=\"\" title=\"\"><\/div>\n<div style=\"width: 99%;vertical-align: top;text-align: center\"><img decoding=\"async\" data-order=\"2\" style=\"width:100%;height:auto\" src=\"https:\/\/top-narzedzia.pl\/wp-content\/uploads\/2026\/04\/97c77043bada5007cc061f9e5685dda8.jpg\" alt=\"\" title=\"\"><\/div>\n<\/div>\n<div>\n<div style=\"width: 99%;vertical-align: top;text-align: center\"><img decoding=\"async\" data-order=\"8\" style=\"width:100%;height:auto\" src=\"https:\/\/top-narzedzia.pl\/wp-content\/uploads\/2026\/04\/cb095239528554abc659c12c81a52cb2.jpg\" alt=\"\" title=\"\"><\/div>\n<div style=\"width: 99%;vertical-align: top;text-align: center\"><img decoding=\"async\" data-order=\"3\" style=\"width:100%;height:auto\" src=\"https:\/\/top-narzedzia.pl\/wp-content\/uploads\/2026\/04\/6c1f816281814033e74dec76b8cc052e.jpg\" alt=\"\" title=\"\"><\/div>\n<\/div>","protected":false},"excerpt":{"rendered":"<p>Cechy: 1. Wysokiej jako\u015bci materia\u0142 ABS sprawia, \u017ce jest twardy i trwa\u0142y, oraz ma d\u0142ug\u0105 \u017cywotno\u015b\u0107. 2. Du\u017cy kanister o<\/p>","protected":false},"featured_media":10737,"template":"","meta":[],"product_brand":[],"product_cat":[100],"product_tag":[],"class_list":{"0":"post-10747","1":"product","2":"type-product","3":"status-publish","4":"has-post-thumbnail","6":"product_cat-pozostale","8":"first","9":"instock","10":"taxable","11":"shipping-taxable","12":"purchasable","13":"product-type-simple"},"_links":{"self":[{"href":"https:\/\/top-narzedzia.pl\/en\/wp-json\/wp\/v2\/product\/10747","targetHints":{"allow":["GET"]}}],"collection":[{"href":"https:\/\/top-narzedzia.pl\/en\/wp-json\/wp\/v2\/product"}],"about":[{"href":"https:\/\/top-narzedzia.pl\/en\/wp-json\/wp\/v2\/types\/product"}],"version-history":[{"count":1,"href":"https:\/\/top-narzedzia.pl\/en\/wp-json\/wp\/v2\/product\/10747\/revisions"}],"predecessor-version":[{"id":10748,"href":"https:\/\/top-narzedzia.pl\/en\/wp-json\/wp\/v2\/product\/10747\/revisions\/10748"}],"wp:featuredmedia":[{"embeddable":true,"href":"https:\/\/top-narzedzia.pl\/en\/wp-json\/wp\/v2\/media\/10737"}],"wp:attachment":[{"href":"https:\/\/top-narzedzia.pl\/en\/wp-json\/wp\/v2\/media?parent=10747"}],"wp:term":[{"taxonomy":"product_brand","embeddable":true,"href":"https:\/\/top-narzedzia.pl\/en\/wp-json\/wp\/v2\/product_brand?post=10747"},{"taxonomy":"product_cat","embeddable":true,"href":"https:\/\/top-narzedzia.pl\/en\/wp-json\/wp\/v2\/product_cat?post=10747"},{"taxonomy":"product_tag","embeddable":true,"href":"https:\/\/top-narzedzia.pl\/en\/wp-json\/wp\/v2\/product_tag?post=10747"}],"curies":[{"name":"wp","href":"https:\/\/api.w.org\/{rel}","templated":true}]}}