{"id":10754,"date":"2026-04-21T14:21:46","date_gmt":"2026-04-21T12:21:46","guid":{"rendered":"https:\/\/top-narzedzia.pl\/sklep\/bez-kategorii\/okulary-ochronne-przezroczyste-bhp-z-wentylacja-gogle-na-gumce-wentylowane\/"},"modified":"2026-04-28T08:02:38","modified_gmt":"2026-04-28T06:02:38","slug":"okulary-ochronne-przezroczyste-bhp-z-wentylacja-gogle-na-gumce-wentylowane","status":"publish","type":"product","link":"https:\/\/top-narzedzia.pl\/en\/sklep\/pozostale\/okulary-ochronne-przezroczyste-bhp-z-wentylacja-gogle-na-gumce-wentylowane\/","title":{"rendered":"OKULARY OCHRONNE PRZEZROCZYSTE BHP Z WENTYLACJ\u0104 GOGLE NA GUMCE WENTYLOWANE"},"content":{"rendered":"<div>\n<div style=\"width: 100%;vertical-align: top\">\n<h1>OKULARY OCHRONNE WENTYLOWANE NA GUMCE<\/h1>\n<h1>\u2b50 PRZEZROCZYSTE TRANSPARENTNE<\/h1>\n<p>\u2b50 DO OKULAR\u00d3W KOREKCYJNYCH<\/p>\n<p>\u2b50 NORMA EN166 BHP<\/p>\n<\/div>\n<\/div>\n<div>\n<div style=\"width: 100%;vertical-align: top\">\n<p><b>GOGLE OCHRONNE Z WENTYLACJ\u0104<\/b><\/p>\n<p><b>\u2714\ufe0fNorma EN-166:2001<\/b><\/p>\n<p><b>\u2705 Panoramiczne wyprofilowanie soczewki<\/b> gwarantuje szerokie pole widzenia.<\/p>\n<p><b>\u2705 Gumowa opaska z regulacj\u0105<\/b> dopasuje gogle do kszta\u0142tu twarzy.<\/p>\n<p><b>\u2705 Poliw\u0119glan<\/b> z kt\u00f3rego s\u0105 wykonane uchroni oczy przed uderzeniem cz\u0105stek o pr\u0119dko\u015bci 5,1 m\/s.<\/p>\n<p><b>\u2705 Gogle s\u0105 certyfikowane<\/b> i spe\u0142niaj\u0105 rygorystyczne normy EN166.<\/p>\n<p><b>\u2705 DO OKULAR\u00d3W KOREKCYJNYCH:<\/b> Dostosowane do noszenia okular\u00f3w korekcyjnych i p\u00f3\u0142masek oddechowych.Posiadaj\u0105 otwory do mikrowentylacji<\/p>\n<\/div>\n<\/div>\n<div>\n<div style=\"width: 99%;vertical-align: top\">\n<h1>Spe\u0142niaj\u0105 wymagania CE<\/h1>\n<p>Norma stosowana jest do wszystkich typ\u00f3w ochrony indywidualnych oczu, u\u017cywanych do ochrony przed zagro\u017ceniami, spotykanymi w przemy\u015ble, laboratoriach itp.<\/p>\n<\/div>\n<div style=\"width: 99%;vertical-align: top;text-align: center\"><img decoding=\"async\" data-order=\"0\" style=\"width:100%;height:auto\" src=\"https:\/\/top-narzedzia.pl\/wp-content\/uploads\/2026\/04\/ea7ecaae382032d320b95cb45745a0fa.jpg\" alt=\"\" title=\"\"><\/div>\n<\/div>\n<div>\n<div style=\"width: 99%;vertical-align: top;text-align: center\"><img decoding=\"async\" data-order=\"1\" style=\"width:100%;height:auto\" src=\"https:\/\/top-narzedzia.pl\/wp-content\/uploads\/2026\/04\/035ed4a872af98ccdfd6fade215ef213.jpg\" alt=\"\" title=\"\"><\/div>\n<div style=\"width: 99%;vertical-align: top\">\n<p><b>DO OKULAR\u00d3W KOREKCYJNYCH<\/b><\/p>\n<p>Dostosowane do noszenia okular\u00f3w korekcyjnych i p\u00f3\u0142masek oddechowych.<\/p>\n<\/div>\n<\/div>\n<div>\n<div style=\"width: 99%;vertical-align: top\">\n<p><b>Dane techniczne:<\/b><\/p>\n<ul>\n<li>Producent Atope<\/li>\n<li>Kolor Przezroczyste<\/li>\n<li>Normy EN166<\/li>\n<li>Technologia Spartan (antirraya)<\/li>\n<li>Waga: 20g<\/li>\n<li>Klasa optyczna numer 1<\/li>\n<li>Rozmiar: uniwersalny (patrz wymiary)<\/li>\n<li>Dla kobiet i m\u0119szczyzn<\/li>\n<li>Gi\u0119tkie, mi\u0119kkie, dopasowuj\u0105ce si\u0119<\/li>\n<\/ul>\n<\/div>\n<div style=\"width: 99%;vertical-align: top;text-align: center\"><img decoding=\"async\" data-order=\"2\" style=\"width:100%;height:auto\" src=\"https:\/\/top-narzedzia.pl\/wp-content\/uploads\/2026\/04\/4eb2af3c9e0f76ca43905d64fa06a894.jpg\" alt=\"\" title=\"\"><\/div>\n<\/div>\n<div>\n<div style=\"width: 99%;vertical-align: top;text-align: center\"><img decoding=\"async\" data-order=\"3\" style=\"width:100%;height:auto\" src=\"https:\/\/top-narzedzia.pl\/wp-content\/uploads\/2026\/04\/0527db0d9c4921f5503a4e7571383f8a.jpg\" alt=\"\" title=\"\"><\/div>\n<div style=\"width: 99%;vertical-align: top\">\n<p><b>Zastosowanie<\/b><\/p>\n<ul>\n<li>prace konstrukcyjne<\/li>\n<li>ochrona indywidualna oczu<\/li>\n<li>budowlane<\/li>\n<li>monta\u017cowe<\/li>\n<li>szlifowanie<\/li>\n<li>ci\u0119cie materia\u0142\u00f3w<\/li>\n<li>cementowanie<\/li>\n<li>przesypywanie materia\u0142\u00f3w<\/li>\n<li>sport<\/li>\n<\/ul>\n<\/div>\n<\/div>\n<div>\n<div style=\"width: 99%;vertical-align: top\">\n<p><b>4 OTWORY WENTYLACYJNE<\/b><\/p>\n<ul>\n<li>klasa optyczna 1<\/li>\n<li>otwory wentylacyjne zapewniaj\u0105ce przewiewno\u015b\u0107<\/li>\n<li>zak\u0142adane na gumk\u0119<\/li>\n<li>ochrona przed ma\u0142ymi cia\u0142ami lec\u0105cymi z pr\u0119dko\u015bci\u0105 do 45 m\/s<\/li>\n<\/ul>\n<\/div>\n<div style=\"width: 99%;vertical-align: top;text-align: center\"><img decoding=\"async\" data-order=\"4\" style=\"width:100%;height:auto\" src=\"https:\/\/top-narzedzia.pl\/wp-content\/uploads\/2026\/04\/f67511ce50a4d324fa3b4809611c1817.jpg\" alt=\"\" title=\"\"><\/div>\n<\/div>\n<div>\n<div style=\"width: 100%;vertical-align: top;text-align: center\"><img decoding=\"async\" data-order=\"0\" style=\"width:100%;height:auto\" src=\"https:\/\/top-narzedzia.pl\/wp-content\/uploads\/2026\/04\/ea7ecaae382032d320b95cb45745a0fa.jpg\" alt=\"\" title=\"\"><\/div>\n<\/div>\n<div>\n<div style=\"width: 100%;vertical-align: top;text-align: center\"><img decoding=\"async\" data-order=\"1\" style=\"width:100%;height:auto\" src=\"https:\/\/top-narzedzia.pl\/wp-content\/uploads\/2026\/04\/035ed4a872af98ccdfd6fade215ef213.jpg\" alt=\"\" title=\"\"><\/div>\n<\/div>","protected":false},"excerpt":{"rendered":"<p>OKULARY OCHRONNE WENTYLOWANE NA GUMCE \u2b50 PRZEZROCZYSTE TRANSPARENTNE \u2b50 DO OKULAR\u00d3W KOREKCYJNYCH \u2b50 NORMA EN166 BHP GOGLE OCHRONNE Z WENTYLACJ\u0104<\/p>","protected":false},"featured_media":10749,"template":"","meta":[],"product_brand":[],"product_cat":[100],"product_tag":[],"class_list":{"0":"post-10754","1":"product","2":"type-product","3":"status-publish","4":"has-post-thumbnail","6":"product_cat-pozostale","8":"first","9":"instock","10":"taxable","11":"shipping-taxable","12":"purchasable","13":"product-type-simple"},"_links":{"self":[{"href":"https:\/\/top-narzedzia.pl\/en\/wp-json\/wp\/v2\/product\/10754","targetHints":{"allow":["GET"]}}],"collection":[{"href":"https:\/\/top-narzedzia.pl\/en\/wp-json\/wp\/v2\/product"}],"about":[{"href":"https:\/\/top-narzedzia.pl\/en\/wp-json\/wp\/v2\/types\/product"}],"version-history":[{"count":1,"href":"https:\/\/top-narzedzia.pl\/en\/wp-json\/wp\/v2\/product\/10754\/revisions"}],"predecessor-version":[{"id":10755,"href":"https:\/\/top-narzedzia.pl\/en\/wp-json\/wp\/v2\/product\/10754\/revisions\/10755"}],"wp:featuredmedia":[{"embeddable":true,"href":"https:\/\/top-narzedzia.pl\/en\/wp-json\/wp\/v2\/media\/10749"}],"wp:attachment":[{"href":"https:\/\/top-narzedzia.pl\/en\/wp-json\/wp\/v2\/media?parent=10754"}],"wp:term":[{"taxonomy":"product_brand","embeddable":true,"href":"https:\/\/top-narzedzia.pl\/en\/wp-json\/wp\/v2\/product_brand?post=10754"},{"taxonomy":"product_cat","embeddable":true,"href":"https:\/\/top-narzedzia.pl\/en\/wp-json\/wp\/v2\/product_cat?post=10754"},{"taxonomy":"product_tag","embeddable":true,"href":"https:\/\/top-narzedzia.pl\/en\/wp-json\/wp\/v2\/product_tag?post=10754"}],"curies":[{"name":"wp","href":"https:\/\/api.w.org\/{rel}","templated":true}]}}