{"id":10760,"date":"2026-04-21T14:21:58","date_gmt":"2026-04-21T12:21:58","guid":{"rendered":"https:\/\/top-narzedzia.pl\/sklep\/bez-kategorii\/olej-do-kompresorow-ldaa-100-tech-06l-sprezarkowy\/"},"modified":"2026-05-01T00:21:37","modified_gmt":"2026-04-30T22:21:37","slug":"olej-do-kompresorow-ldaa-100-tech-06l-sprezarkowy","status":"publish","type":"product","link":"https:\/\/top-narzedzia.pl\/en\/sklep\/pozostale\/olej-do-kompresorow-ldaa-100-tech-06l-sprezarkowy\/","title":{"rendered":"Olej do kompresor\u00f3w LDAA-100 TECH 0,6L spr\u0119\u017carkowy"},"content":{"rendered":"<div>\n<div style=\"width: 99%;vertical-align: top;text-align: center\"><img decoding=\"async\" data-order=\"2\" style=\"width:100%;height:auto\" src=\"https:\/\/top-narzedzia.pl\/wp-content\/uploads\/2026\/04\/33474a2af4b819ed8876c4c5099546ed.jpg\" alt=\"\" title=\"\"><\/div>\n<div style=\"width: 99%;vertical-align: top\">\n<h1>Olej spr\u0119\u017carkowy LDAA-100 0,6L<\/h1>\n<p>Olej do spr\u0119\u017carek JASOL COMPRESSOR OIL L- DAA, 100 przeznaczone s\u0105 do smarowania powietrznych<\/p>\n<p>spr\u0119\u017carek t\u0142okowych, rotacyjnych oraz \u0142opatkowych, smarowanych kroplowo i rozbryzgowo w normalnych warunkach pracy.<\/p>\n<p><b>Normy, specyfikacje<\/b><\/p>\n<p>DIN 51 506: VB-L, VC<\/p>\n<p>ISO 6743\/3A: L-DAA<\/p>\n<p>ISO 3448: VG: 46, 68, 100<\/p>\n<p>PN-91\/C-96073<\/p>\n<\/div>\n<\/div>\n<div>\n<div style=\"width: 99%;vertical-align: top\">\n<p><b>Parametry<\/b><\/p>\n<p>JASOL COMPRESSOR OIL\u00a0 L-DAA 100<\/p>\n<p>Lepko\u015b\u0107 kinematyczna w temp. 40oC, [mm2\/s] 47 \/67 \/98<\/p>\n<p>Wska\u017anik lepko\u015bci 92<\/p>\n<p>Temperatura p\u0142yni\u0119cia, [oC] -10<\/p>\n<p>Temperatura zap\u0142onu, [oC] 195 \/200 \/210<\/p>\n<p>W\u0142asno\u015bci deemulguj\u0105ce \u2013 czas rozdzia\u0142u emulsji zwod\u0105 do uzyskania:<\/p>\n<p>\u2013 40 \u2013 43 ml oleju\u00a0 \u00a0 \u00a0 \u00a0 \u00a0 \u00a0 \u00a0 \u00a0 \u00a030<\/p>\n<p>\u2013 37 \u2013 40 ml wody\u00a0 \u00a0 \u00a0 \u00a0 \u00a0 \u00a0 \u00a0 \u00a0 \u00a054<\/p>\n<p>\u2013 0 \u2013 3 ml emulsji\u00a0 \u00a0 \u00a0 \u00a0 \u00a0 \u00a0 \u00a0 \u00a0 \u00a0 30<\/p>\n<p>w temperaturze oC, [min.] 82<\/p>\n<\/div>\n<div style=\"width: 99%;vertical-align: top;text-align: center\"><img decoding=\"async\" data-order=\"1\" style=\"width:100%;height:auto\" src=\"https:\/\/top-narzedzia.pl\/wp-content\/uploads\/2026\/04\/d47e7b68c49100155f5806f1b8280907.jpg\" alt=\"\" title=\"\"><\/div>\n<\/div>","protected":false},"excerpt":{"rendered":"<p>Olej spr\u0119\u017carkowy LDAA-100 0,6L Olej do spr\u0119\u017carek JASOL COMPRESSOR OIL L- DAA, 100 przeznaczone s\u0105 do smarowania powietrznych spr\u0119\u017carek t\u0142okowych,<\/p>","protected":false},"featured_media":10756,"template":"","meta":[],"product_brand":[],"product_cat":[100],"product_tag":[],"class_list":{"0":"post-10760","1":"product","2":"type-product","3":"status-publish","4":"has-post-thumbnail","6":"product_cat-pozostale","8":"first","9":"instock","10":"taxable","11":"shipping-taxable","12":"purchasable","13":"product-type-simple"},"_links":{"self":[{"href":"https:\/\/top-narzedzia.pl\/en\/wp-json\/wp\/v2\/product\/10760","targetHints":{"allow":["GET"]}}],"collection":[{"href":"https:\/\/top-narzedzia.pl\/en\/wp-json\/wp\/v2\/product"}],"about":[{"href":"https:\/\/top-narzedzia.pl\/en\/wp-json\/wp\/v2\/types\/product"}],"version-history":[{"count":1,"href":"https:\/\/top-narzedzia.pl\/en\/wp-json\/wp\/v2\/product\/10760\/revisions"}],"predecessor-version":[{"id":10761,"href":"https:\/\/top-narzedzia.pl\/en\/wp-json\/wp\/v2\/product\/10760\/revisions\/10761"}],"wp:featuredmedia":[{"embeddable":true,"href":"https:\/\/top-narzedzia.pl\/en\/wp-json\/wp\/v2\/media\/10756"}],"wp:attachment":[{"href":"https:\/\/top-narzedzia.pl\/en\/wp-json\/wp\/v2\/media?parent=10760"}],"wp:term":[{"taxonomy":"product_brand","embeddable":true,"href":"https:\/\/top-narzedzia.pl\/en\/wp-json\/wp\/v2\/product_brand?post=10760"},{"taxonomy":"product_cat","embeddable":true,"href":"https:\/\/top-narzedzia.pl\/en\/wp-json\/wp\/v2\/product_cat?post=10760"},{"taxonomy":"product_tag","embeddable":true,"href":"https:\/\/top-narzedzia.pl\/en\/wp-json\/wp\/v2\/product_tag?post=10760"}],"curies":[{"name":"wp","href":"https:\/\/api.w.org\/{rel}","templated":true}]}}