{"id":10802,"date":"2026-04-21T14:41:29","date_gmt":"2026-04-21T12:41:29","guid":{"rendered":"https:\/\/top-narzedzia.pl\/sklep\/bez-kategorii\/glowica-pompy-sprezarki-powietrza-pompy-kompresora-h-2070-z-2070\/"},"modified":"2026-04-21T14:41:38","modified_gmt":"2026-04-21T12:41:38","slug":"glowica-pompy-sprezarki-powietrza-pompy-kompresora-h-2070-z-2070","status":"publish","type":"product","link":"https:\/\/top-narzedzia.pl\/en\/sklep\/pozostale\/glowica-pompy-sprezarki-powietrza-pompy-kompresora-h-2070-z-2070\/","title":{"rendered":"G\u0142owica pompy spr\u0119\u017carki powietrza pompy kompresora H-2070 Z-2070"},"content":{"rendered":"<div>\n<div style=\"width: 99%;vertical-align: top\">\n<h2>G\u0142owica cylindra do kompresora spr\u0119\u017carki<\/h2>\n<h2>H-2070\u00a0 Z-2070<\/h2>\n<\/div>\n<div style=\"width: 99%;vertical-align: top;text-align: center\"><img decoding=\"async\" data-order=\"0\" style=\"width:100%;height:auto\" src=\"https:\/\/top-narzedzia.pl\/wp-content\/uploads\/2026\/04\/24efc5218dc29271ffea7244c774362d.jpg\" alt=\"\" title=\"\"><\/div>\n<\/div>\n<div>\n<div style=\"width: 99%;vertical-align: top;text-align: center\"><img decoding=\"async\" data-order=\"2\" style=\"width:100%;height:auto\" src=\"https:\/\/top-narzedzia.pl\/wp-content\/uploads\/2026\/04\/c78135b7bd63404a515656b5aa4deb9c.jpg\" alt=\"\" title=\"\"><\/div>\n<div style=\"width: 99%;vertical-align: top\">\n<p>G\u0142owica cylindra do spr\u0119\u017carek t\u0142okowych typu w\u0142oskiego z dwoma t\u0142okami w uk\u0142adzie r\u00f3wnoleg\u0142ym\u00a0 H-2070 lub Z-2070<\/p>\n<\/div>\n<\/div>\n<div>\n<div style=\"width: 99%;vertical-align: top\">\n<p>Wymiar zewn\u0119trzny:<\/p>\n<p>D\u0142ugo\u015b\u0107 &#8211; 200mm<\/p>\n<p>Szeroko\u015b\u0107 &#8211; 130mm<\/p>\n<p>Rozstaw \u015brub zewn\u0119trznych:<\/p>\n<p>po d\u0142ugo\u015bci &#8211; 150mm<\/p>\n<p>po szeroko\u015bci &#8211; 65mm<\/p>\n<p>Rozstaw \u015brub wewn\u0119trznych: 47mm<\/p>\n<p>Rozstaw \u015brub bocznych:<\/p>\n<p>jedna strona 60mm \/ druga strona 55mm<\/p>\n<\/div>\n<div style=\"width: 99%;vertical-align: top;text-align: center\"><img decoding=\"async\" data-order=\"3\" style=\"width:100%;height:auto\" src=\"https:\/\/top-narzedzia.pl\/wp-content\/uploads\/2026\/04\/553d4000e23d6de2eda9005ada58b842.jpg\" alt=\"\" title=\"\"><\/div>\n<\/div>\n<div>\n<div style=\"width: 99%;vertical-align: top;text-align: center\"><img decoding=\"async\" data-order=\"5\" style=\"width:100%;height:auto\" src=\"https:\/\/top-narzedzia.pl\/wp-content\/uploads\/2026\/04\/9860e93373885d9a443ffa76a88321b2.jpg\" alt=\"\" title=\"\"><\/div>\n<div style=\"width: 99%;vertical-align: top;text-align: center\"><img decoding=\"async\" data-order=\"4\" style=\"width:100%;height:auto\" src=\"https:\/\/top-narzedzia.pl\/wp-content\/uploads\/2026\/04\/dc87310a533b510d24a5c31184d3ec23.jpg\" alt=\"\" title=\"\"><\/div>\n<\/div>\n<div>\n<div style=\"width: 99%;vertical-align: top;text-align: center\"><img decoding=\"async\" data-order=\"0\" style=\"width:100%;height:auto\" src=\"https:\/\/top-narzedzia.pl\/wp-content\/uploads\/2026\/04\/24efc5218dc29271ffea7244c774362d.jpg\" alt=\"\" title=\"\"><\/div>\n<div style=\"width: 99%;vertical-align: top;text-align: center\"><img decoding=\"async\" data-order=\"6\" style=\"width:100%;height:auto\" src=\"https:\/\/top-narzedzia.pl\/wp-content\/uploads\/2026\/04\/b1ebc5e8fb1a5b8e7ff0f54b2cc509e9.jpg\" alt=\"\" title=\"\"><\/div>\n<\/div>","protected":false},"excerpt":{"rendered":"<p>G\u0142owica cylindra do kompresora spr\u0119\u017carki H-2070\u00a0 Z-2070 G\u0142owica cylindra do spr\u0119\u017carek t\u0142okowych typu w\u0142oskiego z dwoma t\u0142okami w uk\u0142adzie r\u00f3wnoleg\u0142ym\u00a0<\/p>","protected":false},"featured_media":10795,"template":"","meta":[],"product_brand":[],"product_cat":[100],"product_tag":[],"class_list":{"0":"post-10802","1":"product","2":"type-product","3":"status-publish","4":"has-post-thumbnail","6":"product_cat-pozostale","8":"first","9":"instock","10":"taxable","11":"shipping-taxable","12":"purchasable","13":"product-type-simple"},"_links":{"self":[{"href":"https:\/\/top-narzedzia.pl\/en\/wp-json\/wp\/v2\/product\/10802","targetHints":{"allow":["GET"]}}],"collection":[{"href":"https:\/\/top-narzedzia.pl\/en\/wp-json\/wp\/v2\/product"}],"about":[{"href":"https:\/\/top-narzedzia.pl\/en\/wp-json\/wp\/v2\/types\/product"}],"version-history":[{"count":1,"href":"https:\/\/top-narzedzia.pl\/en\/wp-json\/wp\/v2\/product\/10802\/revisions"}],"predecessor-version":[{"id":10803,"href":"https:\/\/top-narzedzia.pl\/en\/wp-json\/wp\/v2\/product\/10802\/revisions\/10803"}],"wp:featuredmedia":[{"embeddable":true,"href":"https:\/\/top-narzedzia.pl\/en\/wp-json\/wp\/v2\/media\/10795"}],"wp:attachment":[{"href":"https:\/\/top-narzedzia.pl\/en\/wp-json\/wp\/v2\/media?parent=10802"}],"wp:term":[{"taxonomy":"product_brand","embeddable":true,"href":"https:\/\/top-narzedzia.pl\/en\/wp-json\/wp\/v2\/product_brand?post=10802"},{"taxonomy":"product_cat","embeddable":true,"href":"https:\/\/top-narzedzia.pl\/en\/wp-json\/wp\/v2\/product_cat?post=10802"},{"taxonomy":"product_tag","embeddable":true,"href":"https:\/\/top-narzedzia.pl\/en\/wp-json\/wp\/v2\/product_tag?post=10802"}],"curies":[{"name":"wp","href":"https:\/\/api.w.org\/{rel}","templated":true}]}}