{"id":10810,"date":"2026-04-21T14:41:49","date_gmt":"2026-04-21T12:41:49","guid":{"rendered":"https:\/\/top-narzedzia.pl\/sklep\/bez-kategorii\/glowica-cylindra-do-kompresora-100l-sprezarki-pompy-h2065-z2065\/"},"modified":"2026-04-21T14:42:39","modified_gmt":"2026-04-21T12:42:39","slug":"glowica-cylindra-do-kompresora-100l-sprezarki-pompy-h2065-z2065","status":"publish","type":"product","link":"https:\/\/top-narzedzia.pl\/en\/sklep\/pozostale\/glowica-cylindra-do-kompresora-100l-sprezarki-pompy-h2065-z2065\/","title":{"rendered":"G\u0142owica cylindra do kompresora 100L spr\u0119\u017carki pompy H2065 Z2065"},"content":{"rendered":"<div>\n<div style=\"width: 99%;vertical-align: top;text-align: center\"><img decoding=\"async\" data-order=\"0\" style=\"width:100%;height:auto\" src=\"https:\/\/top-narzedzia.pl\/wp-content\/uploads\/2026\/04\/6a770fb7a572c47487fb73c3a8d47c66-1.jpg\" alt=\"\" title=\"\"><\/div>\n<div style=\"width: 99%;vertical-align: top\">\n<h2>G\u0142owica cylindra do kompresora spr\u0119\u017carki<\/h2>\n<h2>H-2065\u00a0 Z-2065<\/h2>\n<\/div>\n<\/div>\n<div>\n<div style=\"width: 100%;vertical-align: top\">\n<p>G\u0142owica cylindra do spr\u0119\u017carek t\u0142okowych typu w\u0142oskiego z dwoma t\u0142okami w uk\u0142adzie r\u00f3wnoleg\u0142ym\u00a0 H-2065 lub Z-2065<\/p>\n<\/div>\n<\/div>\n<div>\n<div style=\"width: 99%;vertical-align: top;text-align: center\"><img decoding=\"async\" data-order=\"5\" style=\"width:100%;height:auto\" src=\"https:\/\/top-narzedzia.pl\/wp-content\/uploads\/2026\/04\/9860e93373885d9a443ffa76a88321b2-1.jpg\" alt=\"\" title=\"\"><\/div>\n<div style=\"width: 99%;vertical-align: top;text-align: center\"><img decoding=\"async\" data-order=\"4\" style=\"width:100%;height:auto\" src=\"https:\/\/top-narzedzia.pl\/wp-content\/uploads\/2026\/04\/8019b5573a414d54217124c041dcbad8.jpg\" alt=\"\" title=\"\"><\/div>\n<\/div>\n<div>\n<div style=\"width: 99%;vertical-align: top\">\n<p>Wymiar zewn\u0119trzny:<\/p>\n<p>D\u0142ugo\u015b\u0107 &#8211; 175mm<\/p>\n<p>Szeroko\u015b\u0107 &#8211; 115mm<\/p>\n<p>Rozstaw \u015brub zewn\u0119trznych:<\/p>\n<p>po d\u0142ugo\u015bci &#8211; 130mm<\/p>\n<p>po szeroko\u015bci &#8211; 60mm<\/p>\n<p>Rozstaw \u015brub wewn\u0119trznych: 45mm<\/p>\n<p>Rozstaw \u015brub bocznych:<\/p>\n<p>jedna strona 60mm \/ druga strona 55mm<\/p>\n<\/div>\n<div style=\"width: 99%;vertical-align: top;text-align: center\"><img decoding=\"async\" data-order=\"1\" style=\"width:100%;height:auto\" src=\"https:\/\/top-narzedzia.pl\/wp-content\/uploads\/2026\/04\/891ef9b9791bb341ced00a9c809ad181.jpg\" alt=\"\" title=\"\"><\/div>\n<\/div>\n<div>\n<div style=\"width: 99%;vertical-align: top;text-align: center\"><img decoding=\"async\" data-order=\"3\" style=\"width:100%;height:auto\" src=\"https:\/\/top-narzedzia.pl\/wp-content\/uploads\/2026\/04\/d95d3d2e92030159d26eccbf29ab4a58.jpg\" alt=\"\" title=\"\"><\/div>\n<div style=\"width: 99%;vertical-align: top;text-align: center\"><img decoding=\"async\" data-order=\"2\" style=\"width:100%;height:auto\" src=\"https:\/\/top-narzedzia.pl\/wp-content\/uploads\/2026\/04\/55f774980dc93324224f59959f5d8282.jpg\" alt=\"\" title=\"\"><\/div>\n<\/div>","protected":false},"excerpt":{"rendered":"<p>G\u0142owica cylindra do kompresora spr\u0119\u017carki H-2065\u00a0 Z-2065 G\u0142owica cylindra do spr\u0119\u017carek t\u0142okowych typu w\u0142oskiego z dwoma t\u0142okami w uk\u0142adzie r\u00f3wnoleg\u0142ym\u00a0<\/p>","protected":false},"featured_media":10804,"template":"","meta":[],"product_brand":[],"product_cat":[100],"product_tag":[],"class_list":{"0":"post-10810","1":"product","2":"type-product","3":"status-publish","4":"has-post-thumbnail","6":"product_cat-pozostale","8":"first","9":"instock","10":"taxable","11":"shipping-taxable","12":"purchasable","13":"product-type-simple"},"_links":{"self":[{"href":"https:\/\/top-narzedzia.pl\/en\/wp-json\/wp\/v2\/product\/10810","targetHints":{"allow":["GET"]}}],"collection":[{"href":"https:\/\/top-narzedzia.pl\/en\/wp-json\/wp\/v2\/product"}],"about":[{"href":"https:\/\/top-narzedzia.pl\/en\/wp-json\/wp\/v2\/types\/product"}],"version-history":[{"count":1,"href":"https:\/\/top-narzedzia.pl\/en\/wp-json\/wp\/v2\/product\/10810\/revisions"}],"predecessor-version":[{"id":10811,"href":"https:\/\/top-narzedzia.pl\/en\/wp-json\/wp\/v2\/product\/10810\/revisions\/10811"}],"wp:featuredmedia":[{"embeddable":true,"href":"https:\/\/top-narzedzia.pl\/en\/wp-json\/wp\/v2\/media\/10804"}],"wp:attachment":[{"href":"https:\/\/top-narzedzia.pl\/en\/wp-json\/wp\/v2\/media?parent=10810"}],"wp:term":[{"taxonomy":"product_brand","embeddable":true,"href":"https:\/\/top-narzedzia.pl\/en\/wp-json\/wp\/v2\/product_brand?post=10810"},{"taxonomy":"product_cat","embeddable":true,"href":"https:\/\/top-narzedzia.pl\/en\/wp-json\/wp\/v2\/product_cat?post=10810"},{"taxonomy":"product_tag","embeddable":true,"href":"https:\/\/top-narzedzia.pl\/en\/wp-json\/wp\/v2\/product_tag?post=10810"}],"curies":[{"name":"wp","href":"https:\/\/api.w.org\/{rel}","templated":true}]}}