{"id":10827,"date":"2026-04-21T14:51:19","date_gmt":"2026-04-21T12:51:19","guid":{"rendered":"https:\/\/top-narzedzia.pl\/sklep\/bez-kategorii\/filtr-odwadniacz-separator-do-pistoletu-lakierniczego-1-4-narzedzi-pneumat\/"},"modified":"2026-04-27T13:30:39","modified_gmt":"2026-04-27T11:30:39","slug":"filtr-odwadniacz-separator-do-pistoletu-lakierniczego-1-4-narzedzi-pneumat","status":"publish","type":"product","link":"https:\/\/top-narzedzia.pl\/en\/sklep\/pozostale\/filtr-odwadniacz-separator-do-pistoletu-lakierniczego-1-4-narzedzi-pneumat\/","title":{"rendered":"FILTR ODWADNIACZ SEPARATOR DO PISTOLETU LAKIERNICZEGO 1\/4 NARZ\u0118DZI PNEUMAT"},"content":{"rendered":"<div>\n<div style=\"width: 100%;vertical-align: top\">\n<h2>FILTR \/ ODWADNIACZ DO PISTOLETU LAKIERNICZEGO 1\/4&#8243;<\/h2>\n<h2>FILTR ODWADNIACZ DO KOMPRESORA I NARZ\u0118DZI PNEUMATYCZNYCH 1\/4<\/h2>\n<h2>separator\u00a0z gwintami 1\/4&#8221;<\/h2>\n<p>marki HERKULES<\/p>\n<\/div>\n<\/div>\n<div>\n<div style=\"width: 99%;vertical-align: top;text-align: center\"><img decoding=\"async\" data-order=\"2\" style=\"width:100%;height:auto\" src=\"https:\/\/top-narzedzia.pl\/wp-content\/uploads\/2026\/04\/ddef7645c7e55cdb354ff4412ca2d32a.jpg\" alt=\"\" title=\"\"><\/div>\n<div style=\"width: 99%;vertical-align: top\">\n<p>DANE TECHNICZNE<\/p>\n<h1>CHARAKTERYSTYKA:<\/h1>\n<h2>Zesp\u00f3\u0142 filtruj\u0105co-odwadniaj\u0105cy zapewnia pe\u0142n\u0105 kontrol\u0119 nad jako\u015bci\u0105 powietrza.Odwadniacz zawieraj\u0105cy separator wody oczyszcza spr\u0119\u017cone powietrze z wilgoci, oleju, kondensatu i cz\u0105stek sta\u0142ych.Filtruje spr\u0119\u017cone powietrze z kropel wody, kt\u00f3re powoduj\u0105 zacieki podczas malowania czy te\u017c korozj\u0119 innych narz\u0119dzi.<\/h2>\n<p>Separator mo\u017cna zamontowa\u0107 przed szybko-z\u0142\u0105czk\u0105 przy kompresorze lub bezpo\u015brednio przed urz\u0105dzeniem pneumatycznym lub pistoletem lakierniczym<\/p>\n<\/div>\n<\/div>\n<div>\n<div style=\"width: 99%;vertical-align: top\">\n<h1>DANE TECHNICZNE:<\/h1>\n<ul>\n<li>&#8211; r\u0119czny spust kondensatu<\/li>\n<li>-wymiary: 9 cm x 4 cm<\/li>\n<li>&#8211; przy\u0142\u0105cze 1\/4 cala<\/li>\n<li>&#8211; filtrowanie mechaniczne do 0,04mm<\/li>\n<li>&#8211; przep\u0142yw: do 1000 l\/min<\/li>\n<li>&#8211; pojemno\u015b\u0107 separatora wody 30 ml<\/li>\n<li>&#8211; max ci\u015bnienie 10 BAR<\/li>\n<li>&#8211; max temp. 60*C<\/li>\n<\/ul>\n<\/div>\n<div style=\"width: 99%;vertical-align: top;text-align: center\"><img decoding=\"async\" data-order=\"4\" style=\"width:100%;height:auto\" src=\"https:\/\/top-narzedzia.pl\/wp-content\/uploads\/2026\/04\/e230b1f85b31c1821df7839900ec1ef6.jpg\" alt=\"\" title=\"\"><\/div>\n<\/div>\n<div>\n<div style=\"width: 99%;vertical-align: top;text-align: center\"><img decoding=\"async\" data-order=\"1\" style=\"width:100%;height:auto\" src=\"https:\/\/top-narzedzia.pl\/wp-content\/uploads\/2026\/04\/1a7ad0b2fcb2887183d3b4d44684b15e.jpg\" alt=\"\" title=\"\"><\/div>\n<div style=\"width: 99%;vertical-align: top;text-align: center\"><img decoding=\"async\" data-order=\"2\" style=\"width:100%;height:auto\" src=\"https:\/\/top-narzedzia.pl\/wp-content\/uploads\/2026\/04\/ddef7645c7e55cdb354ff4412ca2d32a.jpg\" alt=\"\" title=\"\"><\/div>\n<\/div>\n<div>\n<div style=\"width: 99%;vertical-align: top;text-align: center\"><img decoding=\"async\" data-order=\"6\" style=\"width:100%;height:auto\" src=\"https:\/\/top-narzedzia.pl\/wp-content\/uploads\/2026\/04\/de9d0f08264a28db8ad11612d2704d2c.jpg\" alt=\"\" title=\"\"><\/div>\n<div style=\"width: 99%;vertical-align: top;text-align: center\"><img decoding=\"async\" data-order=\"8\" style=\"width:100%;height:auto\" src=\"https:\/\/top-narzedzia.pl\/wp-content\/uploads\/2026\/04\/5800eea560a6c6e9d6bbf667dea9cf02.jpg\" alt=\"\" title=\"\"><\/div>\n<\/div>","protected":false},"excerpt":{"rendered":"<p>FILTR \/ ODWADNIACZ DO PISTOLETU LAKIERNICZEGO 1\/4&#8243; FILTR ODWADNIACZ DO KOMPRESORA I NARZ\u0118DZI PNEUMATYCZNYCH 1\/4 separator\u00a0z gwintami 1\/4&#8221; marki HERKULES<\/p>","protected":false},"featured_media":10817,"template":"","meta":[],"product_brand":[],"product_cat":[100],"product_tag":[],"class_list":{"0":"post-10827","1":"product","2":"type-product","3":"status-publish","4":"has-post-thumbnail","6":"product_cat-pozostale","8":"first","9":"instock","10":"taxable","11":"shipping-taxable","12":"purchasable","13":"product-type-simple"},"_links":{"self":[{"href":"https:\/\/top-narzedzia.pl\/en\/wp-json\/wp\/v2\/product\/10827","targetHints":{"allow":["GET"]}}],"collection":[{"href":"https:\/\/top-narzedzia.pl\/en\/wp-json\/wp\/v2\/product"}],"about":[{"href":"https:\/\/top-narzedzia.pl\/en\/wp-json\/wp\/v2\/types\/product"}],"version-history":[{"count":1,"href":"https:\/\/top-narzedzia.pl\/en\/wp-json\/wp\/v2\/product\/10827\/revisions"}],"predecessor-version":[{"id":10828,"href":"https:\/\/top-narzedzia.pl\/en\/wp-json\/wp\/v2\/product\/10827\/revisions\/10828"}],"wp:featuredmedia":[{"embeddable":true,"href":"https:\/\/top-narzedzia.pl\/en\/wp-json\/wp\/v2\/media\/10817"}],"wp:attachment":[{"href":"https:\/\/top-narzedzia.pl\/en\/wp-json\/wp\/v2\/media?parent=10827"}],"wp:term":[{"taxonomy":"product_brand","embeddable":true,"href":"https:\/\/top-narzedzia.pl\/en\/wp-json\/wp\/v2\/product_brand?post=10827"},{"taxonomy":"product_cat","embeddable":true,"href":"https:\/\/top-narzedzia.pl\/en\/wp-json\/wp\/v2\/product_cat?post=10827"},{"taxonomy":"product_tag","embeddable":true,"href":"https:\/\/top-narzedzia.pl\/en\/wp-json\/wp\/v2\/product_tag?post=10827"}],"curies":[{"name":"wp","href":"https:\/\/api.w.org\/{rel}","templated":true}]}}