{"id":10852,"date":"2026-04-21T14:51:48","date_gmt":"2026-04-21T12:51:48","guid":{"rendered":"https:\/\/top-narzedzia.pl\/sklep\/bez-kategorii\/filtr-powietrza-do-sprezarki-kompresora-1-2-19-mm-hepa-wzmacniany-plastik\/"},"modified":"2026-04-29T18:36:37","modified_gmt":"2026-04-29T16:36:37","slug":"filtr-powietrza-do-sprezarki-kompresora-1-2-19-mm-hepa-wzmacniany-plastik","status":"publish","type":"product","link":"https:\/\/top-narzedzia.pl\/en\/sklep\/pozostale\/filtr-powietrza-do-sprezarki-kompresora-1-2-19-mm-hepa-wzmacniany-plastik\/","title":{"rendered":"FILTR POWIETRZA DO SPR\u0118\u017bARKI KOMPRESORA 1\/2&#8243; 19 mm HEPA WZMACNIANY PLASTIK"},"content":{"rendered":"<div>\n<div style=\"width: 100%;vertical-align: top\">\n<h1>Filtr powietrza HEPA 1\/2&#8243; do spr\u0119\u017carki<\/h1>\n<\/div>\n<\/div>\n<div>\n<div style=\"width: 100%;vertical-align: top;text-align: center\"><img decoding=\"async\" data-order=\"0\" style=\"width:100%;height:auto\" src=\"https:\/\/top-narzedzia.pl\/wp-content\/uploads\/2026\/04\/935aec7357090408a1f6d1160118c7bf.jpg\" alt=\"\" title=\"\"><\/div>\n<\/div>\n<div>\n<div style=\"width: 100%;vertical-align: top\">\n<h2>Czyste Powietrze \u2013 Maksymalna Ochrona dla Twojej Spr\u0119\u017carki<\/h2>\n<p>Filtr powietrza do spr\u0119\u017carki HEPA 1\/2&#8243; marki Silver to niezast\u0105piony element, kt\u00f3ry zapewnia najwy\u017csz\u0105 jako\u015b\u0107 powietrza dostarczanego do kompresora. Dzi\u0119ki harmonijkowej konstrukcji HEPA, filtr skutecznie zatrzymuje nawet najdrobniejsze cz\u0105steczki kurzu, py\u0142u oraz zanieczyszcze\u0144, co znacz\u0105co wyd\u0142u\u017ca \u017cywotno\u015b\u0107 urz\u0105dzenia. Niezale\u017cnie od tego, czy korzystasz z kompresora w warsztacie, gara\u017cu czy na placu budowy, ten filtr zapewni maksymaln\u0105 ochron\u0119 dla Twojego sprz\u0119tu.<\/p>\n<\/div>\n<\/div>\n<div>\n<div style=\"width: 99%;vertical-align: top;text-align: center\"><img decoding=\"async\" data-order=\"3\" style=\"width:100%;height:auto\" src=\"https:\/\/top-narzedzia.pl\/wp-content\/uploads\/2026\/04\/acf8c47b3662b3913c9e86401cf79b7a.jpg\" alt=\"\" title=\"\"><\/div>\n<div style=\"width: 99%;vertical-align: top;text-align: center\"><img decoding=\"async\" data-order=\"1\" style=\"width:100%;height:auto\" src=\"https:\/\/top-narzedzia.pl\/wp-content\/uploads\/2026\/04\/5aaaa337e286169b8e8b0d002121a813.jpg\" alt=\"\" title=\"\"><\/div>\n<\/div>\n<div>\n<div style=\"width: 100%;vertical-align: top\">\n<h2>Uniwersalne Dopasowanie \u2013 Idealny dla Wi\u0119kszo\u015bci Kompresor\u00f3w<\/h2>\n<p>Ten filtr powietrza pasuje do kompresor\u00f3w o pojemno\u015bci zbiornika od 24 l do 300 l, w tym do najpopularniejszych marek na polskim rynku<\/p>\n<p>Dzi\u0119ki gwintowi 1\/2&#8243; oraz \u015brednicy otworu 20 mm, monta\u017c jest prosty i szybki. Bez wzgl\u0119du na mark\u0119, mo\u017cesz mie\u0107 pewno\u015b\u0107, \u017ce Tw\u00f3j kompresor b\u0119dzie dzia\u0142a\u0142 niezawodnie, a Ty unikniesz kosztownych napraw.<\/p>\n<\/div>\n<\/div>\n<div>\n<div style=\"width: 99%;vertical-align: top;text-align: center\"><img decoding=\"async\" data-order=\"2\" style=\"width:100%;height:auto\" src=\"https:\/\/top-narzedzia.pl\/wp-content\/uploads\/2026\/04\/14d96faeb3cc92b1e50562d530517030.jpg\" alt=\"\" title=\"\"><\/div>\n<div style=\"width: 99%;vertical-align: top;text-align: center\"><img decoding=\"async\" data-order=\"4\" style=\"width:100%;height:auto\" src=\"https:\/\/top-narzedzia.pl\/wp-content\/uploads\/2026\/04\/fb5ee4a64e974dd554dd326ec4750244.jpg\" alt=\"\" title=\"\"><\/div>\n<\/div>\n<div>\n<div style=\"width: 100%;vertical-align: top\">\n<h2>Wysoka Wydajno\u015b\u0107 i Trwa\u0142o\u015b\u0107 \u2013 Niezawodna Konstrukcja<\/h2>\n<p>Filtr HEPA o \u015brednicy 99 mm zamkni\u0119ty w solidnej plastikowej obudowie gwarantuje trwa\u0142o\u015b\u0107 oraz odporno\u015b\u0107 na uszkodzenia mechaniczne. Dzi\u0119ki harmonijkowej budowie, powierzchnia filtracyjna jest maksymalnie wykorzystana, co zapewnia wysok\u0105 wydajno\u015b\u0107 nawet przy intensywnym u\u017cytkowaniu kompresora. Postaw na jako\u015b\u0107, kt\u00f3ra si\u0119 op\u0142aca \u2013 wybierz filtr powietrza CYKLON\u00a0 ciesz si\u0119 niezawodn\u0105 prac\u0105 spr\u0119\u017carki przez d\u0142ugie lata.<\/p>\n<\/div>\n<\/div>\n<div>\n<div style=\"width: 100%;vertical-align: top;text-align: center\"><img decoding=\"async\" data-order=\"6\" style=\"width:100%;height:auto\" src=\"https:\/\/top-narzedzia.pl\/wp-content\/uploads\/2026\/04\/0ffd6a315a24dec0663448eea99b5a19.jpg\" alt=\"\" title=\"\"><\/div>\n<\/div>\n<div>\n<div style=\"width: 100%;vertical-align: top\">\n<p><b>Parametry techniczne:<\/b><\/p>\n<ul>\n<li><b>\u2705Marka:<\/b> CYKLON<\/li>\n<li><b>\u2705Kod Produktu:<\/b> C-AF<\/li>\n<li><b>\u2705\u015arednica otworu mierzona po wierzcho\u0142kach gwintu:<\/b> 20 mm (1\/2 cala)<\/li>\n<li><b>\u2705Srednica filtra:<\/b> 99 mm<\/li>\n<li><b>\u2705Filtr:<\/b> harmonijkowy HEPA<\/li>\n<li><b>\u2705obudowa:<\/b> plastikowa<\/li>\n<\/ul>\n<p>zastosowanie:<\/p>\n<ul>\n<li>Filtr wlotowy powietrza do kompresor\u00f3w i spr\u0119\u017carek.<\/li>\n<\/ul>\n<\/div>\n<\/div>","protected":false},"excerpt":{"rendered":"<p>Filtr powietrza HEPA 1\/2&#8243; do spr\u0119\u017carki Czyste Powietrze \u2013 Maksymalna Ochrona dla Twojej Spr\u0119\u017carki Filtr powietrza do spr\u0119\u017carki HEPA 1\/2&#8243;<\/p>","protected":false},"featured_media":10845,"template":"","meta":[],"product_brand":[],"product_cat":[100],"product_tag":[],"class_list":{"0":"post-10852","1":"product","2":"type-product","3":"status-publish","4":"has-post-thumbnail","6":"product_cat-pozostale","8":"first","9":"instock","10":"taxable","11":"shipping-taxable","12":"purchasable","13":"product-type-simple"},"_links":{"self":[{"href":"https:\/\/top-narzedzia.pl\/en\/wp-json\/wp\/v2\/product\/10852","targetHints":{"allow":["GET"]}}],"collection":[{"href":"https:\/\/top-narzedzia.pl\/en\/wp-json\/wp\/v2\/product"}],"about":[{"href":"https:\/\/top-narzedzia.pl\/en\/wp-json\/wp\/v2\/types\/product"}],"version-history":[{"count":1,"href":"https:\/\/top-narzedzia.pl\/en\/wp-json\/wp\/v2\/product\/10852\/revisions"}],"predecessor-version":[{"id":10853,"href":"https:\/\/top-narzedzia.pl\/en\/wp-json\/wp\/v2\/product\/10852\/revisions\/10853"}],"wp:featuredmedia":[{"embeddable":true,"href":"https:\/\/top-narzedzia.pl\/en\/wp-json\/wp\/v2\/media\/10845"}],"wp:attachment":[{"href":"https:\/\/top-narzedzia.pl\/en\/wp-json\/wp\/v2\/media?parent=10852"}],"wp:term":[{"taxonomy":"product_brand","embeddable":true,"href":"https:\/\/top-narzedzia.pl\/en\/wp-json\/wp\/v2\/product_brand?post=10852"},{"taxonomy":"product_cat","embeddable":true,"href":"https:\/\/top-narzedzia.pl\/en\/wp-json\/wp\/v2\/product_cat?post=10852"},{"taxonomy":"product_tag","embeddable":true,"href":"https:\/\/top-narzedzia.pl\/en\/wp-json\/wp\/v2\/product_tag?post=10852"}],"curies":[{"name":"wp","href":"https:\/\/api.w.org\/{rel}","templated":true}]}}