{"id":10858,"date":"2026-04-21T14:52:00","date_gmt":"2026-04-21T12:52:00","guid":{"rendered":"https:\/\/top-narzedzia.pl\/sklep\/bez-kategorii\/filtr-powietrza-3-8-metalowy-solidny-do-kompresora-sprezarki-16mm\/"},"modified":"2026-04-30T05:50:39","modified_gmt":"2026-04-30T03:50:39","slug":"filtr-powietrza-3-8-metalowy-solidny-do-kompresora-sprezarki-16mm","status":"publish","type":"product","link":"https:\/\/top-narzedzia.pl\/en\/sklep\/pozostale\/filtr-powietrza-3-8-metalowy-solidny-do-kompresora-sprezarki-16mm\/","title":{"rendered":"FILTR POWIETRZA 3\/8 METALOWY SOLIDNY DO KOMPRESORA SPR\u0118\u017bARKI 16MM"},"content":{"rendered":"<div>\n<div style=\"width: 100%;vertical-align: top\">\n<h1>Filtr Powietrza do Kompresora \u2013 Metalowy, Kompletny z Obudow\u0105 i Wk\u0142adem<\/h1>\n<\/div>\n<\/div>\n<div>\n<div style=\"width: 99%;vertical-align: top;text-align: center\"><img decoding=\"async\" data-order=\"0\" style=\"width:100%;height:auto\" src=\"https:\/\/top-narzedzia.pl\/wp-content\/uploads\/2026\/04\/bfd41c35eb27ed02ac9628c665761ab8.jpg\" alt=\"\" title=\"\"><\/div>\n<div style=\"width: 99%;vertical-align: top\">\n<h2>G\u0142\u00f3wne Cechy:<\/h2>\n<p>\u2705 <b>Przy\u0142\u0105cze<\/b>: gwint 3\/8&#8243;<\/p>\n<p><b>\u2705 \u015arednica<\/b>: 16 mm<\/p>\n<p><b>\u2705 Konstrukcja<\/b>: obudowa + wk\u0142ad, solidna, metalowa<\/p>\n<p><b>\u2705 Kompatybilno\u015b\u0107<\/b>: kompresory i spr\u0119\u017carki o pojemno\u015bci zbiornika 9L, 24L, 50L<\/p>\n<\/div>\n<\/div>\n<div>\n<div style=\"width: 99%;vertical-align: top\">\n<p>Profesjonalny filtr powietrza przeznaczony do kompresor\u00f3w, idealnie sprawdzi si\u0119 w warsztatach, zak\u0142adach produkcyjnych oraz do u\u017cytku domowego, zapewniaj\u0105c skuteczn\u0105 ochron\u0119 przed zanieczyszczeniami w instalacjach pneumatycznych. Wykonany z <b>wysokiej jako\u015bci metalu<\/b>, gwarantuje d\u0142ug\u0105 \u017cywotno\u015b\u0107 i niezawodno\u015b\u0107 w intensywnym u\u017cytkowaniu.<\/p>\n<\/div>\n<div style=\"width: 99%;vertical-align: top;text-align: center\"><img decoding=\"async\" data-order=\"3\" style=\"width:100%;height:auto\" src=\"https:\/\/top-narzedzia.pl\/wp-content\/uploads\/2026\/04\/3bfa1f1bba377def9d304b4c26b68638.jpg\" alt=\"\" title=\"\"><\/div>\n<\/div>\n<div>\n<div style=\"width: 99%;vertical-align: top\">\n<h2>\u2705\u00a0Pasuje do wi\u0119kszo\u015bci kompresor\u00f3w 9L, 24L, 50L<\/h2>\n<ul>\n<li>\u015arednica gwintu ok 16mm\u00a0 3\/8 cala<\/li>\n<li>Skok gwintu 1.5<\/li>\n<\/ul>\n<\/div>\n<div style=\"width: 99%;vertical-align: top;text-align: center\"><img decoding=\"async\" data-order=\"1\" style=\"width:100%;height:auto\" src=\"https:\/\/top-narzedzia.pl\/wp-content\/uploads\/2026\/04\/3c497620e32d25ce7ee40cc0a9050af0.jpg\" alt=\"\" title=\"\"><\/div>\n<\/div>\n<div>\n<div style=\"width: 100%;vertical-align: top;text-align: center\"><img decoding=\"async\" data-order=\"2\" style=\"width:100%;height:auto\" src=\"https:\/\/top-narzedzia.pl\/wp-content\/uploads\/2026\/04\/32b251683c6d926940ec7ad806d53b25.jpg\" alt=\"\" title=\"\"><\/div>\n<\/div>","protected":false},"excerpt":{"rendered":"<p>Filtr Powietrza do Kompresora \u2013 Metalowy, Kompletny z Obudow\u0105 i Wk\u0142adem G\u0142\u00f3wne Cechy: \u2705 Przy\u0142\u0105cze: gwint 3\/8&#8243; \u2705 \u015arednica: 16<\/p>","protected":false},"featured_media":10854,"template":"","meta":[],"product_brand":[],"product_cat":[100],"product_tag":[],"class_list":{"0":"post-10858","1":"product","2":"type-product","3":"status-publish","4":"has-post-thumbnail","6":"product_cat-pozostale","8":"first","9":"instock","10":"taxable","11":"shipping-taxable","12":"purchasable","13":"product-type-simple"},"_links":{"self":[{"href":"https:\/\/top-narzedzia.pl\/en\/wp-json\/wp\/v2\/product\/10858","targetHints":{"allow":["GET"]}}],"collection":[{"href":"https:\/\/top-narzedzia.pl\/en\/wp-json\/wp\/v2\/product"}],"about":[{"href":"https:\/\/top-narzedzia.pl\/en\/wp-json\/wp\/v2\/types\/product"}],"version-history":[{"count":1,"href":"https:\/\/top-narzedzia.pl\/en\/wp-json\/wp\/v2\/product\/10858\/revisions"}],"predecessor-version":[{"id":10859,"href":"https:\/\/top-narzedzia.pl\/en\/wp-json\/wp\/v2\/product\/10858\/revisions\/10859"}],"wp:featuredmedia":[{"embeddable":true,"href":"https:\/\/top-narzedzia.pl\/en\/wp-json\/wp\/v2\/media\/10854"}],"wp:attachment":[{"href":"https:\/\/top-narzedzia.pl\/en\/wp-json\/wp\/v2\/media?parent=10858"}],"wp:term":[{"taxonomy":"product_brand","embeddable":true,"href":"https:\/\/top-narzedzia.pl\/en\/wp-json\/wp\/v2\/product_brand?post=10858"},{"taxonomy":"product_cat","embeddable":true,"href":"https:\/\/top-narzedzia.pl\/en\/wp-json\/wp\/v2\/product_cat?post=10858"},{"taxonomy":"product_tag","embeddable":true,"href":"https:\/\/top-narzedzia.pl\/en\/wp-json\/wp\/v2\/product_tag?post=10858"}],"curies":[{"name":"wp","href":"https:\/\/api.w.org\/{rel}","templated":true}]}}