{"id":10872,"date":"2026-04-21T15:01:31","date_gmt":"2026-04-21T13:01:31","guid":{"rendered":"https:\/\/top-narzedzia.pl\/sklep\/bez-kategorii\/pompa-kompresor-olejowy-sprezarka-2tloki-430l-min-z-silnikiem-220v-25kw-9b\/"},"modified":"2026-04-21T15:02:38","modified_gmt":"2026-04-21T13:02:38","slug":"pompa-kompresor-olejowy-sprezarka-2tloki-430l-min-z-silnikiem-220v-25kw-9b","status":"publish","type":"product","link":"https:\/\/top-narzedzia.pl\/en\/sklep\/pozostale\/pompa-kompresor-olejowy-sprezarka-2tloki-430l-min-z-silnikiem-220v-25kw-9b\/","title":{"rendered":"POMPA KOMPRESOR OLEJOWY SPR\u0118\u017bARKA 2T\u0141OKI 430L\/min z SILNIKIEM 220V 2,5kW 9B"},"content":{"rendered":"<div>\n<div style=\"width: 100%;vertical-align: top;text-align: center\"><img decoding=\"async\" data-order=\"11\" style=\"width:100%;height:auto\" src=\"https:\/\/top-narzedzia.pl\/wp-content\/uploads\/2026\/04\/df465a320f6f7d387858673129bbebc0.jpg\" alt=\"\" title=\"\"><\/div>\n<\/div>\n<div>\n<div style=\"width: 100%;vertical-align: top\">\n<h1>Kompresor olejowy (SILNIK 3KM + POMPA 2-T\u0141OKI V2047)<\/h1>\n<h1>polskiej marki CYKLON model C-V2047<\/h1>\n<\/div>\n<\/div>\n<div>\n<div style=\"width: 100%;vertical-align: top\">\n<p><b>Kompresor olejowy renomowanej marki pneumatycznej CYKLON o pompie 2-t\u0142kowej po\u0142\u0105czonej z mocnym silnikiem elektrycznym 1-fazowym 3KM to najlepszy sprz\u0119t roku 2024 w kategorii cena\/jako\u015b\u0107. Jego du\u017ca moc silnika wynosz\u0105ca 2500W oraz mocna 2-t\u0142kowa pompa nap\u0119dzana wa\u0142em, sprawiaj\u0105 \u017ce sprz\u0119t nadaje si\u0119 do intensywnego u\u017cytku w ka\u017cdym gara\u017cu lub warsztacie. Mo\u017ce nap\u0119dza\u0107 r\u00f3\u017cnego rodzaju narz\u0119dzia pneumatyczne, s\u0142u\u017cy\u0107 do malowania natryskowego, piaskowania, pompowania k\u00f3\u0142 oraz znajdowa\u0107 inne zastosowania.<\/b><\/p>\n<\/div>\n<\/div>\n<div>\n<div style=\"width: 99%;vertical-align: top\">\n<ul>\n<li><b>Kompresor wykonany jest z wy\u017cszej jako\u015bci materia\u0142\u00f3w i komponent\u00f3w, posiada m.in mocniejszy silnik, wzmocnion\u0105 obudow\u0119 i konstrukcj\u0119.<\/b><\/li>\n<li>Kompresor olejowy jest niezast\u0105pionym urz\u0105dzeniem w domu, gara\u017cu, warsztacie.<\/li>\n<li>Powi\u0119kszono gniazda zaworowe w celu uzyskania szybszego przep\u0142ywu powietrza<\/li>\n<li>Podwy\u017cszono radiator g\u0142owicy<\/li>\n<li><b>Stopie\u0144 spr\u0119\u017cania pompy zwi\u0119kszono do 9 BAR<\/b><\/li>\n<li>Powi\u0119kszona \u015brednica turbiny ch\u0142odz\u0105cej<\/li>\n<li>smarowanie olejowe, rozbryzgowe<\/li>\n<li>3 pier\u015bcieniowy wzmocniony t\u0142ok<\/li>\n<li>Produkt dla majsterkowicz\u00f3w i profesjonalist\u00f3w, kt\u00f3ry doskonale &#8222;sprawdzi si\u0119&#8221; w ka\u017cdym gara\u017cu, warsztacie, gospodarstwie rolnym.<\/li>\n<li>Sprawdzi si\u0119 z wi\u0119kszo\u015bci\u0105 butli o pojemno\u015bciach 50 &#8211; 100L idealny do pompowania, czyszczenia, przedmuchiwania, malowania powierzchni oraz pracy z urz\u0105dzeniami pneumatycznymi.<\/li>\n<li><b>posiada czujnik termiczny na uzwojeniu silnika !<\/b><\/li>\n<\/ul>\n<p><b>Nowa, ulepszona konstrukcja ! Model na 2025r<\/b><\/p>\n<\/div>\n<div style=\"width: 99%;vertical-align: top;text-align: center\"><img decoding=\"async\" data-order=\"3\" style=\"width:100%;height:auto\" src=\"https:\/\/top-narzedzia.pl\/wp-content\/uploads\/2026\/04\/7580c3e9ec25c736f3de1fcf7ab827d9.jpg\" alt=\"\" title=\"\"><\/div>\n<\/div>\n<div>\n<div style=\"width: 100%;vertical-align: top;text-align: center\"><img decoding=\"async\" data-order=\"0\" style=\"width:100%;height:auto\" src=\"https:\/\/top-narzedzia.pl\/wp-content\/uploads\/2026\/04\/c05aff8e322337b9eff3f1ee779378ef.jpg\" alt=\"\" title=\"\"><\/div>\n<\/div>\n<div>\n<div style=\"width: 99%;vertical-align: top;text-align: center\"><img decoding=\"async\" data-order=\"7\" style=\"width:100%;height:auto\" src=\"https:\/\/top-narzedzia.pl\/wp-content\/uploads\/2026\/04\/1e6a18d93d59d3b6e688be1c1f6f9eb7.jpg\" alt=\"\" title=\"\"><\/div>\n<div style=\"width: 99%;vertical-align: top\">\n<p><b>NIEZAWODNA 2-T\u0141OKOWA POMPA<\/b><\/p>\n<ul>\n<li>t\u0142oki duraluminium<\/li>\n<li>3 pier\u015bcienie na ka\u017cdym t\u0142oku<\/li>\n<li>\u017celiwne cylindry<\/li>\n<li>stalowe p\u0142ytki zaworowe<\/li>\n<li>cicha praca i r\u00f3wna praca<\/li>\n<li>NOWY MODEL! zwi\u0119kszony skok t\u0142oka o ok 20% w por\u00f3wnaniu do poprzedniego modelu<\/li>\n<li>zwi\u0119kszona wydajno\u015b\u0107 z 400 do 430 L\/min !<\/li>\n<li>rozstaw otwor\u00f3w monta\u017cowych 12,5 i 10cm x 14cm<\/li>\n<\/ul>\n<\/div>\n<\/div>\n<div>\n<div style=\"width: 99%;vertical-align: top\">\n<p>Nap\u0119dzana przez wytrzyma\u0142y silnik 1-fazowy o mocy znamionowej 2,5kW:<\/p>\n<ul>\n<li><b>powi\u0119kszona turbina ch\u0142odz\u0105ca<\/b><\/li>\n<li><b>silnik indukcyjny &#8211; bezszczotkowy<\/b><\/li>\n<li><b>wzmocniony wa\u0142 nap\u0119dowy wielotrybowy!<\/b><\/li>\n<\/ul>\n<p>Du\u017ce gabaryty silnika s\u0105 potwierdzeniem jego mocy, uzwojenie silnika w ca\u0142o\u015bci nawini\u0119te miedzianym drutem co w po\u0142\u0105czeniu z bezpiecznikiem przeci\u0105\u017ceniowym czyni ten silnik efektywnym oraz niezawodnym elementem kompresora, kt\u00f3ry wp\u0142ywa na jako\u015b\u0107 oraz \u017cywotno\u015b\u0107 podczas pracy.<\/p>\n<\/div>\n<div style=\"width: 99%;vertical-align: top;text-align: center\"><img decoding=\"async\" data-order=\"6\" style=\"width:100%;height:auto\" src=\"https:\/\/top-narzedzia.pl\/wp-content\/uploads\/2026\/04\/25fed6a2d9c76ec520a54b9a33ae9519.jpg\" alt=\"\" title=\"\"><\/div>\n<\/div>\n<div>\n<div style=\"width: 99%;vertical-align: top\">\n<p><b>W\u0141A\u015aCIWO\u015aCI<\/b>:<\/p>\n<ul>\n<li>Zwi\u0119kszona moc silnika<\/li>\n<li>Grubsze uzwojenie silnika<\/li>\n<li>\u017beliwne cylindry<\/li>\n<li>Du\u017ca turbina ch\u0142odz\u0105ca &#8211; cichsza praca spr\u0119\u017carki<\/li>\n<li>Mocny 1-fazowy silnik z przewodem 220V<\/li>\n<\/ul>\n<p><b>DANE TECHNICZNE:<\/b><\/p>\n<ul>\n<li>wydajno\u015b\u0107 zasysania max: 430 L-min<\/li>\n<li>typ pompy: wolnoobrotowa<\/li>\n<li>obroty pompy: 1030 &#8211; 1230 r-min<\/li>\n<li>pojemno\u015b\u0107 miski olejowej: ok 0,7 Litr<\/li>\n<li>typ pompy: wolnoobrotowa<\/li>\n<li>ci\u015bnienie robocze: 8 bar \/ maksymalne 9bar<\/li>\n<li>max pob\u00f3r mocy silnika: 2500W<\/li>\n<li>zalecany zbiornik: 50 -100L<\/li>\n<li>zasilanie 220v \/ 50 Hz<\/li>\n<li>g\u0142o\u015bno\u015b\u0107: 97 dB<\/li>\n<li>waga: ok 22 kg<\/li>\n<li>uk\u0142ad t\u0142ok\u00f3w: V<\/li>\n<li>ilo\u015b\u0107 t\u0142ok\u00f3w: 2<\/li>\n<li>\u015brednica t\u0142ok\u00f3w: 47mm<\/li>\n<li>kabel zasilaj\u0105cy: TAK<\/li>\n<li>stosowany olej: spr\u0119\u017carkowy LD-100<\/li>\n<li>1 wymiana po 5 godzinach, nast\u0119pnie co 50 godzin<\/li>\n<li>smarowanie: rozbryzgowe<\/li>\n<li>cylindry: \u017celiwne<\/li>\n<li>prawid\u0142owy poziom oleju: zakryte 3\/4 szkie\u0142ka<\/li>\n<\/ul>\n<\/div>\n<div style=\"width: 99%;vertical-align: top;text-align: center\"><img decoding=\"async\" data-order=\"1\" style=\"width:100%;height:auto\" src=\"https:\/\/top-narzedzia.pl\/wp-content\/uploads\/2026\/04\/d14dc4b3e49684a0ce6486ef1a1a101f.jpg\" alt=\"\" title=\"\"><\/div>\n<\/div>\n<div>\n<div style=\"width: 99%;vertical-align: top;text-align: center\"><img decoding=\"async\" data-order=\"3\" style=\"width:100%;height:auto\" src=\"https:\/\/top-narzedzia.pl\/wp-content\/uploads\/2026\/04\/7580c3e9ec25c736f3de1fcf7ab827d9.jpg\" alt=\"\" title=\"\"><\/div>\n<div style=\"width: 99%;vertical-align: top\">\n<h2>Pompa wyposa\u017cona jest:<\/h2>\n<p><b>\u2714\u00a0 w\u00a0 \u017celiwny cylinder o zwi\u0119kszonym \u017cebrowaniu (znaczne lepsze odprowadzanie ciep\u0142a, istotny techniczny aspekt je\u015bli kompresor ma znale\u017a\u0107 zastosowanie w wymagaj\u0105cych i d\u0142ugotrwa\u0142ych czynno\u015bciach)<\/b><\/p>\n<p><b>\u2714 stalowe p\u0142ytki zaworowe<\/b><\/p>\n<p><b>\u2714 tr\u00f3jpier\u015bcieniowy t\u0142ok wykonany z duraluminium<\/b><\/p>\n<p><b>\u2714 \u017celiwny cylinder<\/b><\/p>\n<p><b>\u2714 du\u017ce gniazda zaworowe<\/b><\/p>\n<\/div>\n<\/div>\n<div>\n<div style=\"width: 99%;vertical-align: top\">\n<h2>Silnik wyposa\u017cony w bezpiecznik przeci\u0105\u017ceniowy !<\/h2>\n<p>W konstrukcji silnika zastosowano r\u00f3wnie\u017c nowoczesny system<b>\u00a0&#8222;dual cappacitor&#8221;<\/b>. Polega on na zastosowaniu\u00a0<b>2 kondensator\u00f3w<\/b>\u00a0&#8211; startowego i roboczego. Z chwil\u0105 uruchomienia silnika, zasilany on jest mocnym kondensatorem startowym,\u00a0kt\u00f3ry za pomoc\u0105 odwa\u017cnik\u00f3w od\u015brodkowych, zostaje automatycznie roz\u0142\u0105czony z chwil\u0105 osi\u0105gni\u0119cia pe\u0142nych obrot\u00f3w. Wtedy w\u00f3wczas za\u0142\u0105cza si\u0119 kondensator roboczy ,o mniejszej mocy, niepowoduj\u0105cy nadmiernego przegrzewania silnika. Ca\u0142a ta czynno\u015b\u0107 odbywa si\u0119 automatycznie wewn\u0105trz silnika, bez dodatkowych ingerencji u\u017cytkownika.<\/p>\n<\/div>\n<div style=\"width: 99%;vertical-align: top;text-align: center\"><img decoding=\"async\" data-order=\"10\" style=\"width:100%;height:auto\" src=\"https:\/\/top-narzedzia.pl\/wp-content\/uploads\/2026\/04\/8cb9c5f2d6381ebafc4477c414f2c592.jpg\" alt=\"\" title=\"\"><\/div>\n<\/div>\n<div>\n<div style=\"width: 99%;vertical-align: top;text-align: center\"><img decoding=\"async\" data-order=\"0\" style=\"width:100%;height:auto\" src=\"https:\/\/top-narzedzia.pl\/wp-content\/uploads\/2026\/04\/c05aff8e322337b9eff3f1ee779378ef.jpg\" alt=\"\" title=\"\"><\/div>\n<div style=\"width: 99%;vertical-align: top\">\n<p><b>SK\u0141AD ZESTAWU:<\/b><\/p>\n<ul>\n<li>Pompa CYKLON V2047 z SILNIKIEM 2,5kW 3KM<\/li>\n<li>2 x wysokiej jako\u015bci filtry powietrza plastikowe<\/li>\n<li>2 x wysokiej jako\u015bci filtry powietrza metalowe<\/li>\n<li>filtr oleju pompy<\/li>\n<li>PRZEW\u00d3D 1-FAZOWY zasilaj\u0105cy 220V<\/li>\n<li>Olej spr\u0119\u017carkowy LDAA<\/li>\n<li>Opakowanie &#8211; drewniana skrzynka<\/li>\n<\/ul>\n<\/div>\n<\/div>","protected":false},"excerpt":{"rendered":"<p>Kompresor olejowy (SILNIK 3KM + POMPA 2-T\u0141OKI V2047) polskiej marki CYKLON model C-V2047 Kompresor olejowy renomowanej marki pneumatycznej CYKLON o<\/p>","protected":false},"featured_media":10860,"template":"","meta":[],"product_brand":[],"product_cat":[100],"product_tag":[],"class_list":{"0":"post-10872","1":"product","2":"type-product","3":"status-publish","4":"has-post-thumbnail","6":"product_cat-pozostale","8":"first","9":"instock","10":"taxable","11":"shipping-taxable","12":"purchasable","13":"product-type-simple"},"_links":{"self":[{"href":"https:\/\/top-narzedzia.pl\/en\/wp-json\/wp\/v2\/product\/10872","targetHints":{"allow":["GET"]}}],"collection":[{"href":"https:\/\/top-narzedzia.pl\/en\/wp-json\/wp\/v2\/product"}],"about":[{"href":"https:\/\/top-narzedzia.pl\/en\/wp-json\/wp\/v2\/types\/product"}],"version-history":[{"count":1,"href":"https:\/\/top-narzedzia.pl\/en\/wp-json\/wp\/v2\/product\/10872\/revisions"}],"predecessor-version":[{"id":10873,"href":"https:\/\/top-narzedzia.pl\/en\/wp-json\/wp\/v2\/product\/10872\/revisions\/10873"}],"wp:featuredmedia":[{"embeddable":true,"href":"https:\/\/top-narzedzia.pl\/en\/wp-json\/wp\/v2\/media\/10860"}],"wp:attachment":[{"href":"https:\/\/top-narzedzia.pl\/en\/wp-json\/wp\/v2\/media?parent=10872"}],"wp:term":[{"taxonomy":"product_brand","embeddable":true,"href":"https:\/\/top-narzedzia.pl\/en\/wp-json\/wp\/v2\/product_brand?post=10872"},{"taxonomy":"product_cat","embeddable":true,"href":"https:\/\/top-narzedzia.pl\/en\/wp-json\/wp\/v2\/product_cat?post=10872"},{"taxonomy":"product_tag","embeddable":true,"href":"https:\/\/top-narzedzia.pl\/en\/wp-json\/wp\/v2\/product_tag?post=10872"}],"curies":[{"name":"wp","href":"https:\/\/api.w.org\/{rel}","templated":true}]}}