{"id":10885,"date":"2026-04-21T15:02:01","date_gmt":"2026-04-21T13:02:01","guid":{"rendered":"https:\/\/top-narzedzia.pl\/sklep\/bez-kategorii\/pompa-sprezarka-kompresor-olejowy-h-2065-olejowa-2tlokowa-550l-min-10bar\/"},"modified":"2026-04-21T15:02:08","modified_gmt":"2026-04-21T13:02:08","slug":"pompa-sprezarka-kompresor-olejowy-h-2065-olejowa-2tlokowa-550l-min-10bar","status":"publish","type":"product","link":"https:\/\/top-narzedzia.pl\/en\/sklep\/pozostale\/pompa-sprezarka-kompresor-olejowy-h-2065-olejowa-2tlokowa-550l-min-10bar\/","title":{"rendered":"POMPA SPR\u0118\u017bARKA KOMPRESOR OLEJOWY H-2065 OLEJOWA 2T\u0142okowa 550l\/min 10bar"},"content":{"rendered":"<div>\n<div style=\"width: 100%;vertical-align: top;text-align: center\"><img decoding=\"async\" data-order=\"10\" style=\"width:100%;height:auto\" src=\"https:\/\/top-narzedzia.pl\/wp-content\/uploads\/2026\/04\/9a3b823f0e0218c1969fd8e6a848319f.jpg\" alt=\"\" title=\"\"><\/div>\n<\/div>\n<div>\n<div style=\"width: 100%;vertical-align: top\">\n<h1>Spr\u0119\u017carka ITALY model 2065 z 2 t\u0142okami r\u00f3wnoleg\u0142ymi<\/h1>\n<\/div>\n<\/div>\n<div>\n<div style=\"width: 100%;vertical-align: top;text-align: center\"><img decoding=\"async\" data-order=\"0\" style=\"width:100%;height:auto\" src=\"https:\/\/top-narzedzia.pl\/wp-content\/uploads\/2026\/04\/81c38650a216cbf30dcc4a3d36923a81.jpg\" alt=\"\" title=\"\"><\/div>\n<\/div>\n<div>\n<div style=\"width: 100%;vertical-align: top\">\n<p>Pompy do spr\u0119\u017carek <b>CYKLON <\/b>s\u0105 efektem po\u0142\u0105czenia\u00a0<b>najnowszych technologii zastosowanych materia\u0142\u00f3w oraz przystepnej ceny. <\/b>Charakteryzuj\u0105 si\u0119\u00a0<b>niezwykle wysok\u0105 wydajno\u015bci\u0105<\/b>,\u00a0<b>niezawodno\u015bci\u0105<\/b>\u00a0i\u00a0<b>d\u0142ugim okresem eksploatacji<\/b>\u00a0dzi\u0119ki zastosowaniu\u00a0<b>materia\u0142\u00f3w wysokiej jako\u015bci<\/b>,<b>\u00a0komponent\u00f3w o niskim wsp\u00f3\u0142czynniku tarcia<\/b>\u00a0oraz wykorzystaniu osi\u0105gni\u0119\u0107 technicznych i technologicznych. Jako\u015b\u0107 pomp spr\u0119\u017carkowych KowaL osi\u0105gni\u0119ta zosta\u0142a tak\u017ce dzi\u0119ki\u00a0<b>\u015bcis\u0142ej kontroli na wszystkich etapach produkcji<\/b>\u00a0oraz dzi\u0119ki\u00a0<b>rygorystycznym pr\u00f3bom ko\u0144cowym<\/b>. Stosowane w pompach du\u017ce skrzynie korbowe, \u017celiwne cylindry oraz elementy blok\u00f3w wykonane z odlewu aluminiowego gwarantuj\u0105\u00a0<b>skuteczne rozpraszanie ciep\u0142a<\/b>.<\/p>\n<\/div>\n<\/div>\n<div>\n<div style=\"width: 99%;vertical-align: top;text-align: center\"><img decoding=\"async\" data-order=\"3\" style=\"width:100%;height:auto\" src=\"https:\/\/top-narzedzia.pl\/wp-content\/uploads\/2026\/04\/5d9b983683096e5079c21cd1443f6436.jpg\" alt=\"\" title=\"\"><\/div>\n<div style=\"width: 99%;vertical-align: top\">\n<h2>Dane Techniczne :<\/h2>\n<ul>\n<li>Wydajno\u015b\u0107 maksymalna :\u00a0<b>550l\/min<\/b><\/li>\n<li>Ci\u015bnienie :\u00a0<b>10 Bar<\/b><\/li>\n<li>Liczba t\u0142ok\u00f3w :\u00a0<b>2<\/b><\/li>\n<li>\u015arednica t\u0142ok\u00f3w :\u00a0<b>65mm<\/b><\/li>\n<li>Wymagana moc silnika:\u00a0<b>2,2 &#8211; 3 KW<\/b><\/li>\n<li>Obroty znamionowe pompy :\u00a0<b>1000 RPM<\/b><\/li>\n<li>Obroty maksymalne pompy :\u00a0<b>1300 RPM<\/b><\/li>\n<li>Zalecana pojemno\u015b\u0107 butli :\u00a0<b>100 &#8211; 300L<\/b><\/li>\n<\/ul>\n<h2>Wymiary :<\/h2>\n<ul>\n<li>\u015arednica ko\u0142a pasowego spr\u0119\u017carki :\u00a0<b>26cm<\/b><\/li>\n<li>\u015arednica ko\u0142a silnika przy 2800RPM :\u00a0<b>9,5 &#8211; 12,5cm<\/b><\/li>\n<li>\u015arednica ko\u0142a silnika przy 1400RPM :\u00a0<b>19 &#8211; 25cm<\/b><\/li>\n<li>Rozstaw \u015brub mocuj\u0105cych :\u00a0<b>13,5cm X 13cm<\/b><\/li>\n<li>Szeroko\u015b\u0107 wymaganego paska klinowego :\u00a0<b>13mm<\/b><\/li>\n<li>Gwint wylotu radiatora :\u00a0 \u00a0\u00a0 GW\u00a0<b>BSP 3\/4&#8243;<\/b>\u00a0\u00a0(~26mm)<\/li>\n<li>Gwint nypla wylotowego :\u00a0 GZ<b>\u00a0JIC-<\/b><b>UNF 3\/4&#8243;-16\u00a0<\/b>(~19mm)<\/li>\n<\/ul>\n<h2>Informacje eksploatacyjne :<\/h2>\n<ul>\n<li>Pojemno\u015b\u0107 miski olejowej :\u00a0<b>1 litr<\/b><\/li>\n<li>Pierwsza wymiana oleju po\u00a0<b>5 godzinach<\/b>, nast\u0119pnie co\u00a0<b>50 godzin<\/b><\/li>\n<li>Stosowany olej :\u00a0<b>Olej spr\u0119\u017carkowy LD-100 \/ LDAA<\/b><\/li>\n<li>Prawid\u0142owy poziom oleju :\u00a0<b>zakryta ca\u0142a czerwona kropka na wzierniku<\/b><\/li>\n<li>Kierunek obrot\u00f3w :\u00a0<b>Lewo, patrz\u0105c od strony ko\u0142a pasowego<\/b><\/li>\n<\/ul>\n<\/div>\n<\/div>\n<div>\n<div style=\"width: 99%;vertical-align: top\">\n<h2>Zestaw zawiera:<\/h2>\n<ul>\n<li>Pompa C-H2065<\/li>\n<li>Ko\u0142o pasowe 26cm<\/li>\n<li>Filtr powietrza<\/li>\n<li>Wk\u0142ad filtra powietrza<\/li>\n<li>\u015aruby do monta\u017cu filtra powietrza<\/li>\n<li>\u015aruba, oraz 2 podk\u0142adki do monta\u017cu ko\u0142a pasowego<\/li>\n<li>Odpowietrznik<\/li>\n<li>Za\u015blepka odpowietrznika do transportu<\/li>\n<li>Nypel wkr\u0119cany w wyj\u015bcie pompy z gwintem<\/li>\n<li>Olej<\/li>\n<li>Opakowanie &#8211; drewniana skrzynka<\/li>\n<\/ul>\n<\/div>\n<div style=\"width: 99%;vertical-align: top;text-align: center\"><img decoding=\"async\" data-order=\"6\" style=\"width:100%;height:auto\" src=\"https:\/\/top-narzedzia.pl\/wp-content\/uploads\/2026\/04\/b3ad93eada8a526d0103b40791c7c8e3.jpg\" alt=\"\" title=\"\"><\/div>\n<\/div>\n<div>\n<div style=\"width: 99%;vertical-align: top;text-align: center\"><img decoding=\"async\" data-order=\"7\" style=\"width:100%;height:auto\" src=\"https:\/\/top-narzedzia.pl\/wp-content\/uploads\/2026\/04\/c65d18a90d139d41631de7ac25ee278d.jpg\" alt=\"\" title=\"\"><\/div>\n<div style=\"width: 99%;vertical-align: top\">\n<h1>Podw\u00f3jne odpowietrzenie komory korbowej<\/h1>\n<p>Podw\u00f3jna filtracja odprowadzanego powietrza z wn\u0119trza spr\u0119\u017carki zapewnia lepsz\u0105 separacj\u0119 opar\u00f3w olejowych.<\/p>\n<\/div>\n<\/div>\n<div>\n<div style=\"width: 99%;vertical-align: top\">\n<h1>Wszystkie \u015bruby s\u0105 cynkowane galwanicznie<\/h1>\n<p>Ta metoda cynkowania zapewnia odporno\u015b\u0107 na korozj\u0119 do 25 lat<\/p>\n<\/div>\n<div style=\"width: 99%;vertical-align: top;text-align: center\"><img decoding=\"async\" data-order=\"8\" style=\"width:100%;height:auto\" src=\"https:\/\/top-narzedzia.pl\/wp-content\/uploads\/2026\/04\/e8fe021165a972acd64ee5bc72cbe058.jpg\" alt=\"\" title=\"\"><\/div>\n<\/div>\n<div>\n<div style=\"width: 99%;vertical-align: top;text-align: center\"><img decoding=\"async\" data-order=\"1\" style=\"width:100%;height:auto\" src=\"https:\/\/top-narzedzia.pl\/wp-content\/uploads\/2026\/04\/7b08fcf50b7d3d5f1105d826c693d60a.jpg\" alt=\"\" title=\"\"><\/div>\n<div style=\"width: 99%;vertical-align: top\">\n<h1>Du\u017cy radiator wylotowy<\/h1>\n<p>Zwi\u0119ksza sprawno\u015b\u0107 termiczn\u0105 spr\u0119\u017carki, sch\u0142adza powietrze jeszcze przed trafieniem do butli.<\/p>\n<p>Im zimniejsze powietrze trafia do butli, tym s\u0105 mniejsze straty na wskutek och\u0142adzania si\u0119 powietrza w zbiorniku \/ zmniejszania obj\u0119to\u015bci powietrza.<\/p>\n<p>Gwint w radiatorze : gwint wewn\u0119trzny\u00a0<b>BSP 3\/4&#8243; (~26mm)<\/b><\/p>\n<p>Gwiny nypla wylotowego : gwint zewn\u0119trzny\u00a0<b>JIC UNF 3\/4&#8243;-16 (~19mm)<\/b><\/p>\n<\/div>\n<\/div>\n<div>\n<div style=\"width: 99%;vertical-align: top\">\n<h2>Klasyczna, najprostsza i najwa\u017cniejsze niezawodna konstrukcja zawory atmosferyczne ze stali nierdzewnej<\/h2>\n<p>Zapomnij o wygniataj\u0105cych si\u0119 spr\u0119\u017cynach zaworowych, czy p\u0119kaj\u0105cych napr\u0119\u017conych blaszkach spr\u0119\u017cynuj\u0105cych<\/p>\n<p>Zawory w tym modelu s\u0105 otwierane i zamykane po prostu podmuchem przep\u0142ywaj\u0105cego powietrza i\u00a0<b>nie posiadaj\u0105 zu\u017cywaj\u0105cych si\u0119 z czasem element\u00f3w<\/b><\/p>\n<\/div>\n<div style=\"width: 99%;vertical-align: top;text-align: center\"><img decoding=\"async\" data-order=\"4\" style=\"width:100%;height:auto\" src=\"https:\/\/top-narzedzia.pl\/wp-content\/uploads\/2026\/04\/2fe26f1e15604c724dae5b57ceb8404e.jpg\" alt=\"\" title=\"\"><\/div>\n<\/div>\n<div>\n<div style=\"width: 99%;vertical-align: top;text-align: center\"><img decoding=\"async\" data-order=\"2\" style=\"width:100%;height:auto\" src=\"https:\/\/top-narzedzia.pl\/wp-content\/uploads\/2026\/04\/918cfe47bd95e2da730f94bfbd96b2e7.jpg\" alt=\"\" title=\"\"><\/div>\n<div style=\"width: 99%;vertical-align: top\">\n<h2>Cylindry wykonane z \u017celiwa szarego<\/h2>\n<p>\u017beliwo szare cechuje si\u0119 wysok\u0105 odporno\u015bci\u0105 na \u015bcieranie przy dobrych w\u0142asno\u015bciach t\u0142umi\u0105cych<\/p>\n<h2>Cylindry s\u0105 honowane<\/h2>\n<p>celem honowania jest &#8222;zchropowacenie&#8221; powierzchni g\u0142adzi, aby m\u00f3g\u0142 si\u0119 trzyma\u0107 na niej film olejowy &#8211; rysy musz\u0105 byc wzgl\u0119dem siebie pod odpowiednim k\u0105tem, aby utrzyma\u0107 olej na powierzchni<\/p>\n<\/div>\n<\/div>\n<div>\n<div style=\"width: 99%;vertical-align: top\">\n<h2>Du\u017cy wentylator ch\u0142odz\u0105cy<\/h2>\n<p>Jego atuty przydadz\u0105 si\u0119 przy intensywniejszych pracach tj. tynkowanie, czy d\u0142u\u017csze lakierowanie.<\/p>\n<p>Zwi\u0119ksza sprawno\u015b\u0107 termiczn\u0105 spr\u0119\u017carki przy bardziej wymagaj\u0105cych zadaniach, oraz dba o optymaln\u0105 temperatur\u0119 oleju i spr\u0119\u017carki.<\/p>\n<\/div>\n<div style=\"width: 99%;vertical-align: top;text-align: center\"><img decoding=\"async\" data-order=\"3\" style=\"width:100%;height:auto\" src=\"https:\/\/top-narzedzia.pl\/wp-content\/uploads\/2026\/04\/5d9b983683096e5079c21cd1443f6436.jpg\" alt=\"\" title=\"\"><\/div>\n<\/div>\n<div>\n<div style=\"width: 99%;vertical-align: top;text-align: center\"><img decoding=\"async\" data-order=\"1\" style=\"width:100%;height:auto\" src=\"https:\/\/top-narzedzia.pl\/wp-content\/uploads\/2026\/04\/7b08fcf50b7d3d5f1105d826c693d60a.jpg\" alt=\"\" title=\"\"><\/div>\n<div style=\"width: 99%;vertical-align: top;text-align: center\"><img decoding=\"async\" data-order=\"2\" style=\"width:100%;height:auto\" src=\"https:\/\/top-narzedzia.pl\/wp-content\/uploads\/2026\/04\/918cfe47bd95e2da730f94bfbd96b2e7.jpg\" alt=\"\" title=\"\"><\/div>\n<\/div>\n<div>\n<div style=\"width: 99%;vertical-align: top;text-align: center\"><img decoding=\"async\" data-order=\"8\" style=\"width:100%;height:auto\" src=\"https:\/\/top-narzedzia.pl\/wp-content\/uploads\/2026\/04\/e8fe021165a972acd64ee5bc72cbe058.jpg\" alt=\"\" title=\"\"><\/div>\n<div style=\"width: 99%;vertical-align: top;text-align: center\"><img decoding=\"async\" data-order=\"9\" style=\"width:100%;height:auto\" src=\"https:\/\/top-narzedzia.pl\/wp-content\/uploads\/2026\/04\/a4d52094858e47bf681b85d7ceda778e.jpg\" alt=\"\" title=\"\"><\/div>\n<\/div>\n<div>\n<div style=\"width: 99%;vertical-align: top;text-align: center\"><img decoding=\"async\" data-order=\"5\" style=\"width:100%;height:auto\" src=\"https:\/\/top-narzedzia.pl\/wp-content\/uploads\/2026\/04\/cc3991eb8590e923e02b896eeab01a15.jpg\" alt=\"\" title=\"\"><\/div>\n<div style=\"width: 99%;vertical-align: top;text-align: center\"><img decoding=\"async\" data-order=\"6\" style=\"width:100%;height:auto\" src=\"https:\/\/top-narzedzia.pl\/wp-content\/uploads\/2026\/04\/b3ad93eada8a526d0103b40791c7c8e3.jpg\" alt=\"\" title=\"\"><\/div>\n<\/div>","protected":false},"excerpt":{"rendered":"<p>Spr\u0119\u017carka ITALY model 2065 z 2 t\u0142okami r\u00f3wnoleg\u0142ymi Pompy do spr\u0119\u017carek CYKLON s\u0105 efektem po\u0142\u0105czenia\u00a0najnowszych technologii zastosowanych materia\u0142\u00f3w oraz przystepnej<\/p>","protected":false},"featured_media":10874,"template":"","meta":[],"product_brand":[],"product_cat":[100],"product_tag":[],"class_list":{"0":"post-10885","1":"product","2":"type-product","3":"status-publish","4":"has-post-thumbnail","6":"product_cat-pozostale","8":"first","9":"instock","10":"taxable","11":"shipping-taxable","12":"purchasable","13":"product-type-simple"},"_links":{"self":[{"href":"https:\/\/top-narzedzia.pl\/en\/wp-json\/wp\/v2\/product\/10885","targetHints":{"allow":["GET"]}}],"collection":[{"href":"https:\/\/top-narzedzia.pl\/en\/wp-json\/wp\/v2\/product"}],"about":[{"href":"https:\/\/top-narzedzia.pl\/en\/wp-json\/wp\/v2\/types\/product"}],"version-history":[{"count":1,"href":"https:\/\/top-narzedzia.pl\/en\/wp-json\/wp\/v2\/product\/10885\/revisions"}],"predecessor-version":[{"id":10886,"href":"https:\/\/top-narzedzia.pl\/en\/wp-json\/wp\/v2\/product\/10885\/revisions\/10886"}],"wp:featuredmedia":[{"embeddable":true,"href":"https:\/\/top-narzedzia.pl\/en\/wp-json\/wp\/v2\/media\/10874"}],"wp:attachment":[{"href":"https:\/\/top-narzedzia.pl\/en\/wp-json\/wp\/v2\/media?parent=10885"}],"wp:term":[{"taxonomy":"product_brand","embeddable":true,"href":"https:\/\/top-narzedzia.pl\/en\/wp-json\/wp\/v2\/product_brand?post=10885"},{"taxonomy":"product_cat","embeddable":true,"href":"https:\/\/top-narzedzia.pl\/en\/wp-json\/wp\/v2\/product_cat?post=10885"},{"taxonomy":"product_tag","embeddable":true,"href":"https:\/\/top-narzedzia.pl\/en\/wp-json\/wp\/v2\/product_tag?post=10885"}],"curies":[{"name":"wp","href":"https:\/\/api.w.org\/{rel}","templated":true}]}}