{"id":10895,"date":"2026-04-21T15:11:40","date_gmt":"2026-04-21T13:11:40","guid":{"rendered":"https:\/\/top-narzedzia.pl\/sklep\/bez-kategorii\/silnik-elektryczny-380v-3-fazowy-trojfazowy-trzyfazowy-6km-52kw-100-miedz\/"},"modified":"2026-04-27T19:38:38","modified_gmt":"2026-04-27T17:38:38","slug":"silnik-elektryczny-380v-3-fazowy-trojfazowy-trzyfazowy-6km-52kw-100-miedz","status":"publish","type":"product","link":"https:\/\/top-narzedzia.pl\/en\/sklep\/pozostale\/silnik-elektryczny-380v-3-fazowy-trojfazowy-trzyfazowy-6km-52kw-100-miedz\/","title":{"rendered":"SILNIK ELEKTRYCZNY 380V 3-FAZOWY TR\u00d3JFAZOWY TRZYFAZOWY 6KM 5,2kW 100% MIED\u0179"},"content":{"rendered":"<div>\n<div style=\"width: 100%;vertical-align: top;text-align: center\"><img decoding=\"async\" data-order=\"7\" style=\"width:100%;height:auto\" src=\"https:\/\/top-narzedzia.pl\/wp-content\/uploads\/2026\/04\/f81d1b42b2177e5ad9e727ffcda13657.jpg\" alt=\"\" title=\"\"><\/div>\n<\/div>\n<div>\n<div style=\"width: 99%;vertical-align: top\">\n<h2>Silniki elektryczne og\u00f3lnego przeznaczenia<\/h2>\n<h2>6kW \/ 5,2kW 400V 2850 obr\/min<\/h2>\n<p>Spe\u0142niaj\u0105 wszystkie standardowe wymagania u\u017cytkownik\u00f3w ko\u0144cowych oraz producent\u00f3w maszyn i urz\u0105dze\u0144. Solidna konstrukcja oraz zastosowane materia\u0142y gwarantuj\u0105 d\u0142ugoletni\u0105 i bezawaryjn\u0105 prac\u0119, maj\u0105cych swoje zastosowanie w przemy\u015ble, rolnictwie oraz w szeregu aplikacji stosowanych powszechnie w gospodarstwach domowych.<\/p>\n<p>Produkowane s\u0105 zgodnie z normami mi\u0119dzynarodowymi,\u00a0<b>posiadaj\u0105 certyfikaty CE<\/b>. W silnikach zastosowano izolacj\u0119 klasy F. Kad\u0142uby silnik\u00f3w, tarcze \u0142o\u017cyskowe oraz \u0142apy wykonane s\u0105 z odpornego na korozj\u0119 aluminium i \u017celiwa<\/p>\n<h2>Uzwojenie silnika wykonane na MIEDZI<\/h2>\n<\/div>\n<div style=\"width: 99%;vertical-align: top;text-align: center\"><img decoding=\"async\" data-order=\"3\" style=\"width:100%;height:auto\" src=\"https:\/\/top-narzedzia.pl\/wp-content\/uploads\/2026\/04\/3c547603307fc0c936abd2d8f73af2c8.jpg\" alt=\"\" title=\"\"><\/div>\n<\/div>\n<div>\n<div style=\"width: 99%;vertical-align: top;text-align: center\"><img decoding=\"async\" data-order=\"1\" style=\"width:100%;height:auto\" src=\"https:\/\/top-narzedzia.pl\/wp-content\/uploads\/2026\/04\/b68af624cccb38c4c58084142c1a7cf6.jpg\" alt=\"\" title=\"\"><\/div>\n<div style=\"width: 99%;vertical-align: top\">\n<h2>SILNIK ELEKTRYCZNY 3-FAZOWY 400V 2900RPM<\/h2>\n<h2>MOC MAKSYMALNA 6 kW<\/h2>\n<h2>MOC NOMINALNA (CI\u0104G\u0141A) 5,2 kW<\/h2>\n<h2>PODW\u00d3JNE KO\u0141O PASOWE W ZESTAWIE 85MM<\/h2>\n<h2>NA 2x PASEK 17MM<\/h2>\n<\/div>\n<\/div>\n<div>\n<div style=\"width: 99%;vertical-align: top\">\n<h2>SILNIK ELEKTRYCZNY TR\u00d3JFAZOWY 6 kW<\/h2>\n<p><b>PARAMETRY TECHNICZNE:<\/b><\/p>\n<h2>Typ AC 5,2kW\/400V\/2900 IE2<\/h2>\n<ul>\n<li><b>Moc<\/b>\u00a0<b>maksymalna<\/b> 6kW<\/li>\n<li><b>Moc znamionowa (ci\u0105g\u0142a) <\/b>5,2kW<\/li>\n<li><b>Obroty<\/b> 2900 obr\/min<\/li>\n<li><b>\u015arednica wa\u0142ka<\/b> 28 mm<\/li>\n<li><b>Mocowanie ko\u0142nierzowo-\u0142apowe B35<\/b><\/li>\n<li><b>Wielko\u015b\u0107 mechaniczna\u00a0<\/b>112<\/li>\n<li><b>Obudowa aluminium + \u017celiwo<\/b><\/li>\n<li><b>Uzwojenie <\/b>miedziane<\/li>\n<li><b>Napi\u0119cie<\/b>\u00a0400V<\/li>\n<li><b>Wymiary\u00a0 <\/b>D\u0142.41cm x Szer.21cm (z\u0142 \u0142apami 23cm) Wys. 30cm<\/li>\n<li><b>Rozstaw \u015brub monta\u017cowych<\/b>\u00a0 Szer. 19cm\u00a0 \u00a0D\u0142. 14cm<\/li>\n<\/ul>\n<\/div>\n<div style=\"width: 99%;vertical-align: top;text-align: center\"><img decoding=\"async\" data-order=\"4\" style=\"width:100%;height:auto\" src=\"https:\/\/top-narzedzia.pl\/wp-content\/uploads\/2026\/04\/e7befd60f7dc936c215153d7bac7c5f8.jpg\" alt=\"\" title=\"\"><\/div>\n<\/div>\n<div>\n<div style=\"width: 99%;vertical-align: top;text-align: center\"><img decoding=\"async\" data-order=\"2\" style=\"width:100%;height:auto\" src=\"https:\/\/top-narzedzia.pl\/wp-content\/uploads\/2026\/04\/d950f8f20685f0fbaa2957bcfba61989.jpg\" alt=\"\" title=\"\"><\/div>\n<div style=\"width: 99%;vertical-align: top\">\n<ul>\n<li>Obudowa silnika zosta\u0142a wykonana z niezwykle lekkiego ale tak\u017ce trwa\u0142ego aluminium, co w po\u0142\u0105czeniu z solidnym i mocnym wentylatorem znacz\u0105co poprawia odprowadzanie ciep\u0142a z uk\u0142adu do otoczenia.<\/li>\n<li>Metalowa, trwa\u0142a os\u0142ona wentylatora zapewnia skuteczn\u0105 i d\u0142ugotrwa\u0142\u0105 ochron\u0119 silnika.<\/li>\n<\/ul>\n<\/div>\n<\/div>\n<div>\n<div style=\"width: 99%;vertical-align: top\">\n<h2>Silnik umieszczany jest w drewnianej skrzyni z r\u0105czkami aby bezpiecznie m\u00f3g\u0142 zosta\u0107 transportowany do klienta bez ryzyka uszkodze\u0144 oraz odkszta\u0142ce\u0144 &#8211; co jest bardzo wa\u017cne.<\/h2>\n<\/div>\n<div style=\"width: 99%;vertical-align: top;text-align: center\"><img decoding=\"async\" data-order=\"6\" style=\"width:100%;height:auto\" src=\"https:\/\/top-narzedzia.pl\/wp-content\/uploads\/2026\/04\/f27c12a7f4449b541b657c452ecd0384.jpg\" alt=\"\" title=\"\"><\/div>\n<\/div>\n<div>\n<div style=\"width: 99%;vertical-align: top\">\n<p>Obudowa silnika zosta\u0142a wykonana z niezwykle lekkiego ale tak\u017ce trwa\u0142ego aluminium, co w po\u0142\u0105czeniu z solidnym i mocnym wentylatorem znacz\u0105co poprawia odprowadzanie ciep\u0142a z uk\u0142adu do otoczenia.<\/p>\n<p>Metalowa, trwa\u0142a os\u0142ona wentylatora zapewnia skuteczn\u0105 i d\u0142ugotrwa\u0142\u0105 ochron\u0119 silnika.<\/p>\n<p><b>Uzwojenie silnika wykonane na grubym najwy\u017cszej klasy drucie miedzianym dzi\u0119ki czemu silnik jest du\u017co mocniejszy od aluminiowych odpowiednik\u00f3w, ponadto si\u0119 nie przegrzewa i jego \u017cywotno\u015b\u0107 jest kilkukrotnie wy\u017csza.<\/b><\/p>\n<\/div>\n<div style=\"width: 99%;vertical-align: top;text-align: center\"><img decoding=\"async\" data-order=\"0\" style=\"width:100%;height:auto\" src=\"https:\/\/top-narzedzia.pl\/wp-content\/uploads\/2026\/04\/1562dc65326df694a178fb939334392f.jpg\" alt=\"\" title=\"\"><\/div>\n<\/div>\n<div>\n<div style=\"width: 99%;vertical-align: top;text-align: center\"><img decoding=\"async\" data-order=\"4\" style=\"width:100%;height:auto\" src=\"https:\/\/top-narzedzia.pl\/wp-content\/uploads\/2026\/04\/e7befd60f7dc936c215153d7bac7c5f8.jpg\" alt=\"\" title=\"\"><\/div>\n<div style=\"width: 99%;vertical-align: top\">\n<p><b>Dob\u00f3r ko\u0142a pasowego:<\/b><\/p>\n<p>Nale\u017cy dobra\u0107 ko\u0142o pasowe w oparciu o pr\u0119dko\u015b\u0107 obrotow\u0105 silnika i wymagan\u0105 pr\u0119dko\u015b\u0107 obrotow\u0105 spr\u0119\u017carki.<\/p>\n<p>U\u017cywany jest nast\u0119puj\u0105cy wz\u00f3r:<\/p>\n<p>Ds = (Dc \u00d7 RPMc) \/ RPMs<\/p>\n<p>gdzie:<\/p>\n<ul>\n<li>Ds &#8211; \u015brednica ko\u0142a pasowego na silniku<\/li>\n<li>Dc &#8211; \u015brednica ko\u0142a pasowego na spr\u0119\u017carce<\/li>\n<li>RPMc &#8211; pr\u0119dko\u015b\u0107 obrotowa spr\u0119\u017carki<\/li>\n<li>RPMs &#8211; pr\u0119dko\u015b\u0107 obrotowa silnika<\/li>\n<\/ul>\n<p><b>Przyk\u0142ad:<\/b><\/p>\n<p>Za\u0142\u00f3\u017cmy, \u017ce mamy spr\u0119\u017cark\u0119 z pr\u0119dko\u015bci\u0105 obrotow\u0105 900 RPM (obrot\u00f3w na minut\u0119) i ko\u0142em pasowym o \u015brednicy 250 mm. Silnik elektryczny ma pr\u0119dko\u015b\u0107 1800 RPM. Obliczamy \u015brednic\u0119 ko\u0142a pasowego dla silnika:<\/p>\n<p>Ds = (250 mm \u00d7 900 RPM) \/ 1800 RPM = 125 mm<\/p>\n<p>W tym przypadku odpowiednia \u015brednica ko\u0142a pasowego na silniku wynosi 125 mm.<\/p>\n<p>Pami\u0119taj, \u017ce warto\u015bci te s\u0105 przyk\u0142adowe, a w rzeczywisto\u015bci nale\u017cy dostosowa\u0107 je do specyfikacji konkretnego silnika i spr\u0119\u017carki.<\/p>\n<\/div>\n<\/div>\n<div>\n<div style=\"width: 99%;vertical-align: top;text-align: center\"><img decoding=\"async\" data-order=\"0\" style=\"width:100%;height:auto\" src=\"https:\/\/top-narzedzia.pl\/wp-content\/uploads\/2026\/04\/1562dc65326df694a178fb939334392f.jpg\" alt=\"\" title=\"\"><\/div>\n<div style=\"width: 99%;vertical-align: top;text-align: center\"><img decoding=\"async\" data-order=\"6\" style=\"width:100%;height:auto\" src=\"https:\/\/top-narzedzia.pl\/wp-content\/uploads\/2026\/04\/f27c12a7f4449b541b657c452ecd0384.jpg\" alt=\"\" title=\"\"><\/div>\n<\/div>\n<div>\n<div style=\"width: 99%;vertical-align: top;text-align: center\"><img decoding=\"async\" data-order=\"1\" style=\"width:100%;height:auto\" src=\"https:\/\/top-narzedzia.pl\/wp-content\/uploads\/2026\/04\/b68af624cccb38c4c58084142c1a7cf6.jpg\" alt=\"\" title=\"\"><\/div>\n<div style=\"width: 99%;vertical-align: top;text-align: center\"><img decoding=\"async\" data-order=\"3\" style=\"width:100%;height:auto\" src=\"https:\/\/top-narzedzia.pl\/wp-content\/uploads\/2026\/04\/3c547603307fc0c936abd2d8f73af2c8.jpg\" alt=\"\" title=\"\"><\/div>\n<\/div>\n<div>\n<div style=\"width: 99%;vertical-align: top;text-align: center\"><img decoding=\"async\" data-order=\"2\" style=\"width:100%;height:auto\" src=\"https:\/\/top-narzedzia.pl\/wp-content\/uploads\/2026\/04\/d950f8f20685f0fbaa2957bcfba61989.jpg\" alt=\"\" title=\"\"><\/div>\n<div style=\"width: 99%;vertical-align: top;text-align: center\"><img decoding=\"async\" data-order=\"5\" style=\"width:100%;height:auto\" src=\"https:\/\/top-narzedzia.pl\/wp-content\/uploads\/2026\/04\/19ab8395607b1d59af3ceffaa2bfaa69.jpg\" alt=\"\" title=\"\"><\/div>\n<\/div>","protected":false},"excerpt":{"rendered":"<p>Silniki elektryczne og\u00f3lnego przeznaczenia 6kW \/ 5,2kW 400V 2850 obr\/min Spe\u0142niaj\u0105 wszystkie standardowe wymagania u\u017cytkownik\u00f3w ko\u0144cowych oraz producent\u00f3w maszyn i<\/p>","protected":false},"featured_media":10887,"template":"","meta":[],"product_brand":[],"product_cat":[100],"product_tag":[],"class_list":{"0":"post-10895","1":"product","2":"type-product","3":"status-publish","4":"has-post-thumbnail","6":"product_cat-pozostale","8":"first","9":"instock","10":"taxable","11":"shipping-taxable","12":"purchasable","13":"product-type-simple"},"_links":{"self":[{"href":"https:\/\/top-narzedzia.pl\/en\/wp-json\/wp\/v2\/product\/10895","targetHints":{"allow":["GET"]}}],"collection":[{"href":"https:\/\/top-narzedzia.pl\/en\/wp-json\/wp\/v2\/product"}],"about":[{"href":"https:\/\/top-narzedzia.pl\/en\/wp-json\/wp\/v2\/types\/product"}],"version-history":[{"count":1,"href":"https:\/\/top-narzedzia.pl\/en\/wp-json\/wp\/v2\/product\/10895\/revisions"}],"predecessor-version":[{"id":10896,"href":"https:\/\/top-narzedzia.pl\/en\/wp-json\/wp\/v2\/product\/10895\/revisions\/10896"}],"wp:featuredmedia":[{"embeddable":true,"href":"https:\/\/top-narzedzia.pl\/en\/wp-json\/wp\/v2\/media\/10887"}],"wp:attachment":[{"href":"https:\/\/top-narzedzia.pl\/en\/wp-json\/wp\/v2\/media?parent=10895"}],"wp:term":[{"taxonomy":"product_brand","embeddable":true,"href":"https:\/\/top-narzedzia.pl\/en\/wp-json\/wp\/v2\/product_brand?post=10895"},{"taxonomy":"product_cat","embeddable":true,"href":"https:\/\/top-narzedzia.pl\/en\/wp-json\/wp\/v2\/product_cat?post=10895"},{"taxonomy":"product_tag","embeddable":true,"href":"https:\/\/top-narzedzia.pl\/en\/wp-json\/wp\/v2\/product_tag?post=10895"}],"curies":[{"name":"wp","href":"https:\/\/api.w.org\/{rel}","templated":true}]}}