{"id":10926,"date":"2026-04-21T15:21:32","date_gmt":"2026-04-21T13:21:32","guid":{"rendered":"https:\/\/top-narzedzia.pl\/sklep\/bez-kategorii\/kompresor-bezolejowy-pompa-z-silnikiem-750w-10bar-220l-min-s-cicha-66db\/"},"modified":"2026-04-23T12:23:40","modified_gmt":"2026-04-23T10:23:40","slug":"kompresor-bezolejowy-pompa-z-silnikiem-750w-10bar-220l-min-s-cicha-66db","status":"publish","type":"product","link":"https:\/\/top-narzedzia.pl\/en\/sklep\/pozostale\/kompresor-bezolejowy-pompa-z-silnikiem-750w-10bar-220l-min-s-cicha-66db\/","title":{"rendered":"KOMPRESOR BEZOLEJOWY POMPA Z SILNIKIEM 750W 10BAR 220L\/MIN S.CICHA 66db"},"content":{"rendered":"<div>\n<div style=\"width: 100%;vertical-align: top;text-align: center\"><img decoding=\"async\" data-order=\"15\" style=\"width:100%;height:auto\" src=\"https:\/\/top-narzedzia.pl\/wp-content\/uploads\/2026\/04\/7a81c61e91f8b7aadb7debea1f010280.jpg\" alt=\"\" title=\"\"><\/div>\n<\/div>\n<div>\n<div style=\"width: 99%;vertical-align: top\">\n<h2>POMPA BEZOLEJOWA 10BAR SUPER CICHA Z SILNIKIEM INDUKCYJNYM 750W<\/h2>\n<p><b>Nowoczesny silnik elektryczny zapobiegaj\u0105cy wibracjom urz\u0105dzenia\u00a0<\/b>&#8211; bezpo\u015brednio na wirniku umieszczone jest symetrycznie ko\u0142o mimo\u015brodowe z \u0142o\u017cyskami i korbowodem.<\/p>\n<p>W silniku zastosowano wytrzyma\u0142y zesp\u00f3\u0142\u00a0<b>t\u0142okowo-mebranowy<\/b>\u00a0z\u00a0<b>teflonowym pier\u015bcieniem<\/b>, dzi\u0119ki czemu urz\u0105dzenie jest\u00a0<b>ciche i wydajne<\/b>. <b>Ca\u0142o\u015b\u0107 idealnie wywa\u017cona i wyciszona &#8211; zaledwie 66db jedna z najcichszych pomp na rynku!<\/b><\/p>\n<h2>Sprawdzona technologia &#8211; doskona\u0142e rozwi\u0105zanie!<\/h2>\n<ul>\n<li><b>t\u0142oki wykonane z duraluminium<\/b><\/li>\n<li><b>korbowody z aluminium<\/b><\/li>\n<li><b>\u0142o\u017cyskowane po\u0142\u0105czenie korbowodu z wa\u0142em<\/b><\/li>\n<li><b>tuleja cylindra wykonana z metalu utwardzanego termicznie<\/b><\/li>\n<li><b>metalowa p\u0142yta zaworowa<\/b><\/li>\n<li><b>zawory zwrotne wykonane ze stali<\/b><\/li>\n<li><b>wydajne filtry powietrza<\/b><\/li>\n<\/ul>\n<\/div>\n<div style=\"width: 99%;vertical-align: top;text-align: center\"><img decoding=\"async\" data-order=\"1\" style=\"width:100%;height:auto\" src=\"https:\/\/top-narzedzia.pl\/wp-content\/uploads\/2026\/04\/0366b51795c485c7cb31af823c11a7ae.jpg\" alt=\"\" title=\"\"><\/div>\n<\/div>\n<div>\n<div style=\"width: 99%;vertical-align: top;text-align: center\"><img decoding=\"async\" data-order=\"5\" style=\"width:100%;height:auto\" src=\"https:\/\/top-narzedzia.pl\/wp-content\/uploads\/2026\/04\/b3a53725a2b047e06fa3d0e9745b4629.jpg\" alt=\"\" title=\"\"><\/div>\n<div style=\"width: 99%;vertical-align: top\">\n<h2>PRODUKT WYSOKIEJ JAKO\u015aCI ZGODNY Z NORMAMI CE UE<\/h2>\n<h2>Spr\u0119\u017carka spe\u0142nia normy ha\u0142asowe (zaledwie 66db) i jest rekomendowana do pracy w zamknietych pomieszczeniach<\/h2>\n<p><b>CICHA PRACA (66 dB)<\/b>\u00a0oraz du\u017ce mo\u017cliwo\u015bci &#8211;\u00a0\u00a0<b>MAKSYMALNY STOPIE\u0143 SPR\u0118\u017bANIA (a\u017c do 10bar) <\/b>gwarantuj\u0105 niezawodn\u0105 prac\u0119!<\/p>\n<\/div>\n<\/div>\n<div>\n<div style=\"width: 99%;vertical-align: top\">\n<p><b>ZALETY POMPY Z SILNIKIEM CYKLON C-OF750<\/b><\/p>\n<ul>\n<li><b>niezawodna praca\u00a0<\/b>&#8211; pompa wyposa\u017cony w filtry HEPA<\/li>\n<li><b>stabilny rozruch<\/b>\u00a0&#8211; wytrzyma\u0142y kondensator rozruchowy<\/li>\n<li><b>bardzo cichy\u00a0<\/b>&#8211; g\u0142o\u015bno\u015b\u0107 podczas pracy 66 dB<\/li>\n<li><b>bezolejowy<\/b>\u00a0&#8211;\u00a0 brak cz\u0105stek oleju w wytwarzanym spr\u0119\u017conym powietrzu<\/li>\n<li><b>czysta praca<\/b>\u00a0&#8211; kompresor idealnie sprawdzi si\u0119 do prac gdzie wymagane jest czyste powietrze<\/li>\n<li><b>wytrzyma\u0142y<\/b>\u00a0&#8211; dwut\u0142okowa pompa zbudowana z korbowodu, pier\u015bcienia teflonowego, cylindra i blaszki zaworowej, taka konstrukcja gwarantuje praktycznie bezobs\u0142ugow\u0105 prac\u0119 spr\u0119\u017carki.<\/li>\n<li><b>powi\u0119kszone \u017cebrowanie g\u0142owic<\/b>\u00a0&#8211; ciep\u0142o jest lepiej odprowadzane<\/li>\n<li><b>wzmocnione t\u0142oki i pier\u015bcienie t\u0142okowe<\/b>\u00a0 &#8211; o niskim wsp\u00f3\u0142czynniku tarcia wykonane z wysokiej jako\u015bci materia\u0142\u00f3w<\/li>\n<li><b>stabilno\u015b\u0107<\/b>\u00a0&#8211; nowoczesny silnik elektryczny zapobiegaj\u0105cy nadmiernym wibracjom urz\u0105dzenia &#8211; bezpo\u015brednio na wirniku umieszczone s\u0105 symetrycznie ko\u0142a mimo\u015brodowe z \u0142o\u017cyskami i korbowodem<\/li>\n<\/ul>\n<\/div>\n<div style=\"width: 99%;vertical-align: top;text-align: center\"><img decoding=\"async\" data-order=\"13\" style=\"width:100%;height:auto\" src=\"https:\/\/top-narzedzia.pl\/wp-content\/uploads\/2026\/04\/605fe5bc250ff2c143d38f5fb02f4692.jpg\" alt=\"\" title=\"\"><\/div>\n<\/div>\n<div>\n<div style=\"width: 99%;vertical-align: top;text-align: center\"><img decoding=\"async\" data-order=\"3\" style=\"width:100%;height:auto\" src=\"https:\/\/top-narzedzia.pl\/wp-content\/uploads\/2026\/04\/eb11f15995280941971c34f1ee6ed3d5.jpg\" alt=\"\" title=\"\"><\/div>\n<div style=\"width: 99%;vertical-align: top\">\n<p><b>DANE TECHNICZNE:<\/b><\/p>\n<ul>\n<li>Napi\u0119cie znamionowe:&nbsp;<b>230V\/50Hz<\/b><\/li>\n<li>Moc silnika:&nbsp;<b>750W (1 KM)<\/b><\/li>\n<li>T\u0142oki:&nbsp;<b>2<\/b><\/li>\n<li>\u015arednica t\u0142oka:&nbsp;<b>60,5 mm<\/b><\/li>\n<li>Rodzaj ochrony:&nbsp;<b>IP 20<\/b><\/li>\n<li>Ci\u015bnienie robocze max.: <b>10&nbsp;bar<\/b><\/li>\n<li>Zalecana pojemno\u015b\u0107 zbiornika przy jednym silniku do 50 Litr\u00f3w<\/li>\n<li>Wydajno\u015b\u0107 powietrza na wej\u015bciu:&nbsp;<b>220 L\/min<\/b><\/li>\n<li>Wydajno\u015b\u0107 powietrza na wyj\u015bciu:&nbsp;<b>150 L\/min<\/b><\/li>\n<li>G\u0142o\u015bno\u015b\u0107:&nbsp;<b>66 dB<\/b><\/li>\n<li>Rozstaw \u015brub monta\u017cowych <b>9 x 22cm<\/b><\/li>\n<\/ul>\n<p><b>POD\u0141\u0104CZENIE SILNIKA:<\/b><\/p>\n<ul>\n<li>Przewody czerwone \u0142\u0105czymy z kondensatorem<\/li>\n<li>Przewody czarne to zasilanie tj. faza \/ zero<\/li>\n<\/ul>\n<\/div>\n<\/div>\n<div>\n<div style=\"width: 99%;vertical-align: top\">\n<h2>Zestaw zawiera<\/h2>\n<ul>\n<li>Silnik 750W zespolony z pomp\u0105 bezolejow\u0105<\/li>\n<li>4 sztuki wibroizolator\u00f3w<\/li>\n<li>filtr powietrza<\/li>\n<li>kondensator rozruchowy<\/li>\n<li>kolanko<\/li>\n<li>zatyczka<\/li>\n<\/ul>\n<\/div>\n<div style=\"width: 99%;vertical-align: top;text-align: center\"><img decoding=\"async\" data-order=\"0\" style=\"width:100%;height:auto\" src=\"https:\/\/top-narzedzia.pl\/wp-content\/uploads\/2026\/04\/46101e7ec9e4e7e897b5b5757ae788a4.jpg\" alt=\"\" title=\"\"><\/div>\n<\/div>\n<div>\n<div style=\"width: 99%;vertical-align: top;text-align: center\"><img decoding=\"async\" data-order=\"7\" style=\"width:100%;height:auto\" src=\"https:\/\/top-narzedzia.pl\/wp-content\/uploads\/2026\/04\/e9859160e9bd35a2684007fb330059bc.jpg\" alt=\"\" title=\"\"><\/div>\n<div style=\"width: 99%;vertical-align: top;text-align: center\"><img decoding=\"async\" data-order=\"4\" style=\"width:100%;height:auto\" src=\"https:\/\/top-narzedzia.pl\/wp-content\/uploads\/2026\/04\/451549cb5ef910feed08727424971954.jpg\" alt=\"\" title=\"\"><\/div>\n<\/div>\n<div>\n<div style=\"width: 99%;vertical-align: top;text-align: center\"><img decoding=\"async\" data-order=\"13\" style=\"width:100%;height:auto\" src=\"https:\/\/top-narzedzia.pl\/wp-content\/uploads\/2026\/04\/605fe5bc250ff2c143d38f5fb02f4692.jpg\" alt=\"\" title=\"\"><\/div>\n<div style=\"width: 99%;vertical-align: top;text-align: center\"><img decoding=\"async\" data-order=\"6\" style=\"width:100%;height:auto\" src=\"https:\/\/top-narzedzia.pl\/wp-content\/uploads\/2026\/04\/727bf834b3fde3f8c04b924cb2cbfb35.jpg\" alt=\"\" title=\"\"><\/div>\n<\/div>","protected":false},"excerpt":{"rendered":"<p>POMPA BEZOLEJOWA 10BAR SUPER CICHA Z SILNIKIEM INDUKCYJNYM 750W Nowoczesny silnik elektryczny zapobiegaj\u0105cy wibracjom urz\u0105dzenia\u00a0&#8211; bezpo\u015brednio na wirniku umieszczone jest<\/p>","protected":false},"featured_media":10910,"template":"","meta":[],"product_brand":[],"product_cat":[100],"product_tag":[],"class_list":{"0":"post-10926","1":"product","2":"type-product","3":"status-publish","4":"has-post-thumbnail","6":"product_cat-pozostale","8":"first","9":"instock","10":"taxable","11":"shipping-taxable","12":"purchasable","13":"product-type-simple"},"_links":{"self":[{"href":"https:\/\/top-narzedzia.pl\/en\/wp-json\/wp\/v2\/product\/10926","targetHints":{"allow":["GET"]}}],"collection":[{"href":"https:\/\/top-narzedzia.pl\/en\/wp-json\/wp\/v2\/product"}],"about":[{"href":"https:\/\/top-narzedzia.pl\/en\/wp-json\/wp\/v2\/types\/product"}],"version-history":[{"count":1,"href":"https:\/\/top-narzedzia.pl\/en\/wp-json\/wp\/v2\/product\/10926\/revisions"}],"predecessor-version":[{"id":10927,"href":"https:\/\/top-narzedzia.pl\/en\/wp-json\/wp\/v2\/product\/10926\/revisions\/10927"}],"wp:featuredmedia":[{"embeddable":true,"href":"https:\/\/top-narzedzia.pl\/en\/wp-json\/wp\/v2\/media\/10910"}],"wp:attachment":[{"href":"https:\/\/top-narzedzia.pl\/en\/wp-json\/wp\/v2\/media?parent=10926"}],"wp:term":[{"taxonomy":"product_brand","embeddable":true,"href":"https:\/\/top-narzedzia.pl\/en\/wp-json\/wp\/v2\/product_brand?post=10926"},{"taxonomy":"product_cat","embeddable":true,"href":"https:\/\/top-narzedzia.pl\/en\/wp-json\/wp\/v2\/product_cat?post=10926"},{"taxonomy":"product_tag","embeddable":true,"href":"https:\/\/top-narzedzia.pl\/en\/wp-json\/wp\/v2\/product_tag?post=10926"}],"curies":[{"name":"wp","href":"https:\/\/api.w.org\/{rel}","templated":true}]}}