{"id":10934,"date":"2026-04-21T15:21:48","date_gmt":"2026-04-21T13:21:48","guid":{"rendered":"https:\/\/top-narzedzia.pl\/sklep\/bez-kategorii\/filtr-powietrza-wlotowy-do-sprezarki-kompresora-1-cal-33x15-plastikowy\/"},"modified":"2026-04-28T16:13:38","modified_gmt":"2026-04-28T14:13:38","slug":"filtr-powietrza-wlotowy-do-sprezarki-kompresora-1-cal-33x15-plastikowy","status":"publish","type":"product","link":"https:\/\/top-narzedzia.pl\/en\/sklep\/pozostale\/filtr-powietrza-wlotowy-do-sprezarki-kompresora-1-cal-33x15-plastikowy\/","title":{"rendered":"FILTR POWIETRZA WLOTOWY DO SPR\u0118\u017bARKI KOMPRESORA 1&#8243; CAL (33&#215;1,5) PLASTIKOWY"},"content":{"rendered":"<div>\n<div style=\"width: 99%;vertical-align: top;text-align: center\"><img decoding=\"async\" data-order=\"5\" style=\"width:100%;height:auto\" src=\"https:\/\/top-narzedzia.pl\/wp-content\/uploads\/2026\/04\/3a455273ce3c5c725f25bbfa0293a71e.jpg\" alt=\"\" title=\"\"><\/div>\n<div style=\"width: 99%;vertical-align: top\">\n<h2>FILTR POWIETRZA DO KOMPRESORA 1&#8243; CAL 32mm<\/h2>\n<p>Plastikowy filtr powietrza do kompresora &#8211; 1 cal (32&#215;1,5)<\/p>\n<p>Pasuje do du\u017cych spr\u0119\u017carek V2090 V3090 V2100 V3100<\/p>\n<\/div>\n<\/div>\n<div>\n<div style=\"width: 100%;vertical-align: top\">\n<p>Nasz filtr jest doskona\u0142ym rozwi\u0105zaniem dla wi\u0119kszo\u015bci kompresor\u00f3w.<\/p>\n<h2>DANE TECHNICZNE<\/h2>\n<ul>\n<li>gwint: <b>1&#8243; cal<\/b><\/li>\n<li>obudowa:\u00a0<b>plastikowa<\/b><\/li>\n<\/ul>\n<h2>G\u0142\u00f3wne cechy produktu:<\/h2>\n<p>\u2b50\ufe0f\u00a0<b>Doskona\u0142a Kompatybilno\u015b\u0107<\/b>: Nasz filtr powietrza zosta\u0142 specjalnie zaprojektowany. Dzi\u0119ki temu masz pewno\u015b\u0107, \u017ce b\u0119dzie on idealnie wsp\u00f3\u0142pracowa\u0107 z Twoim urz\u0105dzeniem.<\/p>\n<p>\u2b50\ufe0f\u00a0<b>\u0141atwa Instalacja<\/b>: Filtr jest wyposa\u017cony w standardowy gwint 1&#8243; cal, co u\u0142atwia jego monta\u017c. Bezproblemowo zamocujesz go na swoim kompresorze, bez konieczno\u015bci korzystania z dodatkowych narz\u0119dzi.<\/p>\n<p>Dzi\u0119ki naszemu Filtrowi Powietrza do Kompresor\u00f3w, b\u0119dziesz m\u00f3g\u0142 cieszy\u0107 si\u0119 czystym i wolnym od zanieczyszcze\u0144 powietrzem podczas pracy. Wybierz jako\u015b\u0107 i kompatybilno\u015b\u0107 &#8211; wybierz nasz filtr powietrza.<\/p>\n<\/div>\n<\/div>\n<div>\n<div style=\"width: 100%;vertical-align: top;text-align: center\"><img decoding=\"async\" data-order=\"5\" style=\"width:100%;height:auto\" src=\"https:\/\/top-narzedzia.pl\/wp-content\/uploads\/2026\/04\/3a455273ce3c5c725f25bbfa0293a71e.jpg\" alt=\"\" title=\"\"><\/div>\n<\/div>","protected":false},"excerpt":{"rendered":"<p>FILTR POWIETRZA DO KOMPRESORA 1&#8243; CAL 32mm Plastikowy filtr powietrza do kompresora &#8211; 1 cal (32&#215;1,5) Pasuje do du\u017cych spr\u0119\u017carek<\/p>","protected":false},"featured_media":10928,"template":"","meta":[],"product_brand":[],"product_cat":[100],"product_tag":[],"class_list":{"0":"post-10934","1":"product","2":"type-product","3":"status-publish","4":"has-post-thumbnail","6":"product_cat-pozostale","8":"first","9":"instock","10":"taxable","11":"shipping-taxable","12":"purchasable","13":"product-type-simple"},"_links":{"self":[{"href":"https:\/\/top-narzedzia.pl\/en\/wp-json\/wp\/v2\/product\/10934","targetHints":{"allow":["GET"]}}],"collection":[{"href":"https:\/\/top-narzedzia.pl\/en\/wp-json\/wp\/v2\/product"}],"about":[{"href":"https:\/\/top-narzedzia.pl\/en\/wp-json\/wp\/v2\/types\/product"}],"version-history":[{"count":1,"href":"https:\/\/top-narzedzia.pl\/en\/wp-json\/wp\/v2\/product\/10934\/revisions"}],"predecessor-version":[{"id":10935,"href":"https:\/\/top-narzedzia.pl\/en\/wp-json\/wp\/v2\/product\/10934\/revisions\/10935"}],"wp:featuredmedia":[{"embeddable":true,"href":"https:\/\/top-narzedzia.pl\/en\/wp-json\/wp\/v2\/media\/10928"}],"wp:attachment":[{"href":"https:\/\/top-narzedzia.pl\/en\/wp-json\/wp\/v2\/media?parent=10934"}],"wp:term":[{"taxonomy":"product_brand","embeddable":true,"href":"https:\/\/top-narzedzia.pl\/en\/wp-json\/wp\/v2\/product_brand?post=10934"},{"taxonomy":"product_cat","embeddable":true,"href":"https:\/\/top-narzedzia.pl\/en\/wp-json\/wp\/v2\/product_cat?post=10934"},{"taxonomy":"product_tag","embeddable":true,"href":"https:\/\/top-narzedzia.pl\/en\/wp-json\/wp\/v2\/product_tag?post=10934"}],"curies":[{"name":"wp","href":"https:\/\/api.w.org\/{rel}","templated":true}]}}