{"id":10961,"date":"2026-04-21T15:31:30","date_gmt":"2026-04-21T13:31:30","guid":{"rendered":"https:\/\/top-narzedzia.pl\/sklep\/bez-kategorii\/silnik-elektryczny-1-fazowy-jednofazowy-3km-2850r-230v-indukcyjny-z-kolem\/"},"modified":"2026-04-22T12:02:38","modified_gmt":"2026-04-22T10:02:38","slug":"silnik-elektryczny-1-fazowy-jednofazowy-3km-2850r-230v-indukcyjny-z-kolem","status":"publish","type":"product","link":"https:\/\/top-narzedzia.pl\/en\/sklep\/pozostale\/silnik-elektryczny-1-fazowy-jednofazowy-3km-2850r-230v-indukcyjny-z-kolem\/","title":{"rendered":"SILNIK ELEKTRYCZNY 1-FAZOWY JEDNOFAZOWY 3KM 2850r 230V INDUKCYJNY Z KO\u0141EM"},"content":{"rendered":"<div>\n<div style=\"width: 100%;vertical-align: top;text-align: center\"><img decoding=\"async\" data-order=\"7\" style=\"width:100%;height:auto\" src=\"https:\/\/top-narzedzia.pl\/wp-content\/uploads\/2026\/04\/694eef5b82061cfe14013bd1c93a15cc.jpg\" alt=\"\" title=\"\"><\/div>\n<\/div>\n<div>\n<div style=\"width: 99%;vertical-align: top\">\n<h2>Oryginalny silnik indukcyjny marki CYKLON<\/h2>\n<h2>3KM\u00a0 2,8\/2,5kW 2850 r-min\u00a0 \u00a0230 v<\/h2>\n<ul>\n<li>Nowa, ulepszona konstrukcja !<\/li>\n<li>PRAWDZIWA MOC<\/li>\n<li>mo\u017cliwo\u015b\u0107 zmiany kierunku obrotu prawo \/ lewo<\/li>\n<li>zamontowany bezpiecznik nadpr\u0105dowy 18 A<\/li>\n<li>powi\u0119kszona \u015brednica turbiny ch\u0142odz\u0105cej<\/li>\n<li>system dual cappacitor ( 2 kondensatory )<\/li>\n<li><b>produkt certyfikowany<\/b><\/li>\n<\/ul>\n<h2>Idealny do zasilania kompresor\u00f3w, spr\u0119\u017carek, heblarek, rozdrabniaczy, wibrator\u00f3w itp.<\/h2>\n<\/div>\n<div style=\"width: 99%;vertical-align: top;text-align: center\"><img decoding=\"async\" data-order=\"1\" style=\"width:100%;height:auto\" src=\"https:\/\/top-narzedzia.pl\/wp-content\/uploads\/2026\/04\/504b95a3bdf6f256f6a175c12a9313cb.jpg\" alt=\"\" title=\"\"><\/div>\n<\/div>\n<div>\n<div style=\"width: 99%;vertical-align: top;text-align: center\"><img decoding=\"async\" data-order=\"0\" style=\"width:100%;height:auto\" src=\"https:\/\/top-narzedzia.pl\/wp-content\/uploads\/2026\/04\/f5e9e65b3a6bf3a6bb7464f250d4029a.jpg\" alt=\"\" title=\"\"><\/div>\n<div style=\"width: 99%;vertical-align: top\">\n<h1>Dane techniczne:<\/h1>\n<ul>\n<li>moc maksymalna: <b>2,8kW<\/b><\/li>\n<li>moc ci\u0105g\u0142a: <b>2,5kW (2500 watt)<\/b><\/li>\n<li>obroty:\u00a0<b>2850 r\/min<\/b><\/li>\n<li>zasilanie\u00a0<b>230v \/ 50 Hz<\/b><\/li>\n<li>typ silnika:\u00a0<b>jednofazowy, indukcyjny<\/b><\/li>\n<li>\u015brednica o\u015bki:\u00a0<b>24 mm<\/b><\/li>\n<li>rozstaw \u015brub mocuj\u0105cych: <b>12,5 x 14 cm<\/b><\/li>\n<li>max. nat\u0119\u017cenie pr\u0105du: <b>18 A<\/b><\/li>\n<li>ch\u0142odzony powietrzem<\/li>\n<li>cykl pracy:\u00a0<b>S2-15<\/b><\/li>\n<li>waga brutto: ok<b> 18 kg<\/b><\/li>\n<li>temperatura pracy:<b>\u00a00-40 stopni C<\/b><\/li>\n<li>IP 44 class B<\/li>\n<li>system dual cappacitor: <b>rozruch \/ praca<\/b><\/li>\n<\/ul>\n<h1>Wymiary silnika:<\/h1>\n<ul>\n<li>d\u0142ugo\u015b\u0107 ca\u0142kowita:\u00a0<b>35 cm<\/b><\/li>\n<li>d\u0142ugo\u015b\u0107 bez osi wa\u0142u:<b> 29,5 cm<\/b><\/li>\n<li>szeroko\u015b\u0107:\u00a0<b>18 cm<\/b><\/li>\n<li>wysoko\u015b\u0107:<b>\u00a024 cm<\/b><\/li>\n<li>wysoko\u015b\u0107 od podstawy do osi wa\u0142u:\u00a0<b>9 cm<\/b><\/li>\n<\/ul>\n<\/div>\n<\/div>\n<div>\n<div style=\"width: 99%;vertical-align: top\">\n<h2>Ka\u017cdy silnik wyposa\u017cony w bezpiecznik przeci\u0105\u017ceniowy !<\/h2>\n<p>W konstrukcji silnika zastosowano r\u00f3wnie\u017c nowoczesny system<b>\u00a0&#8222;dual cappacitor&#8221;<\/b>. Polega on na zastosowaniu\u00a0<b>2 kondensator\u00f3w<\/b>\u00a0&#8211; startowego i roboczego. Z chwil\u0105 uruchomienia silnika, zasilany on jest mocnym kondensatorem startowym,\u00a0kt\u00f3ry za pomoc\u0105 odwa\u017cnik\u00f3w od\u015brodkowych, zostaje automatycznie roz\u0142\u0105czony z chwil\u0105 osi\u0105gni\u0119cia pe\u0142nych obrot\u00f3w. Wtedy w\u00f3wczas za\u0142\u0105cza si\u0119 kondensator roboczy ,o mniejszej mocy, niepowoduj\u0105cy nadmiernego przegrzewania silnika. Ca\u0142a ta czynno\u015b\u0107 odbywa si\u0119 automatycznie wewn\u0105trz silnika, bez dodatkowych ingerencji u\u017cytkownika.<\/p>\n<\/div>\n<div style=\"width: 99%;vertical-align: top;text-align: center\"><img decoding=\"async\" data-order=\"4\" style=\"width:100%;height:auto\" src=\"https:\/\/top-narzedzia.pl\/wp-content\/uploads\/2026\/04\/1fee19b93462b59273ad101f49e44119.jpg\" alt=\"\" title=\"\"><\/div>\n<\/div>\n<div>\n<div style=\"width: 99%;vertical-align: top;text-align: center\"><img decoding=\"async\" data-order=\"1\" style=\"width:100%;height:auto\" src=\"https:\/\/top-narzedzia.pl\/wp-content\/uploads\/2026\/04\/504b95a3bdf6f256f6a175c12a9313cb.jpg\" alt=\"\" title=\"\"><\/div>\n<div style=\"width: 99%;vertical-align: top\">\n<h1>\u015brednica wa\u0142u 24 mm<\/h1>\n<h1>stosowany pasek: klinowy 13 mm<\/h1>\n<\/div>\n<\/div>\n<div>\n<div style=\"width: 100%;vertical-align: top\">\n<h1>Rozstaw \u015brub mocuj\u0105cych (mierzone od osi otwor\u00f3w): 12,5 cm x 14 cm<\/h1>\n<\/div>\n<\/div>\n<div>\n<div style=\"width: 99%;vertical-align: top\">\n<h2>W naszym silniku jest mo\u017cliwo\u015b\u0107 zmiany kierunku obrotu !<\/h2>\n<h2>Wystarczy prze\u0142o\u017cy\u0107 jedynie 2 blaszki mostkuj\u0105ce.<\/h2>\n<h2>Spos\u00f3b opisany na tabliczce znamionowej silnika.<\/h2>\n<h2>Pionowy uk\u0142ad blaszek to kierunek pracy w Lewo<\/h2>\n<\/div>\n<div style=\"width: 99%;vertical-align: top;text-align: center\"><img decoding=\"async\" data-order=\"3\" style=\"width:100%;height:auto\" src=\"https:\/\/top-narzedzia.pl\/wp-content\/uploads\/2026\/04\/c63695437d2b7b723b0ded96c887d066.jpg\" alt=\"\" title=\"\"><\/div>\n<\/div>\n<div>\n<div style=\"width: 100%;vertical-align: top\">\n<h2>Poziomy uk\u0142ad blaszek to kierunek pracy w Prawo<\/h2>\n<h2>Spos\u00f3b pod\u0142\u0105czenia zasilania:<\/h2>\n<ul>\n<li>Kabel niebieski, zasilaj\u0105cy pod\u0142\u0105czamy do wsuwki bezpiecznika (od bezpiecznika idzie czarny kabel do mostka)<\/li>\n<li>Kabel br\u0105zowy, zasilaj\u0105cy pod\u0142\u0105czamy do drugiej &#8222;wolnej&#8221; blaszki mostkuj\u0105cej ( czyli do mostka , gdzie nie jest pod\u0142\u0105czony czarny kabel bezpiecznika)<\/li>\n<li>kabel ochronny pod\u0142\u0105czamy do korpusu silnika w miejsce czerwonej blaszki informuj\u0105cej o uziemieniu<\/li>\n<\/ul>\n<\/div>\n<\/div>\n<div>\n<div style=\"width: 99%;vertical-align: top;text-align: center\"><img decoding=\"async\" data-order=\"6\" style=\"width:100%;height:auto\" src=\"https:\/\/top-narzedzia.pl\/wp-content\/uploads\/2026\/04\/c711bfb615c38359f41b82749e79dfa6.jpg\" alt=\"\" title=\"\"><\/div>\n<div style=\"width: 99%;vertical-align: top\">\n<h2>Produkt wysy\u0142any w drewnianej dedykowanej skrzynce &#8211; pewno\u015b\u0107 \u017ce produkt dojedzie do Ciebie w stanie nienaruszonym!<\/h2>\n<\/div>\n<\/div>\n<div>\n<div style=\"width: 99%;vertical-align: top;text-align: center\"><img decoding=\"async\" data-order=\"1\" style=\"width:100%;height:auto\" src=\"https:\/\/top-narzedzia.pl\/wp-content\/uploads\/2026\/04\/504b95a3bdf6f256f6a175c12a9313cb.jpg\" alt=\"\" title=\"\"><\/div>\n<div style=\"width: 99%;vertical-align: top;text-align: center\"><img decoding=\"async\" data-order=\"2\" style=\"width:100%;height:auto\" src=\"https:\/\/top-narzedzia.pl\/wp-content\/uploads\/2026\/04\/1d391f903dc9e4d27174a132be019749.jpg\" alt=\"\" title=\"\"><\/div>\n<\/div>\n<div>\n<div style=\"width: 99%;vertical-align: top;text-align: center\"><img decoding=\"async\" data-order=\"0\" style=\"width:100%;height:auto\" src=\"https:\/\/top-narzedzia.pl\/wp-content\/uploads\/2026\/04\/f5e9e65b3a6bf3a6bb7464f250d4029a.jpg\" alt=\"\" title=\"\"><\/div>\n<div style=\"width: 99%;vertical-align: top;text-align: center\"><img decoding=\"async\" data-order=\"6\" style=\"width:100%;height:auto\" src=\"https:\/\/top-narzedzia.pl\/wp-content\/uploads\/2026\/04\/c711bfb615c38359f41b82749e79dfa6.jpg\" alt=\"\" title=\"\"><\/div>\n<\/div>","protected":false},"excerpt":{"rendered":"<p>Oryginalny silnik indukcyjny marki CYKLON 3KM\u00a0 2,8\/2,5kW 2850 r-min\u00a0 \u00a0230 v Nowa, ulepszona konstrukcja ! PRAWDZIWA MOC mo\u017cliwo\u015b\u0107 zmiany kierunku<\/p>","protected":false},"featured_media":10953,"template":"","meta":[],"product_brand":[],"product_cat":[100],"product_tag":[],"class_list":{"0":"post-10961","1":"product","2":"type-product","3":"status-publish","4":"has-post-thumbnail","6":"product_cat-pozostale","8":"first","9":"instock","10":"taxable","11":"shipping-taxable","12":"purchasable","13":"product-type-simple"},"_links":{"self":[{"href":"https:\/\/top-narzedzia.pl\/en\/wp-json\/wp\/v2\/product\/10961","targetHints":{"allow":["GET"]}}],"collection":[{"href":"https:\/\/top-narzedzia.pl\/en\/wp-json\/wp\/v2\/product"}],"about":[{"href":"https:\/\/top-narzedzia.pl\/en\/wp-json\/wp\/v2\/types\/product"}],"version-history":[{"count":1,"href":"https:\/\/top-narzedzia.pl\/en\/wp-json\/wp\/v2\/product\/10961\/revisions"}],"predecessor-version":[{"id":10962,"href":"https:\/\/top-narzedzia.pl\/en\/wp-json\/wp\/v2\/product\/10961\/revisions\/10962"}],"wp:featuredmedia":[{"embeddable":true,"href":"https:\/\/top-narzedzia.pl\/en\/wp-json\/wp\/v2\/media\/10953"}],"wp:attachment":[{"href":"https:\/\/top-narzedzia.pl\/en\/wp-json\/wp\/v2\/media?parent=10961"}],"wp:term":[{"taxonomy":"product_brand","embeddable":true,"href":"https:\/\/top-narzedzia.pl\/en\/wp-json\/wp\/v2\/product_brand?post=10961"},{"taxonomy":"product_cat","embeddable":true,"href":"https:\/\/top-narzedzia.pl\/en\/wp-json\/wp\/v2\/product_cat?post=10961"},{"taxonomy":"product_tag","embeddable":true,"href":"https:\/\/top-narzedzia.pl\/en\/wp-json\/wp\/v2\/product_tag?post=10961"}],"curies":[{"name":"wp","href":"https:\/\/api.w.org\/{rel}","templated":true}]}}