{"id":10977,"date":"2026-04-21T15:31:53","date_gmt":"2026-04-21T13:31:53","guid":{"rendered":"https:\/\/top-narzedzia.pl\/sklep\/bez-kategorii\/maska-przylbica-spawalnicza-samosciemniajaca-hrk-whs-true-color-lcd-4sensor\/"},"modified":"2026-04-26T14:06:38","modified_gmt":"2026-04-26T12:06:38","slug":"maska-przylbica-spawalnicza-samosciemniajaca-hrk-whs-true-color-lcd-4sensor","status":"publish","type":"product","link":"https:\/\/top-narzedzia.pl\/en\/sklep\/pozostale\/maska-przylbica-spawalnicza-samosciemniajaca-hrk-whs-true-color-lcd-4sensor\/","title":{"rendered":"MASKA PRZY\u0141BICA SPAWALNICZA SAMO\u015aCIEMNIAJ\u0104CA HRK-WHS TRUE COLOR LCD 4sensor"},"content":{"rendered":"<div>\n<div style=\"width: 100%;vertical-align: top;text-align: center\"><img decoding=\"async\" data-order=\"13\" style=\"width:100%;height:auto\" src=\"https:\/\/top-narzedzia.pl\/wp-content\/uploads\/2026\/04\/063b32c3d76fc6924701b60de84f0896.jpg\" alt=\"\" title=\"\"><\/div>\n<\/div>\n<div>\n<div style=\"width: 100%;vertical-align: top\">\n<h2>MASKA SPAWALNICZA PRZY\u0141BICA SAMO\u015aCIEMNIAJ\u0104CA 4sensory TRUE COLOR LCD<\/h2>\n<p><b>PRZY\u0141BICA SPAWALNICZA SAMO\u015aCIEMNIAJ\u0104CA HERKULES HRK-WHS PROFI<\/b><\/p>\n<p>| Marka:&nbsp;<b>HERKULES&nbsp;<\/b>| Klasa filtra:&nbsp;<b>1\/1\/1\/1<\/b>&nbsp;| 2 zakresy zaciemnienia:&nbsp;<b>&nbsp;DIN 9-13 i 5-8<\/b>&nbsp;| Liczba sensor\u00f3w:&nbsp;<b>4<\/b>&nbsp;| Pole widzenia:&nbsp;<b>100x60mm<\/b>&nbsp;| Szlifowanie:&nbsp;<b>TAK<\/b>&nbsp;|<\/p>\n<p>| Waga:&nbsp;<b>390g&nbsp;<\/b>| Filtr z technologi\u0105 TRUE COLOR:&nbsp;<b>TAK<\/b>&nbsp;| Regulacja czu\u0142o\u015bci:&nbsp;<b>&nbsp;P\u0142ynna<\/b>&nbsp;| Regulacja op\u00f3\u017anienia:&nbsp;<b>P\u0142ynna<\/b>&nbsp;|<\/p>\n<p>| Regulacja zaciemnienia:&nbsp;<b>5-9 \/ 9-13DIN<\/b>&nbsp;| Szlifowanie:&nbsp;<b>TAK<\/b>&nbsp;| Sterowanie boczne:&nbsp;<b>TAK |&nbsp;<\/b>Bateria<b>&nbsp;: TAK 3V CR2450<\/b><\/p>\n<\/div>\n<\/div>\n<div>\n<div style=\"width: 100%;vertical-align: top;text-align: center\"><img decoding=\"async\" data-order=\"2\" style=\"width:100%;height:auto\" src=\"https:\/\/top-narzedzia.pl\/wp-content\/uploads\/2026\/04\/d8fb733d16e6e21e83f4b41d427d31f8.jpg\" alt=\"\" title=\"\"><\/div>\n<\/div>\n<div>\n<div style=\"width: 99%;vertical-align: top;text-align: center\"><img decoding=\"async\" data-order=\"6\" style=\"width:100%;height:auto\" src=\"https:\/\/top-narzedzia.pl\/wp-content\/uploads\/2026\/04\/0e2ac93f2c6421e1249f0c15e878e35f.jpg\" alt=\"\" title=\"\"><\/div>\n<div style=\"width: 99%;vertical-align: top;text-align: center\"><img decoding=\"async\" data-order=\"8\" style=\"width:100%;height:auto\" src=\"https:\/\/top-narzedzia.pl\/wp-content\/uploads\/2026\/04\/2d8ceb9d9a5ac4e1d8a5cae4c05cb443.jpg\" alt=\"\" title=\"\"><\/div>\n<\/div>\n<div>\n<div style=\"width: 99%;vertical-align: top\">\n<p><b>Automatyczna przy\u0142bica spawalnicza HERKULES PRO S<\/b>&nbsp;przeznaczona jest do ochrony twarzy i oczu przed iskrami, odpryskami i szkodliwym promieniowaniem podczas spawania elektrycznego i gazowego, lutospawania, lutowania, ci\u0119cia tlenem oraz szlifowania.<\/p>\n<p><b>Automatyczny filtr<\/b>&nbsp;zaciemniaj\u0105cy po zajarzeniu \u0142uku samoczynnie zmienia si\u0119 z jasnego na ciemny, a po zako\u0144czeniu spawania ponownie staje si\u0119 jasny.<\/p>\n<p><b>Wyposa\u017cona jest<\/b>&nbsp;w bardzo du\u017cy wizjer o wymiarach 100 x 60mm. Cztery foto czujniki gwarantuj\u0105 poprawn\u0105 prac\u0119 przy\u0142bicy w ka\u017cdych warunkach i po\u0142o\u017ceniu. Na wewn\u0119trznym panelu sterowniczym znajduje si\u0119 przycisk \u201eTest\u201d pozwalaj\u0105cy sprawdzi\u0107 prawid\u0142owo\u015b\u0107 dzia\u0142ania filtra oraz dioda kontrolna stanu na\u0142adowania baterii.<\/p>\n<p><b>Przy\u0142bica<\/b>&nbsp;jest gotowa do natychmiastowego u\u017cytkowania, wymaga jedynie dopasowania do rozmiaru g\u0142owy spawacza oraz doboru i nastawy w\u0142a\u015bciwych parametr\u00f3w u\u017cytkowych.<\/p>\n<p><b>Przy\u0142bica HERKULES PRO S<\/b>&nbsp;zapewnia ca\u0142kowit\u0105 ochron\u0119 oczu i twarzy przed promieniowaniem ultrafioletowym oraz podczerwonym. Poziom ochrony przed promieniowaniem UV\/IR wynosi 16 (DIN), nawet gdy filtr staje si\u0119 jasny.<\/p>\n<p>Produkt ten jest zgodny z normami europejskimi&nbsp;<b>EN 379<\/b>&nbsp;i&nbsp;<b>EN 175<\/b>.<\/p>\n<\/div>\n<div style=\"width: 99%;vertical-align: top;text-align: center\"><img decoding=\"async\" data-order=\"10\" style=\"width:100%;height:auto\" src=\"https:\/\/top-narzedzia.pl\/wp-content\/uploads\/2026\/04\/e6dd67a12a393ea5f9536485fbcdcb3f.jpg\" alt=\"\" title=\"\"><\/div>\n<\/div>\n<div>\n<div style=\"width: 99%;vertical-align: top;text-align: center\"><img decoding=\"async\" data-order=\"6\" style=\"width:100%;height:auto\" src=\"https:\/\/top-narzedzia.pl\/wp-content\/uploads\/2026\/04\/0e2ac93f2c6421e1249f0c15e878e35f.jpg\" alt=\"\" title=\"\"><\/div>\n<div style=\"width: 99%;vertical-align: top\">\n<h2>DANE TECHNICZNE:<\/h2>\n<ul>\n<li><b>Model katalogowy: HRK-WHS<\/b><\/li>\n<li><b>Zakres zaciemnienia:<\/b>&nbsp;9-13 \/ 5-8 wg DIN<\/li>\n<li><b>Czas prze\u0142\u0105czania &#8211; jasny\/ciemny&nbsp;[s]:<\/b>&nbsp;1\/15000<\/li>\n<li><b>Czas prze\u0142\u0105czania &#8211; ciemny\/jasny&nbsp;[s]:<\/b>&nbsp;0,2 &#8211; 0,8<\/li>\n<li><b>Regulacja czu\u0142o\u015bci:<\/b>&nbsp;P\u0142ynna<\/li>\n<li><b>Spawanie\/Szlifowanie:<\/b>&nbsp;TAK\/TAK<\/li>\n<li><b>Ilo\u015b\u0107 foto-czujnik\u00f3w:<\/b>&nbsp;4<\/li>\n<li><b>Pole widzenia&nbsp;[mm]:<\/b>&nbsp;100 x 60<\/li>\n<li><b>Ochrona UV\/IR:<\/b>&nbsp;15 wg DIN<\/li>\n<li><b>Zaciemnienie w stanie jasnym:<\/b>&nbsp;4 wg DIN<\/li>\n<li><b>Klasa optyczna filtra:<\/b>&nbsp;1\/1\/1\/1<\/li>\n<li><b>Zasilanie:<\/b>&nbsp;Fotoogniwo<\/li>\n<li><b>W\u0142\u0105czanie\/wy\u0142\u0105czanie:<\/b>&nbsp;Automatyczne<\/li>\n<li><b>Temperatura pracy&nbsp;[\u00b0C]:<\/b>&nbsp;-5 \u00f7 +55<\/li>\n<li><b>Masa&nbsp;[kg]:<\/b>&nbsp;0,39<\/li>\n<\/ul>\n<h2>TEST<\/h2>\n<p><b>Przycisk \u201eTest\u201d<\/b> s\u0142u\u017cy do sprawdzania poprawno\u015bci dzia\u0142ania filtra. Nale\u017cy wybra\u0107 dowolny stopie\u0144 zaciemnienia z zakresu 0 \u2013 13 i wcisn\u0105\u0107 przycisk. Filtr przejdzie do stanu ciemnego. Po zwolnieniu przycisku filtr rozja\u015bni si\u0119.<\/p>\n<\/div>\n<\/div>\n<div>\n<div style=\"width: 99%;vertical-align: top\">\n<h2>REGULACJA OP\u00d3\u0179NIENIA<\/h2>\n<p>Pokr\u0119t\u0142em regulowane jest <b>op\u00f3\u017anienie prze\u0142\u0105czania filtra<\/b> ze stanu ciemnego w jasny po zako\u0144czeniu spawania. Kr\u00f3tki czas op\u00f3\u017anienia zalecany jest podczas wykonywania kr\u00f3tkich spoin oraz podczas spawania punktowego. D\u0142ugi czas op\u00f3\u017anienia sprawdza si\u0119 podczas spawania wysokimi pr\u0105dami.<\/p>\n<h2>REGULACJA CZU\u0141O\u015aCI<\/h2>\n<p><b>Regulacja czu\u0142o\u015bci<\/b> realizowana jest pokr\u0119t\u0142em. Ustawienie czu\u0142o\u015bci zale\u017cne jest od wykonywanego procesu, o\u015bwietlenia oraz innych warunk\u00f3w otoczenia.<\/p>\n<p>Zazwyczaj niska czu\u0142o\u015b\u0107 sprawdza si\u0119 podczas spawania du\u017cymi pr\u0105dami i w warunkachintensywnego o\u015bwietlenia naturalnego. Wysoka czu\u0142o\u015b\u0107 zalecana jest podczas spawania niskimi pr\u0105dami w warunkach s\u0142abego o\u015bwietlenia.<\/p>\n<\/div>\n<div style=\"width: 99%;vertical-align: top;text-align: center\"><img decoding=\"async\" data-order=\"1\" style=\"width:100%;height:auto\" src=\"https:\/\/top-narzedzia.pl\/wp-content\/uploads\/2026\/04\/2930f3c7d82ba2b10ab1366be005ba0e.jpg\" alt=\"\" title=\"\"><\/div>\n<\/div>\n<div>\n<div style=\"width: 99%;vertical-align: top;text-align: center\"><img decoding=\"async\" data-order=\"4\" style=\"width:100%;height:auto\" src=\"https:\/\/top-narzedzia.pl\/wp-content\/uploads\/2026\/04\/41c6f93acacf058c616ffaf019496248.jpg\" alt=\"\" title=\"\"><\/div>\n<div style=\"width: 99%;vertical-align: top;text-align: center\"><img decoding=\"async\" data-order=\"3\" style=\"width:100%;height:auto\" src=\"https:\/\/top-narzedzia.pl\/wp-content\/uploads\/2026\/04\/014302fc776d77aea11f03ed078c1867.jpg\" alt=\"\" title=\"\"><\/div>\n<\/div>\n<div>\n<div style=\"width: 99%;vertical-align: top;text-align: center\"><img decoding=\"async\" data-order=\"11\" style=\"width:100%;height:auto\" src=\"https:\/\/top-narzedzia.pl\/wp-content\/uploads\/2026\/04\/59c264eb1f5d32be2ac904b4c9e97365.jpg\" alt=\"\" title=\"\"><\/div>\n<div style=\"width: 99%;vertical-align: top\">\n<h2>Zalety technologii True Color<\/h2>\n<ol>\n<li><b>Lepsza widoczno\u015b\u0107 szczeg\u00f3\u0142\u00f3w<\/b>: Dzi\u0119ki technologii True Color spawacz mo\u017ce dok\u0142adniej obserwowa\u0107 miejsce spawania, widz\u0105c szczeg\u00f3\u0142y spoiny i materia\u0142u w bardziej naturalnych barwach. To u\u0142atwia precyzyjn\u0105 prac\u0119, zw\u0142aszcza przy trudnych zadaniach.<\/li>\n<li><b>Redukcja zm\u0119czenia oczu<\/b>: Widzenie rzeczywistych kolor\u00f3w zmniejsza zm\u0119czenie oczu, kt\u00f3re cz\u0119sto wyst\u0119puje przy d\u0142u\u017cszym u\u017cywaniu maski spawalniczej.<\/li>\n<li><b>Poprawa bezpiecze\u0144stwa<\/b>: Lepsza jako\u015b\u0107 obrazu w czasie rzeczywistym pozwala na szybsz\u0105 reakcj\u0119 na ewentualne zagro\u017cenia. Spawacz mo\u017ce \u0142atwiej dostrzec zmiany w otoczeniu, co zwi\u0119ksza bezpiecze\u0144stwo pracy.<\/li>\n<\/ol>\n<\/div>\n<\/div>\n<div>\n<div style=\"width: 99%;vertical-align: top\">\n<h2>ZACIEMNIENIE<\/h2>\n<p><b>P\u0142ynna regulacja zaciemnienia<\/b>&nbsp;sterowna z panelu znajduj\u0105cego si\u0119 na lewej stronie przy\u0142bicy&nbsp;<b>SYSTEM EASY CONTROL<\/b><\/p>\n<h2>REGULACJA NAG\u0141OWIA<\/h2>\n<p><b>Automatyczna przy\u0142bica spawalnicza HERKULES HRK-WHS<\/b> wyposa\u017cona jest w specjalny, ergonomiczny system odchylania, zmieniaj\u0105cy jej punkt ci\u0119\u017cko\u015bci wzgl\u0119dem g\u0142owy spawacza. Nale\u017cy dopasowa\u0107 paski mocuj\u0105ce przy\u0142bic\u0119 tak, aby znajdowa\u0142a si\u0119 mo\u017cliwie nisko na g\u0142owie i mo\u017cliwie blisko twarzy.<\/p>\n<ul>\n<li>Regulacja g\u0142\u0119boko\u015bci osadzenia na g\u0142owie, aby zapewni\u0107 prawid\u0142ow\u0105 r\u00f3wnowag\u0119 i stabilno\u015b\u0107.<\/li>\n<li>Regulacja odleg\u0142o\u015bci oczu od filtra przy\u0142bicy<\/li>\n<li>Regulacja obwodu nag\u0142owia<\/li>\n<li>Regulacja k\u0105ta pochylenia przy\u0142bicy.<\/li>\n<\/ul>\n<h2>BATERIA<\/h2>\n<p><b>Sygnalizacja<\/b> niskiego stanu na\u0142adowania baterii Za\u015bwiecenie si\u0119 diody&nbsp; oznacza konieczno\u015b\u0107 wymiany baterii.<\/p>\n<\/div>\n<div style=\"width: 99%;vertical-align: top;text-align: center\"><img decoding=\"async\" data-order=\"5\" style=\"width:100%;height:auto\" src=\"https:\/\/top-narzedzia.pl\/wp-content\/uploads\/2026\/04\/a924d4579d356763ccb44d324b48838a.jpg\" alt=\"\" title=\"\"><\/div>\n<\/div>\n<div>\n<div style=\"width: 99%;vertical-align: top;text-align: center\"><img decoding=\"async\" data-order=\"12\" style=\"width:100%;height:auto\" src=\"https:\/\/top-narzedzia.pl\/wp-content\/uploads\/2026\/04\/968202e2abad9508c703e513901d5c9d.jpg\" alt=\"\" title=\"\"><\/div>\n<div style=\"width: 99%;vertical-align: top\">\n<h2>2 niezale\u017cne \u017ar\u00f3d\u0142a zasilania<\/h2>\n<p><b>Maska spawalnicza posiada w zestawie baterie-akumulator&nbsp;<\/b><b>(w obu filtrach)<\/b>&nbsp;kt\u00f3ra \u0142adowana jest samoczynnie za pomoc\u0105 ogniwa fotowoltaicznego podczas spawania oraz na s\u0142o\u0144cu. Nie ma konieczno\u015bci cz\u0119stej wymiany baterii co jest bardzo wygodne i korzystne podczas eksploatacji.<\/p>\n<p>Przy\u0142bica spawalnicza posiada regulacj\u0119 zaciemnienia, dzi\u0119ki czemu praca z ni\u0105 jest bardzo wygodna. Nadaje si\u0119 r\u00f3wnie\u017c do szlifowania &#8211; posiada przednia szybk\u0119 ochronn\u0105 przeciwodpryskow\u0105. Szybka ta jest wymienna.<\/p>\n<\/div>\n<\/div>\n<div>\n<div style=\"width: 99%;vertical-align: top\">\n<h2>Doskona\u0142a jako\u015b\u0107, sprawdzone bezpiecze\u0144stwo<\/h2>\n<p><b>\u2705&nbsp;<\/b>Przy\u0142bica spe\u0142nia wszelkie wymogi bezpiecze\u0144stwa jak r\u00f3wnie\u017c posiada znak CE.<\/p>\n<p>\u2705 Przy\u0142bice HERKULES spe\u0142niaj\u0105 wymogi okre\u015blane w dyrektywach:<\/p>\n<ul>\n<li>EU 2016\/425 &#8211; CATII<\/li>\n<li>EN 175 (F) (1997)<\/li>\n<li>EN 166 (1S) (2001)<\/li>\n<li>EN 379 (4 \/ 9-13 ; 1\/1\/1\/1 (2009)<\/li>\n<\/ul>\n<p>\u2705 Pe\u0142na zgodno\u015b\u0107 ze standardami:<\/p>\n<ul>\n<li>C5466PW\/R1 DIN CERTO<\/li>\n<li>C5465PW\/R2<\/li>\n<li>C5467PW\/R1<\/li>\n<\/ul>\n<\/div>\n<div style=\"width: 99%;vertical-align: top;text-align: center\"><img decoding=\"async\" data-order=\"0\" style=\"width:100%;height:auto\" src=\"https:\/\/top-narzedzia.pl\/wp-content\/uploads\/2026\/04\/cf02863a369d4e01f176e5ac8ae5f93c.jpg\" alt=\"\" title=\"\"><\/div>\n<\/div>\n<div>\n<div style=\"width: 99%;vertical-align: top;text-align: center\"><img decoding=\"async\" data-order=\"6\" style=\"width:100%;height:auto\" src=\"https:\/\/top-narzedzia.pl\/wp-content\/uploads\/2026\/04\/0e2ac93f2c6421e1249f0c15e878e35f.jpg\" alt=\"\" title=\"\"><\/div>\n<div style=\"width: 99%;vertical-align: top;text-align: center\"><img decoding=\"async\" data-order=\"8\" style=\"width:100%;height:auto\" src=\"https:\/\/top-narzedzia.pl\/wp-content\/uploads\/2026\/04\/2d8ceb9d9a5ac4e1d8a5cae4c05cb443.jpg\" alt=\"\" title=\"\"><\/div>\n<\/div>\n<div>\n<div style=\"width: 99%;vertical-align: top;text-align: center\"><img decoding=\"async\" data-order=\"6\" style=\"width:100%;height:auto\" src=\"https:\/\/top-narzedzia.pl\/wp-content\/uploads\/2026\/04\/0e2ac93f2c6421e1249f0c15e878e35f.jpg\" alt=\"\" title=\"\"><\/div>\n<div style=\"width: 99%;vertical-align: top;text-align: center\"><img decoding=\"async\" data-order=\"0\" style=\"width:100%;height:auto\" src=\"https:\/\/top-narzedzia.pl\/wp-content\/uploads\/2026\/04\/cf02863a369d4e01f176e5ac8ae5f93c.jpg\" alt=\"\" title=\"\"><\/div>\n<\/div>","protected":false},"excerpt":{"rendered":"<p>MASKA SPAWALNICZA PRZY\u0141BICA SAMO\u015aCIEMNIAJ\u0104CA 4sensory TRUE COLOR LCD PRZY\u0141BICA SPAWALNICZA SAMO\u015aCIEMNIAJ\u0104CA HERKULES HRK-WHS PROFI | Marka:&nbsp;HERKULES&nbsp;| Klasa filtra:&nbsp;1\/1\/1\/1&nbsp;| 2 zakresy<\/p>","protected":false},"featured_media":10963,"template":"","meta":[],"product_brand":[],"product_cat":[100],"product_tag":[],"class_list":{"0":"post-10977","1":"product","2":"type-product","3":"status-publish","4":"has-post-thumbnail","6":"product_cat-pozostale","8":"first","9":"instock","10":"taxable","11":"shipping-taxable","12":"purchasable","13":"product-type-simple"},"_links":{"self":[{"href":"https:\/\/top-narzedzia.pl\/en\/wp-json\/wp\/v2\/product\/10977","targetHints":{"allow":["GET"]}}],"collection":[{"href":"https:\/\/top-narzedzia.pl\/en\/wp-json\/wp\/v2\/product"}],"about":[{"href":"https:\/\/top-narzedzia.pl\/en\/wp-json\/wp\/v2\/types\/product"}],"version-history":[{"count":1,"href":"https:\/\/top-narzedzia.pl\/en\/wp-json\/wp\/v2\/product\/10977\/revisions"}],"predecessor-version":[{"id":10978,"href":"https:\/\/top-narzedzia.pl\/en\/wp-json\/wp\/v2\/product\/10977\/revisions\/10978"}],"wp:featuredmedia":[{"embeddable":true,"href":"https:\/\/top-narzedzia.pl\/en\/wp-json\/wp\/v2\/media\/10963"}],"wp:attachment":[{"href":"https:\/\/top-narzedzia.pl\/en\/wp-json\/wp\/v2\/media?parent=10977"}],"wp:term":[{"taxonomy":"product_brand","embeddable":true,"href":"https:\/\/top-narzedzia.pl\/en\/wp-json\/wp\/v2\/product_brand?post=10977"},{"taxonomy":"product_cat","embeddable":true,"href":"https:\/\/top-narzedzia.pl\/en\/wp-json\/wp\/v2\/product_cat?post=10977"},{"taxonomy":"product_tag","embeddable":true,"href":"https:\/\/top-narzedzia.pl\/en\/wp-json\/wp\/v2\/product_tag?post=10977"}],"curies":[{"name":"wp","href":"https:\/\/api.w.org\/{rel}","templated":true}]}}