{"id":10989,"date":"2026-04-21T15:32:19","date_gmt":"2026-04-21T13:32:19","guid":{"rendered":"https:\/\/top-narzedzia.pl\/sklep\/bez-kategorii\/pompa-sprezarka-kompresor-olejowy-v3065-olejowa-v3-3tlokowa-670l-min-12bar\/"},"modified":"2026-04-21T15:32:19","modified_gmt":"2026-04-21T13:32:19","slug":"pompa-sprezarka-kompresor-olejowy-v3065-olejowa-v3-3tlokowa-670l-min-12bar","status":"publish","type":"product","link":"https:\/\/top-narzedzia.pl\/en\/sklep\/pozostale\/pompa-sprezarka-kompresor-olejowy-v3065-olejowa-v3-3tlokowa-670l-min-12bar\/","title":{"rendered":"POMPA SPR\u0118\u017bARKA KOMPRESOR OLEJOWY V3065 OLEJOWA V3 3T\u0142okowa 670l\/min 12bar"},"content":{"rendered":"","protected":false},"excerpt":{"rendered":"","protected":false},"featured_media":10979,"template":"","meta":[],"product_brand":[],"product_cat":[100],"product_tag":[],"class_list":{"0":"post-10989","1":"product","2":"type-product","3":"status-publish","4":"has-post-thumbnail","6":"product_cat-pozostale","8":"first","9":"instock","10":"taxable","11":"shipping-taxable","12":"purchasable","13":"product-type-simple"},"_links":{"self":[{"href":"https:\/\/top-narzedzia.pl\/en\/wp-json\/wp\/v2\/product\/10989","targetHints":{"allow":["GET"]}}],"collection":[{"href":"https:\/\/top-narzedzia.pl\/en\/wp-json\/wp\/v2\/product"}],"about":[{"href":"https:\/\/top-narzedzia.pl\/en\/wp-json\/wp\/v2\/types\/product"}],"version-history":[{"count":0,"href":"https:\/\/top-narzedzia.pl\/en\/wp-json\/wp\/v2\/product\/10989\/revisions"}],"wp:featuredmedia":[{"embeddable":true,"href":"https:\/\/top-narzedzia.pl\/en\/wp-json\/wp\/v2\/media\/10979"}],"wp:attachment":[{"href":"https:\/\/top-narzedzia.pl\/en\/wp-json\/wp\/v2\/media?parent=10989"}],"wp:term":[{"taxonomy":"product_brand","embeddable":true,"href":"https:\/\/top-narzedzia.pl\/en\/wp-json\/wp\/v2\/product_brand?post=10989"},{"taxonomy":"product_cat","embeddable":true,"href":"https:\/\/top-narzedzia.pl\/en\/wp-json\/wp\/v2\/product_cat?post=10989"},{"taxonomy":"product_tag","embeddable":true,"href":"https:\/\/top-narzedzia.pl\/en\/wp-json\/wp\/v2\/product_tag?post=10989"}],"curies":[{"name":"wp","href":"https:\/\/api.w.org\/{rel}","templated":true}]}}