{"id":11001,"date":"2026-04-21T15:41:34","date_gmt":"2026-04-21T13:41:34","guid":{"rendered":"https:\/\/top-narzedzia.pl\/sklep\/bez-kategorii\/sprezarka-powietrza-pompa-kompresor-olejowy-960l-min-2-tlokowy-10-bar-v2090\/"},"modified":"2026-04-29T21:57:37","modified_gmt":"2026-04-29T19:57:37","slug":"sprezarka-powietrza-pompa-kompresor-olejowy-960l-min-2-tlokowy-10-bar-v2090","status":"publish","type":"product","link":"https:\/\/top-narzedzia.pl\/en\/sklep\/pozostale\/sprezarka-powietrza-pompa-kompresor-olejowy-960l-min-2-tlokowy-10-bar-v2090\/","title":{"rendered":"SPR\u0118\u017bARKA POWIETRZA POMPA KOMPRESOR OLEJOWY 960l\/min 2 T\u0141OKOWY 10 BAR V2090"},"content":{"rendered":"<div>\n<div style=\"width: 100%;vertical-align: top;text-align: center\"><img decoding=\"async\" data-order=\"10\" style=\"width:100%;height:auto\" src=\"https:\/\/top-narzedzia.pl\/wp-content\/uploads\/2026\/04\/0de49423da0896109576bfc160d46d85-1.jpg\" alt=\"\" title=\"\"><\/div>\n<\/div>\n<div>\n<div style=\"width: 100%;vertical-align: top\">\n<h2>SPR\u0118\u017bARKA 2090 RENOMOWANEJ MARKI PNEUMATYCZNEJ CYKLON<\/h2>\n<h2>Spr\u0119\u017carka &#8211; kompresor olejowy 960l\/min 2 t\u0142okowy 10 BAR 2090<\/h2>\n<h2>2 X FILTR HEPA (DU\u017bY) POWIETRZA<\/h2>\n<h2>2 X OLEJ LDAA-46 DO SPR\u0118\u017bAREK T\u0141OKOWYCH<\/h2>\n<h2>\u2705 Najlepsza pompa w stosunku cena\/jako\u015b\u0107<\/h2>\n<\/div>\n<\/div>\n<div>\n<div style=\"width: 100%;vertical-align: top;text-align: center\"><img decoding=\"async\" data-order=\"1\" style=\"width:100%;height:auto\" src=\"https:\/\/top-narzedzia.pl\/wp-content\/uploads\/2026\/04\/603cecb2602f72c27b402817ec639867.jpg\" alt=\"\" title=\"\"><\/div>\n<\/div>\n<div>\n<div style=\"width: 99%;vertical-align: top;text-align: center\"><img decoding=\"async\" data-order=\"0\" style=\"width:100%;height:auto\" src=\"https:\/\/top-narzedzia.pl\/wp-content\/uploads\/2026\/04\/9db992d58ad6b8c0bec1c4641aa4b1d5.jpg\" alt=\"\" title=\"\"><\/div>\n<div style=\"width: 99%;vertical-align: top\">\n<h2>Spr\u0119\u017carka dwut\u0142okowa do kompresora o wydajno\u015bci 960l\/min 10-barowa<\/h2>\n<h2>model V 2090<\/h2>\n<h2>Zalecana moc silnika:\u00a03-5 kW (4 &#8211; 6,5 KM)<\/h2>\n<\/div>\n<\/div>\n<div>\n<div style=\"width: 99%;vertical-align: top\">\n<h1>Dane techniczne:<\/h1>\n<p>\u2714Zalecana moc silnika:\u00a0<b>ok 3-5 kW (4-7KM)<\/b><\/p>\n<p>\u2714Zalecana pojemno\u015b\u0107 butli:\u00a0<b>do 300 l<\/b><\/p>\n<p>\u2714 Wydajno\u015b\u0107 EFEKTYWNA:<b> 720 l\/min<\/b><\/p>\n<p>\u2714Max ci\u015bnienie:\u00a0<b>10 Bar<\/b><\/p>\n<p>\u2714Ilo\u015b\u0107 cylindr\u00f3w:\u00a0<b>2 x 90 mm<\/b><\/p>\n<p>\u2714\u015arednica ko\u0142a pasowego:\u00a0<b>31 cm (pasek klinowy 2 x 17 mm)<\/b><\/p>\n<p>\u2714Rozstaw \u015brub monta\u017cowych:<b>\u00a013,5 x 26 cm<\/b><\/p>\n<p>\u2714 Obroty:\u00a0<b>930 -1200 \/min<\/b><\/p>\n<p>\u2714 Obroty:<b>\u00a0\u00a0lewe patrz\u0105c od strony ko\u0142a<\/b><\/p>\n<p>\u2714 Wymiana oleju:<b> pierwsza wymiana po 5 godzinach, nast\u0119pnie co 100 godzin<\/b><\/p>\n<p>\u2714 Prawid\u0142owy poziom oleju:<b>\u00a0zakryte 3\/4 szkie\u0142ka<\/b><\/p>\n<p><b>\u2714 Cylindry urz\u0105dzenia wykonane z \u017celiwa<\/b><\/p>\n<p>\u2714 Smarowanie:\u00a0<b>rozbryzgowe<\/b><\/p>\n<p><b>\u2714 <\/b>Wylot powietrza &#8211; 32 mm (mierzone po wierzcho\u0142kach gwintu)<\/p>\n<p><b>MODEL V2090<\/b><\/p>\n<p><b>Wymiary:<\/b><\/p>\n<ul>\n<li>Wysoko\u015b\u0107: 50cm<\/li>\n<li>Szeroko\u015b\u0107: 50cm<\/li>\n<\/ul>\n<\/div>\n<div style=\"width: 99%;vertical-align: top;text-align: center\"><img decoding=\"async\" data-order=\"3\" style=\"width:100%;height:auto\" src=\"https:\/\/top-narzedzia.pl\/wp-content\/uploads\/2026\/04\/a29482bfdd84bb73a65271bb17b4c3ce.jpg\" alt=\"\" title=\"\"><\/div>\n<\/div>\n<div>\n<div style=\"width: 99%;vertical-align: top;text-align: center\"><img decoding=\"async\" data-order=\"2\" style=\"width:100%;height:auto\" src=\"https:\/\/top-narzedzia.pl\/wp-content\/uploads\/2026\/04\/d144bddeb3c3fffb12777dae8f9e323b.jpg\" alt=\"\" title=\"\"><\/div>\n<div style=\"width: 99%;vertical-align: top\">\n<p>Urz\u0105dzenie wyposa\u017cone jest w dwa<b>\u00a0filtry powietrza z podw\u00f3jnym systemem wentylacji<\/b>\u00a0&#8211; takie rozwi\u0105zanie pozwala osi\u0105gn\u0105\u0107 maksymalnie du\u017c\u0105 wydajno\u015b\u0107 ze stosunkowo niewielkiej wymiarowo spr\u0119\u017carki. W spr\u0119\u017carce zamontowane zosta\u0142y utwardzane,\u00a0<b>\u017celiwne cylindry gwarantuj\u0105ce d\u0142ug\u0105 \u017cywotno\u015b\u0107<\/b>\u00a0oraz wydajne ch\u0142odzenie spr\u0119\u017carki. Dodatkowo konstrukcja posiada sprawdzone rozwi\u0105zania zwi\u0119kszaj\u0105ce ch\u0142odzenie spr\u0119\u017carki m.in radiatory ch\u0142odz\u0105ce oraz \u017ceberka ch\u0142odz\u0105ce na g\u0142owicach, przez co\u00a0<b>nasza konstrukcja cechuje si\u0119 du\u017c\u0105 odporno\u015bci\u0105 na uszkodzenia mechaniczne<\/b>\u00a0oraz bardzo dobr\u0105 zdolno\u015bci\u0105 do odprowadzania ciep\u0142a do otoczenia.<\/p>\n<\/div>\n<\/div>\n<div>\n<div style=\"width: 99%;vertical-align: top\">\n<p>Zastosowane rozwi\u0105zania umo\u017cliwi\u0142y uzyskanie\u00a0wi\u0119kszego ci\u015bnienia w uk\u0142adzie\u00a0zar\u00f3wno na wej\u015bciu jak i wyj\u015bciu ze spr\u0119\u017carki (<b>technologia Air Force In\/Out<\/b>).\u00a0T\u0142oki i pier\u015bcienie\u00a0zosta\u0142y wykonane\u00a0z najwy\u017cszej jako\u015bci materia\u0142\u00f3w. <b>\u017beliwne\u00a0cylindry i g\u0142owice<\/b>\u00a0spr\u0119\u017carki zosta\u0142y wyposa\u017cone w\u00a0<b>przed\u0142u\u017cone \u017cebrowania<\/b>, na rurach ci\u015bnieniowych \u0142\u0105cz\u0105cych cylindry zamontowane zosta\u0142y\u00a0<b>radiatory odprowadzaj\u0105ce ciep\u0142o<\/b>, co prze\u0142o\u017cy\u0142o si\u0119 na <b>wydajniejsze odprowadzanie ciep\u0142a<\/b> generowanego podczas pracy spr\u0119\u017carki \u2013 ca\u0142o\u015b\u0107 konstrukcji zosta\u0142a uzupe\u0142niona o\u00a0<b>wzmocnione ko\u0142o pasowe\u00a0wraz umieszczonymi na nim \u0142opatkami sch\u0142adzaj\u0105cymi ca\u0142o\u015b\u0107 konstrukcji<\/b>.<\/p>\n<\/div>\n<div style=\"width: 99%;vertical-align: top;text-align: center\"><img decoding=\"async\" data-order=\"4\" style=\"width:100%;height:auto\" src=\"https:\/\/top-narzedzia.pl\/wp-content\/uploads\/2026\/04\/212ac5c7637132ba91d2ab56daca0726.jpg\" alt=\"\" title=\"\"><\/div>\n<\/div>\n<div>\n<div style=\"width: 99%;vertical-align: top;text-align: center\"><img decoding=\"async\" data-order=\"6\" style=\"width:100%;height:auto\" src=\"https:\/\/top-narzedzia.pl\/wp-content\/uploads\/2026\/04\/0612fdad92cb96d2d258ecaa31f1b07d.jpg\" alt=\"\" title=\"\"><\/div>\n<div style=\"width: 99%;vertical-align: top\">\n<h2>\u2714 Wzmocniona konstrukcja i podstawa<\/h2>\n<h2>\u2714 Spr\u0119\u017carka zosta\u0142a zaprojektowana i wykonana pod k\u0105tem max wydajno\u015bci ch\u0142odzenia:<\/h2>\n<h2>\u2714 ca\u0142a zosta\u0142a wykonana z \u017celiwa<\/h2>\n<h2>\u2714 maksymalna liczba radiator\u00f3w na cylindrach i g\u0142owicy<\/h2>\n<h2>\u2714 du\u017ce ko\u0142a pasowe z \u0142opatami, pe\u0142ni\u0105ce funkcj\u0119 wentylatora<\/h2>\n<h2>\u2714 radiatory na rurkach miedzy g\u0142owicami<\/h2>\n<\/div>\n<\/div>\n<div>\n<div style=\"width: 99%;vertical-align: top\">\n<p><b>\u2705wzmocnione ko\u0142o pasowe wraz z \u0142opatkami ch\u0142odz\u0105cymi kompresor podczas pracy<\/b><\/p>\n<p><b>\u2705ko\u0142o pasowe na dwa paski HB-17<\/b><\/p>\n<p><b>\u2705wydajne filtry powietrza<\/b><\/p>\n<p><b>\u2705kute korbowody<\/b><\/p>\n<p><b>\u2705wzmocnione t\u0142oki i pier\u015bcienie t\u0142okowe wykonane z wysokiej jako\u015bci materia\u0142\u00f3w &#8211; \u015brednica t\u0142ok\u00f3w 2&#215;90 mm;<\/b><\/p>\n<p><b>\u2705\u017celiwne cylindry<\/b><\/p>\n<p><b>\u2705\u017celiwny korpus spr\u0119\u017carki<\/b><\/p>\n<p><b>\u2705powi\u0119kszone \u017cebrowanie lepiej odprowadzaj\u0105ce ciep\u0142o<\/b><\/p>\n<p><b>\u2705rury ci\u015bnieniowe z zamontowanym radiatorem wspomagaj\u0105cym odprowadzanie ciep\u0142a<\/b><\/p>\n<p><b>Zastosowane rozwi\u0105zania<\/b>\u00a0umo\u017cliwiaj\u0105 wykorzystanie spr\u0119\u017carki przy pracach zwi\u0105zanych\u00a0<b>z malowaniem, piaskowaniem, pompowaniem<\/b>\u00a0oraz do wszelkiego rodzaju prac\u00a0<b>z urz\u0105dzeniami pneumatycznymi.<\/b><\/p>\n<\/div>\n<div style=\"width: 99%;vertical-align: top;text-align: center\"><img decoding=\"async\" data-order=\"7\" style=\"width:100%;height:auto\" src=\"https:\/\/top-narzedzia.pl\/wp-content\/uploads\/2026\/04\/a0b0c0002699c611ad33d4cf9e1c2d30.jpg\" alt=\"\" title=\"\"><\/div>\n<\/div>\n<div>\n<div style=\"width: 99%;vertical-align: top;text-align: center\"><img decoding=\"async\" data-order=\"0\" style=\"width:100%;height:auto\" src=\"https:\/\/top-narzedzia.pl\/wp-content\/uploads\/2026\/04\/9db992d58ad6b8c0bec1c4641aa4b1d5.jpg\" alt=\"\" title=\"\"><\/div>\n<div style=\"width: 99%;vertical-align: top\">\n<h1>W sk\u0142ad zestawu wchodzi:<\/h1>\n<ul>\n<li><b>Spr\u0119\u017cark\u0119 2090 10 BAR<\/b><\/li>\n<li><b>ko\u0142o pasowe 310 mm<\/b><\/li>\n<li><b>2 kompletne filtry powietrza<\/b><\/li>\n<li><b>korek oleju<\/b><\/li>\n<li><b>odpowietrznik powietrza<\/b><\/li>\n<li><b>olej spr\u0119\u017carkowy 2 butelki<\/b><\/li>\n<\/ul>\n<p>Ca\u0142o\u015b\u0107 umieszczona w specjalnej grubej drewnianej skrzyni, co jest niezb\u0119dne do zabezpieczenia tak masywnego urz\u0105dzenia w transporcie<\/p>\n<\/div>\n<\/div>\n<div>\n<div style=\"width: 100%;vertical-align: top\">\n<p>Zastosowane rozwi\u0105zania umo\u017cliwi\u0142y uzyskanie\u00a0<b>wi\u0119kszej wydajno\u015bci<\/b>\u00a0zar\u00f3wno na wej\u015bciu jak i wyj\u015bciu ze spr\u0119\u017carki (technologia Air Force In\/Out).\u00a0<b>T\u0142oki i pier\u015bcienie<\/b>\u00a0zosta\u0142y wykonane\u00a0<b>z najwy\u017cszej jako\u015bci materia\u0142\u00f3w<\/b>. \u017beliwne<b>\u00a0cylindry i g\u0142owice<\/b>\u00a0spr\u0119\u017carki zosta\u0142y wyposa\u017cone w\u00a0<b>przed\u0142u\u017cone \u017cebrowania<\/b>, na rurach ci\u015bnieniowych \u0142\u0105cz\u0105cych cylindry zamontowane zosta\u0142y\u00a0<b>radiatory odprowadzaj\u0105ce ciep\u0142o<\/b>, co prze\u0142o\u017cy\u0142o si\u0119 na wydajniejsze odprowadzanie ciep\u0142a generowanego podczas pracy spr\u0119\u017carki \u2013 ca\u0142o\u015b\u0107 konstrukcji zosta\u0142a uzupe\u0142niona o\u00a0<b>wzmocnione ko\u0142o pasowe<\/b>\u00a0wraz umieszczonymi na nim \u0142opatkami sch\u0142adzaj\u0105cymi ca\u0142o\u015b\u0107 konstrukcji.<\/p>\n<\/div>\n<\/div>\n<div>\n<div style=\"width: 99%;vertical-align: top;text-align: center\"><img decoding=\"async\" data-order=\"2\" style=\"width:100%;height:auto\" src=\"https:\/\/top-narzedzia.pl\/wp-content\/uploads\/2026\/04\/d144bddeb3c3fffb12777dae8f9e323b.jpg\" alt=\"\" title=\"\"><\/div>\n<div style=\"width: 99%;vertical-align: top;text-align: center\"><img decoding=\"async\" data-order=\"3\" style=\"width:100%;height:auto\" src=\"https:\/\/top-narzedzia.pl\/wp-content\/uploads\/2026\/04\/a29482bfdd84bb73a65271bb17b4c3ce.jpg\" alt=\"\" title=\"\"><\/div>\n<\/div>\n<div>\n<div style=\"width: 99%;vertical-align: top;text-align: center\"><img decoding=\"async\" data-order=\"1\" style=\"width:100%;height:auto\" src=\"https:\/\/top-narzedzia.pl\/wp-content\/uploads\/2026\/04\/603cecb2602f72c27b402817ec639867.jpg\" alt=\"\" title=\"\"><\/div>\n<div style=\"width: 99%;vertical-align: top;text-align: center\"><img decoding=\"async\" data-order=\"4\" style=\"width:100%;height:auto\" src=\"https:\/\/top-narzedzia.pl\/wp-content\/uploads\/2026\/04\/212ac5c7637132ba91d2ab56daca0726.jpg\" alt=\"\" title=\"\"><\/div>\n<\/div>\n<div>\n<div style=\"width: 100%;vertical-align: top;text-align: center\"><img decoding=\"async\" data-order=\"8\" style=\"width:100%;height:auto\" src=\"https:\/\/top-narzedzia.pl\/wp-content\/uploads\/2026\/04\/b65ebbddedd5c167dbd8bf12510b57d6.jpg\" alt=\"\" title=\"\"><\/div>\n<\/div>\n<div>\n<div style=\"width: 99%;vertical-align: top\">\n<p><b>Do ka\u017cdej spr\u0119\u017carki dodajemy 2X specjalny dedykowany olej LDAA-46 aby spr\u0119\u017carka by\u0142a od razu gotowa do pracy.<\/b><\/p>\n<\/div>\n<div style=\"width: 99%;vertical-align: top;text-align: center\"><img decoding=\"async\" data-order=\"9\" style=\"width:100%;height:auto\" src=\"https:\/\/top-narzedzia.pl\/wp-content\/uploads\/2026\/04\/6e6ee850425ea424ee3f8a7ec48bb1f8.jpg\" alt=\"\" title=\"\"><\/div>\n<\/div>","protected":false},"excerpt":{"rendered":"<p>SPR\u0118\u017bARKA 2090 RENOMOWANEJ MARKI PNEUMATYCZNEJ CYKLON Spr\u0119\u017carka &#8211; kompresor olejowy 960l\/min 2 t\u0142okowy 10 BAR 2090 2 X FILTR HEPA<\/p>","protected":false},"featured_media":10990,"template":"","meta":[],"product_brand":[],"product_cat":[100],"product_tag":[],"class_list":{"0":"post-11001","1":"product","2":"type-product","3":"status-publish","4":"has-post-thumbnail","6":"product_cat-pozostale","8":"first","9":"instock","10":"taxable","11":"shipping-taxable","12":"purchasable","13":"product-type-simple"},"_links":{"self":[{"href":"https:\/\/top-narzedzia.pl\/en\/wp-json\/wp\/v2\/product\/11001","targetHints":{"allow":["GET"]}}],"collection":[{"href":"https:\/\/top-narzedzia.pl\/en\/wp-json\/wp\/v2\/product"}],"about":[{"href":"https:\/\/top-narzedzia.pl\/en\/wp-json\/wp\/v2\/types\/product"}],"version-history":[{"count":1,"href":"https:\/\/top-narzedzia.pl\/en\/wp-json\/wp\/v2\/product\/11001\/revisions"}],"predecessor-version":[{"id":11002,"href":"https:\/\/top-narzedzia.pl\/en\/wp-json\/wp\/v2\/product\/11001\/revisions\/11002"}],"wp:featuredmedia":[{"embeddable":true,"href":"https:\/\/top-narzedzia.pl\/en\/wp-json\/wp\/v2\/media\/10990"}],"wp:attachment":[{"href":"https:\/\/top-narzedzia.pl\/en\/wp-json\/wp\/v2\/media?parent=11001"}],"wp:term":[{"taxonomy":"product_brand","embeddable":true,"href":"https:\/\/top-narzedzia.pl\/en\/wp-json\/wp\/v2\/product_brand?post=11001"},{"taxonomy":"product_cat","embeddable":true,"href":"https:\/\/top-narzedzia.pl\/en\/wp-json\/wp\/v2\/product_cat?post=11001"},{"taxonomy":"product_tag","embeddable":true,"href":"https:\/\/top-narzedzia.pl\/en\/wp-json\/wp\/v2\/product_tag?post=11001"}],"curies":[{"name":"wp","href":"https:\/\/api.w.org\/{rel}","templated":true}]}}