{"id":11014,"date":"2026-04-21T15:42:02","date_gmt":"2026-04-21T13:42:02","guid":{"rendered":"https:\/\/top-narzedzia.pl\/sklep\/bez-kategorii\/sprezarka-powietrza-pompa-kompresor-olejowy-1490-l-min-3-tloki-10-bar-v3090\/"},"modified":"2026-04-21T15:42:08","modified_gmt":"2026-04-21T13:42:08","slug":"sprezarka-powietrza-pompa-kompresor-olejowy-1490-l-min-3-tloki-10-bar-v3090","status":"publish","type":"product","link":"https:\/\/top-narzedzia.pl\/en\/sklep\/pozostale\/sprezarka-powietrza-pompa-kompresor-olejowy-1490-l-min-3-tloki-10-bar-v3090\/","title":{"rendered":"SPR\u0118\u017bARKA POWIETRZA POMPA KOMPRESOR OLEJOWY 1490 l\/min 3 T\u0141OKI 10 BAR V3090"},"content":{"rendered":"<div>\n<div style=\"width: 100%;vertical-align: top;text-align: center\"><img decoding=\"async\" data-order=\"10\" style=\"width:100%;height:auto\" src=\"https:\/\/top-narzedzia.pl\/wp-content\/uploads\/2026\/04\/0de49423da0896109576bfc160d46d85-2.jpg\" alt=\"\" title=\"\"><\/div>\n<\/div>\n<div>\n<div style=\"width: 100%;vertical-align: top\">\n<h2>SPR\u0118\u017bARKA V3090 RENOMOWANEJ MARKI PNEUMATYCZNEJ CYKLON<\/h2>\n<h2>2 x OLEJ W ZESTAWIE<\/h2>\n<\/div>\n<\/div>\n<div>\n<div style=\"width: 99%;vertical-align: top;text-align: center\"><img decoding=\"async\" data-order=\"8\" style=\"width:100%;height:auto\" src=\"https:\/\/top-narzedzia.pl\/wp-content\/uploads\/2026\/04\/6eb4d1745808d790b836e92b03e3cbc0.jpg\" alt=\"\" title=\"\"><\/div>\n<div style=\"width: 99%;vertical-align: top\">\n<p><b>\u2705Spr\u0119\u017carka trzyt\u0142okowa do kompresora o wydajno\u015bci 1490 l\/min 10-barowa , model V3090 (3-T\u0141OKI PO 90mm\u00a0 KA\u017bDY)<\/b><\/p>\n<p><b>\u2705Zalecana pojemno\u015b\u0107 butli do 500l oraz moc silnika &gt;5KW(7KM)<\/b><\/p>\n<p>\u2705\u015arednica ko\u0142a pasowego wynosi\u00a0<b>340 mm<\/b><\/p>\n<p><b>\u2705<\/b>Nap\u0119d na dwa paski <b>17mm<\/b><\/p>\n<p>\u2705Ko\u0142o pasowe nap\u0119dzane jest <b>dwoma<\/b>\u00a0<b>paskami klinowymi.<\/b><\/p>\n<p>\u2705Spr\u0119\u017carka wyposa\u017cona jest w <b>3 wielkie filtry powietrza z wydajnym podw\u00f3jnym systemem filtracji oraz wk\u0142adami HEPA.<\/b><\/p>\n<p><b>Rozstaw \u015brub monta\u017cowych: 17 x 25 cm<\/b><\/p>\n<\/div>\n<\/div>\n<div>\n<div style=\"width: 99%;vertical-align: top\">\n<h1>\u2705Dane techniczne:<\/h1>\n<ul>\n<li>Dane techniczne:<\/li>\n<li>zalecana moc silnika:\u00a0<b>5,5 kW &#8211; 7,5 kW<\/b><\/li>\n<li>zalecana pojemno\u015b\u0107 butli:<b>\u00a0od 200 do 500 L<\/b><\/li>\n<li>max ci\u015bnienie:\u00a0<b>10<\/b>\u00a0<b>Bar &#8211; ilo\u015b\u0107 cylindr\u00f3w 3 x 90 mm<\/b><\/li>\n<li>wydajno\u015b\u0107 teoretyczna:\u00a0<b>1490 l\/min<\/b><\/li>\n<li>wydajno\u015b\u0107 efektywna:<b> 1160 l\/min<\/b><\/li>\n<li>\u015brednica ko\u0142a pasowego:<b>\u00a0340 mm (pasek klinowy 2 x 17 mm)<\/b><\/li>\n<li>rozstaw \u015brub monta\u017cowych:<b>\u00a0\u00a0170 x 250 mm<\/b><\/li>\n<li>obroty:<b>\u00a0\u00a0lewe patrz\u0105c od strony ko\u0142a<\/b><\/li>\n<li>obroty:<b>\u00a0\u00a0980-1200 r\/min<\/b><\/li>\n<li><b>stosowany olej do kompresor\u00f3w powietrza LDAA-46<\/b><\/li>\n<li>wymiana oleju:<b>\u00a0pierwsza wymiana po 10 godzinach, nast\u0119pnie co 100 godzin<\/b><\/li>\n<li>prawid\u0142owy poziom oleju:<b>\u00a0zakryte 3\/4 szkie\u0142ka<\/b><\/li>\n<li><b>cylindry urz\u0105dzenia wykonane z \u017celiwa<\/b><\/li>\n<li>smarowanie:\u00a0<b>rozbryzgowe<\/b><\/li>\n<li>\u015brednica wylotu powietrza:<b>\u00a032 mm<\/b><\/li>\n<li>skok gwintu<b>: 1,5 mm<\/b><\/li>\n<\/ul>\n<\/div>\n<div style=\"width: 99%;vertical-align: top;text-align: center\"><img decoding=\"async\" data-order=\"4\" style=\"width:100%;height:auto\" src=\"https:\/\/top-narzedzia.pl\/wp-content\/uploads\/2026\/04\/9cb535d19effb08f18a450d93777c892.jpg\" alt=\"\" title=\"\"><\/div>\n<\/div>\n<div>\n<div style=\"width: 99%;vertical-align: top;text-align: center\"><img decoding=\"async\" data-order=\"5\" style=\"width:100%;height:auto\" src=\"https:\/\/top-narzedzia.pl\/wp-content\/uploads\/2026\/04\/a24d154572514ceee5e936c9ad9b7df5.jpg\" alt=\"\" title=\"\"><\/div>\n<div style=\"width: 99%;vertical-align: top\">\n<p>\u2705Urz\u0105dzenie wyposa\u017cone jest w\u00a0<b>trzy bardzo du\u017ce filtry powietrza z podw\u00f3jnym systemem wentylacji<\/b>\u00a0&#8211; takie rozwi\u0105zanie pozwala osi\u0105gn\u0105\u0107 maksymalnie du\u017c\u0105 wydajno\u015b\u0107 ze stosunkowo niewielkiej wymiarowo spr\u0119\u017carki.<\/p>\n<p>\u2705W spr\u0119\u017carce zamontowane zosta\u0142y utwardzane,\u00a0<b>\u017celiwne cylindry gwarantuj\u0105ce d\u0142ug\u0105 \u017cywotno\u015b\u0107<\/b>\u00a0oraz wydajne ch\u0142odzenie spr\u0119\u017carki. \u2705Dodatkowo konstrukcja posiada sprawdzone rozwi\u0105zania zwi\u0119kszaj\u0105ce ch\u0142odzenie spr\u0119\u017carki m.in radiatory ch\u0142odz\u0105ce oraz \u017ceberka ch\u0142odz\u0105ce na g\u0142owicach, przez co\u00a0<b>nasza konstrukcja cechuje si\u0119 du\u017c\u0105 odporno\u015bci\u0105 na uszkodzenia mechaniczne<\/b>\u00a0oraz bardzo dobr\u0105 zdolno\u015bci\u0105 do odprowadzania ciep\u0142a do otoczenia.<\/p>\n<\/div>\n<\/div>\n<div>\n<div style=\"width: 99%;vertical-align: top\">\n<p>\u2705Spr\u0119\u017carka wyposa\u017cona jest w <b>3 powi\u0119kszone filtry powietrza z wydajnym podw\u00f3jnym systemem filtracji.<\/b><\/p>\n<p><b>Rozstaw \u015brub monta\u017cowych spr\u0119\u017carki : 17 x 25 cm<\/b><\/p>\n<\/div>\n<div style=\"width: 99%;vertical-align: top;text-align: center\"><img decoding=\"async\" data-order=\"6\" style=\"width:100%;height:auto\" src=\"https:\/\/top-narzedzia.pl\/wp-content\/uploads\/2026\/04\/1337009ae201838218e707641e969a44.jpg\" alt=\"\" title=\"\"><\/div>\n<\/div>\n<div>\n<div style=\"width: 99%;vertical-align: top;text-align: center\"><img decoding=\"async\" data-order=\"7\" style=\"width:100%;height:auto\" src=\"https:\/\/top-narzedzia.pl\/wp-content\/uploads\/2026\/04\/6bca29d0ae46fdda25cc52d6d9c88c71.jpg\" alt=\"\" title=\"\"><\/div>\n<div style=\"width: 99%;vertical-align: top\">\n<p><b>\u2705Odprowadzenie ciep\u0142a<\/b><\/p>\n<p>Spr\u0119\u017carka zosta\u0142a zaprojektowana i wykonana pod k\u0105tem max wydajno\u015bci ch\u0142odzenia:<\/p>\n<p>\u2705ca\u0142a zosta\u0142a wykonana z \u017celiwa<\/p>\n<p>\u2705maksymalna liczba radiator\u00f3w na cylindrach i g\u0142owicy<\/p>\n<p>\u2705du\u017ce ko\u0142a pasowe z \u0142opatami, pe\u0142ni\u0105ce funkcj\u0119 wentylatora<\/p>\n<p>\u2705radiatory na rurkach miedzy g\u0142owicami<\/p>\n<\/div>\n<\/div>\n<div>\n<div style=\"width: 99%;vertical-align: top\">\n<p>\u2705Zastosowane rozwi\u0105zania umo\u017cliwi\u0142y uzyskanie\u00a0<b>wi\u0119kszej wydajno\u015bci<\/b>\u00a0zar\u00f3wno na wej\u015bciu jak i wyj\u015bciu ze spr\u0119\u017carki (technologia Air Force In\/Out).<\/p>\n<p><b>\u2705T\u0142oki i pier\u015bcienie<\/b>\u00a0zosta\u0142y wykonane\u00a0<b>z najwy\u017cszej jako\u015bci materia\u0142\u00f3w<\/b>.<\/p>\n<p>\u2705\u017beliwne<b>\u00a0cylindry i g\u0142owice<\/b>\u00a0spr\u0119\u017carki zosta\u0142y wyposa\u017cone w\u00a0<b>przed\u0142u\u017cone \u017cebrowania<\/b>, na rurach ci\u015bnieniowych \u0142\u0105cz\u0105cych cylindry zamontowane zosta\u0142y\u00a0<b>radiatory odprowadzaj\u0105ce ciep\u0142o<\/b>, co prze\u0142o\u017cy\u0142o si\u0119 na wydajniejsze odprowadzanie ciep\u0142a generowanego podczas pracy spr\u0119\u017carki \u2013 ca\u0142o\u015b\u0107 konstrukcji zosta\u0142a uzupe\u0142niona o\u00a0<b>wzmocnione ko\u0142o pasowe<\/b>\u00a0wraz umieszczonymi na nim \u0142opatkami sch\u0142adzaj\u0105cymi ca\u0142o\u015b\u0107 konstrukcji.<\/p>\n<\/div>\n<div style=\"width: 99%;vertical-align: top;text-align: center\"><img decoding=\"async\" data-order=\"3\" style=\"width:100%;height:auto\" src=\"https:\/\/top-narzedzia.pl\/wp-content\/uploads\/2026\/04\/b4a99ae4452dc5d4b2dcbf44fcd3d8ba.jpg\" alt=\"\" title=\"\"><\/div>\n<\/div>\n<div>\n<div style=\"width: 99%;vertical-align: top;text-align: center\"><img decoding=\"async\" data-order=\"5\" style=\"width:100%;height:auto\" src=\"https:\/\/top-narzedzia.pl\/wp-content\/uploads\/2026\/04\/a24d154572514ceee5e936c9ad9b7df5.jpg\" alt=\"\" title=\"\"><\/div>\n<div style=\"width: 99%;vertical-align: top\">\n<p>W spr\u0119\u017carce zastosowano dodatkowe r<b>ozwi\u0105zania wspomagaj\u0105ce odprowadzanie ciep\u0142a<\/b>, a tym samy d\u0142u\u017csz\u0105 \u017cywotno\u015b\u0107 kompresora:<\/p>\n<ul>\n<li><b>wzmocnione t\u0142oki i pier\u015bcienie t\u0142okowe<\/b>\u00a0wykonane z wysokiej jako\u015bci materia\u0142\u00f3w redukuj\u0105 tarcie wewn\u0105trz cylindra, a tym samy jego nagrzewanie<\/li>\n<li><b>\u017celiwne cylindry<\/b><\/li>\n<li><b>\u017celiwny korpus<\/b>\u00a0spr\u0119\u017carki<\/li>\n<li><b>powi\u0119kszone \u017cebrowanie,\u00a0<\/b>kt\u00f3re jeszcze lepiej odprowadza ciep\u0142o z pracuj\u0105cego urz\u0105dzenia<\/li>\n<li>r<b>ury ci\u015bnieniowe z zamontowanym radiatorem<\/b>\u00a0wspomagaj\u0105cym odprowadzanie ciep\u0142a<\/li>\n<\/ul>\n<\/div>\n<\/div>\n<div>\n<div style=\"width: 99%;vertical-align: top\">\n<p><b>Dob\u00f3r ko\u0142a pasowego:<\/b><\/p>\n<p>Nale\u017cy dobra\u0107 ko\u0142o pasowe w oparciu o pr\u0119dko\u015b\u0107 obrotow\u0105 silnika i wymagan\u0105 pr\u0119dko\u015b\u0107 obrotow\u0105 spr\u0119\u017carki.<\/p>\n<p>U\u017cywany jest nast\u0119puj\u0105cy wz\u00f3r:<\/p>\n<p>Ds = (Dc \u00d7 RPMc) \/ RPMs<\/p>\n<p>gdzie:<\/p>\n<ul>\n<li>Ds &#8211; \u015brednica ko\u0142a pasowego na silniku<\/li>\n<li>Dc &#8211; \u015brednica ko\u0142a pasowego na spr\u0119\u017carce<\/li>\n<li>RPMc &#8211; pr\u0119dko\u015b\u0107 obrotowa spr\u0119\u017carki<\/li>\n<li>RPMs &#8211; pr\u0119dko\u015b\u0107 obrotowa silnika<\/li>\n<\/ul>\n<p><b>Przyk\u0142ad:<\/b><\/p>\n<p>Za\u0142\u00f3\u017cmy, \u017ce mamy spr\u0119\u017cark\u0119 z pr\u0119dko\u015bci\u0105 obrotow\u0105 900 RPM (obrot\u00f3w na minut\u0119) i ko\u0142em pasowym o \u015brednicy 250 mm. Silnik elektryczny ma pr\u0119dko\u015b\u0107 1800 RPM. Obliczamy \u015brednic\u0119 ko\u0142a pasowego dla silnika:<\/p>\n<p>Ds = (250 mm \u00d7 900 RPM) \/ 1800 RPM = 125 mm<\/p>\n<p>W tym przypadku odpowiednia \u015brednica ko\u0142a pasowego na silniku wynosi 125 mm.<\/p>\n<p>Pami\u0119taj, \u017ce warto\u015bci te s\u0105 przyk\u0142adowe, a w rzeczywisto\u015bci nale\u017cy dostosowa\u0107 je do specyfikacji konkretnego silnika i spr\u0119\u017carki.<\/p>\n<\/div>\n<div style=\"width: 99%;vertical-align: top;text-align: center\"><img decoding=\"async\" data-order=\"4\" style=\"width:100%;height:auto\" src=\"https:\/\/top-narzedzia.pl\/wp-content\/uploads\/2026\/04\/9cb535d19effb08f18a450d93777c892.jpg\" alt=\"\" title=\"\"><\/div>\n<\/div>\n<div>\n<div style=\"width: 99%;vertical-align: top;text-align: center\"><img decoding=\"async\" data-order=\"1\" style=\"width:100%;height:auto\" src=\"https:\/\/top-narzedzia.pl\/wp-content\/uploads\/2026\/04\/5d21065b68b8669835d3193074b8a236.jpg\" alt=\"\" title=\"\"><\/div>\n<div style=\"width: 99%;vertical-align: top;text-align: center\"><img decoding=\"async\" data-order=\"4\" style=\"width:100%;height:auto\" src=\"https:\/\/top-narzedzia.pl\/wp-content\/uploads\/2026\/04\/9cb535d19effb08f18a450d93777c892.jpg\" alt=\"\" title=\"\"><\/div>\n<\/div>\n<div>\n<div style=\"width: 99%;vertical-align: top;text-align: center\"><img decoding=\"async\" data-order=\"0\" style=\"width:100%;height:auto\" src=\"https:\/\/top-narzedzia.pl\/wp-content\/uploads\/2026\/04\/07c72560ebd2099dd2327975e08a5131.jpg\" alt=\"\" title=\"\"><\/div>\n<div style=\"width: 99%;vertical-align: top;text-align: center\"><img decoding=\"async\" data-order=\"6\" style=\"width:100%;height:auto\" src=\"https:\/\/top-narzedzia.pl\/wp-content\/uploads\/2026\/04\/1337009ae201838218e707641e969a44.jpg\" alt=\"\" title=\"\"><\/div>\n<\/div>\n<div>\n<div style=\"width: 99%;vertical-align: top\">\n<p><b>Nasze spr\u0119\u017carki transportowane s\u0105 w specjalnych drewnianych skrzyniach aby zapobiec uszkodzeniom w transporcie.<\/b><\/p>\n<\/div>\n<div style=\"width: 99%;vertical-align: top;text-align: center\"><img decoding=\"async\" data-order=\"8\" style=\"width:100%;height:auto\" src=\"https:\/\/top-narzedzia.pl\/wp-content\/uploads\/2026\/04\/6eb4d1745808d790b836e92b03e3cbc0.jpg\" alt=\"\" title=\"\"><\/div>\n<\/div>\n<div>\n<div style=\"width: 99%;vertical-align: top;text-align: center\"><img decoding=\"async\" data-order=\"9\" style=\"width:100%;height:auto\" src=\"https:\/\/top-narzedzia.pl\/wp-content\/uploads\/2026\/04\/6e6ee850425ea424ee3f8a7ec48bb1f8-1.jpg\" alt=\"\" title=\"\"><\/div>\n<div style=\"width: 99%;vertical-align: top\">\n<p><b>Do ka\u017cdej spr\u0119\u017carki dodajemy specjalny dedykowany olej LDAA-100 aby spr\u0119\u017carka by\u0142a od razu gotowa do pracy.<\/b><\/p>\n<\/div>\n<\/div>","protected":false},"excerpt":{"rendered":"<p>SPR\u0118\u017bARKA V3090 RENOMOWANEJ MARKI PNEUMATYCZNEJ CYKLON 2 x OLEJ W ZESTAWIE \u2705Spr\u0119\u017carka trzyt\u0142okowa do kompresora o wydajno\u015bci 1490 l\/min 10-barowa<\/p>","protected":false},"featured_media":11003,"template":"","meta":[],"product_brand":[],"product_cat":[100],"product_tag":[],"class_list":{"0":"post-11014","1":"product","2":"type-product","3":"status-publish","4":"has-post-thumbnail","6":"product_cat-pozostale","8":"first","9":"instock","10":"taxable","11":"shipping-taxable","12":"purchasable","13":"product-type-simple"},"_links":{"self":[{"href":"https:\/\/top-narzedzia.pl\/en\/wp-json\/wp\/v2\/product\/11014","targetHints":{"allow":["GET"]}}],"collection":[{"href":"https:\/\/top-narzedzia.pl\/en\/wp-json\/wp\/v2\/product"}],"about":[{"href":"https:\/\/top-narzedzia.pl\/en\/wp-json\/wp\/v2\/types\/product"}],"version-history":[{"count":1,"href":"https:\/\/top-narzedzia.pl\/en\/wp-json\/wp\/v2\/product\/11014\/revisions"}],"predecessor-version":[{"id":11015,"href":"https:\/\/top-narzedzia.pl\/en\/wp-json\/wp\/v2\/product\/11014\/revisions\/11015"}],"wp:featuredmedia":[{"embeddable":true,"href":"https:\/\/top-narzedzia.pl\/en\/wp-json\/wp\/v2\/media\/11003"}],"wp:attachment":[{"href":"https:\/\/top-narzedzia.pl\/en\/wp-json\/wp\/v2\/media?parent=11014"}],"wp:term":[{"taxonomy":"product_brand","embeddable":true,"href":"https:\/\/top-narzedzia.pl\/en\/wp-json\/wp\/v2\/product_brand?post=11014"},{"taxonomy":"product_cat","embeddable":true,"href":"https:\/\/top-narzedzia.pl\/en\/wp-json\/wp\/v2\/product_cat?post=11014"},{"taxonomy":"product_tag","embeddable":true,"href":"https:\/\/top-narzedzia.pl\/en\/wp-json\/wp\/v2\/product_tag?post=11014"}],"curies":[{"name":"wp","href":"https:\/\/api.w.org\/{rel}","templated":true}]}}