{"id":11023,"date":"2026-04-21T15:51:20","date_gmt":"2026-04-21T13:51:20","guid":{"rendered":"https:\/\/top-narzedzia.pl\/sklep\/bez-kategorii\/stojak-wozek-lakierniczy-360st-obrotowy-8-ramienny-regulowany-95kg-mocny\/"},"modified":"2026-04-25T14:28:38","modified_gmt":"2026-04-25T12:28:38","slug":"stojak-wozek-lakierniczy-360st-obrotowy-8-ramienny-regulowany-95kg-mocny","status":"publish","type":"product","link":"https:\/\/top-narzedzia.pl\/en\/sklep\/pozostale\/stojak-wozek-lakierniczy-360st-obrotowy-8-ramienny-regulowany-95kg-mocny\/","title":{"rendered":"STOJAK W\u00d3ZEK LAKIERNICZY 360st OBROTOWY 8-RAMIENNY REGULOWANY 95kg MOCNY"},"content":{"rendered":"<div>\n<div style=\"width: 100%;vertical-align: top;text-align: center\"><img decoding=\"async\" data-order=\"6\" style=\"width:100%;height:auto\" src=\"https:\/\/top-narzedzia.pl\/wp-content\/uploads\/2026\/04\/be19109ce6e3ad609dacde9da56e9509.jpg\" alt=\"\" title=\"\"><\/div>\n<\/div>\n<div>\n<div style=\"width: 100%;vertical-align: top\">\n<h2>STOJAK W\u00d3ZEK LAKIERNICZY OBROTOWY 8-RAMIENNY 360&#8242;<\/h2>\n<h2>\u2b50\u2b50 POLSKIEJ MARKI PNEUMATYCZNEJ CYKLON<\/h2>\n<\/div>\n<\/div>\n<div>\n<div style=\"width: 99%;vertical-align: top;text-align: center\"><img decoding=\"async\" data-order=\"2\" style=\"width:100%;height:auto\" src=\"https:\/\/top-narzedzia.pl\/wp-content\/uploads\/2026\/04\/028a58193daecaad4c588e18cf6c6f85.jpg\" alt=\"\" title=\"\"><\/div>\n<div style=\"width: 99%;vertical-align: top;text-align: center\"><img decoding=\"async\" data-order=\"1\" style=\"width:100%;height:auto\" src=\"https:\/\/top-narzedzia.pl\/wp-content\/uploads\/2026\/04\/9d2b8be1dfeea35edb7bb5758a85e676.jpg\" alt=\"\" title=\"\"><\/div>\n<\/div>\n<div>\n<div style=\"width: 99%;vertical-align: top\">\n<p>\u2705\u00a0<b>Ocynkowany (i lakierowany) stojak o stabilnej konstrukcji i wygodnym mechanizmie obrotowym blokowanym peda\u0142em<\/b>\u00a0umo\u017cliwia u\u0142o\u017cenie obrabianych lub lakierowanych element\u00f3w w\u00a0<b>dowolnym po\u0142o\u017ceniu.<\/b>\u00a0<b>Du\u017ce ko\u0142a pozwalaj\u0105 \u0142atwo przemieszcza\u0107 stojak<\/b>. Nadaje si\u0119 do malowania wszystkich lu\u017anych cz\u0119\u015bci \u2013 masek, drzwi, zderzak\u00f3w etc. \u2013 umo\u017cliwia ich proste zamocowanie i dostosowanie ich po\u0142o\u017cenia. Daje tak\u017ce mo\u017cliwo\u015b\u0107 malowania ma\u0142ych cz\u0119\u015bci, takich jak spojlery, felgi, lusterka itp.<\/p>\n<p><b>Jako jeden z nielicznych na rynku wykonany z tak grubego profilu ramy 30x30mm zamkni\u0119tego o grubo\u015bci 2mm galwanizowanego a nastepnie malowanego proszkowo.<\/b><\/p>\n<p><b>NASZ STOJAK TO JAKO\u015a\u0106 I TRWA\u0141O\u015a\u0106 NA LATA<\/b><\/p>\n<\/div>\n<div style=\"width: 99%;vertical-align: top;text-align: center\"><img decoding=\"async\" data-order=\"0\" style=\"width:100%;height:auto\" src=\"https:\/\/top-narzedzia.pl\/wp-content\/uploads\/2026\/04\/69c9c188d7a5428f12eabf4ffd6d4586.jpg\" alt=\"\" title=\"\"><\/div>\n<\/div>\n<div>\n<div style=\"width: 99%;vertical-align: top;text-align: center\"><img decoding=\"async\" data-order=\"3\" style=\"width:100%;height:auto\" src=\"https:\/\/top-narzedzia.pl\/wp-content\/uploads\/2026\/04\/48140f0e3f804de5ea4ce0b1ebdaca73.jpg\" alt=\"\" title=\"\"><\/div>\n<div style=\"width: 99%;vertical-align: top\">\n<p><b>\u2705Z\u0119by na kole blokuj\u0105cym s\u0105 \u015bci\u015ble dopasowane co sprawia \u017ce elementy zawieszone na stojaku s\u0105 bardzo stabilne i nie chwiej\u0105 si\u0119.<\/b><\/p>\n<p>\u2b50<b>Jako wiod\u0105cy producent stojak\u00f3w stosujemy najnowsze technologie zwi\u0105zane z produkcj\u0105<\/b>. Stosujemy ci\u0119cie laserowe co w przypadku z\u0119batki obrotowej wyeliminowa\u0142o problem luzu w rurce. Dzi\u0119ki temu mo\u017cemy stwierdzi\u0107, \u017ce nasze stojaki s\u0105 stabilne w przypadku nawet najci\u0119\u017cszych prac.<\/p>\n<p><b>Ca\u0142a konstrukcja opiera si\u0119 na grubej stali wysokiej jako\u015bci w profilu zamkni\u0119tym, kt\u00f3ry zapewnia trwa\u0142o\u015b\u0107 na lata.<\/b><\/p>\n<\/div>\n<\/div>\n<div>\n<div style=\"width: 99%;vertical-align: top\">\n<p><b>\u2705Parametry:<\/b><\/p>\n<ul>\n<li>mocna stabilna sprawdzona konstrukcja<\/li>\n<li>system obrotowy sterowany peda\u0142em umo\u017cliwia obracanie elemtn\u00f3w o 360 stopni i ustawianie ich w r\u00f3\u017cnych najdogodniejszych pozycjach<\/li>\n<li>z\u0119by na kole blokujacym w kszta\u0142cie trapezu<\/li>\n<li>stojak wyposa\u017cony jest w dwa ko\u0142a, kt\u00f3rych bie\u017cnia pokryta jest gum\u0105 odporn\u0105 na dzia\u0142anie rozpuszczalnika<\/li>\n<li>stojak posiada 8 sztuk ramion z potr\u00f3jnym systemem zamocowa\u0144 oraz przed\u0142u\u017ck\u0119<\/li>\n<li>ca\u0142o\u015b\u0107 konstrukcji stojaka jest ocynkowana galwanicznie i polakierowana proszkowo<\/li>\n<\/ul>\n<\/div>\n<div style=\"width: 99%;vertical-align: top;text-align: center\"><img decoding=\"async\" data-order=\"0\" style=\"width:100%;height:auto\" src=\"https:\/\/top-narzedzia.pl\/wp-content\/uploads\/2026\/04\/69c9c188d7a5428f12eabf4ffd6d4586.jpg\" alt=\"\" title=\"\"><\/div>\n<\/div>\n<div>\n<div style=\"width: 99%;vertical-align: top;text-align: center\"><img decoding=\"async\" data-order=\"4\" style=\"width:100%;height:auto\" src=\"https:\/\/top-narzedzia.pl\/wp-content\/uploads\/2026\/04\/281e4b096df6fe35254e407bcba04a4c.jpg\" alt=\"\" title=\"\"><\/div>\n<div style=\"width: 99%;vertical-align: top\">\n<p><b>\u2705DANE TECHNICZNE:<\/b><\/p>\n<ul>\n<li>D\u0142ugo\u015b\u0107: 160 cm<\/li>\n<li>Szeroko\u015b\u0107: 80 cm<\/li>\n<li>Wysoko\u015b\u0107 do poprzeczki obrotowej: 100 cm<\/li>\n<li>D\u0142ugo\u015b\u0107 ramion mocuj\u0105cych: 73 cm<\/li>\n<li>Opakowanie: Karton o wymiarach 110*55*16<\/li>\n<li>Waga: 22 kg<\/li>\n<\/ul>\n<\/div>\n<\/div>","protected":false},"excerpt":{"rendered":"<p>STOJAK W\u00d3ZEK LAKIERNICZY OBROTOWY 8-RAMIENNY 360&#8242; \u2b50\u2b50 POLSKIEJ MARKI PNEUMATYCZNEJ CYKLON \u2705\u00a0Ocynkowany (i lakierowany) stojak o stabilnej konstrukcji i wygodnym<\/p>","protected":false},"featured_media":11016,"template":"","meta":[],"product_brand":[],"product_cat":[100],"product_tag":[],"class_list":{"0":"post-11023","1":"product","2":"type-product","3":"status-publish","4":"has-post-thumbnail","6":"product_cat-pozostale","8":"first","9":"instock","10":"taxable","11":"shipping-taxable","12":"purchasable","13":"product-type-simple"},"_links":{"self":[{"href":"https:\/\/top-narzedzia.pl\/en\/wp-json\/wp\/v2\/product\/11023","targetHints":{"allow":["GET"]}}],"collection":[{"href":"https:\/\/top-narzedzia.pl\/en\/wp-json\/wp\/v2\/product"}],"about":[{"href":"https:\/\/top-narzedzia.pl\/en\/wp-json\/wp\/v2\/types\/product"}],"version-history":[{"count":1,"href":"https:\/\/top-narzedzia.pl\/en\/wp-json\/wp\/v2\/product\/11023\/revisions"}],"predecessor-version":[{"id":11024,"href":"https:\/\/top-narzedzia.pl\/en\/wp-json\/wp\/v2\/product\/11023\/revisions\/11024"}],"wp:featuredmedia":[{"embeddable":true,"href":"https:\/\/top-narzedzia.pl\/en\/wp-json\/wp\/v2\/media\/11016"}],"wp:attachment":[{"href":"https:\/\/top-narzedzia.pl\/en\/wp-json\/wp\/v2\/media?parent=11023"}],"wp:term":[{"taxonomy":"product_brand","embeddable":true,"href":"https:\/\/top-narzedzia.pl\/en\/wp-json\/wp\/v2\/product_brand?post=11023"},{"taxonomy":"product_cat","embeddable":true,"href":"https:\/\/top-narzedzia.pl\/en\/wp-json\/wp\/v2\/product_cat?post=11023"},{"taxonomy":"product_tag","embeddable":true,"href":"https:\/\/top-narzedzia.pl\/en\/wp-json\/wp\/v2\/product_tag?post=11023"}],"curies":[{"name":"wp","href":"https:\/\/api.w.org\/{rel}","templated":true}]}}