{"id":11033,"date":"2026-04-21T15:51:34","date_gmt":"2026-04-21T13:51:34","guid":{"rendered":"https:\/\/top-narzedzia.pl\/sklep\/bez-kategorii\/kombinezon-lakierniczy-ochronny-antystatyczny-lekki-nylon-180-200cm-kaptur\/"},"modified":"2026-04-27T21:31:40","modified_gmt":"2026-04-27T19:31:40","slug":"kombinezon-lakierniczy-ochronny-antystatyczny-lekki-nylon-180-200cm-kaptur","status":"publish","type":"product","link":"https:\/\/top-narzedzia.pl\/en\/sklep\/pozostale\/kombinezon-lakierniczy-ochronny-antystatyczny-lekki-nylon-180-200cm-kaptur\/","title":{"rendered":"Kombinezon lakierniczy ochronny antystatyczny lekki nylon 180-200cm kaptur"},"content":{"rendered":"<div>\n<div style=\"width: 100%;vertical-align: top;text-align: center\"><img decoding=\"async\" data-order=\"7\" style=\"width:100%;height:auto\" src=\"https:\/\/top-narzedzia.pl\/wp-content\/uploads\/2026\/04\/afa6a75ce05d2608e3c162f5fa181cb4.jpg\" alt=\"\" title=\"\"><\/div>\n<\/div>\n<div>\n<div style=\"width: 99%;vertical-align: top\">\n<p><b>Kombinezon lakierniczy z materia\u0142u antystatycznego niebieski &#8211; rozmiar 5XL (pasuje na wzrost 180-200cm) HERKULES<\/b><\/p>\n<p>Kombinezon w wersji z kapturem i zawieszk\u0105 na okulary ochronne.<\/p>\n<p>Kombinezon lakierniczy lekki antystatyczny:<\/p>\n<ul>\n<li>Sk\u0142ad materia\u0142u: 97% poliester, 3% w\u0142\u00f3kno w\u0119glowe, gramatura: 115 gr\/m2.<\/li>\n<\/ul>\n<p>Kombinezony lakiernicze antystatyczne zastosowanie:<\/p>\n<ul>\n<li>Produkcja, serwis, procesy wymagaj\u0105ce najwy\u017cszej czysto\u015bci w bran\u017cy elektrotechnicznej farmaceutycznej, spo\u017cywczej, optycznej, laboratoriach i inne.<\/li>\n<li>Praca w pomieszczeniach czystych clean-room, laboratoriach i innych wymagaj\u0105cych zachowania najwy\u017cszego poziomu czysto\u015bci i ochrony przed wy\u0142adowaniami statycznymi<\/li>\n<li>Ochrona cia\u0142a i odzie\u017cy przed lakierami i farbami oraz py\u0142em.<\/li>\n<\/ul>\n<\/div>\n<div style=\"width: 99%;vertical-align: top;text-align: center\"><img decoding=\"async\" data-order=\"1\" style=\"width:100%;height:auto\" src=\"https:\/\/top-narzedzia.pl\/wp-content\/uploads\/2026\/04\/3645544ef0849f4c0b84b53729833229.jpg\" alt=\"\" title=\"\"><\/div>\n<\/div>\n<div>\n<div style=\"width: 99%;vertical-align: top;text-align: center\"><img decoding=\"async\" data-order=\"5\" style=\"width:100%;height:auto\" src=\"https:\/\/top-narzedzia.pl\/wp-content\/uploads\/2026\/04\/80c75045faf4f7d3e56f0eca25b463c4.jpg\" alt=\"\" title=\"\"><\/div>\n<div style=\"width: 99%;vertical-align: top;text-align: center\"><img decoding=\"async\" data-order=\"2\" style=\"width:100%;height:auto\" src=\"https:\/\/top-narzedzia.pl\/wp-content\/uploads\/2026\/04\/f55fa2a04b1e73949790546e00ae441e.jpg\" alt=\"\" title=\"\"><\/div>\n<\/div>\n<div>\n<div style=\"width: 99%;vertical-align: top;text-align: center\"><img decoding=\"async\" data-order=\"0\" style=\"width:100%;height:auto\" src=\"https:\/\/top-narzedzia.pl\/wp-content\/uploads\/2026\/04\/1e5a4392f5cc9ee634126e98275c006a.jpg\" alt=\"\" title=\"\"><\/div>\n<div style=\"width: 99%;vertical-align: top\">\n<h2>G\u0142\u00f3wne cechy przedmiotu<\/h2>\n<ul>\n<li>Wykonany z przyjaznego dla sk\u00f3ry nylonu, odpornego na zu\u017cycie i kurz, antystatycznego, wysokiej jako\u015bci materia\u0142u zapewniaj\u0105cego optymalne bezpiecze\u0144stwo i trwa\u0142o\u015b\u0107.<\/li>\n<li>Jednocz\u0119\u015bciowy kombinezon zakrywaj\u0105cy ca\u0142e cia\u0142o, z d\u0142ugim r\u0119kawem, d\u0142ugimi spodniami, kapturem, zamkiem b\u0142yskawicznym z przodu, wzorem w paski, dla m\u0119\u017cczyzn.<\/li>\n<li>Elastyczne mankiety skutecznie zapobiegaj\u0105 przedostawaniu si\u0119 kurzu i zanieczyszcze\u0144 do wn\u0119trza kombinezonu. Siatkowy patchwork na kapturze zapewnia oddychalno\u015b\u0107 i wyra\u017any s\u0142uch.<\/li>\n<li>Kombinezon antystatyczny zapewnia bezpiecze\u0144stwo podczas pracy w wymagaj\u0105cych warunkach.<\/li>\n<li>Nadaje si\u0119 dla pracownik\u00f3w warsztat\u00f3w, budowla\u0144c\u00f3w i pracownik\u00f3w utrzymania ruchu, a tak\u017ce do malowania natryskowego, do fabryk i innych zastosowa\u0144.<\/li>\n<\/ul>\n<\/div>\n<\/div>\n<div>\n<div style=\"width: 99%;vertical-align: top;text-align: center\"><img decoding=\"async\" data-order=\"1\" style=\"width:100%;height:auto\" src=\"https:\/\/top-narzedzia.pl\/wp-content\/uploads\/2026\/04\/3645544ef0849f4c0b84b53729833229.jpg\" alt=\"\" title=\"\"><\/div>\n<div style=\"width: 99%;vertical-align: top;text-align: center\"><img decoding=\"async\" data-order=\"3\" style=\"width:100%;height:auto\" src=\"https:\/\/top-narzedzia.pl\/wp-content\/uploads\/2026\/04\/01f3216517c5c8f86351d9e89a459630.jpg\" alt=\"\" title=\"\"><\/div>\n<\/div>\n<div>\n<div style=\"width: 100%;vertical-align: top;text-align: center\"><img decoding=\"async\" data-order=\"0\" style=\"width:100%;height:auto\" src=\"https:\/\/top-narzedzia.pl\/wp-content\/uploads\/2026\/04\/1e5a4392f5cc9ee634126e98275c006a.jpg\" alt=\"\" title=\"\"><\/div>\n<\/div>","protected":false},"excerpt":{"rendered":"<p>Kombinezon lakierniczy z materia\u0142u antystatycznego niebieski &#8211; rozmiar 5XL (pasuje na wzrost 180-200cm) HERKULES Kombinezon w wersji z kapturem i<\/p>","protected":false},"featured_media":11025,"template":"","meta":[],"product_brand":[],"product_cat":[100],"product_tag":[],"class_list":{"0":"post-11033","1":"product","2":"type-product","3":"status-publish","4":"has-post-thumbnail","6":"product_cat-pozostale","8":"first","9":"instock","10":"taxable","11":"shipping-taxable","12":"purchasable","13":"product-type-simple"},"_links":{"self":[{"href":"https:\/\/top-narzedzia.pl\/en\/wp-json\/wp\/v2\/product\/11033","targetHints":{"allow":["GET"]}}],"collection":[{"href":"https:\/\/top-narzedzia.pl\/en\/wp-json\/wp\/v2\/product"}],"about":[{"href":"https:\/\/top-narzedzia.pl\/en\/wp-json\/wp\/v2\/types\/product"}],"version-history":[{"count":1,"href":"https:\/\/top-narzedzia.pl\/en\/wp-json\/wp\/v2\/product\/11033\/revisions"}],"predecessor-version":[{"id":11034,"href":"https:\/\/top-narzedzia.pl\/en\/wp-json\/wp\/v2\/product\/11033\/revisions\/11034"}],"wp:featuredmedia":[{"embeddable":true,"href":"https:\/\/top-narzedzia.pl\/en\/wp-json\/wp\/v2\/media\/11025"}],"wp:attachment":[{"href":"https:\/\/top-narzedzia.pl\/en\/wp-json\/wp\/v2\/media?parent=11033"}],"wp:term":[{"taxonomy":"product_brand","embeddable":true,"href":"https:\/\/top-narzedzia.pl\/en\/wp-json\/wp\/v2\/product_brand?post=11033"},{"taxonomy":"product_cat","embeddable":true,"href":"https:\/\/top-narzedzia.pl\/en\/wp-json\/wp\/v2\/product_cat?post=11033"},{"taxonomy":"product_tag","embeddable":true,"href":"https:\/\/top-narzedzia.pl\/en\/wp-json\/wp\/v2\/product_tag?post=11033"}],"curies":[{"name":"wp","href":"https:\/\/api.w.org\/{rel}","templated":true}]}}