{"id":11067,"date":"2026-04-21T16:01:32","date_gmt":"2026-04-21T14:01:32","guid":{"rendered":"https:\/\/top-narzedzia.pl\/sklep\/bez-kategorii\/polmaska-maska-lakiernicza-typ-3m-7502-gazowa-p2-a1-antyalergiczna-12xfiltr\/"},"modified":"2026-05-02T03:11:44","modified_gmt":"2026-05-02T01:11:44","slug":"polmaska-maska-lakiernicza-typ-3m-7502-gazowa-p2-a1-antyalergiczna-12xfiltr","status":"publish","type":"product","link":"https:\/\/top-narzedzia.pl\/en\/sklep\/pozostale\/polmaska-maska-lakiernicza-typ-3m-7502-gazowa-p2-a1-antyalergiczna-12xfiltr\/","title":{"rendered":"P\u00d3\u0141MASKA MASKA LAKIERNICZA TYP 3M 7502 GAZOWA P2 A1 ANTYALERGICZNA 12xFILTR"},"content":{"rendered":"<div>\n<div style=\"width: 100%;vertical-align: top;text-align: center\"><img decoding=\"async\" data-order=\"15\" style=\"width:100%;height:auto\" src=\"https:\/\/top-narzedzia.pl\/wp-content\/uploads\/2026\/04\/dc665137747c5f3b3b24aa99d8642b38.jpg\" alt=\"\" title=\"\"><\/div>\n<\/div>\n<div>\n<div style=\"width: 100%;vertical-align: top\">\n<h2>P\u00d3\u0141MASKA MASKA PRZECIWPY\u0141OWA LAKIERNICZA GAZOWA &#8211; KOMPLETNA<\/h2>\n<h2>POLSKIEJ MARKI HERKULES (jako\u015b\u0107 produktu certyfikowanego)<\/h2>\n<p><b>* 3 &#8211; stopniowa filtracja <\/b><b>MASKA I POCH\u0141ANIACZE SPE\u0141NIAJ\u0104 NORMY EU (EN140 \/ EN14387 \/ EN149 \/ EN143)<\/b><\/p>\n<h2>TYP 7502 ROZMIAR M\/L (najbardziej uniwersalny)<\/h2>\n<h2>2 x POCH\u0141ANIACZE A1 (typ 6051)<\/h2>\n<h2>2 x obudowy &#8211; kasety filtr\u00f3w (typ 501)<\/h2>\n<h2>12 x Filtr wst\u0119pny bawe\u0142niany P2 (typ 5925)<\/h2>\n<h2>\u2705 wykonana elasto-silikonu najnowszej generacji (antyalergicznego)<\/h2>\n<p>DZI\u0118KI ZASTOSOWANIU TAKIEGO MATERIA\u0141U NASZA MASKA JAKO JEDNA Z NIELICZNYCH NA RYNKU JEST SUPER MIEKKA, ANTYALERGICZNA DOSKONALE SI\u0118 DOPASOWUJE DO TWARZY BEZ MOCNEGO DOCISKANIA PASK\u00d3W..&nbsp;<b>JEST TO NAJBARDZIEJ ZAAWANSOWANY MATERIA\u0141 STOSOWANY TYLKO W ORYGINALNYCH MASKACH<\/b><\/p>\n<p><b>P\u00f3\u0142maska wielorazowa&nbsp;<\/b>zosta\u0142a wykonana w celu zapewnienia&nbsp;<b>ochrony uk\u0142adu oddechowego i przed r\u00f3\u017cnymi zagro\u017ceniami,<\/b>&nbsp;takimi jak np.&nbsp;<b>pary, mg\u0142y, gazy, py\u0142y i aerozole.<\/b><\/p>\n<p>To nieocenione narz\u0119dzie dla&nbsp;<b>lakiernik\u00f3w&nbsp;<\/b>oraz os\u00f3b pracuj\u0105cych w \u015brodowisku wymagaj\u0105cego&nbsp;<b>ochrony oddechu.<\/b><\/p>\n<\/div>\n<\/div>\n<div>\n<div style=\"width: 99%;vertical-align: top;text-align: center\"><img decoding=\"async\" data-order=\"0\" style=\"width:100%;height:auto\" src=\"https:\/\/top-narzedzia.pl\/wp-content\/uploads\/2026\/04\/381f42d3b6b759e559dfa73f1a0d70c4.jpg\" alt=\"\" title=\"\"><\/div>\n<div style=\"width: 99%;vertical-align: top;text-align: center\"><img decoding=\"async\" data-order=\"1\" style=\"width:100%;height:auto\" src=\"https:\/\/top-narzedzia.pl\/wp-content\/uploads\/2026\/04\/905f4287da40c4b0fe960693ef9ac7f5.jpg\" alt=\"\" title=\"\"><\/div>\n<\/div>\n<div>\n<div style=\"width: 99%;vertical-align: top;text-align: center\"><img decoding=\"async\" data-order=\"3\" style=\"width:100%;height:auto\" src=\"https:\/\/top-narzedzia.pl\/wp-content\/uploads\/2026\/04\/16a4d81f371398f60128c0a05b52289c.jpg\" alt=\"\" title=\"\"><\/div>\n<div style=\"width: 99%;vertical-align: top;text-align: center\"><img decoding=\"async\" data-order=\"2\" style=\"width:100%;height:auto\" src=\"https:\/\/top-narzedzia.pl\/wp-content\/uploads\/2026\/04\/e3d7756a1fca54b66d783f6f87e115d8.jpg\" alt=\"\" title=\"\"><\/div>\n<\/div>\n<div>\n<div style=\"width: 99%;vertical-align: top\">\n<h2>\u2705 EKSTREMALNA OCHRONA:<\/h2>\n<h2>Budowa p\u00f3\u0142maski HERKULES HRK-HM 8809M (typ 3M 7502)<\/h2>\n<ul>\n<li><b>Materia\u0142:<\/b> Wykonana z mi\u0119kkiego silikonu, co jest jej ogromn\u0105 zalet\u0105. W przeciwie\u0144stwie do ta\u0144szych masek gumowych (jak seria 6000), silikon jest przyjemniejszy dla sk\u00f3ry, nie odparza sk\u00f3ry i lepiej dopasowuje si\u0119 do twarzy, zachowuj\u0105c szczelno\u015b\u0107.<\/li>\n<li><b>Zaw\u00f3r wydechowy Cool Flow:<\/b>&nbsp;U\u0142atwia wydychanie powietrza, redukuje ciep\u0142o i wilgo\u0107 wewn\u0105trz maski, co jest kluczowe przy pracy fizycznej (np. lakierowaniu ca\u0142ego samochodu).<\/li>\n<li><b>System mocowania:<\/b> Posiada system bagnetowy, kt\u00f3ry pozwala na szybki monta\u017c szerokiej gamy filtr\u00f3w i poch\u0142aniaczy. (3M, ABEK, A1, A2)<\/li>\n<li><b>P\u00f3\u0142maska jest doskona\u0142ej jako\u015bci zamiennikiem maski 3M 7502 zachowuj\u0105cym funkcje oraz wygod\u0119 w ka\u017cdym detalu. Spe\u0142nia surowe normy europejskie EN140 (w przeciwie\u0144stwie do wi\u0119kszo\u015bci zamiennik\u00f3w dost\u0119pnych na rynku)<\/b><\/li>\n<\/ul>\n<h2>Poch\u0142aniacze kasety filtr\u00f3w i filtry wst\u0119pne w zestawie<\/h2>\n<ul>\n<li><b>Komplet 2szt poch\u0142aniaczy w\u0119glowych typu P-A1 wysokiej jako\u015bci o budowie 3-warstwowej <\/b>doskonale chroni\u0105cych przed uci\u0105\u017cliwymi zapachami farb, lakier\u00f3w, benzyny, oraz innych substancji lotnych oraz gaz\u00f3w. <b>S\u0105 to doskona\u0142e zamienniki poch\u0142aniaczy 3M typ 6051 nie odbiegaj\u0105ce jako\u015bci\u0105 od orygina\u0142u oraz spe\u0142niaj\u0105ce normy EN14387<\/b>. (w przeciwie\u0144stwie do wi\u0119kszo\u015bci zamiennik\u00f3w bezfirmowych)<\/li>\n<li><b>Komplet 2szt kasety poch\u0142aniaczy typu 501<\/b><\/li>\n<li><b>Komplet 12szt filtr\u00f3w wst\u0119pnych ochronnych typu P2 (5925) spe\u0142niaj\u0105cych norm\u0119 EN149.<\/b><\/li>\n<\/ul>\n<\/div>\n<div style=\"width: 99%;vertical-align: top;text-align: center\"><img decoding=\"async\" data-order=\"11\" style=\"width:100%;height:auto\" src=\"https:\/\/top-narzedzia.pl\/wp-content\/uploads\/2026\/04\/c8b7b07fae93395cf790c3a9cc5ebf24.jpg\" alt=\"\" title=\"\"><\/div>\n<\/div>\n<div>\n<div style=\"width: 99%;vertical-align: top;text-align: center\"><img decoding=\"async\" data-order=\"8\" style=\"width:100%;height:auto\" src=\"https:\/\/top-narzedzia.pl\/wp-content\/uploads\/2026\/04\/8c6d5069321616ed1e7490cdf98233dd.jpg\" alt=\"\" title=\"\"><\/div>\n<div style=\"width: 99%;vertical-align: top\">\n<h2>\u2b50\u2705 SILIKON KLASY A (antyalergiczny)<\/h2>\n<p>W por\u00f3wnaniu do innych zamiennik\u00f3w, nasza p\u00f3\u0142maska wykonana jest z wysokiej jako\u015bci, mi\u0119kkiego i bezpiecznego dla zdrowia silikonu z elastomerem, dzi\u0119ki czemu jest o 50% bardziej mi\u0119kka i zapewnia przyjemniejsze uczucie na twarzy. Kilka minut p\u00f3\u017aniej zapominasz nawet, \u017ce masz na sobie mask\u0119. Nadaje si\u0119 do d\u0142ugiej pracy.<\/p>\n<\/div>\n<\/div>\n<div>\n<div style=\"width: 99%;vertical-align: top\">\n<h2>\u2705 \u0141ATWE ODDYCHANIE:<\/h2>\n<p>Skierowany w d\u00f3\u0142 zaw\u00f3r wylotowy powietrza zmniejsza op\u00f3r oddychania i wytwarzanie ciep\u0142a lub wilgoci. Wyposa\u017cone w podw\u00f3jne elastyczne opaski na g\u0142ow\u0119, kt\u00f3re mo\u017cna \u0142atwo regulowa\u0107. Dzi\u0119ki tej masce oddychanie w ka\u017cdych warunkach staje si\u0119 tak proste, jak to tylko mo\u017cliwe.<\/p>\n<h2>\u2705 SZEROKI ZAKRES ZASTOSOWA\u0143:<\/h2>\n<ul>\n<li><b>produkcja pojazd\u00f3w,<\/b><\/li>\n<li><b>produkcja samolot\u00f3w i modernizacja,<\/b><\/li>\n<li><b>czyszczenie kwasowe,<\/b><\/li>\n<li><b>wsz\u0119dzie, gdzie stosuje si\u0119 tradycyjne farby (w zale\u017cno\u015bci od warunk\u00f3w zastosowania),<\/b><\/li>\n<li><b>wytwarzanie i stosowanie materia\u0142\u00f3w samoprzylepnych,<\/b><\/li>\n<li><b>wytrawianie metali,<\/b><\/li>\n<li><b>produkcja farb i lakier\u00f3w,<\/b><\/li>\n<li><b>wytwarzanie i stosowanie \u017cywic,<\/b><\/li>\n<li><b>wyst\u0119powanie chloru, wybielaczy, chlorowodoru, dwutlenku siarki, rozpuszczalnik\u00f3w,<\/b><\/li>\n<li><b>procesy elektrolityczne,<\/b><\/li>\n<li><b>produkcja atrament\u00f3w i barwnik\u00f3w oraz ich stosowanie.<\/b><\/li>\n<\/ul>\n<\/div>\n<div style=\"width: 99%;vertical-align: top;text-align: center\"><img decoding=\"async\" data-order=\"6\" style=\"width:100%;height:auto\" src=\"https:\/\/top-narzedzia.pl\/wp-content\/uploads\/2026\/04\/0658d3ba4e7e6929a43def4f274296fd.jpg\" alt=\"\" title=\"\"><\/div>\n<\/div>\n<div>\n<div style=\"width: 99%;vertical-align: top;text-align: center\"><img decoding=\"async\" data-order=\"9\" style=\"width:100%;height:auto\" src=\"https:\/\/top-narzedzia.pl\/wp-content\/uploads\/2026\/04\/29a5a481b65f7c200a6c860507862bdf.jpg\" alt=\"\" title=\"\"><\/div>\n<div style=\"width: 99%;vertical-align: top\">\n<h2>\u2705Kiedy wymienia\u0107 filtry?<\/h2>\n<ul>\n<li>Filtr przeciwpy\u0142owy (bia\u0142y):&nbsp;Wymieniasz, gdy czujesz op\u00f3r przy oddychaniu (jest zapchany py\u0142em) lub gdy jest widocznie brudny od farby.<\/li>\n<li>Poch\u0142aniacz w\u0119glowy (szary\/br\u0105zowy):&nbsp;Wymieniasz, gdy&nbsp;poczujesz zapach lakieru\/rozpuszczalnika&nbsp;wewn\u0105trz maski. To znak, \u017ce w\u0119giel aktywny si\u0119 zu\u017cy\u0142.Wa\u017cne: Po sko\u0144czonej pracy pakuj mask\u0119 szczelnie do worka strunowego. W\u0119giel aktywny dzia\u0142a ca\u0142y czas i ch\u0142onie wilgo\u0107 oraz zapachy z otoczenia, nawet gdy nie masz maski na twarzy.<b>* DODATKOWE FILTRY (POCH\u0141ANIACZE) ZNAJDZIESZ W NASZYCH OFERTACH<\/b><\/li>\n<\/ul>\n<\/div>\n<\/div>\n<div>\n<div style=\"width: 100%;vertical-align: top;text-align: center\"><img decoding=\"async\" data-order=\"4\" style=\"width:100%;height:auto\" src=\"https:\/\/top-narzedzia.pl\/wp-content\/uploads\/2026\/04\/ffa5b70797aeba6a78372e4970dc774d.jpg\" alt=\"\" title=\"\"><\/div>\n<\/div>\n<div>\n<div style=\"width: 99%;vertical-align: top\">\n<h2>\u2714\ufe0f\u2714\ufe0fSpecyfikacja:<\/h2>\n<p>G\u0142\u00f3wny materia\u0142: <b>silikon termoplastyczny z elastomerem (TPE)<\/b><\/p>\n<p>rozmiar: <b>jeden rozmiar uniwersalny M \/ L<\/b><\/p>\n<p><b>Zakres zastosowania:<\/b> Nadaje si\u0119 do ochrony dr\u00f3g oddechowych przed py\u0142ami, parami, gazami, aerozolami, gazami organicznymi i innymi substancjami lotnymi.<\/p>\n<p><b>Polecane bran\u017ce:<\/b> motoryzacja, budownictwo, obr\u00f3bka drewna, przemys\u0142 chemiczny, lakiernictwo, rolnictwo.<\/p>\n<h2>\u2714\ufe0f\u2714\ufe0fSk\u0142ad zestawu\uff1a<\/h2>\n<p>1x P\u00f3\u0142maska filtracyjna&nbsp;<b>Herkules HRK-HM (8809M) r.M\/L&nbsp;<\/b>&nbsp;(spe\u0142niaj\u0105ca normy europejskie EN140)<\/p>\n<p><b>2x 3-stopniowy filtr w\u0119glowy P-A1&nbsp; (spe\u0142niaj\u0105cy normy EN14387)<\/b><\/p>\n<p><b>12x Bawe\u0142na filtruj\u0105ca KN95 FFP2 (spe\u0142niaj\u0105cy normy EN149)<\/b><\/p>\n<p><b>2x Pokrywa kasety filtra P-A-1 (spe\u0142niaj\u0105cy normy EN143)<\/b><\/p>\n<\/div>\n<div style=\"width: 99%;vertical-align: top;text-align: center\"><img decoding=\"async\" data-order=\"0\" style=\"width:100%;height:auto\" src=\"https:\/\/top-narzedzia.pl\/wp-content\/uploads\/2026\/04\/381f42d3b6b759e559dfa73f1a0d70c4.jpg\" alt=\"\" title=\"\"><\/div>\n<\/div>\n<div>\n<div style=\"width: 99%;vertical-align: top;text-align: center\"><img decoding=\"async\" data-order=\"10\" style=\"width:100%;height:auto\" src=\"https:\/\/top-narzedzia.pl\/wp-content\/uploads\/2026\/04\/bb8a8e5d6327806622842910851b25bd.jpg\" alt=\"\" title=\"\"><\/div>\n<div style=\"width: 99%;vertical-align: top;text-align: center\"><img decoding=\"async\" data-order=\"11\" style=\"width:100%;height:auto\" src=\"https:\/\/top-narzedzia.pl\/wp-content\/uploads\/2026\/04\/c8b7b07fae93395cf790c3a9cc5ebf24.jpg\" alt=\"\" title=\"\"><\/div>\n<\/div>\n<div>\n<div style=\"width: 99%;vertical-align: top;text-align: center\"><img decoding=\"async\" data-order=\"7\" style=\"width:100%;height:auto\" src=\"https:\/\/top-narzedzia.pl\/wp-content\/uploads\/2026\/04\/8d1d49daab9f2bb47ce9a1c7d48965c1.jpg\" alt=\"\" title=\"\"><\/div>\n<div style=\"width: 99%;vertical-align: top;text-align: center\"><img decoding=\"async\" data-order=\"8\" style=\"width:100%;height:auto\" src=\"https:\/\/top-narzedzia.pl\/wp-content\/uploads\/2026\/04\/8c6d5069321616ed1e7490cdf98233dd.jpg\" alt=\"\" title=\"\"><\/div>\n<\/div>\n<div>\n<div style=\"width: 100%;vertical-align: top;text-align: center\"><img decoding=\"async\" data-order=\"3\" style=\"width:100%;height:auto\" src=\"https:\/\/top-narzedzia.pl\/wp-content\/uploads\/2026\/04\/16a4d81f371398f60128c0a05b52289c.jpg\" alt=\"\" title=\"\"><\/div>\n<\/div>","protected":false},"excerpt":{"rendered":"<p>P\u00d3\u0141MASKA MASKA PRZECIWPY\u0141OWA LAKIERNICZA GAZOWA &#8211; KOMPLETNA POLSKIEJ MARKI HERKULES (jako\u015b\u0107 produktu certyfikowanego) * 3 &#8211; stopniowa filtracja MASKA I<\/p>","protected":false},"featured_media":11051,"template":"","meta":[],"product_brand":[],"product_cat":[100],"product_tag":[],"class_list":{"0":"post-11067","1":"product","2":"type-product","3":"status-publish","4":"has-post-thumbnail","6":"product_cat-pozostale","8":"first","9":"instock","10":"taxable","11":"shipping-taxable","12":"purchasable","13":"product-type-simple"},"_links":{"self":[{"href":"https:\/\/top-narzedzia.pl\/en\/wp-json\/wp\/v2\/product\/11067","targetHints":{"allow":["GET"]}}],"collection":[{"href":"https:\/\/top-narzedzia.pl\/en\/wp-json\/wp\/v2\/product"}],"about":[{"href":"https:\/\/top-narzedzia.pl\/en\/wp-json\/wp\/v2\/types\/product"}],"version-history":[{"count":1,"href":"https:\/\/top-narzedzia.pl\/en\/wp-json\/wp\/v2\/product\/11067\/revisions"}],"predecessor-version":[{"id":11068,"href":"https:\/\/top-narzedzia.pl\/en\/wp-json\/wp\/v2\/product\/11067\/revisions\/11068"}],"wp:featuredmedia":[{"embeddable":true,"href":"https:\/\/top-narzedzia.pl\/en\/wp-json\/wp\/v2\/media\/11051"}],"wp:attachment":[{"href":"https:\/\/top-narzedzia.pl\/en\/wp-json\/wp\/v2\/media?parent=11067"}],"wp:term":[{"taxonomy":"product_brand","embeddable":true,"href":"https:\/\/top-narzedzia.pl\/en\/wp-json\/wp\/v2\/product_brand?post=11067"},{"taxonomy":"product_cat","embeddable":true,"href":"https:\/\/top-narzedzia.pl\/en\/wp-json\/wp\/v2\/product_cat?post=11067"},{"taxonomy":"product_tag","embeddable":true,"href":"https:\/\/top-narzedzia.pl\/en\/wp-json\/wp\/v2\/product_tag?post=11067"}],"curies":[{"name":"wp","href":"https:\/\/api.w.org\/{rel}","templated":true}]}}