{"id":11085,"date":"2026-04-21T16:02:04","date_gmt":"2026-04-21T14:02:04","guid":{"rendered":"https:\/\/top-narzedzia.pl\/sklep\/bez-kategorii\/zestaw-szybek-do-przylbicy-samosciemniajacej-maski-herkules-2szt-zew-wew\/"},"modified":"2026-04-21T16:02:04","modified_gmt":"2026-04-21T14:02:04","slug":"zestaw-szybek-do-przylbicy-samosciemniajacej-maski-herkules-2szt-zew-wew","status":"publish","type":"product","link":"https:\/\/top-narzedzia.pl\/en\/sklep\/pozostale\/zestaw-szybek-do-przylbicy-samosciemniajacej-maski-herkules-2szt-zew-wew\/","title":{"rendered":"ZESTAW SZYBEK do przy\u0142bicy samo\u015bciemniaj\u0105cej maski HERKULES 2szt ZEW WEW"},"content":{"rendered":"","protected":false},"excerpt":{"rendered":"","protected":false},"featured_media":11080,"template":"","meta":[],"product_brand":[],"product_cat":[100],"product_tag":[],"class_list":{"0":"post-11085","1":"product","2":"type-product","3":"status-publish","4":"has-post-thumbnail","6":"product_cat-pozostale","8":"first","9":"instock","10":"taxable","11":"shipping-taxable","12":"purchasable","13":"product-type-simple"},"_links":{"self":[{"href":"https:\/\/top-narzedzia.pl\/en\/wp-json\/wp\/v2\/product\/11085","targetHints":{"allow":["GET"]}}],"collection":[{"href":"https:\/\/top-narzedzia.pl\/en\/wp-json\/wp\/v2\/product"}],"about":[{"href":"https:\/\/top-narzedzia.pl\/en\/wp-json\/wp\/v2\/types\/product"}],"version-history":[{"count":0,"href":"https:\/\/top-narzedzia.pl\/en\/wp-json\/wp\/v2\/product\/11085\/revisions"}],"wp:featuredmedia":[{"embeddable":true,"href":"https:\/\/top-narzedzia.pl\/en\/wp-json\/wp\/v2\/media\/11080"}],"wp:attachment":[{"href":"https:\/\/top-narzedzia.pl\/en\/wp-json\/wp\/v2\/media?parent=11085"}],"wp:term":[{"taxonomy":"product_brand","embeddable":true,"href":"https:\/\/top-narzedzia.pl\/en\/wp-json\/wp\/v2\/product_brand?post=11085"},{"taxonomy":"product_cat","embeddable":true,"href":"https:\/\/top-narzedzia.pl\/en\/wp-json\/wp\/v2\/product_cat?post=11085"},{"taxonomy":"product_tag","embeddable":true,"href":"https:\/\/top-narzedzia.pl\/en\/wp-json\/wp\/v2\/product_tag?post=11085"}],"curies":[{"name":"wp","href":"https:\/\/api.w.org\/{rel}","templated":true}]}}