{"id":11098,"date":"2026-04-21T16:11:35","date_gmt":"2026-04-21T14:11:35","guid":{"rendered":"https:\/\/top-narzedzia.pl\/sklep\/bez-kategorii\/silnik-elektryczny-cyklon-3-fazowy-trzy-fazowy-380v-400v-silowy-4km-35kw\/"},"modified":"2026-04-27T18:00:40","modified_gmt":"2026-04-27T16:00:40","slug":"silnik-elektryczny-cyklon-3-fazowy-trzy-fazowy-380v-400v-silowy-4km-35kw","status":"publish","type":"product","link":"https:\/\/top-narzedzia.pl\/en\/sklep\/pozostale\/silnik-elektryczny-cyklon-3-fazowy-trzy-fazowy-380v-400v-silowy-4km-35kw\/","title":{"rendered":"SILNIK ELEKTRYCZNY CYKLON 3 FAZOWY TRZY FAZOWY 380V 400V SI\u0141OWY 4KM 3,5kW"},"content":{"rendered":"<div>\n<div style=\"width: 100%;vertical-align: top;text-align: center\"><img decoding=\"async\" data-order=\"11\" style=\"width:100%;height:auto\" src=\"https:\/\/top-narzedzia.pl\/wp-content\/uploads\/2026\/04\/e03a161891464910794c3d6733b0d3f7.jpg\" alt=\"\" title=\"\"><\/div>\n<\/div>\n<div>\n<div style=\"width: 99%;vertical-align: top\">\n<h2>Silniki elektryczne og\u00f3lnego przeznaczenia w obudowie aluminiowej.<\/h2>\n<p>Spe\u0142niaj\u0105 wszystkie standardowe wymagania u\u017cytkownik\u00f3w ko\u0144cowych oraz producent\u00f3w maszyn i urz\u0105dze\u0144. Solidna konstrukcja oraz zastosowane materia\u0142y gwarantuj\u0105 d\u0142ugoletni\u0105 i bezawaryjn\u0105 prac\u0119, maj\u0105cych swoje zastosowanie w przemy\u015ble, rolnictwie oraz w szeregu aplikacji stosowanych powszechnie w gospodarstwach domowych.<\/p>\n<p>Produkowane s\u0105 zgodnie z normami mi\u0119dzynarodowymi,\u00a0<b>posiadaj\u0105 certyfikaty CE<\/b>. W silnikach zastosowano izolacj\u0119 klasy F. Kad\u0142uby silnik\u00f3w, tarcze \u0142o\u017cyskowe oraz \u0142apy wykonane s\u0105 z odpornego na korozj\u0119 aluminium.<\/p>\n<h2>SILNIK ELEKTRYCZNY 3-FAZOWY 400V 2850RPM<\/h2>\n<h2>MOC MAKSYMALNA 4,0 kW<\/h2>\n<h2>MOC NOMINALNA (CI\u0104G\u0141A) 3,5 kW<\/h2>\n<h2>PODW\u00d3JNE KO\u0141O PASOWE W ZESTAWIE 85MM NA PASEK 13MM<\/h2>\n<\/div>\n<div style=\"width: 99%;vertical-align: top;text-align: center\"><img decoding=\"async\" data-order=\"1\" style=\"width:100%;height:auto\" src=\"https:\/\/top-narzedzia.pl\/wp-content\/uploads\/2026\/04\/fa24df0741c24be9f238fc427877cb46.jpg\" alt=\"\" title=\"\"><\/div>\n<\/div>\n<div>\n<div style=\"width: 99%;vertical-align: top;text-align: center\"><img decoding=\"async\" data-order=\"9\" style=\"width:100%;height:auto\" src=\"https:\/\/top-narzedzia.pl\/wp-content\/uploads\/2026\/04\/ecb983814888952fcbb6445c15a54399.jpg\" alt=\"\" title=\"\"><\/div>\n<div style=\"width: 99%;vertical-align: top\">\n<h2>SILNIK ELEKTRYCZNY TR\u00d3JFAZOWY 4 kW<\/h2>\n<p><b>PARAMETRY TECHNICZNE:<\/b><\/p>\n<h2>Typ AC 4,0kW\/400V\/2850 IE2<\/h2>\n<ul>\n<li><b>Moc<\/b>\u00a0<b>maksymalna<\/b> 4,0kW<\/li>\n<li><b>Moc znamionowa (ci\u0105g\u0142a)<\/b> 3,5kW<\/li>\n<li><b>Obroty<\/b>\u00a02850 obr\/min<\/li>\n<li><b>\u015arednica wa\u0142ka<\/b>\u00a028 mm<\/li>\n<li><b>Mocowanie ko\u0142nierzowo-\u0142apowe B35<\/b><\/li>\n<li><b>Wielko\u015b\u0107 mechaniczna\u00a0<\/b>112<\/li>\n<li><b>Obudowa aluminiowa<\/b><\/li>\n<li><b>UZWOJENIE I STOJAN WZMOCNIONE<\/b><\/li>\n<li><b>Napi\u0119cie<\/b>\u00a0400V<\/li>\n<\/ul>\n<\/div>\n<\/div>\n<div>\n<div style=\"width: 99%;vertical-align: top\">\n<h2>Obudowa silnika zosta\u0142a wykonana z niezwykle lekkiego ale tak\u017ce trwa\u0142ego aluminium, co w po\u0142\u0105czeniu z solidnym i mocnym wentylatorem znacz\u0105co poprawia odprowadzanie ciep\u0142a z uk\u0142adu do otoczenia.<\/h2>\n<h2>Metalowa, trwa\u0142a os\u0142ona wentylatora zapewnia skuteczn\u0105 i d\u0142ugotrwa\u0142\u0105 ochron\u0119 silnika.<\/h2>\n<p>Silniki te przystosowane s\u0105 do pracy w maszynach i urz\u0105dzeniach pracuj\u0105cych pod pe\u0142nym obci\u0105\u017ceniem z zachowaniem odpowiednich przerw pracy na biegu ja\u0142owym celem wystudzenie si\u0119 uzwojenia.<\/p>\n<p>* Urz\u0105dzenia typu pilarki drewna i krajzegi powoduj\u0105 przegrzewanie si\u0119 stojanu i uzwojenia ka\u017cdego silnika elektrycznego\u00a0 &#8211; dlatego wymagana jest praca pod obci\u0105\u017ceniem przeplatana z prac\u0105 bez obci\u0105\u017cenia (na biegu ja\u0142owym) aby nie dosz\u0142o do spalenia uzwojenia.<\/p>\n<\/div>\n<div style=\"width: 99%;vertical-align: top;text-align: center\"><img decoding=\"async\" data-order=\"7\" style=\"width:100%;height:auto\" src=\"https:\/\/top-narzedzia.pl\/wp-content\/uploads\/2026\/04\/a802edb906a6c9649a7e66cbe6847038.jpg\" alt=\"\" title=\"\"><\/div>\n<\/div>\n<div>\n<div style=\"width: 99%;vertical-align: top;text-align: center\"><img decoding=\"async\" data-order=\"0\" style=\"width:100%;height:auto\" src=\"https:\/\/top-narzedzia.pl\/wp-content\/uploads\/2026\/04\/174d02955f115270f610f46011e8ee03.jpg\" alt=\"\" title=\"\"><\/div>\n<div style=\"width: 99%;vertical-align: top;text-align: center\"><img decoding=\"async\" data-order=\"4\" style=\"width:100%;height:auto\" src=\"https:\/\/top-narzedzia.pl\/wp-content\/uploads\/2026\/04\/47ae55d9f403be1d2fa5ce80142e214a.jpg\" alt=\"\" title=\"\"><\/div>\n<\/div>\n<div>\n<div style=\"width: 100%;vertical-align: top\">\n<h2>Silnik umieszczany jest w drewnianej skrzyni z r\u0105czkami aby bezpiecznie m\u00f3g\u0142 zosta\u0107 transportowany do klienta bez ryzyka uszkodze\u0144 oraz odkszta\u0142ce\u0144 &#8211; co jest bardzo wa\u017cne.<\/h2>\n<\/div>\n<\/div>\n<div>\n<div style=\"width: 99%;vertical-align: top;text-align: center\"><img decoding=\"async\" data-order=\"10\" style=\"width:100%;height:auto\" src=\"https:\/\/top-narzedzia.pl\/wp-content\/uploads\/2026\/04\/c00c532e4dc071c75af17331b885681b.jpg\" alt=\"\" title=\"\"><\/div>\n<div style=\"width: 99%;vertical-align: top\">\n<p>Obudowa silnika zosta\u0142a wykonana z niezwykle lekkiego ale tak\u017ce trwa\u0142ego aluminium, co w po\u0142\u0105czeniu z solidnym i mocnym wentylatorem znacz\u0105co poprawia odprowadzanie ciep\u0142a z uk\u0142adu do otoczenia.<\/p>\n<p>Metalowa, trwa\u0142a os\u0142ona wentylatora zapewnia skuteczn\u0105 i d\u0142ugotrwa\u0142\u0105 ochron\u0119 silnika.<\/p>\n<\/div>\n<\/div>\n<div>\n<div style=\"width: 99%;vertical-align: top;text-align: center\"><img decoding=\"async\" data-order=\"0\" style=\"width:100%;height:auto\" src=\"https:\/\/top-narzedzia.pl\/wp-content\/uploads\/2026\/04\/174d02955f115270f610f46011e8ee03.jpg\" alt=\"\" title=\"\"><\/div>\n<div style=\"width: 99%;vertical-align: top;text-align: center\"><img decoding=\"async\" data-order=\"2\" style=\"width:100%;height:auto\" src=\"https:\/\/top-narzedzia.pl\/wp-content\/uploads\/2026\/04\/43fe54381947ab6f5e745c26c8a9e124.jpg\" alt=\"\" title=\"\"><\/div>\n<\/div>\n<div>\n<div style=\"width: 99%;vertical-align: top;text-align: center\"><img decoding=\"async\" data-order=\"1\" style=\"width:100%;height:auto\" src=\"https:\/\/top-narzedzia.pl\/wp-content\/uploads\/2026\/04\/fa24df0741c24be9f238fc427877cb46.jpg\" alt=\"\" title=\"\"><\/div>\n<div style=\"width: 99%;vertical-align: top;text-align: center\"><img decoding=\"async\" data-order=\"4\" style=\"width:100%;height:auto\" src=\"https:\/\/top-narzedzia.pl\/wp-content\/uploads\/2026\/04\/47ae55d9f403be1d2fa5ce80142e214a.jpg\" alt=\"\" title=\"\"><\/div>\n<\/div>\n<div>\n<div style=\"width: 99%;vertical-align: top;text-align: center\"><img decoding=\"async\" data-order=\"7\" style=\"width:100%;height:auto\" src=\"https:\/\/top-narzedzia.pl\/wp-content\/uploads\/2026\/04\/a802edb906a6c9649a7e66cbe6847038.jpg\" alt=\"\" title=\"\"><\/div>\n<div style=\"width: 99%;vertical-align: top;text-align: center\"><img decoding=\"async\" data-order=\"8\" style=\"width:100%;height:auto\" src=\"https:\/\/top-narzedzia.pl\/wp-content\/uploads\/2026\/04\/1f89828e8607d4347424bc4e36d4e346.jpg\" alt=\"\" title=\"\"><\/div>\n<\/div>","protected":false},"excerpt":{"rendered":"<p>Silniki elektryczne og\u00f3lnego przeznaczenia w obudowie aluminiowej. Spe\u0142niaj\u0105 wszystkie standardowe wymagania u\u017cytkownik\u00f3w ko\u0144cowych oraz producent\u00f3w maszyn i urz\u0105dze\u0144. Solidna konstrukcja<\/p>","protected":false},"featured_media":11086,"template":"","meta":[],"product_brand":[],"product_cat":[100],"product_tag":[],"class_list":{"0":"post-11098","1":"product","2":"type-product","3":"status-publish","4":"has-post-thumbnail","6":"product_cat-pozostale","8":"first","9":"instock","10":"taxable","11":"shipping-taxable","12":"purchasable","13":"product-type-simple"},"_links":{"self":[{"href":"https:\/\/top-narzedzia.pl\/en\/wp-json\/wp\/v2\/product\/11098","targetHints":{"allow":["GET"]}}],"collection":[{"href":"https:\/\/top-narzedzia.pl\/en\/wp-json\/wp\/v2\/product"}],"about":[{"href":"https:\/\/top-narzedzia.pl\/en\/wp-json\/wp\/v2\/types\/product"}],"version-history":[{"count":1,"href":"https:\/\/top-narzedzia.pl\/en\/wp-json\/wp\/v2\/product\/11098\/revisions"}],"predecessor-version":[{"id":11099,"href":"https:\/\/top-narzedzia.pl\/en\/wp-json\/wp\/v2\/product\/11098\/revisions\/11099"}],"wp:featuredmedia":[{"embeddable":true,"href":"https:\/\/top-narzedzia.pl\/en\/wp-json\/wp\/v2\/media\/11086"}],"wp:attachment":[{"href":"https:\/\/top-narzedzia.pl\/en\/wp-json\/wp\/v2\/media?parent=11098"}],"wp:term":[{"taxonomy":"product_brand","embeddable":true,"href":"https:\/\/top-narzedzia.pl\/en\/wp-json\/wp\/v2\/product_brand?post=11098"},{"taxonomy":"product_cat","embeddable":true,"href":"https:\/\/top-narzedzia.pl\/en\/wp-json\/wp\/v2\/product_cat?post=11098"},{"taxonomy":"product_tag","embeddable":true,"href":"https:\/\/top-narzedzia.pl\/en\/wp-json\/wp\/v2\/product_tag?post=11098"}],"curies":[{"name":"wp","href":"https:\/\/api.w.org\/{rel}","templated":true}]}}