{"id":11148,"date":"2026-04-21T16:21:58","date_gmt":"2026-04-21T14:21:58","guid":{"rendered":"https:\/\/top-narzedzia.pl\/sklep\/bez-kategorii\/separator-wody-oleju-z-manometrem-reduktor-cisnienia-filtr-1-4-szybkozlacze\/"},"modified":"2026-04-26T19:20:43","modified_gmt":"2026-04-26T17:20:43","slug":"separator-wody-oleju-z-manometrem-reduktor-cisnienia-filtr-1-4-szybkozlacze","status":"publish","type":"product","link":"https:\/\/top-narzedzia.pl\/en\/sklep\/pozostale\/separator-wody-oleju-z-manometrem-reduktor-cisnienia-filtr-1-4-szybkozlacze\/","title":{"rendered":"SEPARATOR WODY OLEJU Z MANOMETREM REDUKTOR CI\u015aNIENIA FILTR 1\/4 SZYBKOZ\u0141\u0104CZE"},"content":{"rendered":"<div>\n<div style=\"width: 99%;vertical-align: top;text-align: center\"><img decoding=\"async\" data-order=\"0\" style=\"width:100%;height:auto\" src=\"https:\/\/top-narzedzia.pl\/wp-content\/uploads\/2026\/04\/eb20e6e55c6e2c8690cf4bfef603de5f.jpg\" alt=\"\" title=\"\"><\/div>\n<div style=\"width: 99%;vertical-align: top\">\n<h2>REDUKTOR CI\u015aNIENIA FILTR POWIETRZA ODWADNIACZ 1\/4&#8243;<\/h2>\n<ul>\n<li><b>Bardzo trwa\u0142a obudowa zbiorniczka<\/b><\/li>\n<\/ul>\n<ul>\n<li>Max ci\u015bnienie 10 BAR (0-150psi)<\/li>\n<\/ul>\n<ul>\n<li><b>Przep\u0142yw max: ~1000L\/Min<\/b><\/li>\n<li><b>Filtr wielokrotnego u\u017cytku<\/b><\/li>\n<\/ul>\n<\/div>\n<\/div>\n<div>\n<div style=\"width: 100%;vertical-align: top\">\n<h1>OPIS PRODUKTU<\/h1>\n<\/div>\n<\/div>\n<div>\n<div style=\"width: 100%;vertical-align: top\">\n<p>Zesp\u00f3\u0142 filtruj\u0105cy z reduktorem zapewnia pe\u0142n\u0105 kontrol\u0119 nad jako\u015bci\u0105 powietrza. Reduktor z manometrem pozwala regulowa\u0107 ci\u015bnienie w uk\u0142adach spr\u0119\u017conego powietrza. Odwadniacz zawieraj\u0105cy separator wody oczyszcza spr\u0119\u017cone powietrze z wilgoci, oleju, kondensatu i cz\u0105stek sta\u0142ych. Filtruje spr\u0119\u017cone powietrze z kropel wody, kt\u00f3re powoduj\u0105 zacieki podczas malowania czy te\u017c korozj\u0119 innych narz\u0119dzi. Odwadniacz przydatny do urz\u0105dze\u0144 pneumatycznych (klucze udarowe, szlifierki, polerki, wiertarki itp.)<\/p>\n<\/div>\n<\/div>\n<div>\n<div style=\"width: 99%;vertical-align: top;text-align: center\"><img decoding=\"async\" data-order=\"1\" style=\"width:100%;height:auto\" src=\"https:\/\/top-narzedzia.pl\/wp-content\/uploads\/2026\/04\/7decfc5cde08c931413c049f3904ad07.jpg\" alt=\"\" title=\"\"><\/div>\n<div style=\"width: 99%;vertical-align: top;text-align: center\"><img decoding=\"async\" data-order=\"2\" style=\"width:100%;height:auto\" src=\"https:\/\/top-narzedzia.pl\/wp-content\/uploads\/2026\/04\/47cf6d3c5561ea365808842641ce7d47.jpg\" alt=\"\" title=\"\"><\/div>\n<\/div>\n<div>\n<div style=\"width: 100%;vertical-align: top\">\n<h1>SPECYFIKACJA TECHNICZNA PRODUKTU<\/h1>\n<\/div>\n<\/div>\n<div>\n<div style=\"width: 99%;vertical-align: top;text-align: center\"><img decoding=\"async\" data-order=\"0\" style=\"width:100%;height:auto\" src=\"https:\/\/top-narzedzia.pl\/wp-content\/uploads\/2026\/04\/eb20e6e55c6e2c8690cf4bfef603de5f.jpg\" alt=\"\" title=\"\"><\/div>\n<div style=\"width: 99%;vertical-align: top\">\n<ul>\n<li>Wysoko\u015b\u0107: <b>165 mm<\/b><\/li>\n<\/ul>\n<ul>\n<li>Szeroko\u015b\u0107: <b>120 mm<\/b><\/li>\n<\/ul>\n<ul>\n<li>G\u0142eboko\u015b\u0107: <b>75 mm<\/b><\/li>\n<\/ul>\n<ul>\n<li>Filtracja: <b>0,040 mm (40 mikron\u00f3w)<\/b><\/li>\n<\/ul>\n<ul>\n<li>Gwint <b>1\/4&#8243;<\/b><\/li>\n<\/ul>\n<ul>\n<li>Przep\u0142yw max: <b>~1000L\/Min<\/b><\/li>\n<\/ul>\n<ul>\n<li>Maksymalne ci\u015bnienie wlotowe: <b>10,0 bar<\/b><\/li>\n<\/ul>\n<\/div>\n<\/div>\n<div>\n<div style=\"width: 99%;vertical-align: top\">\n<ul>\n<li>Du\u017cy manometr ci\u015bnienia<\/li>\n<\/ul>\n<ul>\n<li>Wbudowany reduktor<\/li>\n<\/ul>\n<ul>\n<li>2 szybko-z\u0142\u0105czki z gwintem 1\/4&#8221;<\/li>\n<\/ul>\n<ul>\n<li>Zintegrowany zaw\u00f3r spustowy<\/li>\n<\/ul>\n<ul>\n<li>Solidna i sprawdzona konstrukcja<\/li>\n<\/ul>\n<ul>\n<li>Uchwyt mocuj\u0105cy<\/li>\n<\/ul>\n<\/div>\n<div style=\"width: 99%;vertical-align: top;text-align: center\"><img decoding=\"async\" data-order=\"10\" style=\"width:100%;height:auto\" src=\"https:\/\/top-narzedzia.pl\/wp-content\/uploads\/2026\/04\/a729186555d122a7c1c1791793242c8a.jpg\" alt=\"\" title=\"\"><\/div>\n<\/div>\n<div>\n<div style=\"width: 100%;vertical-align: top\">\n<h1>CECHY PRODUKTU<\/h1>\n<\/div>\n<\/div>\n<div>\n<div style=\"width: 99%;vertical-align: top;text-align: center\"><img decoding=\"async\" data-order=\"6\" style=\"width:100%;height:auto\" src=\"https:\/\/top-narzedzia.pl\/wp-content\/uploads\/2026\/04\/0af6169fc7c420886130548cb6a2d235.jpg\" alt=\"\" title=\"\"><\/div>\n<div style=\"width: 99%;vertical-align: top\">\n<h2>REGULACJA CI\u015aNIENIA ZA POMOC\u0104 POKR\u0118T\u0141A<\/h2>\n<\/div>\n<\/div>\n<div>\n<div style=\"width: 100%;vertical-align: top\">\n<h2>\u0141ATWA WYMIANA FILTR\u00d3W W ODWADNIACZU<\/h2>\n<\/div>\n<\/div>\n<div>\n<div style=\"width: 99%;vertical-align: top;text-align: center\"><img decoding=\"async\" data-order=\"7\" style=\"width:100%;height:auto\" src=\"https:\/\/top-narzedzia.pl\/wp-content\/uploads\/2026\/04\/0e37aa68e374af7135d9536003dc2df3.jpg\" alt=\"\" title=\"\"><\/div>\n<div style=\"width: 99%;vertical-align: top;text-align: center\"><img decoding=\"async\" data-order=\"8\" style=\"width:100%;height:auto\" src=\"https:\/\/top-narzedzia.pl\/wp-content\/uploads\/2026\/04\/1b1a332963f8f6029a923e2389e93c31.jpg\" alt=\"\" title=\"\"><\/div>\n<\/div>\n<div>\n<div style=\"width: 100%;vertical-align: top\">\n<h1>GALERIA PRODUKTU<\/h1>\n<\/div>\n<\/div>\n<div>\n<div style=\"width: 100%;vertical-align: top;text-align: center\"><img decoding=\"async\" data-order=\"5\" style=\"width:100%;height:auto\" src=\"https:\/\/top-narzedzia.pl\/wp-content\/uploads\/2026\/04\/d83f1e807b212743b6378daa27267af5.jpg\" alt=\"\" title=\"\"><\/div>\n<\/div>\n<div>\n<div style=\"width: 99%;vertical-align: top;text-align: center\"><img decoding=\"async\" data-order=\"2\" style=\"width:100%;height:auto\" src=\"https:\/\/top-narzedzia.pl\/wp-content\/uploads\/2026\/04\/47cf6d3c5561ea365808842641ce7d47.jpg\" alt=\"\" title=\"\"><\/div>\n<div style=\"width: 99%;vertical-align: top;text-align: center\"><img decoding=\"async\" data-order=\"0\" style=\"width:100%;height:auto\" src=\"https:\/\/top-narzedzia.pl\/wp-content\/uploads\/2026\/04\/eb20e6e55c6e2c8690cf4bfef603de5f.jpg\" alt=\"\" title=\"\"><\/div>\n<\/div>\n<div>\n<div style=\"width: 100%;vertical-align: top;text-align: center\"><img decoding=\"async\" data-order=\"8\" style=\"width:100%;height:auto\" src=\"https:\/\/top-narzedzia.pl\/wp-content\/uploads\/2026\/04\/1b1a332963f8f6029a923e2389e93c31.jpg\" alt=\"\" title=\"\"><\/div>\n<\/div>","protected":false},"excerpt":{"rendered":"<p>REDUKTOR CI\u015aNIENIA FILTR POWIETRZA ODWADNIACZ 1\/4&#8243; Bardzo trwa\u0142a obudowa zbiorniczka Max ci\u015bnienie 10 BAR (0-150psi) Przep\u0142yw max: ~1000L\/Min Filtr wielokrotnego<\/p>","protected":false},"featured_media":11137,"template":"","meta":[],"product_brand":[],"product_cat":[100],"product_tag":[],"class_list":{"0":"post-11148","1":"product","2":"type-product","3":"status-publish","4":"has-post-thumbnail","6":"product_cat-pozostale","8":"first","9":"instock","10":"taxable","11":"shipping-taxable","12":"purchasable","13":"product-type-simple"},"_links":{"self":[{"href":"https:\/\/top-narzedzia.pl\/en\/wp-json\/wp\/v2\/product\/11148","targetHints":{"allow":["GET"]}}],"collection":[{"href":"https:\/\/top-narzedzia.pl\/en\/wp-json\/wp\/v2\/product"}],"about":[{"href":"https:\/\/top-narzedzia.pl\/en\/wp-json\/wp\/v2\/types\/product"}],"version-history":[{"count":1,"href":"https:\/\/top-narzedzia.pl\/en\/wp-json\/wp\/v2\/product\/11148\/revisions"}],"predecessor-version":[{"id":11149,"href":"https:\/\/top-narzedzia.pl\/en\/wp-json\/wp\/v2\/product\/11148\/revisions\/11149"}],"wp:featuredmedia":[{"embeddable":true,"href":"https:\/\/top-narzedzia.pl\/en\/wp-json\/wp\/v2\/media\/11137"}],"wp:attachment":[{"href":"https:\/\/top-narzedzia.pl\/en\/wp-json\/wp\/v2\/media?parent=11148"}],"wp:term":[{"taxonomy":"product_brand","embeddable":true,"href":"https:\/\/top-narzedzia.pl\/en\/wp-json\/wp\/v2\/product_brand?post=11148"},{"taxonomy":"product_cat","embeddable":true,"href":"https:\/\/top-narzedzia.pl\/en\/wp-json\/wp\/v2\/product_cat?post=11148"},{"taxonomy":"product_tag","embeddable":true,"href":"https:\/\/top-narzedzia.pl\/en\/wp-json\/wp\/v2\/product_tag?post=11148"}],"curies":[{"name":"wp","href":"https:\/\/api.w.org\/{rel}","templated":true}]}}