{"id":11169,"date":"2026-04-21T16:31:42","date_gmt":"2026-04-21T14:31:42","guid":{"rendered":"https:\/\/top-narzedzia.pl\/sklep\/bez-kategorii\/rekawice-spawalnicze-czerwone-dlugie-xxl-39x14cm-mocne-niepalne-wzmocnione\/"},"modified":"2026-04-21T16:32:38","modified_gmt":"2026-04-21T14:32:38","slug":"rekawice-spawalnicze-czerwone-dlugie-xxl-39x14cm-mocne-niepalne-wzmocnione","status":"publish","type":"product","link":"https:\/\/top-narzedzia.pl\/en\/sklep\/pozostale\/rekawice-spawalnicze-czerwone-dlugie-xxl-39x14cm-mocne-niepalne-wzmocnione\/","title":{"rendered":"R\u0119kawice spawalnicze czerwone d\u0142ugie XXL 39x14cm mocne niepalne wzmocnione"},"content":{"rendered":"<div>\n<div style=\"width: 100%;vertical-align: top\">\n<h2>R\u0118KAWICE SPAWALNICZE XXL (39X12CM) GRUBE WZMACNIANE<\/h2>\n<h2>WYKONANE ZE SK\u00d3RY BYDL\u0118CEJ DWOINA<\/h2>\n<h2>STRONA WEWN\u0118TRZNA &#8211; MI\u0118KKA BAW\u0141NA<\/h2>\n<\/div>\n<\/div>\n<div>\n<div style=\"width: 99%;vertical-align: top;text-align: center\"><img decoding=\"async\" data-order=\"1\" style=\"width:100%;height:auto\" src=\"https:\/\/top-narzedzia.pl\/wp-content\/uploads\/2026\/04\/bdbec37130d51af3b65b295becb6c196.jpg\" alt=\"\" title=\"\"><\/div>\n<div style=\"width: 99%;vertical-align: top;text-align: center\"><img decoding=\"async\" data-order=\"2\" style=\"width:100%;height:auto\" src=\"https:\/\/top-narzedzia.pl\/wp-content\/uploads\/2026\/04\/59b9731b7ec3f7e08dc372252b7e1dc4.jpg\" alt=\"\" title=\"\"><\/div>\n<\/div>\n<div>\n<div style=\"width: 100%;vertical-align: top\">\n<p><b>Wyselekcjonowana dwoina bydl\u0119ca ma w\u0142a\u015bciwo\u015bci wodoodporne, trudnopalne, odporne na \u015bcieranie, gi\u0119tkie i izoluj\u0105ce ciep\u0142o. Wzmocnione przetwarzanie po\u0142\u0105czenia palc\u00f3w i d\u0142oni, mocniejsze i trwalsze. Wewn\u0119trzna wy\u015bci\u00f3\u0142ka wykonana jest z mi\u0119kkiego materia\u0142u bawe\u0142nianego, kt\u00f3ry ma lepsze w\u0142a\u015bciwo\u015bci poch\u0142aniania potu, zapobiegaj\u0105c \u015blizganiu si\u0119 podczas u\u017cytkowania. Doskona\u0142e wykonanie, umiarkowana grubo\u015b\u0107 i mi\u0119kko\u015b\u0107 dla wygodnego i wygodnego noszenia. Szerokie zastosowanie na placu budowy, warsztacie naprawczym, spawaniu elektrycznym.<\/b><\/p>\n<\/div>\n<\/div>\n<div>\n<div style=\"width: 99%;vertical-align: top;text-align: center\"><img decoding=\"async\" data-order=\"3\" style=\"width:100%;height:auto\" src=\"https:\/\/top-narzedzia.pl\/wp-content\/uploads\/2026\/04\/689f4fe9ca61382344c2ffed53ef833a.jpg\" alt=\"\" title=\"\"><\/div>\n<div style=\"width: 99%;vertical-align: top;text-align: center\"><img decoding=\"async\" data-order=\"0\" style=\"width:100%;height:auto\" src=\"https:\/\/top-narzedzia.pl\/wp-content\/uploads\/2026\/04\/80cc64990847429de5929e7d214cd7c7.jpg\" alt=\"\" title=\"\"><\/div>\n<\/div>","protected":false},"excerpt":{"rendered":"<p>R\u0118KAWICE SPAWALNICZE XXL (39X12CM) GRUBE WZMACNIANE WYKONANE ZE SK\u00d3RY BYDL\u0118CEJ DWOINA STRONA WEWN\u0118TRZNA &#8211; MI\u0118KKA BAW\u0141NA Wyselekcjonowana dwoina bydl\u0119ca ma<\/p>","protected":false},"featured_media":11165,"template":"","meta":[],"product_brand":[],"product_cat":[100],"product_tag":[],"class_list":{"0":"post-11169","1":"product","2":"type-product","3":"status-publish","4":"has-post-thumbnail","6":"product_cat-pozostale","8":"first","9":"instock","10":"taxable","11":"shipping-taxable","12":"purchasable","13":"product-type-simple"},"_links":{"self":[{"href":"https:\/\/top-narzedzia.pl\/en\/wp-json\/wp\/v2\/product\/11169","targetHints":{"allow":["GET"]}}],"collection":[{"href":"https:\/\/top-narzedzia.pl\/en\/wp-json\/wp\/v2\/product"}],"about":[{"href":"https:\/\/top-narzedzia.pl\/en\/wp-json\/wp\/v2\/types\/product"}],"version-history":[{"count":1,"href":"https:\/\/top-narzedzia.pl\/en\/wp-json\/wp\/v2\/product\/11169\/revisions"}],"predecessor-version":[{"id":11170,"href":"https:\/\/top-narzedzia.pl\/en\/wp-json\/wp\/v2\/product\/11169\/revisions\/11170"}],"wp:featuredmedia":[{"embeddable":true,"href":"https:\/\/top-narzedzia.pl\/en\/wp-json\/wp\/v2\/media\/11165"}],"wp:attachment":[{"href":"https:\/\/top-narzedzia.pl\/en\/wp-json\/wp\/v2\/media?parent=11169"}],"wp:term":[{"taxonomy":"product_brand","embeddable":true,"href":"https:\/\/top-narzedzia.pl\/en\/wp-json\/wp\/v2\/product_brand?post=11169"},{"taxonomy":"product_cat","embeddable":true,"href":"https:\/\/top-narzedzia.pl\/en\/wp-json\/wp\/v2\/product_cat?post=11169"},{"taxonomy":"product_tag","embeddable":true,"href":"https:\/\/top-narzedzia.pl\/en\/wp-json\/wp\/v2\/product_tag?post=11169"}],"curies":[{"name":"wp","href":"https:\/\/api.w.org\/{rel}","templated":true}]}}