{"id":11181,"date":"2026-04-21T16:32:06","date_gmt":"2026-04-21T14:32:06","guid":{"rendered":"https:\/\/top-narzedzia.pl\/sklep\/bez-kategorii\/wylacznik-cisnieniowy-presostat-1-2cal-12bar-kompresora-sprezarki-230v-tuv\/"},"modified":"2026-04-21T16:32:06","modified_gmt":"2026-04-21T14:32:06","slug":"wylacznik-cisnieniowy-presostat-1-2cal-12bar-kompresora-sprezarki-230v-tuv","status":"publish","type":"product","link":"https:\/\/top-narzedzia.pl\/en\/sklep\/pozostale\/wylacznik-cisnieniowy-presostat-1-2cal-12bar-kompresora-sprezarki-230v-tuv\/","title":{"rendered":"WY\u0141\u0104CZNIK CI\u015aNIENIOWY PRESOSTAT 1\/2cal 12BAR KOMPRESORA SPR\u0118\u017bARKI 230V TUV"},"content":{"rendered":"","protected":false},"excerpt":{"rendered":"","protected":false},"featured_media":11171,"template":"","meta":[],"product_brand":[],"product_cat":[100],"product_tag":[],"class_list":{"0":"post-11181","1":"product","2":"type-product","3":"status-publish","4":"has-post-thumbnail","6":"product_cat-pozostale","8":"first","9":"instock","10":"taxable","11":"shipping-taxable","12":"purchasable","13":"product-type-simple"},"_links":{"self":[{"href":"https:\/\/top-narzedzia.pl\/en\/wp-json\/wp\/v2\/product\/11181","targetHints":{"allow":["GET"]}}],"collection":[{"href":"https:\/\/top-narzedzia.pl\/en\/wp-json\/wp\/v2\/product"}],"about":[{"href":"https:\/\/top-narzedzia.pl\/en\/wp-json\/wp\/v2\/types\/product"}],"version-history":[{"count":0,"href":"https:\/\/top-narzedzia.pl\/en\/wp-json\/wp\/v2\/product\/11181\/revisions"}],"wp:featuredmedia":[{"embeddable":true,"href":"https:\/\/top-narzedzia.pl\/en\/wp-json\/wp\/v2\/media\/11171"}],"wp:attachment":[{"href":"https:\/\/top-narzedzia.pl\/en\/wp-json\/wp\/v2\/media?parent=11181"}],"wp:term":[{"taxonomy":"product_brand","embeddable":true,"href":"https:\/\/top-narzedzia.pl\/en\/wp-json\/wp\/v2\/product_brand?post=11181"},{"taxonomy":"product_cat","embeddable":true,"href":"https:\/\/top-narzedzia.pl\/en\/wp-json\/wp\/v2\/product_cat?post=11181"},{"taxonomy":"product_tag","embeddable":true,"href":"https:\/\/top-narzedzia.pl\/en\/wp-json\/wp\/v2\/product_tag?post=11181"}],"curies":[{"name":"wp","href":"https:\/\/api.w.org\/{rel}","templated":true}]}}