{"id":11189,"date":"2026-04-21T16:41:26","date_gmt":"2026-04-21T14:41:26","guid":{"rendered":"https:\/\/top-narzedzia.pl\/sklep\/bez-kategorii\/waz-pneumatyczny-kompresor-cisnieniowy-10x17-gumowy-wzmocniony-zakuwany-20m\/"},"modified":"2026-04-21T16:41:38","modified_gmt":"2026-04-21T14:41:38","slug":"waz-pneumatyczny-kompresor-cisnieniowy-10x17-gumowy-wzmocniony-zakuwany-20m","status":"publish","type":"product","link":"https:\/\/top-narzedzia.pl\/en\/sklep\/pozostale\/waz-pneumatyczny-kompresor-cisnieniowy-10x17-gumowy-wzmocniony-zakuwany-20m\/","title":{"rendered":"W\u0104\u017b PNEUMATYCZNY KOMPRESOR CI\u015aNIENIOWY 10&#215;17 GUMOWY WZMOCNIONY ZAKUWANY 20m"},"content":{"rendered":"<div>\n<div style=\"width: 100%;vertical-align: top\">\n<h1>W\u0104\u017b PNEUMATYCZNY WYSOKOCI\u015aNIENIOWY<\/h1>\n<h2>D\u0141UGO\u015a\u0106 20M \/ 20 BAR \/ OLEJOODPORNY \/ GUMA EPDM Z ELESTOMEREM<\/h2>\n<\/div>\n<\/div>\n<div>\n<div style=\"width: 100%;vertical-align: top;text-align: center\"><img decoding=\"async\" data-order=\"0\" style=\"width:100%;height:auto\" src=\"https:\/\/top-narzedzia.pl\/wp-content\/uploads\/2026\/04\/688cda1632c091e9914c9cefdbc4b365.jpg\" alt=\"\" title=\"\"><\/div>\n<\/div>\n<div>\n<div style=\"width: 100%;vertical-align: top\">\n<h2>SOLIDNEJ JAKO\u015aCI W\u0104\u017b DOSKONALE WSP\u00d3\u0141PRACUJE Z NARZ\u0118DZIAMI PNEUMATYCZNYMI<\/h2>\n<p>Wykonany z\u00a0<b>wysokiej jako\u015bci gumy w\u0105\u017c<\/b>\u00a0wykorzystywany jest do<b>\u00a0zasilania<\/b>\u00a0r\u00f3\u017cnego rodzaju urz\u0105dze\u0144 pneumatycznych wyposa\u017conych w\u00a0<b>standardowe szybkoz\u0142\u0105cze<\/b>, m.in takich jak:<\/p>\n<ul>\n<li>spr\u0119\u017carki<\/li>\n<\/ul>\n<ul>\n<li><b>pistolety lakiernicze<\/b><\/li>\n<\/ul>\n<ul>\n<li>klucze pneumatyczne<\/li>\n<\/ul>\n<ul>\n<li><b>polerki<\/b><\/li>\n<\/ul>\n<ul>\n<li>wiertarki<\/li>\n<\/ul>\n<ul>\n<li><b>udarowe klucze pneumatyczne<\/b><\/li>\n<\/ul>\n<h2>I WIELOMA INNYMI URZ\u0104DZENIAMI TEGO TYPU<\/h2>\n<\/div>\n<\/div>\n<div>\n<div style=\"width: 99%;vertical-align: top;text-align: center\"><img decoding=\"async\" data-order=\"5\" style=\"width:100%;height:auto\" src=\"https:\/\/top-narzedzia.pl\/wp-content\/uploads\/2026\/04\/b4391f9f06e78782f6e24e4c16b25753.jpg\" alt=\"\" title=\"\"><\/div>\n<div style=\"width: 99%;vertical-align: top\">\n<h1>SPECYFIKACJA TECHNICZNA:<\/h1>\n<p>D\u0142ugo\u015b\u0107: <b>20m<\/b><\/p>\n<p>\u015arednica wewn\u0119trzna: <b>10mm<\/b><\/p>\n<p>\u015arednica zewn\u0119trzna:\u00a0<b>17mm<\/b><\/p>\n<p>Ci\u015bnienie robocze:<b>\u00a020 bar<\/b><\/p>\n<p>Zakres temperatury:\u00a0<b>od +65\u00b0C do -35\u00b0C<\/b><\/p>\n<p>Gwint przy\u0142\u0105cza:\u00a0<b>standardowe szybkoz\u0142\u0105czki 1\/4&#8243;<\/b><\/p>\n<p>Materia\u0142 wykonania: <b>olejoodporna<\/b>\u00a0<b>guma z elastomerem<\/b><\/p>\n<\/div>\n<\/div>\n<div>\n<div style=\"width: 100%;vertical-align: top;text-align: center\"><img decoding=\"async\" data-order=\"6\" style=\"width:100%;height:auto\" src=\"https:\/\/top-narzedzia.pl\/wp-content\/uploads\/2026\/04\/37e52fb9a783797244fad46bddabe7e1.jpg\" alt=\"\" title=\"\"><\/div>\n<\/div>\n<div>\n<div style=\"width: 100%;vertical-align: top\">\n<h1>PROFESJONALNIE ZAKUTY W\u0104\u017b CECHUJE DU\u017bA WYTRZYMA\u0141O\u015a\u0106<\/h1>\n<p>Zas\u0142ug\u0105 tego jest wykorzystana do stworzenia w\u0119\u017ca<b> gumy EPDM posiadaj\u0105cej w\u0142a\u015bciwo\u015bci antyelektrostatyczne, wykazuj\u0105cej tak\u017ce doskona\u0142\u0105 odporno\u015b\u0107 na warunki atmosferyczne (ozon), p\u0142yny ch\u0142odnicze i hamulcowe, par\u0119 wodn\u0105, czy alkohole. Ten elastomer jest r\u00f3wnie\u017c odporny na detergenty i \u015brodki pior\u0105ce oraz roztwory kwas\u00f3w i zasad. (<\/b><b>odporny na ci\u015bnienie<\/b>\u00a0oraz\u00a0<b>czynniki zewn\u0119trzne i ropopochodne)<\/b><\/p>\n<h2>DZI\u0118KI SWOJEJ ELASTYCZNO\u015aCI W\u0104\u017b MO\u017bEMY NAWIN\u0104\u0106 NA B\u0118BEN i ZAGINA\u0106 NAWET POD K\u0104TEM 180st<\/h2>\n<\/div>\n<\/div>\n<div>\n<div style=\"width: 100%;vertical-align: top;text-align: center\"><img decoding=\"async\" data-order=\"4\" style=\"width:100%;height:auto\" src=\"https:\/\/top-narzedzia.pl\/wp-content\/uploads\/2026\/04\/c12aca61b2564d96c534cc89def98385.jpg\" alt=\"\" title=\"\"><\/div>\n<\/div>\n<div>\n<div style=\"width: 100%;vertical-align: top;text-align: center\"><img decoding=\"async\" data-order=\"2\" style=\"width:100%;height:auto\" src=\"https:\/\/top-narzedzia.pl\/wp-content\/uploads\/2026\/04\/2eadbf249af3cd94a982336db2f1353d.jpg\" alt=\"\" title=\"\"><\/div>\n<\/div>\n<div>\n<div style=\"width: 100%;vertical-align: top;text-align: center\"><img decoding=\"async\" data-order=\"1\" style=\"width:100%;height:auto\" src=\"https:\/\/top-narzedzia.pl\/wp-content\/uploads\/2026\/04\/230034016d5b28bfade0ba6c505a5e48.jpg\" alt=\"\" title=\"\"><\/div>\n<\/div>","protected":false},"excerpt":{"rendered":"<p>W\u0104\u017b PNEUMATYCZNY WYSOKOCI\u015aNIENIOWY D\u0141UGO\u015a\u0106 20M \/ 20 BAR \/ OLEJOODPORNY \/ GUMA EPDM Z ELESTOMEREM SOLIDNEJ JAKO\u015aCI W\u0104\u017b DOSKONALE WSP\u00d3\u0141PRACUJE<\/p>","protected":false},"featured_media":11182,"template":"","meta":[],"product_brand":[],"product_cat":[100],"product_tag":[],"class_list":{"0":"post-11189","1":"product","2":"type-product","3":"status-publish","4":"has-post-thumbnail","6":"product_cat-pozostale","8":"first","9":"instock","10":"taxable","11":"shipping-taxable","12":"purchasable","13":"product-type-simple"},"_links":{"self":[{"href":"https:\/\/top-narzedzia.pl\/en\/wp-json\/wp\/v2\/product\/11189","targetHints":{"allow":["GET"]}}],"collection":[{"href":"https:\/\/top-narzedzia.pl\/en\/wp-json\/wp\/v2\/product"}],"about":[{"href":"https:\/\/top-narzedzia.pl\/en\/wp-json\/wp\/v2\/types\/product"}],"version-history":[{"count":1,"href":"https:\/\/top-narzedzia.pl\/en\/wp-json\/wp\/v2\/product\/11189\/revisions"}],"predecessor-version":[{"id":11190,"href":"https:\/\/top-narzedzia.pl\/en\/wp-json\/wp\/v2\/product\/11189\/revisions\/11190"}],"wp:featuredmedia":[{"embeddable":true,"href":"https:\/\/top-narzedzia.pl\/en\/wp-json\/wp\/v2\/media\/11182"}],"wp:attachment":[{"href":"https:\/\/top-narzedzia.pl\/en\/wp-json\/wp\/v2\/media?parent=11189"}],"wp:term":[{"taxonomy":"product_brand","embeddable":true,"href":"https:\/\/top-narzedzia.pl\/en\/wp-json\/wp\/v2\/product_brand?post=11189"},{"taxonomy":"product_cat","embeddable":true,"href":"https:\/\/top-narzedzia.pl\/en\/wp-json\/wp\/v2\/product_cat?post=11189"},{"taxonomy":"product_tag","embeddable":true,"href":"https:\/\/top-narzedzia.pl\/en\/wp-json\/wp\/v2\/product_tag?post=11189"}],"curies":[{"name":"wp","href":"https:\/\/api.w.org\/{rel}","templated":true}]}}