{"id":11198,"date":"2026-04-21T16:41:41","date_gmt":"2026-04-21T14:41:41","guid":{"rendered":"https:\/\/top-narzedzia.pl\/sklep\/bez-kategorii\/pistolet-do-pompowania-kol-z-manometrem-lcd-cyfrowym-podswietlanym-18bar\/"},"modified":"2026-04-27T21:35:41","modified_gmt":"2026-04-27T19:35:41","slug":"pistolet-do-pompowania-kol-z-manometrem-lcd-cyfrowym-podswietlanym-18bar","status":"publish","type":"product","link":"https:\/\/top-narzedzia.pl\/en\/sklep\/pozostale\/pistolet-do-pompowania-kol-z-manometrem-lcd-cyfrowym-podswietlanym-18bar\/","title":{"rendered":"PISTOLET DO POMPOWANIA K\u00d3\u0141 Z MANOMETREM LCD CYFROWYM POD\u015aWIETLANYM 18BAR"},"content":{"rendered":"<div>\n<div style=\"width: 100%;vertical-align: top\">\n<h2>PROFESIONALNY PISTOLET DO POMPOWANIA Z CYFROWYM MANOMETREM (POD\u015aWIETLANYM)<\/h2>\n<h2>18 BAR EURO 1\/4&#8243; W\u0104\u017b 36cm<\/h2>\n<p>Niezb\u0119dne urz\u0105dzenie w ka\u017cdym serwisie ogumienia. Pistolet charakteryzuje si\u0119\u00a0<b>solidn\u0105 konstrukcj\u0105<\/b>\u00a0oraz zosta\u0142 wyposa\u017cony w\u00a0<b>zaw\u00f3r spustowy powietrza<\/b>, a manometr posiada\u00a0<b>gumow\u0105 obudow\u0119 zegara.<\/b><\/p>\n<\/div>\n<\/div>\n<div>\n<div style=\"width: 100%;vertical-align: top;text-align: center\"><img decoding=\"async\" data-order=\"0\" style=\"width:100%;height:auto\" src=\"https:\/\/top-narzedzia.pl\/wp-content\/uploads\/2026\/04\/44b68035d96a7441f49dc0ab60e6c9a1.jpg\" alt=\"\" title=\"\"><\/div>\n<\/div>\n<div>\n<div style=\"width: 99%;vertical-align: top;text-align: center\"><img decoding=\"async\" data-order=\"1\" style=\"width:100%;height:auto\" src=\"https:\/\/top-narzedzia.pl\/wp-content\/uploads\/2026\/04\/96bc66bbbc94513cae6452ce8e1d2704.jpg\" alt=\"\" title=\"\"><\/div>\n<div style=\"width: 99%;vertical-align: top\">\n<h2>Jako\u015b\u0107 wykonania<\/h2>\n<p>Pistolet wyposa\u017cony zosta\u0142 w\u00a0<b>elektroniczny wy\u015bwietlacz<\/b>\u00a0oraz\u00a0<b>elastyczny w\u0119\u017cyk<\/b>\u00a0z przed\u0142u\u017can\u0105 dysz\u0105 pompuj\u0105c\u0105, dzi\u0119ki kt\u00f3rej urz\u0105dzenie sprawdzi si\u0119 w przypadku pompowania k\u00f3\u0142 samochod\u00f3w ci\u0119\u017carowych i wsz\u0119dzie tam, gdzie dost\u0119p to wentyli jest ograniczony.<\/p>\n<p>Manometr posiada\u00a0<b>gumow\u0105 os\u0142on\u0119<\/b>, dzi\u0119ki czemu nie ulegnie uszkodzeniu podczas pracy. Lekka i trwa\u0142a konstrukcja zapewnia wysoki komfort u\u017cytkowania. Wysoka jako\u015b\u0107 wykonania zapewnia trwa\u0142o\u015b\u0107 oraz\u00a0odpowiedni\u0105 szczelno\u015b\u0107.<\/p>\n<h2>Elastyczny w\u0105\u017c<\/h2>\n<p>Przew\u00f3d zako\u0144czony g\u0142owic\u0105\u00a0<b>typu clip-on<\/b>, kt\u00f3ra posiada mocn\u0105 spr\u0119\u017cyn\u0119 zapobiegaj\u0105c\u0105 wyskakiwaniu w\u0119\u017cyka. Dzi\u0119ki temu, \u017ce w\u0105\u017c jest gi\u0119tki i si\u0119 nie zagina,\u00a0bez problemu dotrzemy w miejsca trudno dost\u0119pne lub znajduj\u0105ce si\u0119 pod niewygodnym k\u0105tem.<\/p>\n<\/div>\n<\/div>\n<div>\n<div style=\"width: 99%;vertical-align: top\">\n<h1>Dane techniczne:<\/h1>\n<ul>\n<li>wysoka jako\u015b\u0107 wykonania<\/li>\n<li>ergonomiczny uchwyt zapewnia wygodny i pewny chwyt dzi\u0119ki aluminiowej obudowie<\/li>\n<li>skala pomiarowa\u00a0<b>0-18 bar<\/b><\/li>\n<li>dok\u0142adno\u015b\u0107 pomiaru\u00a0<b>0,01 bar<\/b><\/li>\n<li>wbudowany zaw\u00f3r spustowy powietrza<\/li>\n<li>w\u0105\u017c o d\u0142ugo\u015bci\u00a0<b>36cm<\/b><\/li>\n<li>przy\u0142\u0105cze\u00a0<b>Euro1\/4&#8221;<\/b>\u00a0w zestawie<\/li>\n<li>Zasilanie 2x Bateria AAA<\/li>\n<\/ul>\n<p><b>Zestaw nie zawiera w sobie baterii!\u00a0<\/b><\/p>\n<\/div>\n<div style=\"width: 99%;vertical-align: top;text-align: center\"><img decoding=\"async\" data-order=\"2\" style=\"width:100%;height:auto\" src=\"https:\/\/top-narzedzia.pl\/wp-content\/uploads\/2026\/04\/28db1ac9ccfd9e82b86dc295c57917f2.jpg\" alt=\"\" title=\"\"><\/div>\n<\/div>\n<div>\n<div style=\"width: 99%;vertical-align: top;text-align: center\"><img decoding=\"async\" data-order=\"3\" style=\"width:100%;height:auto\" src=\"https:\/\/top-narzedzia.pl\/wp-content\/uploads\/2026\/04\/23c8d030881791ff6384dc95d302d1e3.jpg\" alt=\"\" title=\"\"><\/div>\n<div style=\"width: 99%;vertical-align: top\">\n<h1>Zastosowanie<\/h1>\n<ul>\n<li>kontrola ci\u015bnienia w ko\u0142ach<\/li>\n<li>pompowanie opon w samochodach, rowerach, motocyklach, itp.<\/li>\n<li>upuszczanie ci\u015bnienia<\/li>\n<li>po zastosowaniu innych ko\u0144c\u00f3wek, mo\u017cna pompowa\u0107 materace, pontony, pi\u0142ki, itp.<\/li>\n<\/ul>\n<\/div>\n<\/div>\n<div>\n<div style=\"width: 100%;vertical-align: top;text-align: center\"><img decoding=\"async\" data-order=\"5\" style=\"width:100%;height:auto\" src=\"https:\/\/top-narzedzia.pl\/wp-content\/uploads\/2026\/04\/e7727bf4a26353814e290fa1652ec1d5.jpg\" alt=\"\" title=\"\"><\/div>\n<\/div>\n<div>\n<div style=\"width: 100%;vertical-align: top;text-align: center\"><img decoding=\"async\" data-order=\"6\" style=\"width:100%;height:auto\" src=\"https:\/\/top-narzedzia.pl\/wp-content\/uploads\/2026\/04\/e472b8fc649663ed7b65143d28384cc2.jpg\" alt=\"\" title=\"\"><\/div>\n<\/div>","protected":false},"excerpt":{"rendered":"<p>PROFESIONALNY PISTOLET DO POMPOWANIA Z CYFROWYM MANOMETREM (POD\u015aWIETLANYM) 18 BAR EURO 1\/4&#8243; W\u0104\u017b 36cm Niezb\u0119dne urz\u0105dzenie w ka\u017cdym serwisie ogumienia.<\/p>","protected":false},"featured_media":11191,"template":"","meta":[],"product_brand":[],"product_cat":[100],"product_tag":[],"class_list":{"0":"post-11198","1":"product","2":"type-product","3":"status-publish","4":"has-post-thumbnail","6":"product_cat-pozostale","8":"first","9":"instock","10":"taxable","11":"shipping-taxable","12":"purchasable","13":"product-type-simple"},"_links":{"self":[{"href":"https:\/\/top-narzedzia.pl\/en\/wp-json\/wp\/v2\/product\/11198","targetHints":{"allow":["GET"]}}],"collection":[{"href":"https:\/\/top-narzedzia.pl\/en\/wp-json\/wp\/v2\/product"}],"about":[{"href":"https:\/\/top-narzedzia.pl\/en\/wp-json\/wp\/v2\/types\/product"}],"version-history":[{"count":1,"href":"https:\/\/top-narzedzia.pl\/en\/wp-json\/wp\/v2\/product\/11198\/revisions"}],"predecessor-version":[{"id":11199,"href":"https:\/\/top-narzedzia.pl\/en\/wp-json\/wp\/v2\/product\/11198\/revisions\/11199"}],"wp:featuredmedia":[{"embeddable":true,"href":"https:\/\/top-narzedzia.pl\/en\/wp-json\/wp\/v2\/media\/11191"}],"wp:attachment":[{"href":"https:\/\/top-narzedzia.pl\/en\/wp-json\/wp\/v2\/media?parent=11198"}],"wp:term":[{"taxonomy":"product_brand","embeddable":true,"href":"https:\/\/top-narzedzia.pl\/en\/wp-json\/wp\/v2\/product_brand?post=11198"},{"taxonomy":"product_cat","embeddable":true,"href":"https:\/\/top-narzedzia.pl\/en\/wp-json\/wp\/v2\/product_cat?post=11198"},{"taxonomy":"product_tag","embeddable":true,"href":"https:\/\/top-narzedzia.pl\/en\/wp-json\/wp\/v2\/product_tag?post=11198"}],"curies":[{"name":"wp","href":"https:\/\/api.w.org\/{rel}","templated":true}]}}