{"id":11227,"date":"2026-04-21T16:51:32","date_gmt":"2026-04-21T14:51:32","guid":{"rendered":"https:\/\/top-narzedzia.pl\/sklep\/bez-kategorii\/zestaw-narzedzi-pneumatycznych-do-kompresora-pompowania-7-elem-waz-inox-pro\/"},"modified":"2026-05-01T20:17:39","modified_gmt":"2026-05-01T18:17:39","slug":"zestaw-narzedzi-pneumatycznych-do-kompresora-pompowania-7-elem-waz-inox-pro","status":"publish","type":"product","link":"https:\/\/top-narzedzia.pl\/en\/sklep\/pozostale\/zestaw-narzedzi-pneumatycznych-do-kompresora-pompowania-7-elem-waz-inox-pro\/","title":{"rendered":"ZESTAW NARZ\u0118DZI PNEUMATYCZNYCH DO KOMPRESORA POMPOWANIA 7 ELEM W\u0104\u017b INOX PRO"},"content":{"rendered":"<div>\n<div style=\"width: 100%;vertical-align: top;text-align: center\"><img decoding=\"async\" data-order=\"10\" style=\"width:100%;height:auto\" src=\"https:\/\/top-narzedzia.pl\/wp-content\/uploads\/2026\/04\/610ddcc508e9cad656eba1377e6b9bc9.jpg\" alt=\"\" title=\"\"><\/div>\n<\/div>\n<div>\n<div style=\"width: 100%;vertical-align: top\">\n<h1>ZESTAW PNEUMATYCZNY 7W1&nbsp; 7-ELEMENTOWY (9BAR)<\/h1>\n<h2>Renomowanej marki pneumatycznej CYKLON<\/h2>\n<p><b>\u2705Produkty pneumatyczne marki CYKLON wyr\u00f3\u017cnia doskona\u0142a jako\u015b\u0107 wykonania oraz jako\u015b\u0107 zastosowanych materia\u0142\u00f3w.<\/b><\/p>\n<p><b>\u2705Produkty marki CYKLON s\u0142u\u017c\u0105 zar\u00f3wno profesjonalistom jak r\u00f3wnie\u017c majsterkowiczom.<\/b><\/p>\n<\/div>\n<\/div>\n<div>\n<div style=\"width: 99%;vertical-align: top;text-align: center\"><img decoding=\"async\" data-order=\"1\" style=\"width:100%;height:auto\" src=\"https:\/\/top-narzedzia.pl\/wp-content\/uploads\/2026\/04\/0e5fae1be990bf10efd4d262a12aa7ca.jpg\" alt=\"\" title=\"\"><\/div>\n<div style=\"width: 99%;vertical-align: top\">\n<h1>ZAWARTO\u015a\u0106 ZESTAWU<\/h1>\n<ul>\n<li><b>Pistolet do przedmuchiwania powietrzem z przed\u0142u\u017ck\u0105<\/b><\/li>\n<li><b>Pistolet z ko\u0144c\u00f3wk\u0105 i manometrem do pompowania k\u00f3\u0142<\/b><\/li>\n<li><b>W\u0105\u017c spiralny 5m z szybkoz\u0142\u0105czami<\/b><\/li>\n<li><b>Ko\u0144c\u00f3wka do pompowania pi\u0142ek<\/b><\/li>\n<li><b>Ko\u0144c\u00f3wka do pompowania materac\u00f3w i zabawek pla\u017cowych<\/b><\/li>\n<li><b>Ko\u0144c\u00f3wka RF do pompowania opon rowerowych<\/b><\/li>\n<\/ul>\n<\/div>\n<\/div>\n<div>\n<div style=\"width: 100%;vertical-align: top\">\n<h2>\u2705 Ka\u017cdy nasz zestaw sprawdzany jest ci\u015bnieniowo do 9 bar<\/h2>\n<\/div>\n<\/div>\n<div>\n<div style=\"width: 100%;vertical-align: top;text-align: center\"><img decoding=\"async\" data-order=\"0\" style=\"width:100%;height:auto\" src=\"https:\/\/top-narzedzia.pl\/wp-content\/uploads\/2026\/04\/818a5483d5fc583c9c85cedd82eb4780.jpg\" alt=\"\" title=\"\"><\/div>\n<\/div>\n<div>\n<div style=\"width: 100%;vertical-align: top\">\n<p><b>Pistolet do pompowania i kontroli ci\u015bnienia powietrza w oponach. Posiada gumow\u0105 obudow\u0119 zegara. Wyposa\u017cony jest w manometr oraz zaw\u00f3r spustowy powietrza. Wyposa\u017cony w szybkoz\u0142\u0105cze oraz MI\u0118KKI 35cm w\u0119\u017cyk zako\u0144czony zakuwan\u0105 ko\u0144c\u00f3wk\u0105 metalow\u0105 z szybkoz\u0142\u0105czem do zawork\u00f3w wentyli.<\/b><\/p>\n<p><b>Dok\u0142adny wska\u017anik ci\u015bnienia w zakresie 0-12bar i 0-170psi<\/b><\/p>\n<p><b>Dodatkowo przycisk na pistolecie do upuszczania powietrza<\/b><\/p>\n<\/div>\n<\/div>\n<div>\n<div style=\"width: 99%;vertical-align: top;text-align: center\"><img decoding=\"async\" data-order=\"2\" style=\"width:100%;height:auto\" src=\"https:\/\/top-narzedzia.pl\/wp-content\/uploads\/2026\/04\/0d373860238352be314cc68cfe853d5e.jpg\" alt=\"\" title=\"\"><\/div>\n<div style=\"width: 99%;vertical-align: top;text-align: center\"><img decoding=\"async\" data-order=\"3\" style=\"width:100%;height:auto\" src=\"https:\/\/top-narzedzia.pl\/wp-content\/uploads\/2026\/04\/9979968e825ad6c749fb8d91c8692b7e.jpg\" alt=\"\" title=\"\"><\/div>\n<\/div>\n<div>\n<div style=\"width: 100%;vertical-align: top\">\n<p><b>Pistolet do przedmuchiwania s\u0142u\u017cy do oczyszczania strumieniem spr\u0119\u017conego powietrza zabrudzonych powierzchni. Doskonale przydatny do usuwania py\u0142\u00f3w czy piasku. Wyposa\u017cony w d\u0142ug\u0105 wymienn\u0105 dysz\u0119 do przedmuchiwania w trudno dost\u0119pnych miejscach.<\/b><\/p>\n<\/div>\n<\/div>\n<div>\n<div style=\"width: 99%;vertical-align: top;text-align: center\"><img decoding=\"async\" data-order=\"4\" style=\"width:100%;height:auto\" src=\"https:\/\/top-narzedzia.pl\/wp-content\/uploads\/2026\/04\/79739dc578fc03221c7bb4edc5dc2b09.jpg\" alt=\"\" title=\"\"><\/div>\n<div style=\"width: 99%;vertical-align: top;text-align: center\"><img decoding=\"async\" data-order=\"6\" style=\"width:100%;height:auto\" src=\"https:\/\/top-narzedzia.pl\/wp-content\/uploads\/2026\/04\/46758cc334cb6fa2ad1c4c0fb3b79516.jpg\" alt=\"\" title=\"\"><\/div>\n<\/div>\n<div>\n<div style=\"width: 99%;vertical-align: top\">\n<p><b>Wyposa\u017cony w szybkoz\u0142\u0105cza przew\u00f3d wysokoci\u015bnieniowy do 9bar spiralny o d\u0142ugo\u015bci 5 metr\u00f3w zapewnia mo\u017cliwo\u015b\u0107 szybkiego zamontowania ka\u017cdego elementu zestawu oraz b\u0142yskawiczn\u0105 jego zmian\u0119 jednym ruchem r\u0119ki. Szybkoz\u0142\u0105cze zapewnia te\u017c doskona\u0142e po\u0142\u0105czenie pomi\u0119dzy elementami, dzi\u0119ki czemu uk\u0142ad jest ca\u0142kowicie szczelny. Spiralna konstrukcja sprawia \u017ce rozci\u0105ga si\u0119 na 5m nie zajmuj\u0105c du\u017co miejsca gdy jest z\u0142o\u017cony.<\/b><\/p>\n<\/div>\n<div style=\"width: 99%;vertical-align: top;text-align: center\"><img decoding=\"async\" data-order=\"7\" style=\"width:100%;height:auto\" src=\"https:\/\/top-narzedzia.pl\/wp-content\/uploads\/2026\/04\/00ce7ff8bb182ed86fc3f6f702ebe899.jpg\" alt=\"\" title=\"\"><\/div>\n<\/div>\n<div>\n<div style=\"width: 99%;vertical-align: top;text-align: center\"><img decoding=\"async\" data-order=\"8\" style=\"width:100%;height:auto\" src=\"https:\/\/top-narzedzia.pl\/wp-content\/uploads\/2026\/04\/abaadfb902a05a1d087705365dd54cc3.jpg\" alt=\"\" title=\"\"><\/div>\n<div style=\"width: 99%;vertical-align: top\">\n<p><b>Ca\u0142o\u015b\u0107 ZESTAWU CYKLON uzupe\u0142nia 4 ko\u0144c\u00f3wki do pompowania (np. pi\u0142ek, materacy, k\u00f3\u0142, zabawek pla\u017cowych i ogrodowych) oraz przedmuchiwania. Dzi\u0119ki takiej konfiguracji ko\u0144c\u00f3wek otrzymujemy zestaw uniwersalny dzi\u0119ki kt\u00f3remu napompujemy praktycznie wszystko.<\/b><\/p>\n<\/div>\n<\/div>\n<div>\n<div style=\"width: 100%;vertical-align: top;text-align: center\"><img decoding=\"async\" data-order=\"0\" style=\"width:100%;height:auto\" src=\"https:\/\/top-narzedzia.pl\/wp-content\/uploads\/2026\/04\/818a5483d5fc583c9c85cedd82eb4780.jpg\" alt=\"\" title=\"\"><\/div>\n<\/div>","protected":false},"excerpt":{"rendered":"<p>ZESTAW PNEUMATYCZNY 7W1&nbsp; 7-ELEMENTOWY (9BAR) Renomowanej marki pneumatycznej CYKLON \u2705Produkty pneumatyczne marki CYKLON wyr\u00f3\u017cnia doskona\u0142a jako\u015b\u0107 wykonania oraz jako\u015b\u0107 zastosowanych<\/p>","protected":false},"featured_media":11216,"template":"","meta":[],"product_brand":[],"product_cat":[100],"product_tag":[],"class_list":{"0":"post-11227","1":"product","2":"type-product","3":"status-publish","4":"has-post-thumbnail","6":"product_cat-pozostale","8":"first","9":"instock","10":"taxable","11":"shipping-taxable","12":"purchasable","13":"product-type-simple"},"_links":{"self":[{"href":"https:\/\/top-narzedzia.pl\/en\/wp-json\/wp\/v2\/product\/11227","targetHints":{"allow":["GET"]}}],"collection":[{"href":"https:\/\/top-narzedzia.pl\/en\/wp-json\/wp\/v2\/product"}],"about":[{"href":"https:\/\/top-narzedzia.pl\/en\/wp-json\/wp\/v2\/types\/product"}],"version-history":[{"count":1,"href":"https:\/\/top-narzedzia.pl\/en\/wp-json\/wp\/v2\/product\/11227\/revisions"}],"predecessor-version":[{"id":11228,"href":"https:\/\/top-narzedzia.pl\/en\/wp-json\/wp\/v2\/product\/11227\/revisions\/11228"}],"wp:featuredmedia":[{"embeddable":true,"href":"https:\/\/top-narzedzia.pl\/en\/wp-json\/wp\/v2\/media\/11216"}],"wp:attachment":[{"href":"https:\/\/top-narzedzia.pl\/en\/wp-json\/wp\/v2\/media?parent=11227"}],"wp:term":[{"taxonomy":"product_brand","embeddable":true,"href":"https:\/\/top-narzedzia.pl\/en\/wp-json\/wp\/v2\/product_brand?post=11227"},{"taxonomy":"product_cat","embeddable":true,"href":"https:\/\/top-narzedzia.pl\/en\/wp-json\/wp\/v2\/product_cat?post=11227"},{"taxonomy":"product_tag","embeddable":true,"href":"https:\/\/top-narzedzia.pl\/en\/wp-json\/wp\/v2\/product_tag?post=11227"}],"curies":[{"name":"wp","href":"https:\/\/api.w.org\/{rel}","templated":true}]}}