{"id":11280,"date":"2026-04-21T17:01:52","date_gmt":"2026-04-21T15:01:52","guid":{"rendered":"https:\/\/top-narzedzia.pl\/sklep\/bez-kategorii\/kompresor-olejowy-pompa-sprezarka-2-tlokowa-v2065-420-l-min-12-bar-100-200l\/"},"modified":"2026-04-21T17:02:39","modified_gmt":"2026-04-21T15:02:39","slug":"kompresor-olejowy-pompa-sprezarka-2-tlokowa-v2065-420-l-min-12-bar-100-200l","status":"publish","type":"product","link":"https:\/\/top-narzedzia.pl\/en\/sklep\/pozostale\/kompresor-olejowy-pompa-sprezarka-2-tlokowa-v2065-420-l-min-12-bar-100-200l\/","title":{"rendered":"KOMPRESOR OLEJOWY POMPA SPR\u0118\u017bARKA 2-T\u0141OKOWA V2065 420 l\/min 12 bar 100-200l"},"content":{"rendered":"<div>\n<div style=\"width: 100%;vertical-align: top;text-align: center\"><img decoding=\"async\" data-order=\"8\" style=\"width:100%;height:auto\" src=\"https:\/\/top-narzedzia.pl\/wp-content\/uploads\/2026\/04\/7a81c61e91f8b7aadb7debea1f010280-1.jpg\" alt=\"\" title=\"\"><\/div>\n<\/div>\n<div>\n<div style=\"width: 100%;vertical-align: top\">\n<h2>SPR\u0118\u017bARKA 2065 RENOMOWANEJ MARKI PNEUMATYCZNEJ CYKLON<\/h2>\n<h2>4 X FILTR HEPA POWIETRZA (2SZT W ZESTAWIE + 2SZT ZAPASOWE)<\/h2>\n<p><b>+ OLEJ SPR\u0118\u017bARKOWY DO ZALANIA POMPY<\/b><\/p>\n<h2>\u2705 Najlepsza pompa w stosunku cena\/jako\u015b\u0107<\/h2>\n<\/div>\n<\/div>\n<div>\n<div style=\"width: 99%;vertical-align: top;text-align: center\"><img decoding=\"async\" data-order=\"3\" style=\"width:100%;height:auto\" src=\"https:\/\/top-narzedzia.pl\/wp-content\/uploads\/2026\/04\/7c6c1365ce1cef7d55ecbea903ccd7a5.jpg\" alt=\"\" title=\"\"><\/div>\n<div style=\"width: 99%;vertical-align: top\">\n<h2>Spr\u0119\u017carka dwut\u0142okowa do kompresora o wydajno\u015bci 470l\/min 10-barowa , model V2065<\/h2>\n<h2>Zalecana pojemno\u015b\u0107 butli do 200l oraz moc silnika 3-4KM<\/h2>\n<\/div>\n<\/div>\n<div>\n<div style=\"width: 99%;vertical-align: top\">\n<h1>Dane techniczne:<\/h1>\n<p>\u2714Zalecana moc silnika:\u00a0<b>ok 2,2 kW (3 KM)<\/b><\/p>\n<p>\u2714Zalecana pojemno\u015b\u0107 butli:\u00a0<b>do 200 l<\/b><\/p>\n<p>\u2714 Wydajno\u015b\u0107 EFEKTYWNA:<b>\u00a0400 l\/min<\/b><\/p>\n<p>\u2714Max ci\u015bnienie:\u00a0<b>12 Bar<\/b><\/p>\n<p>\u2714Ci\u015bnienie robocze: <b>10 Bar<\/b><\/p>\n<p>\u2714Ilo\u015b\u0107 cylindr\u00f3w:\u00a0<b>2 x 65 mm<\/b><\/p>\n<p>\u2714\u015arednica ko\u0142a pasowego: 25cm (pasek klinowy 1x13mm)<\/p>\n<p>\u2714Rozstaw \u015brub monta\u017cowych:\u00a0<b>9 x 17cm<\/b><\/p>\n<p>\u2714\u00a0Obroty:\u00a0<b>1100 &#8211; 1300 \/min<\/b><\/p>\n<p>\u2714 Obroty:<b>\u00a0\u00a0lewe patrz\u0105c od strony ko\u0142a<\/b><\/p>\n<p>\u2714 Wymiana oleju:<b> pierwsza wymiana po 5 godzinach, nast\u0119pnie co 100 godzin<\/b><\/p>\n<p>\u2714 Prawid\u0142owy poziom oleju:<b>\u00a0zakryte 3\/4 szkie\u0142ka<\/b><\/p>\n<p><b>\u2714 Cylindry urz\u0105dzenia wykonane z \u017celiwa<\/b><\/p>\n<p>\u2714 Smarowanie:\u00a0<b>rozbryzgowe<\/b><\/p>\n<p><b>MODEL V2065<\/b><\/p>\n<p><b>Wymiary:<\/b><\/p>\n<ul>\n<li>Wysoko\u015b\u0107: 33cm<\/li>\n<li>Szeroko\u015b\u0107: 36cm<\/li>\n<\/ul>\n<\/div>\n<div style=\"width: 99%;vertical-align: top;text-align: center\"><img decoding=\"async\" data-order=\"4\" style=\"width:100%;height:auto\" src=\"https:\/\/top-narzedzia.pl\/wp-content\/uploads\/2026\/04\/21702b24a30f945a73c5c6b82deac7bb.jpg\" alt=\"\" title=\"\"><\/div>\n<\/div>\n<div>\n<div style=\"width: 99%;vertical-align: top;text-align: center\"><img decoding=\"async\" data-order=\"2\" style=\"width:100%;height:auto\" src=\"https:\/\/top-narzedzia.pl\/wp-content\/uploads\/2026\/04\/0090a54ed0f9ce638c43489f171d11e2.jpg\" alt=\"\" title=\"\"><\/div>\n<div style=\"width: 99%;vertical-align: top\">\n<p>Urz\u0105dzenie wyposa\u017cone jest w dwa<b>\u00a0filtry powietrza z podw\u00f3jnym systemem wentylacji<\/b>\u00a0&#8211; takie rozwi\u0105zanie pozwala osi\u0105gn\u0105\u0107 maksymalnie du\u017c\u0105 wydajno\u015b\u0107 ze stosunkowo niewielkiej wymiarowo spr\u0119\u017carki. W spr\u0119\u017carce zamontowane zosta\u0142y utwardzane,\u00a0<b>\u017celiwne cylindry gwarantuj\u0105ce d\u0142ug\u0105 \u017cywotno\u015b\u0107<\/b>\u00a0oraz wydajne ch\u0142odzenie spr\u0119\u017carki. Dodatkowo konstrukcja posiada sprawdzone rozwi\u0105zania zwi\u0119kszaj\u0105ce ch\u0142odzenie spr\u0119\u017carki m.in radiatory ch\u0142odz\u0105ce oraz \u017ceberka ch\u0142odz\u0105ce na g\u0142owicach, przez co\u00a0<b>nasza konstrukcja cechuje si\u0119 du\u017c\u0105 odporno\u015bci\u0105 na uszkodzenia mechaniczne<\/b>\u00a0oraz bardzo dobr\u0105 zdolno\u015bci\u0105 do odprowadzania ciep\u0142a do otoczenia.<\/p>\n<\/div>\n<\/div>\n<div>\n<div style=\"width: 99%;vertical-align: top\">\n<h2>\u015arednica ko\u0142a pasowego wynosi 25 cm.<\/h2>\n<h2>Ko\u0142o pasowe nap\u0119dzane jest\u00a0paskiem klinowym<\/h2>\n<h2>Spr\u0119\u017carka wyposa\u017cona jest w 2 filtry powietrza z wydajnym podw\u00f3jnym systemem filtracji (+ 2 filtry zapasowe w zestawie)<\/h2>\n<h2>Rozstaw \u015brub monta\u017cowych: 9 x 17cm<\/h2>\n<\/div>\n<div style=\"width: 99%;vertical-align: top;text-align: center\"><img decoding=\"async\" data-order=\"5\" style=\"width:100%;height:auto\" src=\"https:\/\/top-narzedzia.pl\/wp-content\/uploads\/2026\/04\/c661ee42278134fc25001c72e2449be2.jpg\" alt=\"\" title=\"\"><\/div>\n<\/div>\n<div>\n<div style=\"width: 99%;vertical-align: top;text-align: center\"><img decoding=\"async\" data-order=\"1\" style=\"width:100%;height:auto\" src=\"https:\/\/top-narzedzia.pl\/wp-content\/uploads\/2026\/04\/4fc9b0e36f5cca7d29d8e878e3986ddc.jpg\" alt=\"\" title=\"\"><\/div>\n<div style=\"width: 99%;vertical-align: top\">\n<h2>Odprowadzenie ciep\u0142a<\/h2>\n<h2>Spr\u0119\u017carka zosta\u0142a zaprojektowana i wykonana pod k\u0105tem max wydajno\u015bci ch\u0142odzenia:<\/h2>\n<h2>-ca\u0142a zosta\u0142a wykonana z \u017celiwa<\/h2>\n<h2>-maksymalna liczba radiator\u00f3w na cylindrach i g\u0142owicy<\/h2>\n<h2>-du\u017ce ko\u0142a pasowe z \u0142opatami, pe\u0142ni\u0105ce funkcj\u0119 wentylatora<\/h2>\n<h2>-radiatory na rurkach miedzy g\u0142owicami<\/h2>\n<\/div>\n<\/div>\n<div>\n<div style=\"width: 99%;vertical-align: top\">\n<h2>Wysokowydajne filtry powietrza<\/h2>\n<h2>W pompie zastosowano wysokowydajne filtry powietrza HEPA z siatk\u0105 aluminiow\u0105 &#8211; 2 sztuki + 2 sztuki zapasowe<\/h2>\n<\/div>\n<div style=\"width: 99%;vertical-align: top;text-align: center\"><img decoding=\"async\" data-order=\"6\" style=\"width:100%;height:auto\" src=\"https:\/\/top-narzedzia.pl\/wp-content\/uploads\/2026\/04\/facda83034de987f1a807e902532e726-1.jpg\" alt=\"\" title=\"\"><\/div>\n<\/div>\n<div>\n<div style=\"width: 99%;vertical-align: top;text-align: center\"><img decoding=\"async\" data-order=\"0\" style=\"width:100%;height:auto\" src=\"https:\/\/top-narzedzia.pl\/wp-content\/uploads\/2026\/04\/c493451af5b4825ddc360f11fc610b2a.jpg\" alt=\"\" title=\"\"><\/div>\n<div style=\"width: 99%;vertical-align: top\">\n<p><b>ZALETY:<\/b><\/p>\n<p><b>\u2705wzmocnione ko\u0142o pasowe wraz z \u0142opatkami ch\u0142odz\u0105cymi kompresor podczas pracy<\/b><\/p>\n<p><b>\u2705ko\u0142o pasowe na pasek HA-13<\/b><\/p>\n<p><b>\u2705wydajne filtry powietrza<\/b><\/p>\n<p><b>\u2705kute korbowody<\/b><\/p>\n<p><b>\u2705wzmocnione t\u0142oki i pier\u015bcienie t\u0142okowe wykonane z wysokiej jako\u015bci materia\u0142\u00f3w &#8211; \u015brednica 65 mm<\/b><\/p>\n<p><b>\u2705\u017celiwne cylindry<\/b><\/p>\n<p><b>\u2705\u017celiwny korpus spr\u0119\u017carki<\/b><\/p>\n<p><b>\u2705powi\u0119kszone \u017cebrowanie lepiej odprowadzaj\u0105ce ciep\u0142o<\/b><\/p>\n<p><b>\u2705rury ci\u015bnieniowe z zamontowanym radiatorem wspomagaj\u0105cym odprowadzanie ciep\u0142a<\/b><\/p>\n<\/div>\n<\/div>\n<div>\n<div style=\"width: 100%;vertical-align: top\">\n<p>Zastosowane rozwi\u0105zania umo\u017cliwi\u0142y uzyskanie\u00a0<b>wi\u0119kszej wydajno\u015bci\u00a0<\/b>zar\u00f3wno na wej\u015bciu jak i wyj\u015bciu ze spr\u0119\u017carki <b>(technologia Air Force In\/Out)<\/b>.\u00a0<b>T\u0142oki i pier\u015bcienie\u00a0zosta\u0142y wykonane\u00a0z najwy\u017cszej jako\u015bci materia\u0142\u00f3w<\/b>. \u017beliwne\u00a0cylindry i g\u0142owice\u00a0spr\u0119\u017carki zosta\u0142y wyposa\u017cone w\u00a0przed\u0142u\u017cone \u017cebrowania, na rurach ci\u015bnieniowych \u0142\u0105cz\u0105cych cylindry zamontowane zosta\u0142y\u00a0radiatory odprowadzaj\u0105ce ciep\u0142o, co prze\u0142o\u017cy\u0142o si\u0119 na wydajniejsze odprowadzanie ciep\u0142a generowanego podczas pracy spr\u0119\u017carki \u2013 ca\u0142o\u015b\u0107 konstrukcji zosta\u0142a uzupe\u0142niona o\u00a0wzmocnione ko\u0142o pasowe\u00a0wraz umieszczonymi na nim \u0142opatkami sch\u0142adzaj\u0105cymi ca\u0142o\u015b\u0107 konstrukcji.<\/p>\n<\/div>\n<\/div>\n<div>\n<div style=\"width: 99%;vertical-align: top;text-align: center\"><img decoding=\"async\" data-order=\"3\" style=\"width:100%;height:auto\" src=\"https:\/\/top-narzedzia.pl\/wp-content\/uploads\/2026\/04\/7c6c1365ce1cef7d55ecbea903ccd7a5.jpg\" alt=\"\" title=\"\"><\/div>\n<div style=\"width: 99%;vertical-align: top;text-align: center\"><img decoding=\"async\" data-order=\"1\" style=\"width:100%;height:auto\" src=\"https:\/\/top-narzedzia.pl\/wp-content\/uploads\/2026\/04\/4fc9b0e36f5cca7d29d8e878e3986ddc.jpg\" alt=\"\" title=\"\"><\/div>\n<\/div>\n<div>\n<div style=\"width: 99%;vertical-align: top;text-align: center\"><img decoding=\"async\" data-order=\"5\" style=\"width:100%;height:auto\" src=\"https:\/\/top-narzedzia.pl\/wp-content\/uploads\/2026\/04\/c661ee42278134fc25001c72e2449be2.jpg\" alt=\"\" title=\"\"><\/div>\n<div style=\"width: 99%;vertical-align: top;text-align: center\"><img decoding=\"async\" data-order=\"4\" style=\"width:100%;height:auto\" src=\"https:\/\/top-narzedzia.pl\/wp-content\/uploads\/2026\/04\/21702b24a30f945a73c5c6b82deac7bb.jpg\" alt=\"\" title=\"\"><\/div>\n<\/div>\n<div>\n<div style=\"width: 100%;vertical-align: top;text-align: center\"><img decoding=\"async\" data-order=\"0\" style=\"width:100%;height:auto\" src=\"https:\/\/top-narzedzia.pl\/wp-content\/uploads\/2026\/04\/c493451af5b4825ddc360f11fc610b2a.jpg\" alt=\"\" title=\"\"><\/div>\n<\/div>","protected":false},"excerpt":{"rendered":"<p>SPR\u0118\u017bARKA 2065 RENOMOWANEJ MARKI PNEUMATYCZNEJ CYKLON 4 X FILTR HEPA POWIETRZA (2SZT W ZESTAWIE + 2SZT ZAPASOWE) + OLEJ SPR\u0118\u017bARKOWY<\/p>","protected":false},"featured_media":11271,"template":"","meta":[],"product_brand":[],"product_cat":[100],"product_tag":[],"class_list":{"0":"post-11280","1":"product","2":"type-product","3":"status-publish","4":"has-post-thumbnail","6":"product_cat-pozostale","8":"first","9":"instock","10":"taxable","11":"shipping-taxable","12":"purchasable","13":"product-type-simple"},"_links":{"self":[{"href":"https:\/\/top-narzedzia.pl\/en\/wp-json\/wp\/v2\/product\/11280","targetHints":{"allow":["GET"]}}],"collection":[{"href":"https:\/\/top-narzedzia.pl\/en\/wp-json\/wp\/v2\/product"}],"about":[{"href":"https:\/\/top-narzedzia.pl\/en\/wp-json\/wp\/v2\/types\/product"}],"version-history":[{"count":1,"href":"https:\/\/top-narzedzia.pl\/en\/wp-json\/wp\/v2\/product\/11280\/revisions"}],"predecessor-version":[{"id":11281,"href":"https:\/\/top-narzedzia.pl\/en\/wp-json\/wp\/v2\/product\/11280\/revisions\/11281"}],"wp:featuredmedia":[{"embeddable":true,"href":"https:\/\/top-narzedzia.pl\/en\/wp-json\/wp\/v2\/media\/11271"}],"wp:attachment":[{"href":"https:\/\/top-narzedzia.pl\/en\/wp-json\/wp\/v2\/media?parent=11280"}],"wp:term":[{"taxonomy":"product_brand","embeddable":true,"href":"https:\/\/top-narzedzia.pl\/en\/wp-json\/wp\/v2\/product_brand?post=11280"},{"taxonomy":"product_cat","embeddable":true,"href":"https:\/\/top-narzedzia.pl\/en\/wp-json\/wp\/v2\/product_cat?post=11280"},{"taxonomy":"product_tag","embeddable":true,"href":"https:\/\/top-narzedzia.pl\/en\/wp-json\/wp\/v2\/product_tag?post=11280"}],"curies":[{"name":"wp","href":"https:\/\/api.w.org\/{rel}","templated":true}]}}