{"id":11348,"date":"2026-04-21T18:01:33","date_gmt":"2026-04-21T16:01:33","guid":{"rendered":"https:\/\/top-narzedzia.pl\/sklep\/bez-kategorii\/zestaw-pneumatyczny-19w1-19-narzedzi-pneumatycznych-do-kompresora-sprezarki\/"},"modified":"2026-05-02T09:45:38","modified_gmt":"2026-05-02T07:45:38","slug":"zestaw-pneumatyczny-19w1-19-narzedzi-pneumatycznych-do-kompresora-sprezarki","status":"publish","type":"product","link":"https:\/\/top-narzedzia.pl\/en\/sklep\/pozostale\/zestaw-pneumatyczny-19w1-19-narzedzi-pneumatycznych-do-kompresora-sprezarki\/","title":{"rendered":"ZESTAW PNEUMATYCZNY 19w1 19 NARZ\u0118DZI PNEUMATYCZNYCH DO KOMPRESORA SPR\u0118\u017bARKI"},"content":{"rendered":"<div>\n<div style=\"width: 100%;vertical-align: top;text-align: center\"><img decoding=\"async\" data-order=\"13\" style=\"width:100%;height:auto\" src=\"https:\/\/top-narzedzia.pl\/wp-content\/uploads\/2026\/04\/610ddcc508e9cad656eba1377e6b9bc9-1.jpg\" alt=\"\" title=\"\"><\/div>\n<\/div>\n<div>\n<div style=\"width: 100%;vertical-align: top;text-align: center\"><img decoding=\"async\" data-order=\"0\" style=\"width:100%;height:auto\" src=\"https:\/\/top-narzedzia.pl\/wp-content\/uploads\/2026\/04\/0ca2a41f7d3b61fe00bbd37b7110358c.jpg\" alt=\"\" title=\"\"><\/div>\n<\/div>\n<div>\n<div style=\"width: 100%;vertical-align: top\">\n<h1>Zestaw akcesori\u00f3w pneumatycznych 19 element\u00f3w<\/h1>\n<h1>Renomowanej marki pneumatycznej CYKLON (model na rynek w\u0142oski)<\/h1>\n<p><b>Zestaw pneumatyczny 19w1 to praktyczny dodatek do kompresora, kt\u00f3ry znajdzie zastosowanie w ka\u017cdym gospodarstwie domowym, warsztacie.<\/b><\/p>\n<p><b>Profesjonalny zestaw pneumatycznych narz\u0119dzi lakierniczych do malowania, lakierowania, przedmuchiwania, ropowania i pompowania<\/b><\/p>\n<p><b>Pistolety wykonane z doskona\u0142ego stopu aluminium co wp\u0142ywa na ich lekko\u015b\u0107 trwa\u0142o\u015b\u0107 i nierdzewno\u015b\u0107<\/b><\/p>\n<h2>W SK\u0141AD ZESTAWU WCHODZI:<\/h2>\n<ul>\n<li>pistolet do pompowania k\u00f3\u0142 z ko\u0144c\u00f3wk\u0105 i manometrem<\/li>\n<li>pistolet do ropowania\/smarowania dolny zbiornik<\/li>\n<li>pistolet do przedmuchiwania powietrzem z dysz\u0105 i przed\u0142u\u017ck\u0105<\/li>\n<li>pistolet do lakierowania g\u00f3rny zbiornik<\/li>\n<li>zestaw ko\u0144c\u00f3wek do pompowania i przed\u0142u\u017cek 13szt<\/li>\n<li>5m w\u0119\u017ca spiralnego<\/li>\n<\/ul>\n<\/div>\n<\/div>\n<div>\n<div style=\"width: 99%;vertical-align: top\">\n<p><b>Pistolet do pompowania i kontroli ci\u015bnienia powietrza w oponach. Posiada gumow\u0105 obudow\u0119 zegara. Wyposa\u017cony jest w manometr oraz zaw\u00f3r spustowy powietrza. Wyposa\u017cony w szybkoz\u0142\u0105cze oraz 35cm w\u0119\u017cyk zako\u0144czony zakuwan\u0105 ko\u0144c\u00f3wk\u0105 metalow\u0105 z szybkoz\u0142\u0105czem do zawork\u00f3w wentyli.<\/b><\/p>\n<\/div>\n<div style=\"width: 99%;vertical-align: top;text-align: center\"><img decoding=\"async\" data-order=\"1\" style=\"width:100%;height:auto\" src=\"https:\/\/top-narzedzia.pl\/wp-content\/uploads\/2026\/04\/17dc666f1d8d0d0d195c8e73936224e5.jpg\" alt=\"\" title=\"\"><\/div>\n<\/div>\n<div>\n<div style=\"width: 99%;vertical-align: top;text-align: center\"><img decoding=\"async\" data-order=\"1\" style=\"width:100%;height:auto\" src=\"https:\/\/top-narzedzia.pl\/wp-content\/uploads\/2026\/04\/17dc666f1d8d0d0d195c8e73936224e5.jpg\" alt=\"\" title=\"\"><\/div>\n<div style=\"width: 99%;vertical-align: top;text-align: center\"><img decoding=\"async\" data-order=\"2\" style=\"width:100%;height:auto\" src=\"https:\/\/top-narzedzia.pl\/wp-content\/uploads\/2026\/04\/7c4e276c8d83e6f729b4d0d187468c16.jpg\" alt=\"\" title=\"\"><\/div>\n<\/div>\n<div>\n<div style=\"width: 99%;vertical-align: top;text-align: center\"><img decoding=\"async\" data-order=\"7\" style=\"width:100%;height:auto\" src=\"https:\/\/top-narzedzia.pl\/wp-content\/uploads\/2026\/04\/8cd4772ca6340ef8c06131898b21afab.jpg\" alt=\"\" title=\"\"><\/div>\n<div style=\"width: 99%;vertical-align: top\">\n<p><b>Pistolet przeznaczony do mycia, smarowania, konserwacji rop\u0105 i innymi materia\u0142ami do konserwacji i zabezpiecze\u0144 antykorozyjnych. Wyposa\u017cony w pojemny zbiornik oraz d\u0142ug\u0105 dysze, pozwala na czyszczenie nawet w trudno dost\u0119pnych miejscach.<\/b><\/p>\n<\/div>\n<\/div>\n<div>\n<div style=\"width: 99%;vertical-align: top\">\n<p><b>Pistolet do lakierowania z g\u00f3rnym zbiornikiem jest idealny do precyzyjnego malowania metalikami, lakierami, farbami akrylowymi oraz wodorozcie\u0144czalnymi. Rewelacyjnie sprawdza si\u0119 w lakiernictwie samochodowym.<\/b><\/p>\n<p><b>Dysza 1,5 mm<\/b><\/p>\n<p><b>Zbiornik na farby i lakiery 600 ml<\/b><\/p>\n<\/div>\n<div style=\"width: 99%;vertical-align: top;text-align: center\"><img decoding=\"async\" data-order=\"3\" style=\"width:100%;height:auto\" src=\"https:\/\/top-narzedzia.pl\/wp-content\/uploads\/2026\/04\/75d6e5f5704038261af6312a24124f82.jpg\" alt=\"\" title=\"\"><\/div>\n<\/div>\n<div>\n<div style=\"width: 99%;vertical-align: top;text-align: center\"><img decoding=\"async\" data-order=\"3\" style=\"width:100%;height:auto\" src=\"https:\/\/top-narzedzia.pl\/wp-content\/uploads\/2026\/04\/75d6e5f5704038261af6312a24124f82.jpg\" alt=\"\" title=\"\"><\/div>\n<div style=\"width: 99%;vertical-align: top;text-align: center\"><img decoding=\"async\" data-order=\"4\" style=\"width:100%;height:auto\" src=\"https:\/\/top-narzedzia.pl\/wp-content\/uploads\/2026\/04\/725a083f3a1e760ac4f31dc74eaf68f6.jpg\" alt=\"\" title=\"\"><\/div>\n<\/div>\n<div>\n<div style=\"width: 99%;vertical-align: top;text-align: center\"><img decoding=\"async\" data-order=\"5\" style=\"width:100%;height:auto\" src=\"https:\/\/top-narzedzia.pl\/wp-content\/uploads\/2026\/04\/84b126c571859cc3b899e65f281766ba.jpg\" alt=\"\" title=\"\"><\/div>\n<div style=\"width: 99%;vertical-align: top\">\n<p><b>Pistolet do przedmuchiwania s\u0142u\u017cy do oczyszczania strumieniem spr\u0119\u017conego powietrza zabrudzonych powierzchni. Doskonale przydatny do usuwania py\u0142\u00f3w czy piasku. Zestaw posiada r\u00f3\u017cne d\u0142ugo\u015bci dysz do przedmuchiwania.<\/b><\/p>\n<\/div>\n<\/div>\n<div>\n<div style=\"width: 99%;vertical-align: top;text-align: center\"><img decoding=\"async\" data-order=\"6\" style=\"width:100%;height:auto\" src=\"https:\/\/top-narzedzia.pl\/wp-content\/uploads\/2026\/04\/e257ac4a5d4f15234c065e6986824f4e.jpg\" alt=\"\" title=\"\"><\/div>\n<div style=\"width: 99%;vertical-align: top;text-align: center\"><img decoding=\"async\" data-order=\"5\" style=\"width:100%;height:auto\" src=\"https:\/\/top-narzedzia.pl\/wp-content\/uploads\/2026\/04\/84b126c571859cc3b899e65f281766ba.jpg\" alt=\"\" title=\"\"><\/div>\n<\/div>\n<div>\n<div style=\"width: 99%;vertical-align: top\">\n<p><b>Wyposa\u017cony w szybkoz\u0142\u0105cza przew\u00f3d wysokoci\u015bnieniowy spiralny o d\u0142ugo\u015bci 5 metr\u00f3w zapewnia mo\u017cliwo\u015b\u0107 szybkiego zamontowania ka\u017cdego elementu zestawu oraz b\u0142yskawiczn\u0105 jego zmian\u0119 jednym ruchem r\u0119ki. Szybkoz\u0142\u0105cze zapewnia te\u017c doskona\u0142e po\u0142\u0105czenie pomi\u0119dzy elementami, dzi\u0119ki czemu uk\u0142ad jest ca\u0142kowicie szczelny. Spiralna konstrukcja sprawia \u017ce rozci\u0105ga si\u0119 na 5m nie zajmuj\u0105c du\u017co miejsca gdy jest z\u0142o\u017cony.<\/b><\/p>\n<\/div>\n<div style=\"width: 99%;vertical-align: top;text-align: center\"><img decoding=\"async\" data-order=\"8\" style=\"width:100%;height:auto\" src=\"https:\/\/top-narzedzia.pl\/wp-content\/uploads\/2026\/04\/c9a3a76a91c402246d4d0c173a03fc7a.jpg\" alt=\"\" title=\"\"><\/div>\n<\/div>\n<div>\n<div style=\"width: 100%;vertical-align: top\">\n<p><b>Ca\u0142o\u015b\u0107 MEGA ZESTAWU CYKLON uzupe\u0142nia 13 ko\u0144c\u00f3wek i przed\u0142u\u017cek do pompowania (np. pi\u0142ek, materacy, k\u00f3\u0142, zabawek pla\u017cowych i ogrodowych) oraz przedmuchiwania. Plus w\u0119\u017cyk, przed\u0142u\u017cka do pompowania aby jeszcze precyzyjniej i dok\u0142adniej dotrze\u0107 w trudno dost\u0119pne miejsca.<\/b><\/p>\n<\/div>\n<\/div>\n<div>\n<div style=\"width: 99%;vertical-align: top;text-align: center\"><img decoding=\"async\" data-order=\"11\" style=\"width:100%;height:auto\" src=\"https:\/\/top-narzedzia.pl\/wp-content\/uploads\/2026\/04\/e4303b3293ad0f2701de05313147ae6c.jpg\" alt=\"\" title=\"\"><\/div>\n<div style=\"width: 99%;vertical-align: top;text-align: center\"><img decoding=\"async\" data-order=\"9\" style=\"width:100%;height:auto\" src=\"https:\/\/top-narzedzia.pl\/wp-content\/uploads\/2026\/04\/f1c52f1f17ebf9671d5ea1ce8bfc0837.jpg\" alt=\"\" title=\"\"><\/div>\n<\/div>\n<div>\n<div style=\"width: 100%;vertical-align: top;text-align: center\"><img decoding=\"async\" data-order=\"10\" style=\"width:100%;height:auto\" src=\"https:\/\/top-narzedzia.pl\/wp-content\/uploads\/2026\/04\/9625845958239f9979fb5bbe86fc0c01.jpg\" alt=\"\" title=\"\"><\/div>\n<\/div>\n<div>\n<div style=\"width: 99%;vertical-align: top;text-align: center\"><img decoding=\"async\" data-order=\"1\" style=\"width:100%;height:auto\" src=\"https:\/\/top-narzedzia.pl\/wp-content\/uploads\/2026\/04\/17dc666f1d8d0d0d195c8e73936224e5.jpg\" alt=\"\" title=\"\"><\/div>\n<div style=\"width: 99%;vertical-align: top;text-align: center\"><img decoding=\"async\" data-order=\"2\" style=\"width:100%;height:auto\" src=\"https:\/\/top-narzedzia.pl\/wp-content\/uploads\/2026\/04\/7c4e276c8d83e6f729b4d0d187468c16.jpg\" alt=\"\" title=\"\"><\/div>\n<\/div>\n<div>\n<div style=\"width: 99%;vertical-align: top;text-align: center\"><img decoding=\"async\" data-order=\"7\" style=\"width:100%;height:auto\" src=\"https:\/\/top-narzedzia.pl\/wp-content\/uploads\/2026\/04\/8cd4772ca6340ef8c06131898b21afab.jpg\" alt=\"\" title=\"\"><\/div>\n<div style=\"width: 99%;vertical-align: top;text-align: center\"><img decoding=\"async\" data-order=\"3\" style=\"width:100%;height:auto\" src=\"https:\/\/top-narzedzia.pl\/wp-content\/uploads\/2026\/04\/75d6e5f5704038261af6312a24124f82.jpg\" alt=\"\" title=\"\"><\/div>\n<\/div>\n<div>\n<div style=\"width: 99%;vertical-align: top;text-align: center\"><img decoding=\"async\" data-order=\"5\" style=\"width:100%;height:auto\" src=\"https:\/\/top-narzedzia.pl\/wp-content\/uploads\/2026\/04\/84b126c571859cc3b899e65f281766ba.jpg\" alt=\"\" title=\"\"><\/div>\n<div style=\"width: 99%;vertical-align: top;text-align: center\"><img decoding=\"async\" data-order=\"8\" style=\"width:100%;height:auto\" src=\"https:\/\/top-narzedzia.pl\/wp-content\/uploads\/2026\/04\/c9a3a76a91c402246d4d0c173a03fc7a.jpg\" alt=\"\" title=\"\"><\/div>\n<\/div>\n<div>\n<div style=\"width: 99%;vertical-align: top;text-align: center\"><img decoding=\"async\" data-order=\"9\" style=\"width:100%;height:auto\" src=\"https:\/\/top-narzedzia.pl\/wp-content\/uploads\/2026\/04\/f1c52f1f17ebf9671d5ea1ce8bfc0837.jpg\" alt=\"\" title=\"\"><\/div>\n<div style=\"width: 99%;vertical-align: top;text-align: center\"><img decoding=\"async\" data-order=\"11\" style=\"width:100%;height:auto\" src=\"https:\/\/top-narzedzia.pl\/wp-content\/uploads\/2026\/04\/e4303b3293ad0f2701de05313147ae6c.jpg\" alt=\"\" title=\"\"><\/div>\n<\/div>\n<div>\n<div style=\"width: 100%;vertical-align: top;text-align: center\"><img decoding=\"async\" data-order=\"12\" style=\"width:100%;height:auto\" src=\"https:\/\/top-narzedzia.pl\/wp-content\/uploads\/2026\/04\/8777bc256edf8a8a476fab091ca9c901.jpg\" alt=\"\" title=\"\"><\/div>\n<\/div>","protected":false},"excerpt":{"rendered":"<p>Zestaw akcesori\u00f3w pneumatycznych 19 element\u00f3w Renomowanej marki pneumatycznej CYKLON (model na rynek w\u0142oski) Zestaw pneumatyczny 19w1 to praktyczny dodatek do<\/p>","protected":false},"featured_media":11334,"template":"","meta":[],"product_brand":[],"product_cat":[100],"product_tag":[],"class_list":{"0":"post-11348","1":"product","2":"type-product","3":"status-publish","4":"has-post-thumbnail","6":"product_cat-pozostale","8":"first","9":"instock","10":"taxable","11":"shipping-taxable","12":"purchasable","13":"product-type-simple"},"_links":{"self":[{"href":"https:\/\/top-narzedzia.pl\/en\/wp-json\/wp\/v2\/product\/11348","targetHints":{"allow":["GET"]}}],"collection":[{"href":"https:\/\/top-narzedzia.pl\/en\/wp-json\/wp\/v2\/product"}],"about":[{"href":"https:\/\/top-narzedzia.pl\/en\/wp-json\/wp\/v2\/types\/product"}],"version-history":[{"count":1,"href":"https:\/\/top-narzedzia.pl\/en\/wp-json\/wp\/v2\/product\/11348\/revisions"}],"predecessor-version":[{"id":11349,"href":"https:\/\/top-narzedzia.pl\/en\/wp-json\/wp\/v2\/product\/11348\/revisions\/11349"}],"wp:featuredmedia":[{"embeddable":true,"href":"https:\/\/top-narzedzia.pl\/en\/wp-json\/wp\/v2\/media\/11334"}],"wp:attachment":[{"href":"https:\/\/top-narzedzia.pl\/en\/wp-json\/wp\/v2\/media?parent=11348"}],"wp:term":[{"taxonomy":"product_brand","embeddable":true,"href":"https:\/\/top-narzedzia.pl\/en\/wp-json\/wp\/v2\/product_brand?post=11348"},{"taxonomy":"product_cat","embeddable":true,"href":"https:\/\/top-narzedzia.pl\/en\/wp-json\/wp\/v2\/product_cat?post=11348"},{"taxonomy":"product_tag","embeddable":true,"href":"https:\/\/top-narzedzia.pl\/en\/wp-json\/wp\/v2\/product_tag?post=11348"}],"curies":[{"name":"wp","href":"https:\/\/api.w.org\/{rel}","templated":true}]}}